{"id":5360,"date":"2019-01-14T20:25:59","date_gmt":"2019-01-14T19:25:59","guid":{"rendered":"https:\/\/niipit.dk\/zetupweb-shop\/terms-and-conditions\/"},"modified":"2020-07-04T14:04:08","modified_gmt":"2020-07-04T12:04:08","slug":"handelsbetingelser","status":"publish","type":"page","link":"https:\/\/niipit.dk\/zetupweb\/handelsbetingelser\/","title":{"rendered":"Handelsbetingelser"},"content":{"rendered":"<div id=\"html-content-fld_8438690_1\" class=\"\" data-field=\"fld_8438690_1\">\n<h1>Handelsbetingelser for Zetup Kommunikation<\/h1>\n<p><b>Zetup Kommunikation<\/b><br \/>\nHavneparken 2, 2sal<br \/>\n7100 Vejle<br \/>\nTLF: <a href=\"tel:+45 7111 3500\">+45 7111 3500<\/a><br \/>\nCVR: 29570094<\/p>\n<\/div>\n<div id=\"html-content-fld_1802850_1\" class=\"\" data-field=\"fld_1802850_1\">\n<h2>Betaling<\/h2>\n<p>Zetup Kommunikation modtager betalinger via bankoverf\u00f8rsel.<\/p>\n<p>Ydelsen vil f\u00f8rst p\u00e5begyndes n\u00e5r betalinger registreret p\u00e5 vores bankkonto. Herefter vil vi bygge dit unikke virtuelle produkt er oprettet med mindre andet er aftalt eller fremg\u00e5r af din ordre.<\/p>\n<\/div>\n<div id=\"html-content-fld_1492393_1\" class=\"\" data-field=\"fld_1492393_1\">\n<p>Alle bel\u00f8b p\u00e5 hjemmesiden er inklusiv moms.<br \/>\nHjemmesiden bruger f\u00f8lgende valutaer til priss\u00e6tning:<br \/>\nDenmark &#8211; Kroner (DKK)<\/p>\n<\/div>\n<div id=\"html-content-fld_1922115_1\" class=\"\" data-field=\"fld_1922115_1\">\n<p>Zetup Kommunikation benytter en sikker betaling da du overf\u00f8re via din Netbank. Hvilket betyder din data er sikker og ikke kan l\u00e6ses af andre udefrakommende.<\/p>\n<\/div>\n<div id=\"html-content-fld_6567938_1\" class=\"\" data-field=\"fld_6567938_1\">\n<p>Zetup Kommunikation&#8217;s egen hjemmeside bruger ligeledes kryptering med SSL protokol.<\/p>\n<\/div>\n<div class=\"\">\n<h2>Fortrydelsesret<\/h2>\n<\/div>\n<div class=\"\">\n<p>Der gives ikke fortrydelsesret p\u00e5 varer k\u00f8bt i vores webshop da varen er af s\u00e5dan art, at der i henhold til dansk lovgivning ikke kan eller b\u00f8r ydes returret.<\/p>\n<p><a href=\"http:\/\/www.forbrugerombudsmanden.dk\/hvad-gaelder\/markedsfoeringsloven\/webshopguide\/kundens-fortrydelsesret\/\">L\u00e6s mere p\u00e5 forbrugerombudsmandens hjemmeside.<\/a><\/p>\n<\/div>\n<div id=\"html-content-fld_8807717_1\" class=\"\" data-field=\"fld_8807717_1\">\n<h2>Reklamationsret<\/h2>\n<p>Der gives 2 \u00e5rs reklamationsret p\u00e5 produkter i henhold til den danske k\u00f8belov. Reklamationsretten g\u00e6lder for alle fejl i software, materiale og fabrikation.<\/p>\n<p>Reklamation vedr. fejl og mangler skal meddeles til Zetup Kommunikation i rimelig tid efter varens modtagelse.\u00a0\u2028Her anses max. to m\u00e5neder som rimelig tid, med mindre andet er aftalt.\u2028Vi refunderer rimelige fragtomkostninger.<\/p>\n<p>Reklamationen frafalder ved forkert eller ualmindelig betjening af produktet.<\/p>\n<p>Zetup Kommunikation d\u00e6kker returneringsomkostningerne i rimeligt omfang.<\/p>\n<p>Ved returnering kontaktes virksomheden:<\/p>\n<p><b>Zetup Kommunikation<\/b><br \/>\nHavneparken 2, 2sal<br \/>\n7100 Vejle<br \/>\nTLF: <a href=\"tel:+45 7111 3500\">+45 7111 3500<\/a><\/p>\n<p>Reklamationer modtages <b>ikke<\/b> hvis disse er sendt p\u00e5 efterkrav.<\/p>\n<\/div>\n<div id=\"html-content-fld_6639082_1\" class=\"\" data-field=\"fld_6639082_1\">\n<h2>Kunde- &amp; Privatlivspolitik<\/h2>\n<p>Vi videres\u00e6lger ikke personlige oplysninger og videregiver ikke dine personlige oplysninger til andre, de er kun registreret i vores kundekartotek. Du kan til enhver tid f\u00e5 slettet dine oplysninger.<\/p>\n<p>For at du kan indg\u00e5 aftale med Zetup Kommunikation, har vi brug for f\u00f8lgende oplysninger:<br \/>\n. Navn<br \/>\n. Adresse<br \/>\n. Telefonnummer<br \/>\n. E-mail adresse<\/p>\n<p>Vi foretager registreringen af dine personoplysninger med det form\u00e5l, at kunne levere varen til dig.<\/p>\n<p>Personoplysningerne registreres hos Zetup Kommunikation og opbevares i op til fem \u00e5r, hvorefter oplysningerne slettes.<\/p>\n<p>N\u00e5r der indsamles personoplysninger via vores hjemmeside, sikrer vi, at det altid sker ved afgivelse af dit udtrykkelige samtykke, s\u00e5ledes at du er informeret om pr\u00e6cis, hvilke oplysninger, der indsamles og hvorfor.<\/p>\n<p>Direkt\u00f8ren og de ansatte for Zetup Kommunikation har adgang til de oplysninger, der registreres om dig.<\/p>\n<p>Den dataansvarlige i Zetup Kommunikation er: Michael Frandsen<\/p>\n<p>Vi opbevarer og transmitterer ikke kundeoplysninger krypteret.<\/p>\n<p>Som registreret hos Zetup Kommunikation har du altid ret til at g\u00f8re indsigelse mod registreringen. Du har ogs\u00e5 ret til indsigt i, hvilke oplysninger, der er registreret om dig. Disse rettigheder har du efter Persondataloven og henvendelse i forbindelse hermed rettes til <a href=\"mailto:info@zetupweb.dk\">info@zetupweb.dk<\/a>.<\/p>\n<p><b>Cookies<\/b><br \/>\nP\u00e5 https:\/\/niipit.dk\/zetupweb\/ anvendes cookies med det form\u00e5l at optimere hjemmesiden og dets funktionalitet, og dermed g\u00f8re bes\u00f8get s\u00e5 nemt som muligt for dig.<\/p>\n<p>Du kan til enhver tid slette cookies fra din computer, se vejledningen p\u00e5 <a href=\"https:\/\/support.google.com\/chrome\/answer\/95647?co=GENIE.Platform%3DDesktop&amp;hl=da\" target=\"_BLANK\" rel=\"noopener noreferrer\">Webshop Cookies og Privatlivspolitik<\/a>.<\/p>\n<\/div>\n<div id=\"html-content-fld_7444055_1\" class=\"\" data-field=\"fld_7444055_1\">\n<p><b>Log-statistik<\/b><br \/>\nVi bruger en log-statistik p\u00e5 https:\/\/niipit.dk\/zetupweb\/, hvilket betyder, at et statistik-system opsamler information, som kan give et statistisk billede af, hvor mange bes\u00f8gende vi har, hvor de kommer fra og hvor p\u00e5 websitet det forlades mv.<\/p>\n<p>Logstatistikken anvendes kun med det form\u00e5l, at optimere Zetup Kommunikation&#8217;s hjemmeside.<\/p>\n<\/div>\n<div class=\"\">\n<h2>Forbrugerbeskyttelse<\/h2>\n<p>L\u00e6s mere om din beskyttelse som forbruger n\u00e5r du k\u00f8ber via en PensoPay betalingsl\u00f8sning:<br \/>\n<a href=\"https:\/\/pensopay.com\/mere\/forbrugerbeskyttelse\/\">https:\/\/pensopay.com\/mere\/forbrugerbeskyttelse\/<\/a><\/p>\n<\/div>\n<div id=\"html-content-fld_435663_1\" class=\"\" data-field=\"fld_435663_1\">\n<h2>Klagemuligheder<\/h2>\n<p>Klager over produkter kan sendes til:<\/p>\n<p><b>Konkurrence- og Forbrugerstyrelsens<\/b><br \/>\nCarl Jacobsens Vej 35<br \/>\n2500 Valby<br \/>\n<a href=\"http:\/\/www.forbrug.dk\/\">www.forbrug.dk<\/a><\/p>\n<p>For EU-borgere uden for EU skal klager sendes via EU Kommissionens online klageplatform.<br \/>\n<a href=\"http:\/\/ec.europa.eu\/consumers\/odr\/\">ec.europa.eu<\/a><\/p>\n<p>Ved klage skal vores email adresse angives: info@zetupweb.dk samt hjemmesiden du har k\u00f8bt varen p\u00e5.<\/p>\n<\/div>\n","protected":false},"excerpt":{"rendered":"<p>Handelsbetingelser for Zetup Kommunikation Zetup Kommunikation Havneparken 2, 2sal 7100 Vejle TLF: +45 7111 3500 CVR: 29570094 Betaling Zetup Kommunikation modtager betalinger via bankoverf\u00f8rsel. Ydelsen vil f\u00f8rst p\u00e5begyndes n\u00e5r betalinger registreret p\u00e5 vores bankkonto. Herefter vil vi bygge dit unikke virtuelle produkt er oprettet med mindre andet er aftalt eller fremg\u00e5r af din ordre. Alle <a class=\"moretag btn btn-primary\" href=\"https:\/\/niipit.dk\/zetupweb\/handelsbetingelser\/\">L\u00e6s mere<\/a><\/p>\n","protected":false},"author":1,"featured_media":0,"parent":0,"menu_order":0,"comment_status":"closed","ping_status":"closed","template":"","meta":{"_exactmetrics_skip_tracking":false,"_exactmetrics_sitenote_active":false,"_exactmetrics_sitenote_note":"","_exactmetrics_sitenote_category":0,"_monsterinsights_skip_tracking":false,"_monsterinsights_sitenote_active":false,"_monsterinsights_sitenote_note":"","_monsterinsights_sitenote_category":0,"footnotes":""},"class_list":["post-5360","page","type-page","status-publish","hentry"],"yoast_head":"<!-- This site is optimized with the Yoast SEO Premium plugin v16.3 (Yoast SEO v27.3) - https:\/\/yoast.com\/product\/yoast-seo-premium-wordpress\/ -->\n<title>Handelsbetingelser - ZetupWeb<\/title>\n<meta name=\"robots\" content=\"index, follow, max-snippet:-1, max-image-preview:large, max-video-preview:-1\" \/>\n<link rel=\"canonical\" href=\"https:\/\/niipit.dk\/zetupweb\/handelsbetingelser\/\" \/>\n<meta property=\"og:locale\" content=\"da_DK\" \/>\n<meta property=\"og:type\" content=\"article\" \/>\n<meta property=\"og:title\" content=\"Handelsbetingelser - ZetupWeb\" \/>\n<meta property=\"og:description\" content=\"Handelsbetingelser for Zetup Kommunikation Zetup Kommunikation Havneparken 2, 2sal 7100 Vejle TLF: +45 7111 3500 CVR: 29570094 Betaling Zetup Kommunikation modtager betalinger via bankoverf\u00f8rsel. Ydelsen vil f\u00f8rst p\u00e5begyndes n\u00e5r betalinger registreret p\u00e5 vores bankkonto. Herefter vil vi bygge dit unikke virtuelle produkt er oprettet med mindre andet er aftalt eller fremg\u00e5r af din ordre. Alle L\u00e6s mere\" \/>\n<meta property=\"og:url\" content=\"https:\/\/niipit.dk\/zetupweb\/handelsbetingelser\/\" \/>\n<meta property=\"og:site_name\" content=\"ZetupWeb\" \/>\n<meta property=\"article:modified_time\" content=\"2020-07-04T12:04:08+00:00\" \/>\n<meta name=\"twitter:card\" content=\"summary_large_image\" \/>\n<meta name=\"twitter:label1\" content=\"Estimeret l\u00e6setid\" \/>\n\t<meta name=\"twitter:data1\" content=\"3 minutter\" \/>\n<script type=\"application\/ld+json\" class=\"yoast-schema-graph\">{\"@context\":\"https:\\\/\\\/schema.org\",\"@graph\":[{\"@type\":\"WebPage\",\"@id\":\"https:\\\/\\\/niipit.dk\\\/zetupweb\\\/handelsbetingelser\\\/\",\"url\":\"https:\\\/\\\/niipit.dk\\\/zetupweb\\\/handelsbetingelser\\\/\",\"name\":\"Handelsbetingelser - ZetupWeb\",\"isPartOf\":{\"@id\":\"https:\\\/\\\/niipit.dk\\\/zetupweb\\\/#website\"},\"datePublished\":\"2019-01-14T19:25:59+00:00\",\"dateModified\":\"2020-07-04T12:04:08+00:00\",\"breadcrumb\":{\"@id\":\"https:\\\/\\\/niipit.dk\\\/zetupweb\\\/handelsbetingelser\\\/#breadcrumb\"},\"inLanguage\":\"da-DK\",\"potentialAction\":[{\"@type\":\"ReadAction\",\"target\":[\"https:\\\/\\\/niipit.dk\\\/zetupweb\\\/handelsbetingelser\\\/\"]}]},{\"@type\":\"BreadcrumbList\",\"@id\":\"https:\\\/\\\/niipit.dk\\\/zetupweb\\\/handelsbetingelser\\\/#breadcrumb\",\"itemListElement\":[{\"@type\":\"ListItem\",\"position\":1,\"name\":\"Hjem\",\"item\":\"https:\\\/\\\/niipit.dk\\\/zetupweb\\\/\"},{\"@type\":\"ListItem\",\"position\":2,\"name\":\"Handelsbetingelser\"}]},{\"@type\":\"WebSite\",\"@id\":\"https:\\\/\\\/niipit.dk\\\/zetupweb\\\/#website\",\"url\":\"https:\\\/\\\/niipit.dk\\\/zetupweb\\\/\",\"name\":\"ZetupWeb\",\"description\":\"F\u00e5 din virksomhed p\u00e5 niipit\",\"potentialAction\":[{\"@type\":\"SearchAction\",\"target\":{\"@type\":\"EntryPoint\",\"urlTemplate\":\"https:\\\/\\\/niipit.dk\\\/zetupweb\\\/?s={search_term_string}\"},\"query-input\":{\"@type\":\"PropertyValueSpecification\",\"valueRequired\":true,\"valueName\":\"search_term_string\"}}],\"inLanguage\":\"da-DK\"}]}<\/script>\n<!-- \/ Yoast SEO Premium plugin. -->","yoast_head_json":{"title":"Handelsbetingelser - ZetupWeb","robots":{"index":"index","follow":"follow","max-snippet":"max-snippet:-1","max-image-preview":"max-image-preview:large","max-video-preview":"max-video-preview:-1"},"canonical":"https:\/\/niipit.dk\/zetupweb\/handelsbetingelser\/","og_locale":"da_DK","og_type":"article","og_title":"Handelsbetingelser - ZetupWeb","og_description":"Handelsbetingelser for Zetup Kommunikation Zetup Kommunikation Havneparken 2, 2sal 7100 Vejle TLF: +45 7111 3500 CVR: 29570094 Betaling Zetup Kommunikation modtager betalinger via bankoverf\u00f8rsel. Ydelsen vil f\u00f8rst p\u00e5begyndes n\u00e5r betalinger registreret p\u00e5 vores bankkonto. Herefter vil vi bygge dit unikke virtuelle produkt er oprettet med mindre andet er aftalt eller fremg\u00e5r af din ordre. Alle L\u00e6s mere","og_url":"https:\/\/niipit.dk\/zetupweb\/handelsbetingelser\/","og_site_name":"ZetupWeb","article_modified_time":"2020-07-04T12:04:08+00:00","twitter_card":"summary_large_image","twitter_misc":{"Estimeret l\u00e6setid":"3 minutter"},"schema":{"@context":"https:\/\/schema.org","@graph":[{"@type":"WebPage","@id":"https:\/\/niipit.dk\/zetupweb\/handelsbetingelser\/","url":"https:\/\/niipit.dk\/zetupweb\/handelsbetingelser\/","name":"Handelsbetingelser - ZetupWeb","isPartOf":{"@id":"https:\/\/niipit.dk\/zetupweb\/#website"},"datePublished":"2019-01-14T19:25:59+00:00","dateModified":"2020-07-04T12:04:08+00:00","breadcrumb":{"@id":"https:\/\/niipit.dk\/zetupweb\/handelsbetingelser\/#breadcrumb"},"inLanguage":"da-DK","potentialAction":[{"@type":"ReadAction","target":["https:\/\/niipit.dk\/zetupweb\/handelsbetingelser\/"]}]},{"@type":"BreadcrumbList","@id":"https:\/\/niipit.dk\/zetupweb\/handelsbetingelser\/#breadcrumb","itemListElement":[{"@type":"ListItem","position":1,"name":"Hjem","item":"https:\/\/niipit.dk\/zetupweb\/"},{"@type":"ListItem","position":2,"name":"Handelsbetingelser"}]},{"@type":"WebSite","@id":"https:\/\/niipit.dk\/zetupweb\/#website","url":"https:\/\/niipit.dk\/zetupweb\/","name":"ZetupWeb","description":"F\u00e5 din virksomhed p\u00e5 niipit","potentialAction":[{"@type":"SearchAction","target":{"@type":"EntryPoint","urlTemplate":"https:\/\/niipit.dk\/zetupweb\/?s={search_term_string}"},"query-input":{"@type":"PropertyValueSpecification","valueRequired":true,"valueName":"search_term_string"}}],"inLanguage":"da-DK"}]}},"_links":{"self":[{"href":"https:\/\/niipit.dk\/zetupweb\/wp-json\/wp\/v2\/pages\/5360","targetHints":{"allow":["GET"]}}],"collection":[{"href":"https:\/\/niipit.dk\/zetupweb\/wp-json\/wp\/v2\/pages"}],"about":[{"href":"https:\/\/niipit.dk\/zetupweb\/wp-json\/wp\/v2\/types\/page"}],"author":[{"embeddable":true,"href":"https:\/\/niipit.dk\/zetupweb\/wp-json\/wp\/v2\/users\/1"}],"replies":[{"embeddable":true,"href":"https:\/\/niipit.dk\/zetupweb\/wp-json\/wp\/v2\/comments?post=5360"}],"version-history":[{"count":0,"href":"https:\/\/niipit.dk\/zetupweb\/wp-json\/wp\/v2\/pages\/5360\/revisions"}],"wp:attachment":[{"href":"https:\/\/niipit.dk\/zetupweb\/wp-json\/wp\/v2\/media?parent=5360"}],"curies":[{"name":"wp","href":"https:\/\/api.w.org\/{rel}","templated":true}]}}