{"id":5064,"date":"2019-05-10T22:29:34","date_gmt":"2019-05-10T20:29:34","guid":{"rendered":"https:\/\/niipit.dk\/zetupweb-shop\/?page_id=5064"},"modified":"2020-01-30T15:45:00","modified_gmt":"2020-01-30T14:45:00","slug":"frontpage","status":"publish","type":"page","link":"https:\/\/niipit.dk\/zetupweb\/","title":{"rendered":"Zetupweb &#8211; Professionel hjemmeside"},"content":{"rendered":"<hr>\n<h2>Professionel hjemmeside &#8211; komplet og billig &#8211; Kan bruges af alle brancher<\/h2>\n<p>Vi er et dit professionelle webbureau, der dagligt bygger WordPress hjemmesider for iv\u00e6rks\u00e6ttere og mindre virksomheder over hele landet. Vi skaber holdbare online l\u00f8sninger, der er bygget p\u00e5 en god dialog og holder fokus p\u00e5 nye bes\u00f8gende.<\/p>\n<h3>En hjemmeside der passer dig<\/h3>\n<p>Vi har udviklet og designet hjemmesider i mange \u00e5r og f\u00f8lger skarpt med tiden. Vi bygger l\u00f8sninger i alle st\u00f8rrelser, elsker gennemsigtighed og er den perfekte samarbejdspartner, der altid st\u00e5r klar til at hj\u00e6lpe.<\/p>\n<h3>Hvad koster en pro hjemmeside?<\/h3>\n<p>Vores pris ligger fra 4.999 kr excl. moms. Prisen reguleres naturligvis efter hvad der \u00f8nskes vi skal lave p\u00e5 siden.<\/p>\n<p>I dette priseksempel er f\u00f8lgende inkluderet:<br \/>\n<em>\u2013 WordPress CMS<br \/>\n\u2013 Professionelt og unikt design<br \/>\n\u2013 Op til 12 undersider p\u00e5 1 sprog<br \/>\n\u2013 Basic SEO<br \/>\n\u2013 Mobilvenlig \u2013 optimeret til computer, tablet og mobil<br \/>\n\u2013 Blog eller Nyheds sektion<br \/>\n<\/em><\/p>\n<p>V\u00e6r opm\u00e6rksom p\u00e5 at en ny hjemmeside ikke bare tr\u00e6kker nye kunder til &#8211; af sig selv. Den skal g\u00f8res opm\u00e6rksom p\u00e5 at den eksistere, f\u00f8r den kan arbejde nye kunder ind til forretningen.<\/p>\n<h3>F\u00e5 meget mere ud af din hjemmeside &#8211; Vi hj\u00e6lper ogs\u00e5 med flere bes\u00f8gende og mere salg<\/h3>\n<p>&#8211; Bliv set af flere potentielle kunder med online marketing via Google<br \/>\n&#8211; Opn\u00e5 mersalg med email marketing &#8211; Giv nye som gamle kunder noget helt s\u00e6rligt &#8211; ganske automatisk<br \/>\n&#8211; N\u00e5r der s\u00f8ges efter dit produkt, strammes nettet &#8211; Vi g\u00f8r dit site nem at finde med SEO &amp; Link building<br \/>\n&#8211; Vi vil gerne understege at skr\u00e6ddersyede tekster tr\u00e6kker kunder til &#8211; Godt indhold der er v\u00e6rd at l\u00e6se &#8211; er et signal om kvalitet<\/p>\n<p>Har du sp\u00f8rgsm\u00e5l, s\u00e5 giv os gerne et uforpligtende ring p\u00e5 7111 3500 eller via vores <strong><a href=\"https:\/\/zetupweb.dk\/kom-i-kontakt-med-os\/\" target=\"_blank\" rel=\"noopener noreferrer\">kontaktformular<\/a><\/strong>.<\/p>\n","protected":false},"excerpt":{"rendered":"<p>Professionel hjemmeside &#8211; komplet og billig &#8211; Kan bruges af alle brancher Vi er et dit professionelle webbureau, der dagligt bygger WordPress hjemmesider for iv\u00e6rks\u00e6ttere og mindre virksomheder over hele landet. Vi skaber holdbare online l\u00f8sninger, der er bygget p\u00e5 en god dialog og holder fokus p\u00e5 nye bes\u00f8gende. En hjemmeside der passer dig Vi <a class=\"moretag btn btn-primary\" href=\"https:\/\/niipit.dk\/zetupweb\/\">L\u00e6s mere<\/a><\/p>\n","protected":false},"author":973,"featured_media":0,"parent":0,"menu_order":0,"comment_status":"closed","ping_status":"closed","template":"frontpagePremium.php","meta":{"_exactmetrics_skip_tracking":false,"_exactmetrics_sitenote_active":false,"_exactmetrics_sitenote_note":"","_exactmetrics_sitenote_category":0,"_monsterinsights_skip_tracking":false,"_monsterinsights_sitenote_active":false,"_monsterinsights_sitenote_note":"","_monsterinsights_sitenote_category":0,"footnotes":""},"class_list":["post-5064","page","type-page","status-publish","hentry"],"yoast_head":"<!-- This site is optimized with the Yoast SEO Premium plugin v16.3 (Yoast SEO v27.4) - https:\/\/yoast.com\/product\/yoast-seo-premium-wordpress\/ -->\n<title>K\u00f8b en professionel hjemmeside - Engangsbetaling fra 4.999 - ZetupWeb<\/title>\n<meta name=\"robots\" content=\"index, follow, max-snippet:-1, max-image-preview:large, max-video-preview:-1\" \/>\n<link rel=\"canonical\" href=\"https:\/\/niipit.dk\/zetupweb\/\" \/>\n<meta property=\"og:locale\" content=\"da_DK\" \/>\n<meta property=\"og:type\" content=\"article\" \/>\n<meta property=\"og:title\" content=\"K\u00f8b en professionel hjemmeside - Engangsbetaling fra 4.999 - ZetupWeb\" \/>\n<meta property=\"og:description\" content=\"Professionel hjemmeside &#8211; komplet og billig &#8211; Kan bruges af alle brancher Vi er et dit professionelle webbureau, der dagligt bygger WordPress hjemmesider for iv\u00e6rks\u00e6ttere og mindre virksomheder over hele landet. Vi skaber holdbare online l\u00f8sninger, der er bygget p\u00e5 en god dialog og holder fokus p\u00e5 nye bes\u00f8gende. En hjemmeside der passer dig Vi L\u00e6s mere\" \/>\n<meta property=\"og:url\" content=\"https:\/\/niipit.dk\/zetupweb\/\" \/>\n<meta property=\"og:site_name\" content=\"ZetupWeb\" \/>\n<meta property=\"article:modified_time\" content=\"2020-01-30T14:45:00+00:00\" \/>\n<meta name=\"twitter:card\" content=\"summary_large_image\" \/>\n<meta name=\"twitter:label1\" content=\"Estimeret l\u00e6setid\" \/>\n\t<meta name=\"twitter:data1\" content=\"2 minutter\" \/>\n<script type=\"application\/ld+json\" class=\"yoast-schema-graph\">{\"@context\":\"https:\\\/\\\/schema.org\",\"@graph\":[{\"@type\":\"WebPage\",\"@id\":\"https:\\\/\\\/niipit.dk\\\/zetupweb\\\/\",\"url\":\"https:\\\/\\\/niipit.dk\\\/zetupweb\\\/\",\"name\":\"K\u00f8b en professionel hjemmeside - Engangsbetaling fra 4.999 - ZetupWeb\",\"isPartOf\":{\"@id\":\"https:\\\/\\\/niipit.dk\\\/zetupweb\\\/#website\"},\"datePublished\":\"2019-05-10T20:29:34+00:00\",\"dateModified\":\"2020-01-30T14:45:00+00:00\",\"breadcrumb\":{\"@id\":\"https:\\\/\\\/niipit.dk\\\/zetupweb\\\/#breadcrumb\"},\"inLanguage\":\"da-DK\",\"potentialAction\":[{\"@type\":\"ReadAction\",\"target\":[\"https:\\\/\\\/niipit.dk\\\/zetupweb\\\/\"]}]},{\"@type\":\"BreadcrumbList\",\"@id\":\"https:\\\/\\\/niipit.dk\\\/zetupweb\\\/#breadcrumb\",\"itemListElement\":[{\"@type\":\"ListItem\",\"position\":1,\"name\":\"Hjem\",\"item\":\"https:\\\/\\\/niipit.dk\\\/zetupweb\\\/\"},{\"@type\":\"ListItem\",\"position\":2,\"name\":\"Zetupweb &#8211; Professionel hjemmeside\"}]},{\"@type\":\"WebSite\",\"@id\":\"https:\\\/\\\/niipit.dk\\\/zetupweb\\\/#website\",\"url\":\"https:\\\/\\\/niipit.dk\\\/zetupweb\\\/\",\"name\":\"ZetupWeb\",\"description\":\"F\u00e5 din virksomhed p\u00e5 niipit\",\"potentialAction\":[{\"@type\":\"SearchAction\",\"target\":{\"@type\":\"EntryPoint\",\"urlTemplate\":\"https:\\\/\\\/niipit.dk\\\/zetupweb\\\/?s={search_term_string}\"},\"query-input\":{\"@type\":\"PropertyValueSpecification\",\"valueRequired\":true,\"valueName\":\"search_term_string\"}}],\"inLanguage\":\"da-DK\"}]}<\/script>\n<!-- \/ Yoast SEO Premium plugin. -->","yoast_head_json":{"title":"K\u00f8b en professionel hjemmeside - Engangsbetaling fra 4.999 - ZetupWeb","robots":{"index":"index","follow":"follow","max-snippet":"max-snippet:-1","max-image-preview":"max-image-preview:large","max-video-preview":"max-video-preview:-1"},"canonical":"https:\/\/niipit.dk\/zetupweb\/","og_locale":"da_DK","og_type":"article","og_title":"K\u00f8b en professionel hjemmeside - Engangsbetaling fra 4.999 - ZetupWeb","og_description":"Professionel hjemmeside &#8211; komplet og billig &#8211; Kan bruges af alle brancher Vi er et dit professionelle webbureau, der dagligt bygger WordPress hjemmesider for iv\u00e6rks\u00e6ttere og mindre virksomheder over hele landet. Vi skaber holdbare online l\u00f8sninger, der er bygget p\u00e5 en god dialog og holder fokus p\u00e5 nye bes\u00f8gende. En hjemmeside der passer dig Vi L\u00e6s mere","og_url":"https:\/\/niipit.dk\/zetupweb\/","og_site_name":"ZetupWeb","article_modified_time":"2020-01-30T14:45:00+00:00","twitter_card":"summary_large_image","twitter_misc":{"Estimeret l\u00e6setid":"2 minutter"},"schema":{"@context":"https:\/\/schema.org","@graph":[{"@type":"WebPage","@id":"https:\/\/niipit.dk\/zetupweb\/","url":"https:\/\/niipit.dk\/zetupweb\/","name":"K\u00f8b en professionel hjemmeside - Engangsbetaling fra 4.999 - ZetupWeb","isPartOf":{"@id":"https:\/\/niipit.dk\/zetupweb\/#website"},"datePublished":"2019-05-10T20:29:34+00:00","dateModified":"2020-01-30T14:45:00+00:00","breadcrumb":{"@id":"https:\/\/niipit.dk\/zetupweb\/#breadcrumb"},"inLanguage":"da-DK","potentialAction":[{"@type":"ReadAction","target":["https:\/\/niipit.dk\/zetupweb\/"]}]},{"@type":"BreadcrumbList","@id":"https:\/\/niipit.dk\/zetupweb\/#breadcrumb","itemListElement":[{"@type":"ListItem","position":1,"name":"Hjem","item":"https:\/\/niipit.dk\/zetupweb\/"},{"@type":"ListItem","position":2,"name":"Zetupweb &#8211; Professionel hjemmeside"}]},{"@type":"WebSite","@id":"https:\/\/niipit.dk\/zetupweb\/#website","url":"https:\/\/niipit.dk\/zetupweb\/","name":"ZetupWeb","description":"F\u00e5 din virksomhed p\u00e5 niipit","potentialAction":[{"@type":"SearchAction","target":{"@type":"EntryPoint","urlTemplate":"https:\/\/niipit.dk\/zetupweb\/?s={search_term_string}"},"query-input":{"@type":"PropertyValueSpecification","valueRequired":true,"valueName":"search_term_string"}}],"inLanguage":"da-DK"}]}},"_links":{"self":[{"href":"https:\/\/niipit.dk\/zetupweb\/wp-json\/wp\/v2\/pages\/5064","targetHints":{"allow":["GET"]}}],"collection":[{"href":"https:\/\/niipit.dk\/zetupweb\/wp-json\/wp\/v2\/pages"}],"about":[{"href":"https:\/\/niipit.dk\/zetupweb\/wp-json\/wp\/v2\/types\/page"}],"author":[{"embeddable":true,"href":"https:\/\/niipit.dk\/zetupweb\/wp-json\/wp\/v2\/users\/973"}],"replies":[{"embeddable":true,"href":"https:\/\/niipit.dk\/zetupweb\/wp-json\/wp\/v2\/comments?post=5064"}],"version-history":[{"count":0,"href":"https:\/\/niipit.dk\/zetupweb\/wp-json\/wp\/v2\/pages\/5064\/revisions"}],"wp:attachment":[{"href":"https:\/\/niipit.dk\/zetupweb\/wp-json\/wp\/v2\/media?parent=5064"}],"curies":[{"name":"wp","href":"https:\/\/api.w.org\/{rel}","templated":true}]}}