{"id":7471,"date":"2020-07-02T13:55:58","date_gmt":"2020-07-02T11:55:58","guid":{"rendered":"https:\/\/niipit.dk\/webmasterservice\/?post_type=product&#038;p=7471"},"modified":"2020-07-02T14:35:07","modified_gmt":"2020-07-02T12:35:07","slug":"webmaster-service-hjemmeside","status":"publish","type":"product","link":"https:\/\/niipit.dk\/webmasterservice\/produkt\/webmaster-service-hjemmeside\/","title":{"rendered":"WP Webmaster Service &#8211; Hjemmeside"},"content":{"rendered":"<h1>Webmaster Service til hjemmeside<\/h1>\n<p>Vi hj\u00e6lper med b\u00e5de nyt indhold og det tekniske p\u00e5 din WordPress hjemmeside. Vores priser er naturligvis baseret p\u00e5 hvor meget i \u00f8nsker vi skal st\u00e5 for. Som eksempel er prisen kun kr. 218,75 pr. l\u00f8bende m\u00e5ned plus opstartsfee. P\u00e5 vores mindste WordPress Webmaster Service-pakke, hvor vi d\u00e6kker f\u00f8lgende:<\/p>\n<p>\u2013 Vi s\u00f8rger for at CMS platformen er opdateret til nyeste version<br \/>\n\u2013 Vi s\u00f8rger for at alle plugins er opdateret<br \/>\n\u2013 Vi ops\u00e6tter beskyttelse (for at undg\u00e5 virus og ubudne g\u00e6ster)<br \/>\n\u2013 Ekstra backup af hele sitet<br \/>\n\u2013 1 times support per 30 dage<br \/>\n\u2013 Uden binding<\/p>\n<p>Evt. hj\u00e6lp til l\u00f8bende tekster er p\u00e5 tilbud.<\/p>\n","protected":false},"excerpt":{"rendered":"<p>Opstartsfee udg\u00f8r kr. 373,75 incl. moms<\/p>\n<p>Det vi lover n\u00e5r vi siger \u2013 WordPress hjemmeside hj\u00e6lp og support: at der s\u00f8rges for at virksomhedens hjemmeside eller webshop er fuldt teknisk opdateret og vedligeholdt, s\u00e5 alt det funktionelle virker som det skal. Bem\u00e6rk at evt. support ikke omfatter programmering, webshop-ops\u00e6tning, medlemsomr\u00e5de, plugins-programmering, grafisk arbejde samt andre lignende opgaver. S\u00e5danne opgaver laver vi efter tilbud.<\/p>\n","protected":false},"featured_media":7453,"template":"","meta":{"_exactmetrics_skip_tracking":false,"_exactmetrics_sitenote_active":false,"_exactmetrics_sitenote_note":"","_exactmetrics_sitenote_category":0,"_monsterinsights_skip_tracking":false,"_monsterinsights_sitenote_active":false,"_monsterinsights_sitenote_note":"","_monsterinsights_sitenote_category":0},"product_brand":[],"product_cat":[2093],"product_tag":[],"shoptype":[],"class_list":{"0":"post-7471","1":"product","2":"type-product","3":"status-publish","4":"has-post-thumbnail","6":"product_cat-ukategoriseret","8":"first","9":"instock","10":"shipping-taxable","11":"purchasable","12":"product-type-simple"},"yoast_head":"<!-- This site is optimized with the Yoast SEO Premium plugin v16.3 (Yoast SEO v27.3) - https:\/\/yoast.com\/product\/yoast-seo-premium-wordpress\/ -->\n<title>WP Webmaster Service - Hjemmeside - Webmasterservice<\/title>\n<meta name=\"description\" content=\"Har du vr\u00f8vl med din hjemmeside? Pr\u00f8v vores Wordpress hjemmeside hj\u00e6lp - Fra 218,75 kr\/md. opdaterer og vedligeholder vi det tekniske p\u00e5 dit websitet.\" \/>\n<meta name=\"robots\" content=\"index, follow, max-snippet:-1, max-image-preview:large, max-video-preview:-1\" \/>\n<link rel=\"canonical\" href=\"https:\/\/niipit.dk\/webmasterservice\/produkt\/webmaster-service-hjemmeside\/\" \/>\n<meta property=\"og:locale\" content=\"da_DK\" \/>\n<meta property=\"og:type\" content=\"article\" \/>\n<meta property=\"og:title\" content=\"WP Webmaster Service - Hjemmeside - Webmasterservice\" \/>\n<meta property=\"og:description\" content=\"Har du vr\u00f8vl med din hjemmeside? Pr\u00f8v vores Wordpress hjemmeside hj\u00e6lp - Fra 218,75 kr\/md. opdaterer og vedligeholder vi det tekniske p\u00e5 dit websitet.\" \/>\n<meta property=\"og:url\" content=\"https:\/\/niipit.dk\/webmasterservice\/produkt\/webmaster-service-hjemmeside\/\" \/>\n<meta property=\"og:site_name\" content=\"Webmasterservice\" \/>\n<meta property=\"article:modified_time\" content=\"2020-07-02T12:35:07+00:00\" \/>\n<meta property=\"og:image\" content=\"https:\/\/niipit.dk\/webmasterservice\/wp-content\/uploads\/sites\/389\/2020\/01\/webmaster-favicon.png\" \/>\n\t<meta property=\"og:image:width\" content=\"512\" \/>\n\t<meta property=\"og:image:height\" content=\"512\" \/>\n\t<meta property=\"og:image:type\" content=\"image\/png\" \/>\n<meta name=\"twitter:card\" content=\"summary_large_image\" \/>\n<meta name=\"twitter:label1\" content=\"Estimeret l\u00e6setid\" \/>\n\t<meta name=\"twitter:data1\" content=\"1 minut\" \/>\n<script type=\"application\/ld+json\" class=\"yoast-schema-graph\">{\"@context\":\"https:\\\/\\\/schema.org\",\"@graph\":[{\"@type\":\"WebPage\",\"@id\":\"https:\\\/\\\/niipit.dk\\\/webmasterservice\\\/produkt\\\/webmaster-service-hjemmeside\\\/\",\"url\":\"https:\\\/\\\/niipit.dk\\\/webmasterservice\\\/produkt\\\/webmaster-service-hjemmeside\\\/\",\"name\":\"WP Webmaster Service - Hjemmeside - Webmasterservice\",\"isPartOf\":{\"@id\":\"https:\\\/\\\/niipit.dk\\\/webmasterservice\\\/#website\"},\"primaryImageOfPage\":{\"@id\":\"https:\\\/\\\/niipit.dk\\\/webmasterservice\\\/produkt\\\/webmaster-service-hjemmeside\\\/#primaryimage\"},\"image\":{\"@id\":\"https:\\\/\\\/niipit.dk\\\/webmasterservice\\\/produkt\\\/webmaster-service-hjemmeside\\\/#primaryimage\"},\"thumbnailUrl\":\"https:\\\/\\\/niipit.dk\\\/webmasterservice\\\/wp-content\\\/uploads\\\/sites\\\/389\\\/2020\\\/01\\\/webmaster-favicon.png\",\"datePublished\":\"2020-07-02T11:55:58+00:00\",\"dateModified\":\"2020-07-02T12:35:07+00:00\",\"description\":\"Har du vr\u00f8vl med din hjemmeside? Pr\u00f8v vores Wordpress hjemmeside hj\u00e6lp - Fra 218,75 kr\\\/md. opdaterer og vedligeholder vi det tekniske p\u00e5 dit websitet.\",\"breadcrumb\":{\"@id\":\"https:\\\/\\\/niipit.dk\\\/webmasterservice\\\/produkt\\\/webmaster-service-hjemmeside\\\/#breadcrumb\"},\"inLanguage\":\"da-DK\",\"potentialAction\":[{\"@type\":\"ReadAction\",\"target\":[\"https:\\\/\\\/niipit.dk\\\/webmasterservice\\\/produkt\\\/webmaster-service-hjemmeside\\\/\"]}]},{\"@type\":\"ImageObject\",\"inLanguage\":\"da-DK\",\"@id\":\"https:\\\/\\\/niipit.dk\\\/webmasterservice\\\/produkt\\\/webmaster-service-hjemmeside\\\/#primaryimage\",\"url\":\"https:\\\/\\\/niipit.dk\\\/webmasterservice\\\/wp-content\\\/uploads\\\/sites\\\/389\\\/2020\\\/01\\\/webmaster-favicon.png\",\"contentUrl\":\"https:\\\/\\\/niipit.dk\\\/webmasterservice\\\/wp-content\\\/uploads\\\/sites\\\/389\\\/2020\\\/01\\\/webmaster-favicon.png\",\"width\":512,\"height\":512,\"caption\":\"Webmaster Service\"},{\"@type\":\"BreadcrumbList\",\"@id\":\"https:\\\/\\\/niipit.dk\\\/webmasterservice\\\/produkt\\\/webmaster-service-hjemmeside\\\/#breadcrumb\",\"itemListElement\":[{\"@type\":\"ListItem\",\"position\":1,\"name\":\"Hjem\",\"item\":\"https:\\\/\\\/niipit.dk\\\/webmasterservice\\\/\"},{\"@type\":\"ListItem\",\"position\":2,\"name\":\"Shop\",\"item\":\"https:\\\/\\\/niipit.dk\\\/webmasterservice\\\/shop\\\/\"},{\"@type\":\"ListItem\",\"position\":3,\"name\":\"WP Webmaster Service &#8211; Hjemmeside\"}]},{\"@type\":\"WebSite\",\"@id\":\"https:\\\/\\\/niipit.dk\\\/webmasterservice\\\/#website\",\"url\":\"https:\\\/\\\/niipit.dk\\\/webmasterservice\\\/\",\"name\":\"Webmasterservice\",\"description\":\"F\u00e5 din virksomhed p\u00e5 niipit\",\"potentialAction\":[{\"@type\":\"SearchAction\",\"target\":{\"@type\":\"EntryPoint\",\"urlTemplate\":\"https:\\\/\\\/niipit.dk\\\/webmasterservice\\\/?s={search_term_string}\"},\"query-input\":{\"@type\":\"PropertyValueSpecification\",\"valueRequired\":true,\"valueName\":\"search_term_string\"}}],\"inLanguage\":\"da-DK\"}]}<\/script>\n<!-- \/ Yoast SEO Premium plugin. -->","yoast_head_json":{"title":"WP Webmaster Service - Hjemmeside - Webmasterservice","description":"Har du vr\u00f8vl med din hjemmeside? Pr\u00f8v vores Wordpress hjemmeside hj\u00e6lp - Fra 218,75 kr\/md. opdaterer og vedligeholder vi det tekniske p\u00e5 dit websitet.","robots":{"index":"index","follow":"follow","max-snippet":"max-snippet:-1","max-image-preview":"max-image-preview:large","max-video-preview":"max-video-preview:-1"},"canonical":"https:\/\/niipit.dk\/webmasterservice\/produkt\/webmaster-service-hjemmeside\/","og_locale":"da_DK","og_type":"article","og_title":"WP Webmaster Service - Hjemmeside - Webmasterservice","og_description":"Har du vr\u00f8vl med din hjemmeside? Pr\u00f8v vores Wordpress hjemmeside hj\u00e6lp - Fra 218,75 kr\/md. opdaterer og vedligeholder vi det tekniske p\u00e5 dit websitet.","og_url":"https:\/\/niipit.dk\/webmasterservice\/produkt\/webmaster-service-hjemmeside\/","og_site_name":"Webmasterservice","article_modified_time":"2020-07-02T12:35:07+00:00","og_image":[{"width":512,"height":512,"url":"https:\/\/niipit.dk\/webmasterservice\/wp-content\/uploads\/sites\/389\/2020\/01\/webmaster-favicon.png","type":"image\/png"}],"twitter_card":"summary_large_image","twitter_misc":{"Estimeret l\u00e6setid":"1 minut"},"schema":{"@context":"https:\/\/schema.org","@graph":[{"@type":"WebPage","@id":"https:\/\/niipit.dk\/webmasterservice\/produkt\/webmaster-service-hjemmeside\/","url":"https:\/\/niipit.dk\/webmasterservice\/produkt\/webmaster-service-hjemmeside\/","name":"WP Webmaster Service - Hjemmeside - Webmasterservice","isPartOf":{"@id":"https:\/\/niipit.dk\/webmasterservice\/#website"},"primaryImageOfPage":{"@id":"https:\/\/niipit.dk\/webmasterservice\/produkt\/webmaster-service-hjemmeside\/#primaryimage"},"image":{"@id":"https:\/\/niipit.dk\/webmasterservice\/produkt\/webmaster-service-hjemmeside\/#primaryimage"},"thumbnailUrl":"https:\/\/niipit.dk\/webmasterservice\/wp-content\/uploads\/sites\/389\/2020\/01\/webmaster-favicon.png","datePublished":"2020-07-02T11:55:58+00:00","dateModified":"2020-07-02T12:35:07+00:00","description":"Har du vr\u00f8vl med din hjemmeside? Pr\u00f8v vores Wordpress hjemmeside hj\u00e6lp - Fra 218,75 kr\/md. opdaterer og vedligeholder vi det tekniske p\u00e5 dit websitet.","breadcrumb":{"@id":"https:\/\/niipit.dk\/webmasterservice\/produkt\/webmaster-service-hjemmeside\/#breadcrumb"},"inLanguage":"da-DK","potentialAction":[{"@type":"ReadAction","target":["https:\/\/niipit.dk\/webmasterservice\/produkt\/webmaster-service-hjemmeside\/"]}]},{"@type":"ImageObject","inLanguage":"da-DK","@id":"https:\/\/niipit.dk\/webmasterservice\/produkt\/webmaster-service-hjemmeside\/#primaryimage","url":"https:\/\/niipit.dk\/webmasterservice\/wp-content\/uploads\/sites\/389\/2020\/01\/webmaster-favicon.png","contentUrl":"https:\/\/niipit.dk\/webmasterservice\/wp-content\/uploads\/sites\/389\/2020\/01\/webmaster-favicon.png","width":512,"height":512,"caption":"Webmaster Service"},{"@type":"BreadcrumbList","@id":"https:\/\/niipit.dk\/webmasterservice\/produkt\/webmaster-service-hjemmeside\/#breadcrumb","itemListElement":[{"@type":"ListItem","position":1,"name":"Hjem","item":"https:\/\/niipit.dk\/webmasterservice\/"},{"@type":"ListItem","position":2,"name":"Shop","item":"https:\/\/niipit.dk\/webmasterservice\/shop\/"},{"@type":"ListItem","position":3,"name":"WP Webmaster Service &#8211; Hjemmeside"}]},{"@type":"WebSite","@id":"https:\/\/niipit.dk\/webmasterservice\/#website","url":"https:\/\/niipit.dk\/webmasterservice\/","name":"Webmasterservice","description":"F\u00e5 din virksomhed p\u00e5 niipit","potentialAction":[{"@type":"SearchAction","target":{"@type":"EntryPoint","urlTemplate":"https:\/\/niipit.dk\/webmasterservice\/?s={search_term_string}"},"query-input":{"@type":"PropertyValueSpecification","valueRequired":true,"valueName":"search_term_string"}}],"inLanguage":"da-DK"}]}},"_links":{"self":[{"href":"https:\/\/niipit.dk\/webmasterservice\/wp-json\/wp\/v2\/product\/7471","targetHints":{"allow":["GET"]}}],"collection":[{"href":"https:\/\/niipit.dk\/webmasterservice\/wp-json\/wp\/v2\/product"}],"about":[{"href":"https:\/\/niipit.dk\/webmasterservice\/wp-json\/wp\/v2\/types\/product"}],"wp:featuredmedia":[{"embeddable":true,"href":"https:\/\/niipit.dk\/webmasterservice\/wp-json\/wp\/v2\/media\/7453"}],"wp:attachment":[{"href":"https:\/\/niipit.dk\/webmasterservice\/wp-json\/wp\/v2\/media?parent=7471"}],"wp:term":[{"taxonomy":"product_brand","embeddable":true,"href":"https:\/\/niipit.dk\/webmasterservice\/wp-json\/wp\/v2\/product_brand?post=7471"},{"taxonomy":"product_cat","embeddable":true,"href":"https:\/\/niipit.dk\/webmasterservice\/wp-json\/wp\/v2\/product_cat?post=7471"},{"taxonomy":"product_tag","embeddable":true,"href":"https:\/\/niipit.dk\/webmasterservice\/wp-json\/wp\/v2\/product_tag?post=7471"},{"taxonomy":"shoptype","embeddable":true,"href":"https:\/\/niipit.dk\/webmasterservice\/wp-json\/wp\/v2\/shoptype?post=7471"}],"curies":[{"name":"wp","href":"https:\/\/api.w.org\/{rel}","templated":true}]}}