{"id":5064,"date":"2019-05-10T22:29:34","date_gmt":"2019-05-10T20:29:34","guid":{"rendered":"https:\/\/niipit.dk\/webmasterservice-shop\/?page_id=5064"},"modified":"2020-09-11T08:04:30","modified_gmt":"2020-09-11T06:04:30","slug":"wordpress-hjemmeside","status":"publish","type":"page","link":"https:\/\/niipit.dk\/webmasterservice\/","title":{"rendered":"WordPress hjemmeside hj\u00e6lp og support"},"content":{"rendered":"\n<h2 class=\"wp-block-heading\">WordPress hjemmeside hj\u00e6lp og support<\/h2>\n\n\n\n<h2 class=\"wp-block-heading\">Hvor g\u00e5r man hen og f\u00e5r hj\u00e6lp til sin WordPress hjemmeside &#8211; uden binding?<\/h2>\n\n\n\n<p>Webmasterservice har specialiseret os i vedligeholdelse og drift af WordPress hjemmesider og har mange \u00e5rs erfaring. Vi hj\u00e6lper dagligt kunder med at opdatere CMS, plugins og passe deres hjemmesider fra top til bund til priser fra 175kr\/md (excl. moms).<\/p>\n\n\n\n<h4 class=\"wp-block-heading\">Problemfri hjemmeside med vores WordPress hjemmeside hj\u00e6lp<\/h4>\n\n\n\n<div class=\"wp-block-image\"><figure class=\"alignright size-large is-resized\"><img loading=\"lazy\" decoding=\"async\" src=\"https:\/\/niipit.dk\/webmasterservice\/wp-content\/uploads\/sites\/389\/2020\/02\/webmasterservice.dk-hjaelp-til-din-wordpress-side.png\" alt=\"webmasterservice.dk - hj\u00e6lp til din wordpress side\" class=\"wp-image-7367\" width=\"387\" height=\"194\" srcset=\"https:\/\/niipit.dk\/webmasterservice\/wp-content\/uploads\/sites\/389\/2020\/02\/webmasterservice.dk-hjaelp-til-din-wordpress-side.png 600w, https:\/\/niipit.dk\/webmasterservice\/wp-content\/uploads\/sites\/389\/2020\/02\/webmasterservice.dk-hjaelp-til-din-wordpress-side-300x150.png 300w\" sizes=\"auto, (max-width: 387px) 100vw, 387px\" \/><\/figure><\/div>\n\n\n\n<p>Vi er dem hjemmesideejere kontakter, n\u00e5r der er brug for hj\u00e6lp. Med vores forskellige WordPress-hjemmeside-hj\u00e6lpe-pakker kan vi tilbyde at g\u00e5 i dybden med den tekniske del og passe alle former for WordPress hjemmesider med teknisk-support, ekstra backup, SEO, blog-tekster og andet din hjemmeside skulle f\u00e5 brug for.&nbsp;<\/p>\n\n\n\n<p>Enhver website der benyttes som forretnings- og erhvervs hjemmeside er f\u00f8lsom overfor udefrakommende faktorer, der kan p\u00e5virke siden eksistens og indhold. Ved at man fast vedligeholder og passer et site, formindskes risikoen for nedetid, som vil p\u00e5virke oms\u00e6tningen.&nbsp; <\/p>\n\n\n\n<h4 class=\"wp-block-heading\">Vi g\u00e5r h\u00f8jt op i vores arbejde<\/h4>\n\n\n\n<p>Uanset om din hjemmeside er bygget hos et webbureau eller du selv har v\u00e6ret i gang og bygget fra bunden, skal sitet vedligeholdes og alle opdateringer skal udf\u00f8res. Mange har opdaget hvor meget tid og ikke mindst viden, der skal til for at holde sig ajour p\u00e5 dette punkt. <\/p>\n\n\n\n<p>Fordelen ved at bruge vores <a href=\"https:\/\/www.webmasterservice.dk\/\" target=\"_blank\" rel=\"noreferrer noopener\"><strong>WebmasterService<\/strong><\/a> er at vi elsker at arbejde med WordPress. Det tager tid at f\u00f8lge med udviklingen og sikkerheden p\u00e5 nettet, og det kan f\u00e5 store konsekvenser hvis man undlader at f\u00f8lge med eller ikke har tiden. Vi f\u00f8lger med og kender de mange teknikker og v\u00e6rkt\u00f8jer der skal til for at f\u00e5 et site der er sikkert og holder Googles regler.<\/p>\n\n\n\n<h3 class=\"wp-block-heading\">F\u00e5 en billig Webmaster til din hjemmeside<\/h3>\n\n\n\n<p>Vores priser er naturligvis baseret p\u00e5 hvor meget i \u00f8nsker vi skal st\u00e5 for. Som eksempel er prisen kun kr. 218,75 pr. l\u00f8bende m\u00e5ned (engangs-opstartsfee udg\u00f8r kr. 373,75). p\u00e5 vores mindste WordPress Webmaster Service-pakke, hvor vi d\u00e6kker f\u00f8lgende:<\/p>\n\n\n\n<p>&#8211; Vi s\u00f8rger for at CMS platformen er opdateret til nyeste version<br>&#8211; Vi s\u00f8rger for at alle plugins er opdateret<br>&#8211; Vi ops\u00e6tter beskyttelse (for at undg\u00e5 virus og ubudne g\u00e6ster)<br>&#8211; Ekstra backup af hele sitet<br>&#8211; Fri support og sparring p\u00e5 alle hverdage<br>&#8211; Uden binding<br><br>Vi kan ogs\u00e5 hj\u00e6lpe med opretning af nye sider eller redigere eksisterende, med nye tekster, billeder, design, s\u00f8gemaskineoptimering, nye input\/inspiration og meget mere. Sp\u00f8rg&nbsp; os endelig &#8211; vi finder en pris der passer til dit budget.<\/p>\n\n\n\n<h4 class=\"wp-block-heading\">Det med sm\u00e5t:<\/h4>\n\n\n\n<p>Det vi lover n\u00e5r vi siger &#8211; WordPress hjemmeside hj\u00e6lp og support: at der s\u00f8rges for at virksomhedens hjemmeside eller webshop er fuldt teknisk opdateret og vedligeholdt, s\u00e5 alt det funktionelle virker som det skal. Bem\u00e6rk at supporten ikke omfatter programmering, webshop-ops\u00e6tning, medlemsomr\u00e5de, plugins-programmering, grafisk arbejde samt andre lignende opgaver. S\u00e5danne opgaver laver vi efter tilbud.<\/p>\n\n\n\n<p>Vi kan ikke ansvarligg\u00f8res for tabt tid eller fortjeneste i forbindelse med et evt. ufunktionelt site, nedetid, nedbrud eller bes\u00f8g fra hackere.<br><br>Alle priser er <strong>incl. moms<\/strong> og betales efter \u00f8nske hver m\u00e5ned, hver 3., 6. m\u00e5ned eller 1. gang \u00e5rligt.<\/p>\n\n\n\n<p>Se mere p\u00e5 <a href=\"https:\/\/webmasterservice.dk\" target=\"_blank\" rel=\"noreferrer noopener\">webmasterservice.dk<\/a> eller kontakt Michael p\u00e5 7111 3500 for en uforpligtende snak via vores <a rel=\"noreferrer noopener\" href=\"https:\/\/www.webmasterservice.dk\/kontakt\/\" target=\"_blank\">kontakt<\/a> &#8211; vi tilbyder support, vedligehold, backup og hj\u00e6lp til sm\u00e5 priser.<br>L\u00e6s eller skriv anmeldelser <a href=\"https:\/\/niipit.dk\/webmasterservice\/anmeldelser\/\">her<\/a><\/p>\n","protected":false},"excerpt":{"rendered":"<p>WordPress hjemmeside hj\u00e6lp og support Hvor g\u00e5r man hen og f\u00e5r hj\u00e6lp til sin WordPress hjemmeside &#8211; uden binding? Webmasterservice har specialiseret os i vedligeholdelse og drift af WordPress hjemmesider og har mange \u00e5rs erfaring. Vi hj\u00e6lper dagligt kunder med at opdatere CMS, plugins og passe deres hjemmesider fra top til bund til priser fra <a class=\"moretag btn btn-primary\" href=\"https:\/\/niipit.dk\/webmasterservice\/\">L\u00e6s mere<\/a><\/p>\n","protected":false},"author":973,"featured_media":7259,"parent":0,"menu_order":0,"comment_status":"closed","ping_status":"closed","template":"frontpagePremium.php","meta":{"_exactmetrics_skip_tracking":false,"_exactmetrics_sitenote_active":false,"_exactmetrics_sitenote_note":"","_exactmetrics_sitenote_category":0,"_monsterinsights_skip_tracking":false,"_monsterinsights_sitenote_active":false,"_monsterinsights_sitenote_note":"","_monsterinsights_sitenote_category":0,"footnotes":""},"class_list":["post-5064","page","type-page","status-publish","has-post-thumbnail","hentry"],"yoast_head":"<!-- This site is optimized with the Yoast SEO Premium plugin v16.3 (Yoast SEO v27.4) - https:\/\/yoast.com\/product\/yoast-seo-premium-wordpress\/ -->\n<title>F\u00e5 effektiv hj\u00e6lp til din Wordpress hjemmeside fra Webmasterservice.dk<\/title>\n<meta name=\"description\" content=\"Wordpress hjemmeside hj\u00e6lp og support. Problemfri hjemmeside med vores Wordpress hjemmeside hj\u00e6lp, fra 175kr\/md lige s\u00e5 l\u00e6nge du vil.\" \/>\n<meta name=\"robots\" content=\"index, follow, max-snippet:-1, max-image-preview:large, max-video-preview:-1\" \/>\n<link rel=\"canonical\" href=\"https:\/\/niipit.dk\/webmasterservice\/\" \/>\n<meta property=\"og:locale\" content=\"da_DK\" \/>\n<meta property=\"og:type\" content=\"article\" \/>\n<meta property=\"og:title\" content=\"F\u00e5 effektiv hj\u00e6lp til din Wordpress hjemmeside fra Webmasterservice.dk\" \/>\n<meta property=\"og:description\" content=\"Wordpress hjemmeside hj\u00e6lp og support. Problemfri hjemmeside med vores Wordpress hjemmeside hj\u00e6lp, fra 175kr\/md lige s\u00e5 l\u00e6nge du vil.\" \/>\n<meta property=\"og:url\" content=\"https:\/\/niipit.dk\/webmasterservice\/\" \/>\n<meta property=\"og:site_name\" content=\"Webmasterservice\" \/>\n<meta property=\"article:modified_time\" content=\"2020-09-11T06:04:30+00:00\" \/>\n<meta property=\"og:image\" content=\"https:\/\/niipit.dk\/webmasterservice\/wp-content\/uploads\/sites\/389\/2020\/01\/webmasterservice.dk-Wordpress-hjemmeside-hjaelp-fb.jpg\" \/>\n\t<meta property=\"og:image:width\" content=\"679\" \/>\n\t<meta property=\"og:image:height\" content=\"400\" \/>\n\t<meta property=\"og:image:type\" content=\"image\/jpeg\" \/>\n<meta name=\"twitter:card\" content=\"summary_large_image\" \/>\n<meta name=\"twitter:label1\" content=\"Estimeret l\u00e6setid\" \/>\n\t<meta name=\"twitter:data1\" content=\"3 minutter\" \/>\n<script type=\"application\/ld+json\" class=\"yoast-schema-graph\">{\"@context\":\"https:\\\/\\\/schema.org\",\"@graph\":[{\"@type\":\"WebPage\",\"@id\":\"https:\\\/\\\/niipit.dk\\\/webmasterservice\\\/\",\"url\":\"https:\\\/\\\/niipit.dk\\\/webmasterservice\\\/\",\"name\":\"F\u00e5 effektiv hj\u00e6lp til din Wordpress hjemmeside fra Webmasterservice.dk\",\"isPartOf\":{\"@id\":\"https:\\\/\\\/niipit.dk\\\/webmasterservice\\\/#website\"},\"primaryImageOfPage\":{\"@id\":\"https:\\\/\\\/niipit.dk\\\/webmasterservice\\\/#primaryimage\"},\"image\":{\"@id\":\"https:\\\/\\\/niipit.dk\\\/webmasterservice\\\/#primaryimage\"},\"thumbnailUrl\":\"https:\\\/\\\/niipit.dk\\\/webmasterservice\\\/wp-content\\\/uploads\\\/sites\\\/389\\\/2020\\\/01\\\/webmasterservice.dk-Wordpress-hjemmeside-hjaelp-fb.jpg\",\"datePublished\":\"2019-05-10T20:29:34+00:00\",\"dateModified\":\"2020-09-11T06:04:30+00:00\",\"description\":\"Wordpress hjemmeside hj\u00e6lp og support. Problemfri hjemmeside med vores Wordpress hjemmeside hj\u00e6lp, fra 175kr\\\/md lige s\u00e5 l\u00e6nge du vil.\",\"breadcrumb\":{\"@id\":\"https:\\\/\\\/niipit.dk\\\/webmasterservice\\\/#breadcrumb\"},\"inLanguage\":\"da-DK\",\"potentialAction\":[{\"@type\":\"ReadAction\",\"target\":[\"https:\\\/\\\/niipit.dk\\\/webmasterservice\\\/\"]}]},{\"@type\":\"ImageObject\",\"inLanguage\":\"da-DK\",\"@id\":\"https:\\\/\\\/niipit.dk\\\/webmasterservice\\\/#primaryimage\",\"url\":\"https:\\\/\\\/niipit.dk\\\/webmasterservice\\\/wp-content\\\/uploads\\\/sites\\\/389\\\/2020\\\/01\\\/webmasterservice.dk-Wordpress-hjemmeside-hjaelp-fb.jpg\",\"contentUrl\":\"https:\\\/\\\/niipit.dk\\\/webmasterservice\\\/wp-content\\\/uploads\\\/sites\\\/389\\\/2020\\\/01\\\/webmasterservice.dk-Wordpress-hjemmeside-hjaelp-fb.jpg\",\"width\":679,\"height\":400},{\"@type\":\"BreadcrumbList\",\"@id\":\"https:\\\/\\\/niipit.dk\\\/webmasterservice\\\/#breadcrumb\",\"itemListElement\":[{\"@type\":\"ListItem\",\"position\":1,\"name\":\"Hjem\",\"item\":\"https:\\\/\\\/niipit.dk\\\/webmasterservice\\\/\"},{\"@type\":\"ListItem\",\"position\":2,\"name\":\"WordPress hjemmeside hj\u00e6lp og support\"}]},{\"@type\":\"WebSite\",\"@id\":\"https:\\\/\\\/niipit.dk\\\/webmasterservice\\\/#website\",\"url\":\"https:\\\/\\\/niipit.dk\\\/webmasterservice\\\/\",\"name\":\"Webmasterservice\",\"description\":\"F\u00e5 din virksomhed p\u00e5 niipit\",\"potentialAction\":[{\"@type\":\"SearchAction\",\"target\":{\"@type\":\"EntryPoint\",\"urlTemplate\":\"https:\\\/\\\/niipit.dk\\\/webmasterservice\\\/?s={search_term_string}\"},\"query-input\":{\"@type\":\"PropertyValueSpecification\",\"valueRequired\":true,\"valueName\":\"search_term_string\"}}],\"inLanguage\":\"da-DK\"}]}<\/script>\n<!-- \/ Yoast SEO Premium plugin. -->","yoast_head_json":{"title":"F\u00e5 effektiv hj\u00e6lp til din Wordpress hjemmeside fra Webmasterservice.dk","description":"Wordpress hjemmeside hj\u00e6lp og support. Problemfri hjemmeside med vores Wordpress hjemmeside hj\u00e6lp, fra 175kr\/md lige s\u00e5 l\u00e6nge du vil.","robots":{"index":"index","follow":"follow","max-snippet":"max-snippet:-1","max-image-preview":"max-image-preview:large","max-video-preview":"max-video-preview:-1"},"canonical":"https:\/\/niipit.dk\/webmasterservice\/","og_locale":"da_DK","og_type":"article","og_title":"F\u00e5 effektiv hj\u00e6lp til din Wordpress hjemmeside fra Webmasterservice.dk","og_description":"Wordpress hjemmeside hj\u00e6lp og support. Problemfri hjemmeside med vores Wordpress hjemmeside hj\u00e6lp, fra 175kr\/md lige s\u00e5 l\u00e6nge du vil.","og_url":"https:\/\/niipit.dk\/webmasterservice\/","og_site_name":"Webmasterservice","article_modified_time":"2020-09-11T06:04:30+00:00","og_image":[{"width":679,"height":400,"url":"https:\/\/niipit.dk\/webmasterservice\/wp-content\/uploads\/sites\/389\/2020\/01\/webmasterservice.dk-Wordpress-hjemmeside-hjaelp-fb.jpg","type":"image\/jpeg"}],"twitter_card":"summary_large_image","twitter_misc":{"Estimeret l\u00e6setid":"3 minutter"},"schema":{"@context":"https:\/\/schema.org","@graph":[{"@type":"WebPage","@id":"https:\/\/niipit.dk\/webmasterservice\/","url":"https:\/\/niipit.dk\/webmasterservice\/","name":"F\u00e5 effektiv hj\u00e6lp til din Wordpress hjemmeside fra Webmasterservice.dk","isPartOf":{"@id":"https:\/\/niipit.dk\/webmasterservice\/#website"},"primaryImageOfPage":{"@id":"https:\/\/niipit.dk\/webmasterservice\/#primaryimage"},"image":{"@id":"https:\/\/niipit.dk\/webmasterservice\/#primaryimage"},"thumbnailUrl":"https:\/\/niipit.dk\/webmasterservice\/wp-content\/uploads\/sites\/389\/2020\/01\/webmasterservice.dk-Wordpress-hjemmeside-hjaelp-fb.jpg","datePublished":"2019-05-10T20:29:34+00:00","dateModified":"2020-09-11T06:04:30+00:00","description":"Wordpress hjemmeside hj\u00e6lp og support. Problemfri hjemmeside med vores Wordpress hjemmeside hj\u00e6lp, fra 175kr\/md lige s\u00e5 l\u00e6nge du vil.","breadcrumb":{"@id":"https:\/\/niipit.dk\/webmasterservice\/#breadcrumb"},"inLanguage":"da-DK","potentialAction":[{"@type":"ReadAction","target":["https:\/\/niipit.dk\/webmasterservice\/"]}]},{"@type":"ImageObject","inLanguage":"da-DK","@id":"https:\/\/niipit.dk\/webmasterservice\/#primaryimage","url":"https:\/\/niipit.dk\/webmasterservice\/wp-content\/uploads\/sites\/389\/2020\/01\/webmasterservice.dk-Wordpress-hjemmeside-hjaelp-fb.jpg","contentUrl":"https:\/\/niipit.dk\/webmasterservice\/wp-content\/uploads\/sites\/389\/2020\/01\/webmasterservice.dk-Wordpress-hjemmeside-hjaelp-fb.jpg","width":679,"height":400},{"@type":"BreadcrumbList","@id":"https:\/\/niipit.dk\/webmasterservice\/#breadcrumb","itemListElement":[{"@type":"ListItem","position":1,"name":"Hjem","item":"https:\/\/niipit.dk\/webmasterservice\/"},{"@type":"ListItem","position":2,"name":"WordPress hjemmeside hj\u00e6lp og support"}]},{"@type":"WebSite","@id":"https:\/\/niipit.dk\/webmasterservice\/#website","url":"https:\/\/niipit.dk\/webmasterservice\/","name":"Webmasterservice","description":"F\u00e5 din virksomhed p\u00e5 niipit","potentialAction":[{"@type":"SearchAction","target":{"@type":"EntryPoint","urlTemplate":"https:\/\/niipit.dk\/webmasterservice\/?s={search_term_string}"},"query-input":{"@type":"PropertyValueSpecification","valueRequired":true,"valueName":"search_term_string"}}],"inLanguage":"da-DK"}]}},"_links":{"self":[{"href":"https:\/\/niipit.dk\/webmasterservice\/wp-json\/wp\/v2\/pages\/5064","targetHints":{"allow":["GET"]}}],"collection":[{"href":"https:\/\/niipit.dk\/webmasterservice\/wp-json\/wp\/v2\/pages"}],"about":[{"href":"https:\/\/niipit.dk\/webmasterservice\/wp-json\/wp\/v2\/types\/page"}],"author":[{"embeddable":true,"href":"https:\/\/niipit.dk\/webmasterservice\/wp-json\/wp\/v2\/users\/973"}],"replies":[{"embeddable":true,"href":"https:\/\/niipit.dk\/webmasterservice\/wp-json\/wp\/v2\/comments?post=5064"}],"version-history":[{"count":0,"href":"https:\/\/niipit.dk\/webmasterservice\/wp-json\/wp\/v2\/pages\/5064\/revisions"}],"wp:featuredmedia":[{"embeddable":true,"href":"https:\/\/niipit.dk\/webmasterservice\/wp-json\/wp\/v2\/media\/7259"}],"wp:attachment":[{"href":"https:\/\/niipit.dk\/webmasterservice\/wp-json\/wp\/v2\/media?parent=5064"}],"curies":[{"name":"wp","href":"https:\/\/api.w.org\/{rel}","templated":true}]}}