{"id":6111,"date":"2019-10-03T07:30:33","date_gmt":"2019-10-03T05:30:33","guid":{"rendered":"https:\/\/niipit.dk\/vores-dyr-bibliotek\/?page_id=6111"},"modified":"2019-12-23T22:53:27","modified_gmt":"2019-12-23T21:53:27","slug":"heste-video","status":"publish","type":"page","link":"https:\/\/niipit.dk\/vores-dyr-bibliotek\/heste-video\/","title":{"rendered":"Heste Video"},"content":{"rendered":"","protected":false},"excerpt":{"rendered":"","protected":false},"author":1060,"featured_media":0,"parent":0,"menu_order":0,"comment_status":"closed","ping_status":"closed","template":"","meta":{"_exactmetrics_skip_tracking":false,"_exactmetrics_sitenote_active":false,"_exactmetrics_sitenote_note":"","_exactmetrics_sitenote_category":0,"_monsterinsights_skip_tracking":false,"_monsterinsights_sitenote_active":false,"_monsterinsights_sitenote_note":"","_monsterinsights_sitenote_category":0,"footnotes":""},"class_list":["post-6111","page","type-page","status-publish","hentry"],"yoast_head":"<!-- This site is optimized with the Yoast SEO plugin v27.2 - https:\/\/yoast.com\/product\/yoast-seo-wordpress\/ -->\n<title>Heste Video fra Vores Dyr Bibliotek er fyldt med sjov<\/title>\n<meta name=\"description\" content=\"Heste Video fra Vores Dyr Bibliotek viser masser af sjove \u00f8jeblikke med heste og f\u00f8l. Se ogs\u00e5 film med sjove triks sammen med heste\" \/>\n<meta name=\"robots\" content=\"index, follow, max-snippet:-1, max-image-preview:large, max-video-preview:-1\" \/>\n<link rel=\"canonical\" href=\"https:\/\/niipit.dk\/vores-dyr-bibliotek\/heste-video\/\" \/>\n<meta property=\"og:locale\" content=\"da_DK\" \/>\n<meta property=\"og:type\" content=\"article\" \/>\n<meta property=\"og:title\" content=\"Heste Video fra Vores Dyr Bibliotek er fyldt med sjov\" \/>\n<meta property=\"og:description\" content=\"Heste Video fra Vores Dyr Bibliotek viser masser af sjove \u00f8jeblikke med heste og f\u00f8l. Se ogs\u00e5 film med sjove triks sammen med heste\" \/>\n<meta property=\"og:url\" content=\"https:\/\/niipit.dk\/vores-dyr-bibliotek\/heste-video\/\" \/>\n<meta property=\"og:site_name\" content=\"Vores Dyr Bibliotek\" \/>\n<meta property=\"article:modified_time\" content=\"2019-12-23T21:53:27+00:00\" \/>\n<meta name=\"twitter:card\" content=\"summary_large_image\" \/>\n<script type=\"application\/ld+json\" class=\"yoast-schema-graph\">{\"@context\":\"https:\/\/schema.org\",\"@graph\":[{\"@type\":\"WebPage\",\"@id\":\"https:\/\/niipit.dk\/vores-dyr-bibliotek\/heste-video\/\",\"url\":\"https:\/\/niipit.dk\/vores-dyr-bibliotek\/heste-video\/\",\"name\":\"Heste Video fra Vores Dyr Bibliotek er fyldt med sjov\",\"isPartOf\":{\"@id\":\"https:\/\/niipit.dk\/vores-dyr-bibliotek\/#website\"},\"datePublished\":\"2019-10-03T05:30:33+00:00\",\"dateModified\":\"2019-12-23T21:53:27+00:00\",\"description\":\"Heste Video fra Vores Dyr Bibliotek viser masser af sjove \u00f8jeblikke med heste og f\u00f8l. Se ogs\u00e5 film med sjove triks sammen med heste\",\"breadcrumb\":{\"@id\":\"https:\/\/niipit.dk\/vores-dyr-bibliotek\/heste-video\/#breadcrumb\"},\"inLanguage\":\"da-DK\",\"potentialAction\":[{\"@type\":\"ReadAction\",\"target\":[\"https:\/\/niipit.dk\/vores-dyr-bibliotek\/heste-video\/\"]}]},{\"@type\":\"BreadcrumbList\",\"@id\":\"https:\/\/niipit.dk\/vores-dyr-bibliotek\/heste-video\/#breadcrumb\",\"itemListElement\":[{\"@type\":\"ListItem\",\"position\":1,\"name\":\"Hjem\",\"item\":\"https:\/\/niipit.dk\/vores-dyr-bibliotek\/\"},{\"@type\":\"ListItem\",\"position\":2,\"name\":\"Heste Video\"}]},{\"@type\":\"WebSite\",\"@id\":\"https:\/\/niipit.dk\/vores-dyr-bibliotek\/#website\",\"url\":\"https:\/\/niipit.dk\/vores-dyr-bibliotek\/\",\"name\":\"Vores Dyr Bibliotek\",\"description\":\"Masser af viden om dyr\",\"potentialAction\":[{\"@type\":\"SearchAction\",\"target\":{\"@type\":\"EntryPoint\",\"urlTemplate\":\"https:\/\/niipit.dk\/vores-dyr-bibliotek\/?s={search_term_string}\"},\"query-input\":{\"@type\":\"PropertyValueSpecification\",\"valueRequired\":true,\"valueName\":\"search_term_string\"}}],\"inLanguage\":\"da-DK\"}]}<\/script>\n<!-- \/ Yoast SEO plugin. -->","yoast_head_json":{"title":"Heste Video fra Vores Dyr Bibliotek er fyldt med sjov","description":"Heste Video fra Vores Dyr Bibliotek viser masser af sjove \u00f8jeblikke med heste og f\u00f8l. Se ogs\u00e5 film med sjove triks sammen med heste","robots":{"index":"index","follow":"follow","max-snippet":"max-snippet:-1","max-image-preview":"max-image-preview:large","max-video-preview":"max-video-preview:-1"},"canonical":"https:\/\/niipit.dk\/vores-dyr-bibliotek\/heste-video\/","og_locale":"da_DK","og_type":"article","og_title":"Heste Video fra Vores Dyr Bibliotek er fyldt med sjov","og_description":"Heste Video fra Vores Dyr Bibliotek viser masser af sjove \u00f8jeblikke med heste og f\u00f8l. Se ogs\u00e5 film med sjove triks sammen med heste","og_url":"https:\/\/niipit.dk\/vores-dyr-bibliotek\/heste-video\/","og_site_name":"Vores Dyr Bibliotek","article_modified_time":"2019-12-23T21:53:27+00:00","twitter_card":"summary_large_image","schema":{"@context":"https:\/\/schema.org","@graph":[{"@type":"WebPage","@id":"https:\/\/niipit.dk\/vores-dyr-bibliotek\/heste-video\/","url":"https:\/\/niipit.dk\/vores-dyr-bibliotek\/heste-video\/","name":"Heste Video fra Vores Dyr Bibliotek er fyldt med sjov","isPartOf":{"@id":"https:\/\/niipit.dk\/vores-dyr-bibliotek\/#website"},"datePublished":"2019-10-03T05:30:33+00:00","dateModified":"2019-12-23T21:53:27+00:00","description":"Heste Video fra Vores Dyr Bibliotek viser masser af sjove \u00f8jeblikke med heste og f\u00f8l. Se ogs\u00e5 film med sjove triks sammen med heste","breadcrumb":{"@id":"https:\/\/niipit.dk\/vores-dyr-bibliotek\/heste-video\/#breadcrumb"},"inLanguage":"da-DK","potentialAction":[{"@type":"ReadAction","target":["https:\/\/niipit.dk\/vores-dyr-bibliotek\/heste-video\/"]}]},{"@type":"BreadcrumbList","@id":"https:\/\/niipit.dk\/vores-dyr-bibliotek\/heste-video\/#breadcrumb","itemListElement":[{"@type":"ListItem","position":1,"name":"Hjem","item":"https:\/\/niipit.dk\/vores-dyr-bibliotek\/"},{"@type":"ListItem","position":2,"name":"Heste Video"}]},{"@type":"WebSite","@id":"https:\/\/niipit.dk\/vores-dyr-bibliotek\/#website","url":"https:\/\/niipit.dk\/vores-dyr-bibliotek\/","name":"Vores Dyr Bibliotek","description":"Masser af viden om dyr","potentialAction":[{"@type":"SearchAction","target":{"@type":"EntryPoint","urlTemplate":"https:\/\/niipit.dk\/vores-dyr-bibliotek\/?s={search_term_string}"},"query-input":{"@type":"PropertyValueSpecification","valueRequired":true,"valueName":"search_term_string"}}],"inLanguage":"da-DK"}]}},"_links":{"self":[{"href":"https:\/\/niipit.dk\/vores-dyr-bibliotek\/wp-json\/wp\/v2\/pages\/6111","targetHints":{"allow":["GET"]}}],"collection":[{"href":"https:\/\/niipit.dk\/vores-dyr-bibliotek\/wp-json\/wp\/v2\/pages"}],"about":[{"href":"https:\/\/niipit.dk\/vores-dyr-bibliotek\/wp-json\/wp\/v2\/types\/page"}],"author":[{"embeddable":true,"href":"https:\/\/niipit.dk\/vores-dyr-bibliotek\/wp-json\/wp\/v2\/users\/1060"}],"replies":[{"embeddable":true,"href":"https:\/\/niipit.dk\/vores-dyr-bibliotek\/wp-json\/wp\/v2\/comments?post=6111"}],"version-history":[{"count":0,"href":"https:\/\/niipit.dk\/vores-dyr-bibliotek\/wp-json\/wp\/v2\/pages\/6111\/revisions"}],"wp:attachment":[{"href":"https:\/\/niipit.dk\/vores-dyr-bibliotek\/wp-json\/wp\/v2\/media?parent=6111"}],"curies":[{"name":"wp","href":"https:\/\/api.w.org\/{rel}","templated":true}]}}