{"id":6109,"date":"2019-10-03T07:30:15","date_gmt":"2019-10-03T05:30:15","guid":{"rendered":"https:\/\/niipit.dk\/vores-dyr-bibliotek\/?page_id=6109"},"modified":"2019-10-25T09:38:23","modified_gmt":"2019-10-25T07:38:23","slug":"hest-ansigt","status":"publish","type":"page","link":"https:\/\/niipit.dk\/vores-dyr-bibliotek\/hest-ansigt\/","title":{"rendered":"Heste Galleri"},"content":{"rendered":"\n<h2 class=\"wp-block-heading\">Hest med mange ansigter<\/h2>\n\n\n\n<h3 class=\"wp-block-heading\">Heste kommunikerer meget med deres ansigtsudtryk<\/h3>\n\n\n\n<div class=\"wp-block-image\"><figure class=\"alignleft\"><img loading=\"lazy\" decoding=\"async\" width=\"251\" height=\"413\" src=\"https:\/\/niipit.dk\/vores-dyr-bibliotek\/wp-content\/uploads\/sites\/273\/2019\/10\/hest-ansigt-koncentration.jpg\" alt=\"hest koncentreret og rolig ansigt\" class=\"wp-image-6393\" srcset=\"https:\/\/niipit.dk\/vores-dyr-bibliotek\/wp-content\/uploads\/sites\/273\/2019\/10\/hest-ansigt-koncentration.jpg 251w, https:\/\/niipit.dk\/vores-dyr-bibliotek\/wp-content\/uploads\/sites\/273\/2019\/10\/hest-ansigt-koncentration-182x300.jpg 182w\" sizes=\"auto, (max-width: 251px) 100vw, 251px\" \/><figcaption>Her er en hest med et koncentreret, men veltilpas ansigt. De uens \u00f8rer viser en hest, der er i ro, hvor den er, men som samtidig viser personen p\u00e5 dens venstre side afslappet opm\u00e6rksomhed. <\/figcaption><\/figure><\/div>\n\n\n\n<p>En hest har mange ansigtsudtryk. Udtrykkene siger alt om, hvordan hesten har det . Heste kommunikerer ikke bare med ansigtet, men med hele kroppen. <\/p>\n\n\n\n<p>Du skal altid fortolke hestens mimik i en kontekst &#8211; alts\u00e5 i forhold til, hvad der i \u00f8vrigt sker. Hvis du kun ser p\u00e5 \u00f8rer eller kun ser p\u00e5 l\u00e6ber, s\u00e5 f\u00e5r du forkerte resultater.<\/p>\n\n\n\n<p>\u00d8rer kan h\u00e6nge, n\u00e5r heste har givet op, n\u00e5r de er koncentrerede og n\u00e5r de sover eller d\u00f8ser. Overl\u00e6ben kan v\u00e6re lang, fordi hesten gerne vil kl\u00f8 igen, n\u00e5r du kl\u00f8r den, eller fordi den er sp\u00e6ndt og har det d\u00e5rligt. <\/p>\n\n\n\n<p>Se i billedserien herunder, hvad du kan l\u00e6re om heste ved at se p\u00e5 deres ansigtsudtryk. <\/p>\n\n\n\n<p>N\u00e5r du bruger din viden om hestes sprog kan du vurdere, om du kan v\u00e6re rolig i n\u00e6rheden af hesten, eller om der er risiko for, at den g\u00f8r noget vildt lige om lidt. <\/p>\n\n\n\n<h2 class=\"wp-block-heading\" style=\"text-align:center\">Rolig og interesseret hest<\/h2>\n\n\n\n<div class=\"wp-block-image\"><figure class=\"aligncenter\"><img loading=\"lazy\" decoding=\"async\" width=\"626\" height=\"417\" src=\"https:\/\/niipit.dk\/vores-dyr-bibliotek\/wp-content\/uploads\/sites\/273\/2019\/10\/hest-rolig-opm\u00e6rksom-ansigt-1.jpg\" alt=\" roligt og opm\u00e6rksomt udtryk\" class=\"wp-image-6364\" srcset=\"https:\/\/niipit.dk\/vores-dyr-bibliotek\/wp-content\/uploads\/sites\/273\/2019\/10\/hest-rolig-opm\u00e6rksom-ansigt-1.jpg 626w, https:\/\/niipit.dk\/vores-dyr-bibliotek\/wp-content\/uploads\/sites\/273\/2019\/10\/hest-rolig-opm\u00e6rksom-ansigt-1-300x200.jpg 300w, https:\/\/niipit.dk\/vores-dyr-bibliotek\/wp-content\/uploads\/sites\/273\/2019\/10\/hest-rolig-opm\u00e6rksom-ansigt-1-600x400.jpg 600w\" sizes=\"auto, (max-width: 626px) 100vw, 626px\" \/><figcaption>Hesten er rolig, men kigger interesseret i p\u00e5 noget. L\u00e6g m\u00e6rke til, at hesten ser v\u00e5gen ud, men at der ikke er rynker over \u00f8jnene. L\u00e6berne er omtrent lige lange og den holder kun hovedet s\u00e5 h\u00f8jt, som den er n\u00f8dt til. <\/figcaption><\/figure><\/div>\n\n\n\n<h2 class=\"wp-block-heading\" style=\"text-align:center\">Ser noget i det fjerne, der m\u00e5ske er farligt<\/h2>\n\n\n\n<div class=\"wp-block-image\"><figure class=\"aligncenter\"><img loading=\"lazy\" decoding=\"async\" width=\"626\" height=\"500\" src=\"https:\/\/niipit.dk\/vores-dyr-bibliotek\/wp-content\/uploads\/sites\/273\/2019\/10\/hest-stivnet-opm\u00e6rksom-ansigt-1.jpg\" alt=\"hest i stivnet positur med opm\u00e6rksomt ansigt\" class=\"wp-image-6363\" srcset=\"https:\/\/niipit.dk\/vores-dyr-bibliotek\/wp-content\/uploads\/sites\/273\/2019\/10\/hest-stivnet-opm\u00e6rksom-ansigt-1.jpg 626w, https:\/\/niipit.dk\/vores-dyr-bibliotek\/wp-content\/uploads\/sites\/273\/2019\/10\/hest-stivnet-opm\u00e6rksom-ansigt-1-300x240.jpg 300w, https:\/\/niipit.dk\/vores-dyr-bibliotek\/wp-content\/uploads\/sites\/273\/2019\/10\/hest-stivnet-opm\u00e6rksom-ansigt-1-600x479.jpg 600w\" sizes=\"auto, (max-width: 626px) 100vw, 626px\" \/><figcaption>Hesten holder hovedet h\u00f8jt og blikket stift rettet imod noget, som den er bekymret over. Se p\u00e5 den sp\u00e6ndte hals, og l\u00e6g m\u00e6rke til, at \u00f8jnene ser lidt kantede ud. De udspilede n\u00e6sebor er ogs\u00e5 et tegn. \n\nHesten vil p\u00e5 et tidspunkt v\u00e6lge enten at vende tilbage til det, den var i gang med eller den vil k\u00e6mpe eller flygte. <\/figcaption><\/figure><\/div>\n\n\n\n<h2 class=\"wp-block-heading\" style=\"text-align:center\">Hest med stress eller smerter<\/h2>\n\n\n\n<div class=\"wp-block-image\"><figure class=\"aligncenter\"><img loading=\"lazy\" decoding=\"async\" width=\"626\" height=\"417\" src=\"https:\/\/niipit.dk\/vores-dyr-bibliotek\/wp-content\/uploads\/sites\/273\/2019\/10\/hest-smerter-stress-ansigt-1.jpg\" alt=\"smerter eller stress\" class=\"wp-image-6362\" srcset=\"https:\/\/niipit.dk\/vores-dyr-bibliotek\/wp-content\/uploads\/sites\/273\/2019\/10\/hest-smerter-stress-ansigt-1.jpg 626w, https:\/\/niipit.dk\/vores-dyr-bibliotek\/wp-content\/uploads\/sites\/273\/2019\/10\/hest-smerter-stress-ansigt-1-300x200.jpg 300w, https:\/\/niipit.dk\/vores-dyr-bibliotek\/wp-content\/uploads\/sites\/273\/2019\/10\/hest-smerter-stress-ansigt-1-600x400.jpg 600w\" sizes=\"auto, (max-width: 626px) 100vw, 626px\" \/><figcaption>Denne hest lider af stress eller smerter. Den virker uinteresseret i omgivelserne, men ser sur ud. Det er typisk for en hest med smerter at se s\u00e5dan ud. \n\nL\u00e6g m\u00e6rke til \u00f8rerne, det lidt frav\u00e6rende blik og at overl\u00e6ben er l\u00e6ngere end underl\u00e6ben. <\/figcaption><\/figure><\/div>\n\n\n\n<h2 class=\"wp-block-heading\" style=\"text-align:center\">Rolig og interesseret<\/h2>\n\n\n\n<div class=\"wp-block-image\"><figure class=\"aligncenter\"><img loading=\"lazy\" decoding=\"async\" width=\"626\" height=\"939\" src=\"https:\/\/niipit.dk\/vores-dyr-bibliotek\/wp-content\/uploads\/sites\/273\/2019\/10\/hest-rolig-og-interesseret-ansigt-1.jpg\" alt=\"hest med et roligt og interesseret ansigt\" class=\"wp-image-6361\" srcset=\"https:\/\/niipit.dk\/vores-dyr-bibliotek\/wp-content\/uploads\/sites\/273\/2019\/10\/hest-rolig-og-interesseret-ansigt-1.jpg 626w, https:\/\/niipit.dk\/vores-dyr-bibliotek\/wp-content\/uploads\/sites\/273\/2019\/10\/hest-rolig-og-interesseret-ansigt-1-200x300.jpg 200w, https:\/\/niipit.dk\/vores-dyr-bibliotek\/wp-content\/uploads\/sites\/273\/2019\/10\/hest-rolig-og-interesseret-ansigt-1-600x900.jpg 600w\" sizes=\"auto, (max-width: 626px) 100vw, 626px\" \/><figcaption>Denne hest er interesseret i noget foran den. Det kunne b\u00e5de v\u00e6re noget, der er en anelse skr\u00e6mmende (men kun en anelse) eller noget, der er interessant. Fx. hvis der er udsigt til mad. <\/figcaption><\/figure><\/div>\n\n\n\n<h2 class=\"wp-block-heading\" style=\"text-align:center\">Stress eller smerter<\/h2>\n\n\n\n<div class=\"wp-block-image\"><figure class=\"aligncenter\"><img loading=\"lazy\" decoding=\"async\" width=\"626\" height=\"449\" src=\"https:\/\/niipit.dk\/vores-dyr-bibliotek\/wp-content\/uploads\/sites\/273\/2019\/10\/hest-stress-frygt-smerter-ansigt-1.jpg\" alt=\"smerter eller frygt\" class=\"wp-image-6360\" srcset=\"https:\/\/niipit.dk\/vores-dyr-bibliotek\/wp-content\/uploads\/sites\/273\/2019\/10\/hest-stress-frygt-smerter-ansigt-1.jpg 626w, https:\/\/niipit.dk\/vores-dyr-bibliotek\/wp-content\/uploads\/sites\/273\/2019\/10\/hest-stress-frygt-smerter-ansigt-1-300x215.jpg 300w, https:\/\/niipit.dk\/vores-dyr-bibliotek\/wp-content\/uploads\/sites\/273\/2019\/10\/hest-stress-frygt-smerter-ansigt-1-600x430.jpg 600w\" sizes=\"auto, (max-width: 626px) 100vw, 626px\" \/><figcaption>Denne hest har smerter eller frygter noget. Den har opm\u00e6rksomheden bagud, m\u00e5ske passer sadlen den ikke eller den har rygsmerter. Hvis noget udefra kommende skr\u00e6mte hesten ville den have pr\u00f8vet at flytte sig v\u00e6k. <\/figcaption><\/figure><\/div>\n\n\n\n<h3 class=\"wp-block-heading\">Se altid p\u00e5 hestens udtryk<\/h3>\n\n\n\n<p>Is\u00e6r i din daglige omgang med og tr\u00e6ning af din hest kan du se p\u00e5 din hest, hvordan den har det.<\/p>\n\n\n\n<p>Men ogs\u00e5 n\u00e5r du skal k\u00f8be hest, kan du f\u00e5 stort udbytte af at vurdere hestens udtryk.<\/p>\n\n\n\n<p>En korrekt vurdering af hestens udtryk kan hj\u00e6lpe dig til at forudse, hvad hesten vil g\u00f8re lige om lidt, og det kan fort\u00e6lle dig om hesten er veltilpas, bange eller har smerter. <\/p>\n\n\n\n<p>Hvis hesten fx. hele tiden ser sur ud, s\u00e5 kan det v\u00e6re, at den har smerter. <\/p>\n\n\n\n<p>Vil du vide mere om at k\u00f8be den rette hest? <\/p>\n\n\n\n<div class=\"wp-block-button\"><a class=\"wp-block-button__link has-text-color has-very-dark-gray-color has-background has-vivid-green-cyan-background-color\" href=\"https:\/\/niipit.dk\/vores-dyr-bibliotek\/heste-til-salg-kobsguide\/\">K\u00f8b den rette hest<\/a><\/div>\n\n\n\n<p>Artiklen er skrevet af g\u00e6steblogger Tina MJ fra <a href=\"https:\/\/www.hesteforstand.dk\">Hesteforstand<\/a><\/p>\n","protected":false},"excerpt":{"rendered":"<p>Hest med mange ansigter Heste kommunikerer meget med deres ansigtsudtryk En hest har mange ansigtsudtryk. Udtrykkene siger alt om, hvordan hesten har det . Heste kommunikerer ikke bare med ansigtet, men med hele kroppen. Du skal altid fortolke hestens mimik i en kontekst &#8211; alts\u00e5 i forhold til, hvad der i \u00f8vrigt sker. Hvis du <a class=\"moretag btn btn-primary\" href=\"https:\/\/niipit.dk\/vores-dyr-bibliotek\/hest-ansigt\/\">L\u00e6s mere<\/a><\/p>\n","protected":false},"author":1060,"featured_media":6132,"parent":0,"menu_order":0,"comment_status":"closed","ping_status":"closed","template":"","meta":{"_exactmetrics_skip_tracking":false,"_exactmetrics_sitenote_active":false,"_exactmetrics_sitenote_note":"","_exactmetrics_sitenote_category":0,"_monsterinsights_skip_tracking":false,"_monsterinsights_sitenote_active":false,"_monsterinsights_sitenote_note":"","_monsterinsights_sitenote_category":0,"footnotes":""},"class_list":["post-6109","page","type-page","status-publish","has-post-thumbnail","hentry"],"yoast_head":"<!-- This site is optimized with the Yoast SEO plugin v27.2 - https:\/\/yoast.com\/product\/yoast-seo-wordpress\/ -->\n<title>Hest med mange ansigter Vores dyr galleri hest niipit<\/title>\n<meta name=\"description\" content=\"Hest med mange ansigter. Heste kommunikerer meget med deres ansigt. L\u00e6r at forst\u00e5 din hest ved at se p\u00e5 dens ansigtsudtryk\" \/>\n<meta name=\"robots\" content=\"index, follow, max-snippet:-1, max-image-preview:large, max-video-preview:-1\" \/>\n<link rel=\"canonical\" href=\"https:\/\/niipit.dk\/vores-dyr-bibliotek\/hest-ansigt\/\" \/>\n<meta property=\"og:locale\" content=\"da_DK\" \/>\n<meta property=\"og:type\" content=\"article\" \/>\n<meta property=\"og:title\" content=\"Hest med mange ansigter Vores dyr galleri hest niipit\" \/>\n<meta property=\"og:description\" content=\"Hest med mange ansigter. Heste kommunikerer meget med deres ansigt. L\u00e6r at forst\u00e5 din hest ved at se p\u00e5 dens ansigtsudtryk\" \/>\n<meta property=\"og:url\" content=\"https:\/\/niipit.dk\/vores-dyr-bibliotek\/hest-ansigt\/\" \/>\n<meta property=\"og:site_name\" content=\"Vores Dyr Bibliotek\" \/>\n<meta property=\"article:modified_time\" content=\"2019-10-25T07:38:23+00:00\" \/>\n<meta property=\"og:image\" content=\"https:\/\/niipit.dk\/vores-dyr-bibliotek\/wp-content\/uploads\/sites\/273\/2019\/10\/horse-walking_72229-42.jpg\" \/>\n\t<meta property=\"og:image:width\" content=\"626\" \/>\n\t<meta property=\"og:image:height\" content=\"500\" \/>\n\t<meta property=\"og:image:type\" content=\"image\/jpeg\" \/>\n<meta name=\"twitter:card\" content=\"summary_large_image\" \/>\n<meta name=\"twitter:label1\" content=\"Estimeret l\u00e6setid\" \/>\n\t<meta name=\"twitter:data1\" content=\"3 minutter\" \/>\n<script type=\"application\/ld+json\" class=\"yoast-schema-graph\">{\"@context\":\"https:\/\/schema.org\",\"@graph\":[{\"@type\":\"WebPage\",\"@id\":\"https:\/\/niipit.dk\/vores-dyr-bibliotek\/hest-ansigt\/\",\"url\":\"https:\/\/niipit.dk\/vores-dyr-bibliotek\/hest-ansigt\/\",\"name\":\"Hest med mange ansigter Vores dyr galleri hest niipit\",\"isPartOf\":{\"@id\":\"https:\/\/niipit.dk\/vores-dyr-bibliotek\/#website\"},\"primaryImageOfPage\":{\"@id\":\"https:\/\/niipit.dk\/vores-dyr-bibliotek\/hest-ansigt\/#primaryimage\"},\"image\":{\"@id\":\"https:\/\/niipit.dk\/vores-dyr-bibliotek\/hest-ansigt\/#primaryimage\"},\"thumbnailUrl\":\"https:\/\/niipit.dk\/vores-dyr-bibliotek\/wp-content\/uploads\/sites\/273\/2019\/10\/horse-walking_72229-42.jpg\",\"datePublished\":\"2019-10-03T05:30:15+00:00\",\"dateModified\":\"2019-10-25T07:38:23+00:00\",\"description\":\"Hest med mange ansigter. Heste kommunikerer meget med deres ansigt. L\u00e6r at forst\u00e5 din hest ved at se p\u00e5 dens ansigtsudtryk\",\"breadcrumb\":{\"@id\":\"https:\/\/niipit.dk\/vores-dyr-bibliotek\/hest-ansigt\/#breadcrumb\"},\"inLanguage\":\"da-DK\",\"potentialAction\":[{\"@type\":\"ReadAction\",\"target\":[\"https:\/\/niipit.dk\/vores-dyr-bibliotek\/hest-ansigt\/\"]}]},{\"@type\":\"ImageObject\",\"inLanguage\":\"da-DK\",\"@id\":\"https:\/\/niipit.dk\/vores-dyr-bibliotek\/hest-ansigt\/#primaryimage\",\"url\":\"https:\/\/niipit.dk\/vores-dyr-bibliotek\/wp-content\/uploads\/sites\/273\/2019\/10\/horse-walking_72229-42.jpg\",\"contentUrl\":\"https:\/\/niipit.dk\/vores-dyr-bibliotek\/wp-content\/uploads\/sites\/273\/2019\/10\/horse-walking_72229-42.jpg\",\"width\":626,\"height\":500,\"caption\":\"N\u00e5r hesten stivner og stirrer stift ud i luften som denne, s\u00e5 vurderer den en fare. I n\u00e6ste \u00f8jeblik kan den vende om og flygte eller den kan forts\u00e6tte med at gr\u00e6sse.\"},{\"@type\":\"BreadcrumbList\",\"@id\":\"https:\/\/niipit.dk\/vores-dyr-bibliotek\/hest-ansigt\/#breadcrumb\",\"itemListElement\":[{\"@type\":\"ListItem\",\"position\":1,\"name\":\"Hjem\",\"item\":\"https:\/\/niipit.dk\/vores-dyr-bibliotek\/\"},{\"@type\":\"ListItem\",\"position\":2,\"name\":\"Heste Galleri\"}]},{\"@type\":\"WebSite\",\"@id\":\"https:\/\/niipit.dk\/vores-dyr-bibliotek\/#website\",\"url\":\"https:\/\/niipit.dk\/vores-dyr-bibliotek\/\",\"name\":\"Vores Dyr Bibliotek\",\"description\":\"Masser af viden om dyr\",\"potentialAction\":[{\"@type\":\"SearchAction\",\"target\":{\"@type\":\"EntryPoint\",\"urlTemplate\":\"https:\/\/niipit.dk\/vores-dyr-bibliotek\/?s={search_term_string}\"},\"query-input\":{\"@type\":\"PropertyValueSpecification\",\"valueRequired\":true,\"valueName\":\"search_term_string\"}}],\"inLanguage\":\"da-DK\"}]}<\/script>\n<!-- \/ Yoast SEO plugin. -->","yoast_head_json":{"title":"Hest med mange ansigter Vores dyr galleri hest niipit","description":"Hest med mange ansigter. Heste kommunikerer meget med deres ansigt. L\u00e6r at forst\u00e5 din hest ved at se p\u00e5 dens ansigtsudtryk","robots":{"index":"index","follow":"follow","max-snippet":"max-snippet:-1","max-image-preview":"max-image-preview:large","max-video-preview":"max-video-preview:-1"},"canonical":"https:\/\/niipit.dk\/vores-dyr-bibliotek\/hest-ansigt\/","og_locale":"da_DK","og_type":"article","og_title":"Hest med mange ansigter Vores dyr galleri hest niipit","og_description":"Hest med mange ansigter. Heste kommunikerer meget med deres ansigt. L\u00e6r at forst\u00e5 din hest ved at se p\u00e5 dens ansigtsudtryk","og_url":"https:\/\/niipit.dk\/vores-dyr-bibliotek\/hest-ansigt\/","og_site_name":"Vores Dyr Bibliotek","article_modified_time":"2019-10-25T07:38:23+00:00","og_image":[{"width":626,"height":500,"url":"https:\/\/niipit.dk\/vores-dyr-bibliotek\/wp-content\/uploads\/sites\/273\/2019\/10\/horse-walking_72229-42.jpg","type":"image\/jpeg"}],"twitter_card":"summary_large_image","twitter_misc":{"Estimeret l\u00e6setid":"3 minutter"},"schema":{"@context":"https:\/\/schema.org","@graph":[{"@type":"WebPage","@id":"https:\/\/niipit.dk\/vores-dyr-bibliotek\/hest-ansigt\/","url":"https:\/\/niipit.dk\/vores-dyr-bibliotek\/hest-ansigt\/","name":"Hest med mange ansigter Vores dyr galleri hest niipit","isPartOf":{"@id":"https:\/\/niipit.dk\/vores-dyr-bibliotek\/#website"},"primaryImageOfPage":{"@id":"https:\/\/niipit.dk\/vores-dyr-bibliotek\/hest-ansigt\/#primaryimage"},"image":{"@id":"https:\/\/niipit.dk\/vores-dyr-bibliotek\/hest-ansigt\/#primaryimage"},"thumbnailUrl":"https:\/\/niipit.dk\/vores-dyr-bibliotek\/wp-content\/uploads\/sites\/273\/2019\/10\/horse-walking_72229-42.jpg","datePublished":"2019-10-03T05:30:15+00:00","dateModified":"2019-10-25T07:38:23+00:00","description":"Hest med mange ansigter. Heste kommunikerer meget med deres ansigt. L\u00e6r at forst\u00e5 din hest ved at se p\u00e5 dens ansigtsudtryk","breadcrumb":{"@id":"https:\/\/niipit.dk\/vores-dyr-bibliotek\/hest-ansigt\/#breadcrumb"},"inLanguage":"da-DK","potentialAction":[{"@type":"ReadAction","target":["https:\/\/niipit.dk\/vores-dyr-bibliotek\/hest-ansigt\/"]}]},{"@type":"ImageObject","inLanguage":"da-DK","@id":"https:\/\/niipit.dk\/vores-dyr-bibliotek\/hest-ansigt\/#primaryimage","url":"https:\/\/niipit.dk\/vores-dyr-bibliotek\/wp-content\/uploads\/sites\/273\/2019\/10\/horse-walking_72229-42.jpg","contentUrl":"https:\/\/niipit.dk\/vores-dyr-bibliotek\/wp-content\/uploads\/sites\/273\/2019\/10\/horse-walking_72229-42.jpg","width":626,"height":500,"caption":"N\u00e5r hesten stivner og stirrer stift ud i luften som denne, s\u00e5 vurderer den en fare. I n\u00e6ste \u00f8jeblik kan den vende om og flygte eller den kan forts\u00e6tte med at gr\u00e6sse."},{"@type":"BreadcrumbList","@id":"https:\/\/niipit.dk\/vores-dyr-bibliotek\/hest-ansigt\/#breadcrumb","itemListElement":[{"@type":"ListItem","position":1,"name":"Hjem","item":"https:\/\/niipit.dk\/vores-dyr-bibliotek\/"},{"@type":"ListItem","position":2,"name":"Heste Galleri"}]},{"@type":"WebSite","@id":"https:\/\/niipit.dk\/vores-dyr-bibliotek\/#website","url":"https:\/\/niipit.dk\/vores-dyr-bibliotek\/","name":"Vores Dyr Bibliotek","description":"Masser af viden om dyr","potentialAction":[{"@type":"SearchAction","target":{"@type":"EntryPoint","urlTemplate":"https:\/\/niipit.dk\/vores-dyr-bibliotek\/?s={search_term_string}"},"query-input":{"@type":"PropertyValueSpecification","valueRequired":true,"valueName":"search_term_string"}}],"inLanguage":"da-DK"}]}},"_links":{"self":[{"href":"https:\/\/niipit.dk\/vores-dyr-bibliotek\/wp-json\/wp\/v2\/pages\/6109","targetHints":{"allow":["GET"]}}],"collection":[{"href":"https:\/\/niipit.dk\/vores-dyr-bibliotek\/wp-json\/wp\/v2\/pages"}],"about":[{"href":"https:\/\/niipit.dk\/vores-dyr-bibliotek\/wp-json\/wp\/v2\/types\/page"}],"author":[{"embeddable":true,"href":"https:\/\/niipit.dk\/vores-dyr-bibliotek\/wp-json\/wp\/v2\/users\/1060"}],"replies":[{"embeddable":true,"href":"https:\/\/niipit.dk\/vores-dyr-bibliotek\/wp-json\/wp\/v2\/comments?post=6109"}],"version-history":[{"count":0,"href":"https:\/\/niipit.dk\/vores-dyr-bibliotek\/wp-json\/wp\/v2\/pages\/6109\/revisions"}],"wp:featuredmedia":[{"embeddable":true,"href":"https:\/\/niipit.dk\/vores-dyr-bibliotek\/wp-json\/wp\/v2\/media\/6132"}],"wp:attachment":[{"href":"https:\/\/niipit.dk\/vores-dyr-bibliotek\/wp-json\/wp\/v2\/media?parent=6109"}],"curies":[{"name":"wp","href":"https:\/\/api.w.org\/{rel}","templated":true}]}}