{"id":5689,"date":"2019-08-02T15:37:49","date_gmt":"2019-08-02T13:37:49","guid":{"rendered":"https:\/\/niipit.dk\/vores-dyr-bibliotek\/?page_id=5689"},"modified":"2021-04-10T08:37:13","modified_gmt":"2021-04-10T06:37:13","slug":"hunde-video","status":"publish","type":"page","link":"https:\/\/niipit.dk\/vores-dyr-bibliotek\/hunde-video\/","title":{"rendered":"Hunde Video"},"content":{"rendered":"\n<figure class=\"wp-block-embed aligncenter is-type-video is-provider-youtube wp-block-embed-youtube wp-embed-aspect-16-9 wp-has-aspect-ratio\"><div class=\"wp-block-embed__wrapper\">\n<iframe loading=\"lazy\" title=\"Klar til hund?\" width=\"1170\" height=\"658\" src=\"https:\/\/www.youtube.com\/embed\/OniLeHCcH5w?feature=oembed\" frameborder=\"0\" allow=\"accelerometer; autoplay; clipboard-write; encrypted-media; gyroscope; picture-in-picture\" allowfullscreen><\/iframe>\n<\/div><\/figure>\n\n\n\n<figure class=\"wp-block-embed aligncenter is-type-video is-provider-youtube wp-block-embed-youtube wp-embed-aspect-16-9 wp-has-aspect-ratio\"><div class=\"wp-block-embed__wrapper\">\n<iframe loading=\"lazy\" title=\"F\u00e5 svar p\u00e5 F\u00f8devarestyrelsen.dk - Rejse med k\u00e6ledyr\" width=\"1170\" height=\"658\" src=\"https:\/\/www.youtube.com\/embed\/JEy-HWG90K8?feature=oembed\" frameborder=\"0\" allow=\"accelerometer; autoplay; clipboard-write; encrypted-media; gyroscope; picture-in-picture\" allowfullscreen><\/iframe>\n<\/div><\/figure>\n\n\n\n<figure class=\"wp-block-embed aligncenter is-type-video is-provider-youtube wp-block-embed-youtube wp-embed-aspect-16-9 wp-has-aspect-ratio\"><div class=\"wp-block-embed__wrapper\">\n<iframe loading=\"lazy\" title=\"S\u00e5dan laver du besidderskifte p\u00e5 din hund\" width=\"1170\" height=\"658\" src=\"https:\/\/www.youtube.com\/embed\/D4bDwPXc26c?feature=oembed\" frameborder=\"0\" allow=\"accelerometer; autoplay; clipboard-write; encrypted-media; gyroscope; picture-in-picture\" allowfullscreen><\/iframe>\n<\/div><\/figure>\n\n\n\n<figure class=\"wp-block-embed aligncenter is-type-video is-provider-youtube wp-block-embed-youtube wp-embed-aspect-16-9 wp-has-aspect-ratio\"><div class=\"wp-block-embed__wrapper\">\n<iframe loading=\"lazy\" title=\"Husk at ejerskifte din hund\" width=\"1170\" height=\"658\" src=\"https:\/\/www.youtube.com\/embed\/dPeJizXhSWI?feature=oembed\" frameborder=\"0\" allow=\"accelerometer; autoplay; clipboard-write; encrypted-media; gyroscope; picture-in-picture\" allowfullscreen><\/iframe>\n<\/div><\/figure>\n\n\n\n<figure class=\"wp-block-embed aligncenter is-type-video is-provider-youtube wp-block-embed-youtube wp-embed-aspect-16-9 wp-has-aspect-ratio\"><div class=\"wp-block-embed__wrapper\">\n<iframe loading=\"lazy\" title=\"Nu flytter hunden automatisk med\" width=\"1170\" height=\"658\" src=\"https:\/\/www.youtube.com\/embed\/wLyZKrAN9w0?feature=oembed\" frameborder=\"0\" allow=\"accelerometer; autoplay; clipboard-write; encrypted-media; gyroscope; picture-in-picture\" allowfullscreen><\/iframe>\n<\/div><\/figure>\n","protected":false},"excerpt":{"rendered":"","protected":false},"author":34,"featured_media":0,"parent":0,"menu_order":0,"comment_status":"closed","ping_status":"closed","template":"","meta":{"_exactmetrics_skip_tracking":false,"_exactmetrics_sitenote_active":false,"_exactmetrics_sitenote_note":"","_exactmetrics_sitenote_category":0,"_monsterinsights_skip_tracking":false,"_monsterinsights_sitenote_active":false,"_monsterinsights_sitenote_note":"","_monsterinsights_sitenote_category":0,"footnotes":""},"class_list":["post-5689","page","type-page","status-publish","hentry"],"yoast_head":"<!-- This site is optimized with the Yoast SEO plugin v27.2 - https:\/\/yoast.com\/product\/yoast-seo-wordpress\/ -->\n<title>Hunde Video fra Vores Dyr Bibliotek er fyldt med sjov<\/title>\n<meta name=\"description\" content=\"Hunde Video fra Vores Dyr Bibliotek viser masser af sjove \u00f8jeblikke med hund og hvalpe. Se ogs\u00e5 hvordan du skal forholde dig n\u00e5r din hund skal med p\u00e5 ferie\" \/>\n<meta name=\"robots\" content=\"index, follow, max-snippet:-1, max-image-preview:large, max-video-preview:-1\" \/>\n<link rel=\"canonical\" href=\"https:\/\/niipit.dk\/vores-dyr-bibliotek\/hunde-video\/\" \/>\n<meta property=\"og:locale\" content=\"da_DK\" \/>\n<meta property=\"og:type\" content=\"article\" \/>\n<meta property=\"og:title\" content=\"Hunde Video fra Vores Dyr Bibliotek er fyldt med sjov\" \/>\n<meta property=\"og:description\" content=\"Hunde Video fra Vores Dyr Bibliotek viser masser af sjove \u00f8jeblikke med hund og hvalpe. Se ogs\u00e5 hvordan du skal forholde dig n\u00e5r din hund skal med p\u00e5 ferie\" \/>\n<meta property=\"og:url\" content=\"https:\/\/niipit.dk\/vores-dyr-bibliotek\/hunde-video\/\" \/>\n<meta property=\"og:site_name\" content=\"Vores Dyr Bibliotek\" \/>\n<meta property=\"article:modified_time\" content=\"2021-04-10T06:37:13+00:00\" \/>\n<meta name=\"twitter:card\" content=\"summary_large_image\" \/>\n<meta name=\"twitter:label1\" content=\"Estimeret l\u00e6setid\" \/>\n\t<meta name=\"twitter:data1\" content=\"1 minut\" \/>\n<script type=\"application\/ld+json\" class=\"yoast-schema-graph\">{\"@context\":\"https:\/\/schema.org\",\"@graph\":[{\"@type\":\"WebPage\",\"@id\":\"https:\/\/niipit.dk\/vores-dyr-bibliotek\/hunde-video\/\",\"url\":\"https:\/\/niipit.dk\/vores-dyr-bibliotek\/hunde-video\/\",\"name\":\"Hunde Video fra Vores Dyr Bibliotek er fyldt med sjov\",\"isPartOf\":{\"@id\":\"https:\/\/niipit.dk\/vores-dyr-bibliotek\/#website\"},\"datePublished\":\"2019-08-02T13:37:49+00:00\",\"dateModified\":\"2021-04-10T06:37:13+00:00\",\"description\":\"Hunde Video fra Vores Dyr Bibliotek viser masser af sjove \u00f8jeblikke med hund og hvalpe. Se ogs\u00e5 hvordan du skal forholde dig n\u00e5r din hund skal med p\u00e5 ferie\",\"breadcrumb\":{\"@id\":\"https:\/\/niipit.dk\/vores-dyr-bibliotek\/hunde-video\/#breadcrumb\"},\"inLanguage\":\"da-DK\",\"potentialAction\":[{\"@type\":\"ReadAction\",\"target\":[\"https:\/\/niipit.dk\/vores-dyr-bibliotek\/hunde-video\/\"]}]},{\"@type\":\"BreadcrumbList\",\"@id\":\"https:\/\/niipit.dk\/vores-dyr-bibliotek\/hunde-video\/#breadcrumb\",\"itemListElement\":[{\"@type\":\"ListItem\",\"position\":1,\"name\":\"Hjem\",\"item\":\"https:\/\/niipit.dk\/vores-dyr-bibliotek\/\"},{\"@type\":\"ListItem\",\"position\":2,\"name\":\"Hunde Video\"}]},{\"@type\":\"WebSite\",\"@id\":\"https:\/\/niipit.dk\/vores-dyr-bibliotek\/#website\",\"url\":\"https:\/\/niipit.dk\/vores-dyr-bibliotek\/\",\"name\":\"Vores Dyr Bibliotek\",\"description\":\"Masser af viden om dyr\",\"potentialAction\":[{\"@type\":\"SearchAction\",\"target\":{\"@type\":\"EntryPoint\",\"urlTemplate\":\"https:\/\/niipit.dk\/vores-dyr-bibliotek\/?s={search_term_string}\"},\"query-input\":{\"@type\":\"PropertyValueSpecification\",\"valueRequired\":true,\"valueName\":\"search_term_string\"}}],\"inLanguage\":\"da-DK\"}]}<\/script>\n<!-- \/ Yoast SEO plugin. -->","yoast_head_json":{"title":"Hunde Video fra Vores Dyr Bibliotek er fyldt med sjov","description":"Hunde Video fra Vores Dyr Bibliotek viser masser af sjove \u00f8jeblikke med hund og hvalpe. Se ogs\u00e5 hvordan du skal forholde dig n\u00e5r din hund skal med p\u00e5 ferie","robots":{"index":"index","follow":"follow","max-snippet":"max-snippet:-1","max-image-preview":"max-image-preview:large","max-video-preview":"max-video-preview:-1"},"canonical":"https:\/\/niipit.dk\/vores-dyr-bibliotek\/hunde-video\/","og_locale":"da_DK","og_type":"article","og_title":"Hunde Video fra Vores Dyr Bibliotek er fyldt med sjov","og_description":"Hunde Video fra Vores Dyr Bibliotek viser masser af sjove \u00f8jeblikke med hund og hvalpe. Se ogs\u00e5 hvordan du skal forholde dig n\u00e5r din hund skal med p\u00e5 ferie","og_url":"https:\/\/niipit.dk\/vores-dyr-bibliotek\/hunde-video\/","og_site_name":"Vores Dyr Bibliotek","article_modified_time":"2021-04-10T06:37:13+00:00","twitter_card":"summary_large_image","twitter_misc":{"Estimeret l\u00e6setid":"1 minut"},"schema":{"@context":"https:\/\/schema.org","@graph":[{"@type":"WebPage","@id":"https:\/\/niipit.dk\/vores-dyr-bibliotek\/hunde-video\/","url":"https:\/\/niipit.dk\/vores-dyr-bibliotek\/hunde-video\/","name":"Hunde Video fra Vores Dyr Bibliotek er fyldt med sjov","isPartOf":{"@id":"https:\/\/niipit.dk\/vores-dyr-bibliotek\/#website"},"datePublished":"2019-08-02T13:37:49+00:00","dateModified":"2021-04-10T06:37:13+00:00","description":"Hunde Video fra Vores Dyr Bibliotek viser masser af sjove \u00f8jeblikke med hund og hvalpe. Se ogs\u00e5 hvordan du skal forholde dig n\u00e5r din hund skal med p\u00e5 ferie","breadcrumb":{"@id":"https:\/\/niipit.dk\/vores-dyr-bibliotek\/hunde-video\/#breadcrumb"},"inLanguage":"da-DK","potentialAction":[{"@type":"ReadAction","target":["https:\/\/niipit.dk\/vores-dyr-bibliotek\/hunde-video\/"]}]},{"@type":"BreadcrumbList","@id":"https:\/\/niipit.dk\/vores-dyr-bibliotek\/hunde-video\/#breadcrumb","itemListElement":[{"@type":"ListItem","position":1,"name":"Hjem","item":"https:\/\/niipit.dk\/vores-dyr-bibliotek\/"},{"@type":"ListItem","position":2,"name":"Hunde Video"}]},{"@type":"WebSite","@id":"https:\/\/niipit.dk\/vores-dyr-bibliotek\/#website","url":"https:\/\/niipit.dk\/vores-dyr-bibliotek\/","name":"Vores Dyr Bibliotek","description":"Masser af viden om dyr","potentialAction":[{"@type":"SearchAction","target":{"@type":"EntryPoint","urlTemplate":"https:\/\/niipit.dk\/vores-dyr-bibliotek\/?s={search_term_string}"},"query-input":{"@type":"PropertyValueSpecification","valueRequired":true,"valueName":"search_term_string"}}],"inLanguage":"da-DK"}]}},"_links":{"self":[{"href":"https:\/\/niipit.dk\/vores-dyr-bibliotek\/wp-json\/wp\/v2\/pages\/5689","targetHints":{"allow":["GET"]}}],"collection":[{"href":"https:\/\/niipit.dk\/vores-dyr-bibliotek\/wp-json\/wp\/v2\/pages"}],"about":[{"href":"https:\/\/niipit.dk\/vores-dyr-bibliotek\/wp-json\/wp\/v2\/types\/page"}],"author":[{"embeddable":true,"href":"https:\/\/niipit.dk\/vores-dyr-bibliotek\/wp-json\/wp\/v2\/users\/34"}],"replies":[{"embeddable":true,"href":"https:\/\/niipit.dk\/vores-dyr-bibliotek\/wp-json\/wp\/v2\/comments?post=5689"}],"version-history":[{"count":1,"href":"https:\/\/niipit.dk\/vores-dyr-bibliotek\/wp-json\/wp\/v2\/pages\/5689\/revisions"}],"predecessor-version":[{"id":7642,"href":"https:\/\/niipit.dk\/vores-dyr-bibliotek\/wp-json\/wp\/v2\/pages\/5689\/revisions\/7642"}],"wp:attachment":[{"href":"https:\/\/niipit.dk\/vores-dyr-bibliotek\/wp-json\/wp\/v2\/media?parent=5689"}],"curies":[{"name":"wp","href":"https:\/\/api.w.org\/{rel}","templated":true}]}}