{"id":5105,"date":"2018-08-15T22:02:47","date_gmt":"2018-08-15T20:02:47","guid":{"rendered":"https:\/\/niipit.dk\/nv2-QogM\/?page_id=5105"},"modified":"2020-03-23T19:38:44","modified_gmt":"2020-03-23T18:38:44","slug":"om","status":"publish","type":"page","link":"https:\/\/niipit.dk\/vores-dyr-bibliotek\/om\/","title":{"rendered":"Om Vores Dyrs Bibliotek"},"content":{"rendered":"<div class=\"thrv_wrapper thrv_heading\" data-tag=\"h1\" data-css=\"tve-u-163a601a1f4\">\n<h2 style=\"text-align: center;\" data-css=\"tve-u-163a60192ea\">Biblioteket drives af frivillige.<\/h2>\n<p style=\"text-align: center;\">Det er som udgangspunkt Niipit der st\u00e5r bag men det er frivillige som l\u00e6gger tekster, billeder og videoer online<\/p>\n<p style=\"text-align: center;\">Hvis du har noget viden du syntes der skal online i biblioteket s\u00e5 er du meget velkommen til at skrive til os p\u00e5 support@niipit.dk Att Vores Dyr bliotek.<\/p>\n<p style=\"text-align: center;\">Vi h\u00e5ber du kan bruge biblioteket til at finde informationer om det du mangler.<\/p>\n<\/div>\n<div class=\"thrv_wrapper thrv_text_element tve_empty_dropzone\" data-css=\"tve-u-163a60acbcb\">\n<div class=\"thrv_wrapper thrv_text_element tve_empty_dropzone\" data-css=\"tve-u-163a3bcdd15\">\n<p data-css=\"tve-u-163a3bcdd13\">\n<\/div>\n<\/div>\n","protected":false},"excerpt":{"rendered":"<p>Biblioteket drives af frivillige. Det er som udgangspunkt Niipit der st\u00e5r bag men det er frivillige som l\u00e6gger tekster, billeder og videoer online Hvis du har noget viden du syntes der skal online i biblioteket s\u00e5 er du meget velkommen til at skrive til os p\u00e5 support@niipit.dk Att Vores Dyr bliotek. Vi h\u00e5ber du kan <a class=\"moretag btn btn-primary\" href=\"https:\/\/niipit.dk\/vores-dyr-bibliotek\/om\/\">L\u00e6s mere<\/a><\/p>\n","protected":false},"author":34,"featured_media":0,"parent":0,"menu_order":0,"comment_status":"closed","ping_status":"closed","template":"","meta":{"_exactmetrics_skip_tracking":false,"_exactmetrics_sitenote_active":false,"_exactmetrics_sitenote_note":"","_exactmetrics_sitenote_category":0,"_monsterinsights_skip_tracking":false,"_monsterinsights_sitenote_active":false,"_monsterinsights_sitenote_note":"","_monsterinsights_sitenote_category":0,"footnotes":""},"class_list":["post-5105","page","type-page","status-publish","hentry"],"yoast_head":"<!-- This site is optimized with the Yoast SEO plugin v27.2 - https:\/\/yoast.com\/product\/yoast-seo-wordpress\/ -->\n<title>Om Vores Dyrs Bibliotek - Vores Dyr Bibliotek<\/title>\n<meta name=\"robots\" content=\"index, follow, max-snippet:-1, max-image-preview:large, max-video-preview:-1\" \/>\n<link rel=\"canonical\" href=\"https:\/\/niipit.dk\/vores-dyr-bibliotek\/om\/\" \/>\n<meta property=\"og:locale\" content=\"da_DK\" \/>\n<meta property=\"og:type\" content=\"article\" \/>\n<meta property=\"og:title\" content=\"Om Vores Dyrs Bibliotek - Vores Dyr Bibliotek\" \/>\n<meta property=\"og:description\" content=\"Biblioteket drives af frivillige. Det er som udgangspunkt Niipit der st\u00e5r bag men det er frivillige som l\u00e6gger tekster, billeder og videoer online Hvis du har noget viden du syntes der skal online i biblioteket s\u00e5 er du meget velkommen til at skrive til os p\u00e5 support@niipit.dk Att Vores Dyr bliotek. Vi h\u00e5ber du kan L\u00e6s mere\" \/>\n<meta property=\"og:url\" content=\"https:\/\/niipit.dk\/vores-dyr-bibliotek\/om\/\" \/>\n<meta property=\"og:site_name\" content=\"Vores Dyr Bibliotek\" \/>\n<meta property=\"article:modified_time\" content=\"2020-03-23T18:38:44+00:00\" \/>\n<meta name=\"twitter:card\" content=\"summary_large_image\" \/>\n<script type=\"application\/ld+json\" class=\"yoast-schema-graph\">{\"@context\":\"https:\/\/schema.org\",\"@graph\":[{\"@type\":\"WebPage\",\"@id\":\"https:\/\/niipit.dk\/vores-dyr-bibliotek\/om\/\",\"url\":\"https:\/\/niipit.dk\/vores-dyr-bibliotek\/om\/\",\"name\":\"Om Vores Dyrs Bibliotek - Vores Dyr Bibliotek\",\"isPartOf\":{\"@id\":\"https:\/\/niipit.dk\/vores-dyr-bibliotek\/#website\"},\"datePublished\":\"2018-08-15T20:02:47+00:00\",\"dateModified\":\"2020-03-23T18:38:44+00:00\",\"breadcrumb\":{\"@id\":\"https:\/\/niipit.dk\/vores-dyr-bibliotek\/om\/#breadcrumb\"},\"inLanguage\":\"da-DK\",\"potentialAction\":[{\"@type\":\"ReadAction\",\"target\":[\"https:\/\/niipit.dk\/vores-dyr-bibliotek\/om\/\"]}]},{\"@type\":\"BreadcrumbList\",\"@id\":\"https:\/\/niipit.dk\/vores-dyr-bibliotek\/om\/#breadcrumb\",\"itemListElement\":[{\"@type\":\"ListItem\",\"position\":1,\"name\":\"Hjem\",\"item\":\"https:\/\/niipit.dk\/vores-dyr-bibliotek\/\"},{\"@type\":\"ListItem\",\"position\":2,\"name\":\"Om Vores Dyrs Bibliotek\"}]},{\"@type\":\"WebSite\",\"@id\":\"https:\/\/niipit.dk\/vores-dyr-bibliotek\/#website\",\"url\":\"https:\/\/niipit.dk\/vores-dyr-bibliotek\/\",\"name\":\"Vores Dyr Bibliotek\",\"description\":\"Masser af viden om dyr\",\"potentialAction\":[{\"@type\":\"SearchAction\",\"target\":{\"@type\":\"EntryPoint\",\"urlTemplate\":\"https:\/\/niipit.dk\/vores-dyr-bibliotek\/?s={search_term_string}\"},\"query-input\":{\"@type\":\"PropertyValueSpecification\",\"valueRequired\":true,\"valueName\":\"search_term_string\"}}],\"inLanguage\":\"da-DK\"}]}<\/script>\n<!-- \/ Yoast SEO plugin. -->","yoast_head_json":{"title":"Om Vores Dyrs Bibliotek - Vores Dyr Bibliotek","robots":{"index":"index","follow":"follow","max-snippet":"max-snippet:-1","max-image-preview":"max-image-preview:large","max-video-preview":"max-video-preview:-1"},"canonical":"https:\/\/niipit.dk\/vores-dyr-bibliotek\/om\/","og_locale":"da_DK","og_type":"article","og_title":"Om Vores Dyrs Bibliotek - Vores Dyr Bibliotek","og_description":"Biblioteket drives af frivillige. Det er som udgangspunkt Niipit der st\u00e5r bag men det er frivillige som l\u00e6gger tekster, billeder og videoer online Hvis du har noget viden du syntes der skal online i biblioteket s\u00e5 er du meget velkommen til at skrive til os p\u00e5 support@niipit.dk Att Vores Dyr bliotek. Vi h\u00e5ber du kan L\u00e6s mere","og_url":"https:\/\/niipit.dk\/vores-dyr-bibliotek\/om\/","og_site_name":"Vores Dyr Bibliotek","article_modified_time":"2020-03-23T18:38:44+00:00","twitter_card":"summary_large_image","schema":{"@context":"https:\/\/schema.org","@graph":[{"@type":"WebPage","@id":"https:\/\/niipit.dk\/vores-dyr-bibliotek\/om\/","url":"https:\/\/niipit.dk\/vores-dyr-bibliotek\/om\/","name":"Om Vores Dyrs Bibliotek - Vores Dyr Bibliotek","isPartOf":{"@id":"https:\/\/niipit.dk\/vores-dyr-bibliotek\/#website"},"datePublished":"2018-08-15T20:02:47+00:00","dateModified":"2020-03-23T18:38:44+00:00","breadcrumb":{"@id":"https:\/\/niipit.dk\/vores-dyr-bibliotek\/om\/#breadcrumb"},"inLanguage":"da-DK","potentialAction":[{"@type":"ReadAction","target":["https:\/\/niipit.dk\/vores-dyr-bibliotek\/om\/"]}]},{"@type":"BreadcrumbList","@id":"https:\/\/niipit.dk\/vores-dyr-bibliotek\/om\/#breadcrumb","itemListElement":[{"@type":"ListItem","position":1,"name":"Hjem","item":"https:\/\/niipit.dk\/vores-dyr-bibliotek\/"},{"@type":"ListItem","position":2,"name":"Om Vores Dyrs Bibliotek"}]},{"@type":"WebSite","@id":"https:\/\/niipit.dk\/vores-dyr-bibliotek\/#website","url":"https:\/\/niipit.dk\/vores-dyr-bibliotek\/","name":"Vores Dyr Bibliotek","description":"Masser af viden om dyr","potentialAction":[{"@type":"SearchAction","target":{"@type":"EntryPoint","urlTemplate":"https:\/\/niipit.dk\/vores-dyr-bibliotek\/?s={search_term_string}"},"query-input":{"@type":"PropertyValueSpecification","valueRequired":true,"valueName":"search_term_string"}}],"inLanguage":"da-DK"}]}},"_links":{"self":[{"href":"https:\/\/niipit.dk\/vores-dyr-bibliotek\/wp-json\/wp\/v2\/pages\/5105","targetHints":{"allow":["GET"]}}],"collection":[{"href":"https:\/\/niipit.dk\/vores-dyr-bibliotek\/wp-json\/wp\/v2\/pages"}],"about":[{"href":"https:\/\/niipit.dk\/vores-dyr-bibliotek\/wp-json\/wp\/v2\/types\/page"}],"author":[{"embeddable":true,"href":"https:\/\/niipit.dk\/vores-dyr-bibliotek\/wp-json\/wp\/v2\/users\/34"}],"replies":[{"embeddable":true,"href":"https:\/\/niipit.dk\/vores-dyr-bibliotek\/wp-json\/wp\/v2\/comments?post=5105"}],"version-history":[{"count":0,"href":"https:\/\/niipit.dk\/vores-dyr-bibliotek\/wp-json\/wp\/v2\/pages\/5105\/revisions"}],"wp:attachment":[{"href":"https:\/\/niipit.dk\/vores-dyr-bibliotek\/wp-json\/wp\/v2\/media?parent=5105"}],"curies":[{"name":"wp","href":"https:\/\/api.w.org\/{rel}","templated":true}]}}