{"id":5781,"date":"2019-08-01T16:12:42","date_gmt":"2019-08-01T14:12:42","guid":{"rendered":"https:\/\/niipit.dk\/vores-barn-bibliotek\/?page_id=5781"},"modified":"2019-09-08T17:01:31","modified_gmt":"2019-09-08T15:01:31","slug":"tv","status":"publish","type":"page","link":"https:\/\/niipit.dk\/vores-barn-bibliotek\/tv\/","title":{"rendered":"Tv"},"content":{"rendered":"\n<p style=\"text-align:left\"><em>opdateret 1 september 2019<\/em><\/p>\n\n\n\n<h2 class=\"wp-block-heading\" style=\"text-align:center\">De sj\u00e6ldne b\u00f8rn<\/h2>\n\n\n\n<p style=\"text-align:center\">Tv2\u00b4s mini serie om De sj\u00e6ldne b\u00f8rn. Dokumentar om b\u00f8rn med meget sj\u00e6ldne sygdomme.<br>Det kr\u00e6ver tv2 play for at kunne se disse afsnit<\/p>\n\n\n\n<div class=\"wp-block-button aligncenter\"><a class=\"wp-block-button__link has-text-color has-very-light-gray-color has-background has-very-dark-gray-background-color\" href=\"https:\/\/play.tv2.dk\/programmer\/dokumentar\/serier\/de-sjaeldne-danskere\/\">De sj\u00e6ldne b\u00f8rn<\/a><\/div>\n\n\n\n<hr class=\"wp-block-separator\"\/>\n\n\n\n<h2 class=\"wp-block-heading\" style=\"text-align:center\">Vold i hjemmet &#8211; set med et barns \u00f8jne<\/h2>\n\n\n\n<p style=\"text-align:center\">Britisk Dokumentar fra 2019 om vold i hjemmet og hvordan det p\u00e5virker b\u00f8rn<\/p>\n\n\n\n<div class=\"wp-block-button aligncenter\"><a class=\"wp-block-button__link has-background has-vivid-red-background-color\" href=\"https:\/\/www.dr.dk\/tv\/se\/vold-i-hjemmet-set-gennem-barnets-oejne\/behind-closed-doors-through-the-eyes-of-a-child\/vold-i-hjemmet-set-gennem-barnets-oejne\">Vold i hjemmet<\/a><\/div>\n\n\n\n<hr class=\"wp-block-separator\"\/>\n\n\n\n<h2 class=\"wp-block-heading\" style=\"text-align:center\">Barndom p\u00e5 bistand<\/h2>\n\n\n\n<p style=\"text-align:center\">Mange b\u00f8rn bliver h\u00e5rdt ramt b\u00e5de i nuet og sener i livet n\u00e5r deres barndom er pr\u00e6get af udfordringer. Her f\u00f8lger DR2 flere b\u00f8rn hvis m\u00f8dre er p\u00e5 bistand.<\/p>\n\n\n\n<div class=\"wp-block-button aligncenter\"><a class=\"wp-block-button__link\" href=\"https:\/\/www.dr.dk\/tv\/se\/barndom-pa-bistand\/barndom-pa-bistand-2\/barndom-pa-bistand-1-2\">Barndom p\u00e5 bistand s\u00e6son 1<\/a><\/div>\n\n\n\n<div class=\"wp-block-button aligncenter\"><a class=\"wp-block-button__link\" href=\"https:\/\/www.dr.dk\/tv\/se\/barndom-pa-bistand\/barndom-pa-bistand-ii\/barndom-pa-bistand-ii-1-2\">Barndom p\u00e5 bistand s\u00e6son 2<\/a><\/div>\n\n\n\n<div class=\"wp-block-button aligncenter\"><a class=\"wp-block-button__link\" href=\"https:\/\/www.dr.dk\/tv\/se\/barndom-pa-bistand\/barndom-pa-bistand-3\/barndom-pa-bistand-iii-1-2\">Barndom p\u00e5 bistand s\u00e6son 3<\/a><\/div>\n\n\n\n<div class=\"wp-block-button aligncenter\"><a class=\"wp-block-button__link\" href=\"https:\/\/www.dr.dk\/tv\/se\/barndom-pa-bistand\/barndom-pa-bistand-iv\/barndom-pa-bistand-iv-1-3\">Barndom p\u00e5 bistand s\u00e6son 4<\/a><\/div>\n\n\n\n<hr class=\"wp-block-separator\"\/>\n\n\n\n<h2 class=\"wp-block-heading\" style=\"text-align:center\">Jeg vil have et barn med mig selv<\/h2>\n\n\n\n<p style=\"text-align:center\">Irsk dokumentar om de praktiske og etiske aspekter omkring s\u00e6ddonation<\/p>\n\n\n\n<div class=\"wp-block-button aligncenter\"><a class=\"wp-block-button__link has-background has-vivid-red-background-color\" href=\"https:\/\/www.dr.dk\/tv\/se\/vogue-williams-dating-a-sugar-daddy\/vogue-williams\/vogue-williams-going-it-alone\">Jeg vil have et barn med mig selv<\/a><\/div>\n\n\n\n<hr class=\"wp-block-separator\"\/>\n\n\n\n<h2 class=\"wp-block-heading\" style=\"text-align:center\">Vores D\u00f8df\u00f8dte barn<\/h2>\n\n\n\n<p style=\"text-align:center\">Britisk dokumentar. Lille Matilda var d\u00f8d ved f\u00f8dslen<\/p>\n\n\n\n<div class=\"wp-block-button aligncenter\"><a class=\"wp-block-button__link\" href=\"https:\/\/www.dr.dk\/tv\/se\/child-of-mine\/child-of-mine-2\/vores-doedfoedte-barn\">Vores d\u00f8df\u00f8dte barn<\/a><\/div>\n\n\n\n<hr class=\"wp-block-separator\"\/>\n\n\n\n<h2 class=\"wp-block-heading\" style=\"text-align:center\">Anbragt i helvede.<\/h2>\n\n\n\n<p style=\"text-align:center\">Tv2\u00b4s mini serie om pigerne Nanna og Sapran og deres s\u00f8ster Amal der blev misbrugt gennem flere \u00e5r i plejefamilie.<br>Det kr\u00e6ver Tv2 Play for at kunne se disse afsnit.<\/p>\n\n\n\n<div class=\"wp-block-button aligncenter\"><a class=\"wp-block-button__link has-text-color has-very-light-gray-color has-background has-vivid-red-background-color\" href=\"https:\/\/play.tv2.dk\/programmer\/dokumentar\/serier\/anbragt-i-helvede\/?icid=content%7C%2Fprogrammer%2Fdokumentar%2F%7Cstructure0%7Cfilterpanel%7CDokumentar%7Centity72%7Cseries%7CAnbragt%20i%20helvede\">Anbragt i helvede<\/a><\/div>\n\n\n\n<hr class=\"wp-block-separator\"\/>\n\n\n\n<h2 class=\"wp-block-heading\" style=\"text-align:center\">Plejeb\u00f8rn i klemme<\/h2>\n\n\n\n<p style=\"text-align:center\">Tv2\u00b4s mini serie om livet som plejebarn og familie der risikerer at blive skilt mod deres vilje.<br>Det kr\u00e6ver Tv2 Play for at kunne se disse afsnit.<\/p>\n\n\n\n<div class=\"wp-block-button aligncenter\"><a class=\"wp-block-button__link has-text-color has-very-light-gray-color has-background has-very-dark-gray-background-color\" href=\"https:\/\/play.tv2.dk\/programmer\/dokumentar\/serier\/plejeboern-i-klemme\/?icid=content%7C%2Fprogrammer%2Fdokumentar%2F%7Cstructure0%7Cfilterpanel%7CDokumentar%7Centity118%7Cseries%7CPlejeb\u00f8rn%20i%20klemme\">Plejeb\u00f8rn i klemme<\/a><\/div>\n\n\n\n<hr class=\"wp-block-separator\"\/>\n\n\n\n<h2 class=\"wp-block-heading\" style=\"text-align:center\">Rugemor<\/h2>\n\n\n\n<p style=\"text-align:center\">Dokumentar om Danielle, Mikkel, Bjarke og Lars<\/p>\n\n\n\n<div class=\"wp-block-button aligncenter\"><a class=\"wp-block-button__link\" href=\"https:\/\/www.dr.dk\/tv\/se\/rugemor\/rugemor-2\/rugemor-ma-vi-lane-din-livmoder-1-3\">M\u00e5 vi l\u00e5ne din livmoder<\/a><\/div>\n\n\n\n<div class=\"wp-block-button aligncenter\"><a class=\"wp-block-button__link\" href=\"https:\/\/www.dr.dk\/tv\/se\/rugemor\/rugemor-2\/rugemor-hvad-koster-din-livmoder-2-3\">Hvad koster din livmoder<\/a><\/div>\n\n\n\n<div class=\"wp-block-button aligncenter\"><a class=\"wp-block-button__link\" href=\"https:\/\/www.dr.dk\/tv\/se\/rugemor\/rugemor-2\/rugemor-hvad-koster-din-livmoder-2-3\">Sig farvel til barnet<\/a><\/div>\n\n\n\n<hr class=\"wp-block-separator\"\/>\n\n\n\n<div class=\"wp-block-button aligncenter\"><a class=\"wp-block-button__link has-text-color has-cyan-bluish-gray-color has-background has-vivid-red-background-color\" href=\"https:\/\/niipit.dk\/vores-barn-bibliotek\/\"><strong>Se ogs\u00e5 Video eller billeder fra Vores B\u00f8rn<\/strong><\/a><\/div>\n\n\n\n<hr class=\"wp-block-separator\"\/>\n","protected":false},"excerpt":{"rendered":"<p>opdateret 1 september 2019 De sj\u00e6ldne b\u00f8rn Tv2\u00b4s mini serie om De sj\u00e6ldne b\u00f8rn. Dokumentar om b\u00f8rn med meget sj\u00e6ldne sygdomme.Det kr\u00e6ver tv2 play for at kunne se disse afsnit Vold i hjemmet &#8211; set med et barns \u00f8jne Britisk Dokumentar fra 2019 om vold i hjemmet og hvordan det p\u00e5virker b\u00f8rn Barndom p\u00e5 bistand <a class=\"moretag btn btn-primary\" href=\"https:\/\/niipit.dk\/vores-barn-bibliotek\/tv\/\">L\u00e6s mere<\/a><\/p>\n","protected":false},"author":905,"featured_media":0,"parent":0,"menu_order":0,"comment_status":"closed","ping_status":"closed","template":"","meta":{"_exactmetrics_skip_tracking":false,"_exactmetrics_sitenote_active":false,"_exactmetrics_sitenote_note":"","_exactmetrics_sitenote_category":0,"_monsterinsights_skip_tracking":false,"_monsterinsights_sitenote_active":false,"_monsterinsights_sitenote_note":"","_monsterinsights_sitenote_category":0,"footnotes":""},"class_list":["post-5781","page","type-page","status-publish","hentry"],"yoast_head":"<!-- This site is optimized with the Yoast SEO Premium plugin v16.3 (Yoast SEO v27.4) - https:\/\/yoast.com\/product\/yoast-seo-premium-wordpress\/ -->\n<title>Tv - Vores Barn Bibliotek<\/title>\n<meta name=\"robots\" content=\"index, follow, max-snippet:-1, max-image-preview:large, max-video-preview:-1\" \/>\n<link rel=\"canonical\" href=\"https:\/\/niipit.dk\/vores-barn-bibliotek\/tv\/\" \/>\n<meta property=\"og:locale\" content=\"da_DK\" \/>\n<meta property=\"og:type\" content=\"article\" \/>\n<meta property=\"og:title\" content=\"Tv - Vores Barn Bibliotek\" \/>\n<meta property=\"og:description\" content=\"opdateret 1 september 2019 De sj\u00e6ldne b\u00f8rn Tv2\u00b4s mini serie om De sj\u00e6ldne b\u00f8rn. Dokumentar om b\u00f8rn med meget sj\u00e6ldne sygdomme.Det kr\u00e6ver tv2 play for at kunne se disse afsnit Vold i hjemmet &#8211; set med et barns \u00f8jne Britisk Dokumentar fra 2019 om vold i hjemmet og hvordan det p\u00e5virker b\u00f8rn Barndom p\u00e5 bistand L\u00e6s mere\" \/>\n<meta property=\"og:url\" content=\"https:\/\/niipit.dk\/vores-barn-bibliotek\/tv\/\" \/>\n<meta property=\"og:site_name\" content=\"Vores Barn Bibliotek\" \/>\n<meta property=\"article:modified_time\" content=\"2019-09-08T15:01:31+00:00\" \/>\n<meta name=\"twitter:card\" content=\"summary_large_image\" \/>\n<meta name=\"twitter:label1\" content=\"Estimeret l\u00e6setid\" \/>\n\t<meta name=\"twitter:data1\" content=\"1 minut\" \/>\n<script type=\"application\/ld+json\" class=\"yoast-schema-graph\">{\"@context\":\"https:\\\/\\\/schema.org\",\"@graph\":[{\"@type\":\"WebPage\",\"@id\":\"https:\\\/\\\/niipit.dk\\\/vores-barn-bibliotek\\\/tv\\\/\",\"url\":\"https:\\\/\\\/niipit.dk\\\/vores-barn-bibliotek\\\/tv\\\/\",\"name\":\"Tv - Vores Barn Bibliotek\",\"isPartOf\":{\"@id\":\"https:\\\/\\\/niipit.dk\\\/vores-barn-bibliotek\\\/#website\"},\"datePublished\":\"2019-08-01T14:12:42+00:00\",\"dateModified\":\"2019-09-08T15:01:31+00:00\",\"breadcrumb\":{\"@id\":\"https:\\\/\\\/niipit.dk\\\/vores-barn-bibliotek\\\/tv\\\/#breadcrumb\"},\"inLanguage\":\"da-DK\",\"potentialAction\":[{\"@type\":\"ReadAction\",\"target\":[\"https:\\\/\\\/niipit.dk\\\/vores-barn-bibliotek\\\/tv\\\/\"]}]},{\"@type\":\"BreadcrumbList\",\"@id\":\"https:\\\/\\\/niipit.dk\\\/vores-barn-bibliotek\\\/tv\\\/#breadcrumb\",\"itemListElement\":[{\"@type\":\"ListItem\",\"position\":1,\"name\":\"Hjem\",\"item\":\"https:\\\/\\\/niipit.dk\\\/vores-barn-bibliotek\\\/\"},{\"@type\":\"ListItem\",\"position\":2,\"name\":\"Tv\"}]},{\"@type\":\"WebSite\",\"@id\":\"https:\\\/\\\/niipit.dk\\\/vores-barn-bibliotek\\\/#website\",\"url\":\"https:\\\/\\\/niipit.dk\\\/vores-barn-bibliotek\\\/\",\"name\":\"Vores Barn Bibliotek\",\"description\":\"F\u00e5 din virksomhed p\u00e5 niipit\",\"potentialAction\":[{\"@type\":\"SearchAction\",\"target\":{\"@type\":\"EntryPoint\",\"urlTemplate\":\"https:\\\/\\\/niipit.dk\\\/vores-barn-bibliotek\\\/?s={search_term_string}\"},\"query-input\":{\"@type\":\"PropertyValueSpecification\",\"valueRequired\":true,\"valueName\":\"search_term_string\"}}],\"inLanguage\":\"da-DK\"}]}<\/script>\n<!-- \/ Yoast SEO Premium plugin. -->","yoast_head_json":{"title":"Tv - Vores Barn Bibliotek","robots":{"index":"index","follow":"follow","max-snippet":"max-snippet:-1","max-image-preview":"max-image-preview:large","max-video-preview":"max-video-preview:-1"},"canonical":"https:\/\/niipit.dk\/vores-barn-bibliotek\/tv\/","og_locale":"da_DK","og_type":"article","og_title":"Tv - Vores Barn Bibliotek","og_description":"opdateret 1 september 2019 De sj\u00e6ldne b\u00f8rn Tv2\u00b4s mini serie om De sj\u00e6ldne b\u00f8rn. Dokumentar om b\u00f8rn med meget sj\u00e6ldne sygdomme.Det kr\u00e6ver tv2 play for at kunne se disse afsnit Vold i hjemmet &#8211; set med et barns \u00f8jne Britisk Dokumentar fra 2019 om vold i hjemmet og hvordan det p\u00e5virker b\u00f8rn Barndom p\u00e5 bistand L\u00e6s mere","og_url":"https:\/\/niipit.dk\/vores-barn-bibliotek\/tv\/","og_site_name":"Vores Barn Bibliotek","article_modified_time":"2019-09-08T15:01:31+00:00","twitter_card":"summary_large_image","twitter_misc":{"Estimeret l\u00e6setid":"1 minut"},"schema":{"@context":"https:\/\/schema.org","@graph":[{"@type":"WebPage","@id":"https:\/\/niipit.dk\/vores-barn-bibliotek\/tv\/","url":"https:\/\/niipit.dk\/vores-barn-bibliotek\/tv\/","name":"Tv - Vores Barn Bibliotek","isPartOf":{"@id":"https:\/\/niipit.dk\/vores-barn-bibliotek\/#website"},"datePublished":"2019-08-01T14:12:42+00:00","dateModified":"2019-09-08T15:01:31+00:00","breadcrumb":{"@id":"https:\/\/niipit.dk\/vores-barn-bibliotek\/tv\/#breadcrumb"},"inLanguage":"da-DK","potentialAction":[{"@type":"ReadAction","target":["https:\/\/niipit.dk\/vores-barn-bibliotek\/tv\/"]}]},{"@type":"BreadcrumbList","@id":"https:\/\/niipit.dk\/vores-barn-bibliotek\/tv\/#breadcrumb","itemListElement":[{"@type":"ListItem","position":1,"name":"Hjem","item":"https:\/\/niipit.dk\/vores-barn-bibliotek\/"},{"@type":"ListItem","position":2,"name":"Tv"}]},{"@type":"WebSite","@id":"https:\/\/niipit.dk\/vores-barn-bibliotek\/#website","url":"https:\/\/niipit.dk\/vores-barn-bibliotek\/","name":"Vores Barn Bibliotek","description":"F\u00e5 din virksomhed p\u00e5 niipit","potentialAction":[{"@type":"SearchAction","target":{"@type":"EntryPoint","urlTemplate":"https:\/\/niipit.dk\/vores-barn-bibliotek\/?s={search_term_string}"},"query-input":{"@type":"PropertyValueSpecification","valueRequired":true,"valueName":"search_term_string"}}],"inLanguage":"da-DK"}]}},"_links":{"self":[{"href":"https:\/\/niipit.dk\/vores-barn-bibliotek\/wp-json\/wp\/v2\/pages\/5781","targetHints":{"allow":["GET"]}}],"collection":[{"href":"https:\/\/niipit.dk\/vores-barn-bibliotek\/wp-json\/wp\/v2\/pages"}],"about":[{"href":"https:\/\/niipit.dk\/vores-barn-bibliotek\/wp-json\/wp\/v2\/types\/page"}],"author":[{"embeddable":true,"href":"https:\/\/niipit.dk\/vores-barn-bibliotek\/wp-json\/wp\/v2\/users\/905"}],"replies":[{"embeddable":true,"href":"https:\/\/niipit.dk\/vores-barn-bibliotek\/wp-json\/wp\/v2\/comments?post=5781"}],"version-history":[{"count":0,"href":"https:\/\/niipit.dk\/vores-barn-bibliotek\/wp-json\/wp\/v2\/pages\/5781\/revisions"}],"wp:attachment":[{"href":"https:\/\/niipit.dk\/vores-barn-bibliotek\/wp-json\/wp\/v2\/media?parent=5781"}],"curies":[{"name":"wp","href":"https:\/\/api.w.org\/{rel}","templated":true}]}}