{"id":5706,"date":"2019-05-13T18:07:36","date_gmt":"2019-05-13T16:07:36","guid":{"rendered":"https:\/\/niipit.dk\/virksomhedsprofil\/?page_id=5706"},"modified":"2019-10-01T19:10:26","modified_gmt":"2019-10-01T17:10:26","slug":"galleri","status":"publish","type":"page","link":"https:\/\/niipit.dk\/virksomhedsprofil\/galleri\/","title":{"rendered":"Galleri"},"content":{"rendered":"\n<div class=\"wp-block-image\"><figure class=\"aligncenter\"><img loading=\"lazy\" decoding=\"async\" width=\"1024\" height=\"470\" src=\"https:\/\/niipit.dk\/virksomhedsprofil\/wp-content\/uploads\/sites\/266\/2019\/08\/Info-Profil-1-1024x470.png\" alt=\"Info Profil\" class=\"wp-image-5851\" srcset=\"https:\/\/niipit.dk\/virksomhedsprofil\/wp-content\/uploads\/sites\/266\/2019\/08\/Info-Profil-1-1024x470.png 1024w, https:\/\/niipit.dk\/virksomhedsprofil\/wp-content\/uploads\/sites\/266\/2019\/08\/Info-Profil-1-300x138.png 300w, https:\/\/niipit.dk\/virksomhedsprofil\/wp-content\/uploads\/sites\/266\/2019\/08\/Info-Profil-1-768x353.png 768w, https:\/\/niipit.dk\/virksomhedsprofil\/wp-content\/uploads\/sites\/266\/2019\/08\/Info-Profil-1-600x275.png 600w\" sizes=\"auto, (max-width: 1024px) 100vw, 1024px\" \/><figcaption><strong>Dette er den mindste Virksomhedsprofil p\u00e5 Niipit.<br>Den koster 0 kr i oprettelse og 0 kr om \u00e5ret.<br>Form\u00e5let er at blive set p\u00e5 Niipit<br>Info profiler bliver placeret efter Light profil, Sponseret og Premium profiler.<\/strong><\/figcaption><\/figure><\/div>\n\n\n\n<div class=\"wp-block-button aligncenter\"><a class=\"wp-block-button__link has-background has-vivid-cyan-blue-background-color\">Reserver din Info profil her<\/a><\/div>\n\n\n\n<hr class=\"wp-block-separator\"\/>\n\n\n\n<div class=\"wp-block-image\"><figure class=\"aligncenter\"><img loading=\"lazy\" decoding=\"async\" width=\"1024\" height=\"481\" src=\"https:\/\/niipit.dk\/virksomhedsprofil\/wp-content\/uploads\/sites\/266\/2019\/08\/Light-Profil-1-1024x481.png\" alt=\"Light Profil\" class=\"wp-image-5852\" srcset=\"https:\/\/niipit.dk\/virksomhedsprofil\/wp-content\/uploads\/sites\/266\/2019\/08\/Light-Profil-1-1024x481.png 1024w, https:\/\/niipit.dk\/virksomhedsprofil\/wp-content\/uploads\/sites\/266\/2019\/08\/Light-Profil-1-300x141.png 300w, https:\/\/niipit.dk\/virksomhedsprofil\/wp-content\/uploads\/sites\/266\/2019\/08\/Light-Profil-1-768x361.png 768w, https:\/\/niipit.dk\/virksomhedsprofil\/wp-content\/uploads\/sites\/266\/2019\/08\/Light-Profil-1-600x282.png 600w\" sizes=\"auto, (max-width: 1024px) 100vw, 1024px\" \/><figcaption><strong>Dette er den n\u00e6st mindste Virksomhedsprofil p\u00e5 Niipit.<br>Den koster 499 kr i oprettelse og 0 kr om \u00e5ret.<br>Form\u00e5let er at blive set p\u00e5 Niipit og f\u00e5 en SEO optimeret tekst p\u00e5 samt Meta Description.<br>Light profiler bliver placeret efter Sponseret og Premium profiler, men f\u00f8r Info profilen.<\/strong><\/figcaption><\/figure><\/div>\n\n\n\n<div class=\"wp-block-button aligncenter\"><a class=\"wp-block-button__link has-background has-vivid-cyan-blue-background-color\">Reserver din Light profil her<\/a><\/div>\n\n\n\n<hr class=\"wp-block-separator\"\/>\n\n\n\n<div class=\"wp-block-image\"><figure class=\"aligncenter\"><img loading=\"lazy\" decoding=\"async\" width=\"1024\" height=\"444\" src=\"https:\/\/niipit.dk\/virksomhedsprofil\/wp-content\/uploads\/sites\/266\/2019\/08\/Sponseret-profil-1-1-1024x444.png\" alt=\"Light profil\" class=\"wp-image-5853\" srcset=\"https:\/\/niipit.dk\/virksomhedsprofil\/wp-content\/uploads\/sites\/266\/2019\/08\/Sponseret-profil-1-1-1024x444.png 1024w, https:\/\/niipit.dk\/virksomhedsprofil\/wp-content\/uploads\/sites\/266\/2019\/08\/Sponseret-profil-1-1-300x130.png 300w, https:\/\/niipit.dk\/virksomhedsprofil\/wp-content\/uploads\/sites\/266\/2019\/08\/Sponseret-profil-1-1-768x333.png 768w, https:\/\/niipit.dk\/virksomhedsprofil\/wp-content\/uploads\/sites\/266\/2019\/08\/Sponseret-profil-1-1-600x260.png 600w\" sizes=\"auto, (max-width: 1024px) 100vw, 1024px\" \/><\/figure><\/div>\n\n\n\n<div class=\"wp-block-image\"><figure class=\"aligncenter\"><img loading=\"lazy\" decoding=\"async\" width=\"1024\" height=\"417\" src=\"https:\/\/niipit.dk\/virksomhedsprofil\/wp-content\/uploads\/sites\/266\/2019\/08\/Sponseret-profil-2-1024x417.png\" alt=\"Light profil\" class=\"wp-image-5854\" srcset=\"https:\/\/niipit.dk\/virksomhedsprofil\/wp-content\/uploads\/sites\/266\/2019\/08\/Sponseret-profil-2-1024x417.png 1024w, https:\/\/niipit.dk\/virksomhedsprofil\/wp-content\/uploads\/sites\/266\/2019\/08\/Sponseret-profil-2-300x122.png 300w, https:\/\/niipit.dk\/virksomhedsprofil\/wp-content\/uploads\/sites\/266\/2019\/08\/Sponseret-profil-2-768x313.png 768w, https:\/\/niipit.dk\/virksomhedsprofil\/wp-content\/uploads\/sites\/266\/2019\/08\/Sponseret-profil-2-600x244.png 600w\" sizes=\"auto, (max-width: 1024px) 100vw, 1024px\" \/><figcaption><strong>Dette er den mellemste Virksomhedsprofil p\u00e5 Niipit.<br>Den koster 499 kr i oprettelse og % af det salg du f\u00e5r via Niipit<br>Form\u00e5let er at blive set p\u00e5 Niipit og f\u00e5 en SEO optimeret tekst p\u00e5 samt Meta Description. Du kan f\u00e5 banner b\u00e5de p\u00e5 Oversigte siden og p\u00e5 selve virksomhedsprofilen<\/strong><br><strong>Banner til profilen og til oversigten leverer du til Niipit<br>Sponseret profiler bliver placeret efter Premium profiler, men f\u00f8r Light og Info profilen.<\/strong><\/figcaption><\/figure><\/div>\n\n\n\n<p><\/p>\n\n\n\n<div class=\"wp-block-button aligncenter\"><a class=\"wp-block-button__link has-background has-vivid-cyan-blue-background-color\">Reserver din Sponseret profil her<\/a><\/div>\n\n\n\n<hr class=\"wp-block-separator\"\/>\n\n\n\n<div class=\"wp-block-button aligncenter\"><a class=\"wp-block-button__link has-background has-luminous-vivid-orange-background-color\" href=\"https:\/\/niipit.dk\/premium-profil\/\">SE HELE PREMIUM PROFILEN HER<\/a><\/div>\n\n\n\n<h2 class=\"wp-block-heading\" style=\"text-align:center\">Se den her og vurder selv om du kan bruge den<\/h2>\n\n\n\n<div class=\"wp-block-button aligncenter\"><a class=\"wp-block-button__link has-background has-vivid-cyan-blue-background-color\">Reserver din Premium profil her<\/a><\/div>\n\n\n\n<hr class=\"wp-block-separator\"\/>\n","protected":false},"excerpt":{"rendered":"<p>Se den her og vurder selv om du kan bruge den<\/p>\n","protected":false},"author":1,"featured_media":0,"parent":0,"menu_order":0,"comment_status":"closed","ping_status":"closed","template":"","meta":{"_exactmetrics_skip_tracking":false,"_exactmetrics_sitenote_active":false,"_exactmetrics_sitenote_note":"","_exactmetrics_sitenote_category":0,"_monsterinsights_skip_tracking":false,"_monsterinsights_sitenote_active":false,"_monsterinsights_sitenote_note":"","_monsterinsights_sitenote_category":0,"footnotes":""},"class_list":["post-5706","page","type-page","status-publish","hentry"],"yoast_head":"<!-- This site is optimized with the Yoast SEO Premium plugin v16.3 (Yoast SEO v27.5) - https:\/\/yoast.com\/product\/yoast-seo-premium-wordpress\/ -->\n<title>Galleri - Virksomhedsprofil<\/title>\n<meta name=\"robots\" content=\"index, follow, max-snippet:-1, max-image-preview:large, max-video-preview:-1\" \/>\n<link rel=\"canonical\" href=\"https:\/\/niipit.dk\/virksomhedsprofil\/galleri\/\" \/>\n<meta property=\"og:locale\" content=\"da_DK\" \/>\n<meta property=\"og:type\" content=\"article\" \/>\n<meta property=\"og:title\" content=\"Galleri - Virksomhedsprofil\" \/>\n<meta property=\"og:description\" content=\"Se den her og vurder selv om du kan bruge den\" \/>\n<meta property=\"og:url\" content=\"https:\/\/niipit.dk\/virksomhedsprofil\/galleri\/\" \/>\n<meta property=\"og:site_name\" content=\"Virksomhedsprofil\" \/>\n<meta property=\"article:modified_time\" content=\"2019-10-01T17:10:26+00:00\" \/>\n<meta property=\"og:image\" content=\"https:\/\/niipit.dk\/virksomhedsprofil\/wp-content\/uploads\/sites\/266\/2019\/08\/Info-Profil-1-1024x470.png\" \/>\n<meta name=\"twitter:card\" content=\"summary_large_image\" \/>\n<meta name=\"twitter:label1\" content=\"Estimeret l\u00e6setid\" \/>\n\t<meta name=\"twitter:data1\" content=\"1 minut\" \/>\n<script type=\"application\/ld+json\" class=\"yoast-schema-graph\">{\"@context\":\"https:\\\/\\\/schema.org\",\"@graph\":[{\"@type\":\"WebPage\",\"@id\":\"https:\\\/\\\/niipit.dk\\\/virksomhedsprofil\\\/galleri\\\/\",\"url\":\"https:\\\/\\\/niipit.dk\\\/virksomhedsprofil\\\/galleri\\\/\",\"name\":\"Galleri - Virksomhedsprofil\",\"isPartOf\":{\"@id\":\"https:\\\/\\\/niipit.dk\\\/virksomhedsprofil\\\/#website\"},\"primaryImageOfPage\":{\"@id\":\"https:\\\/\\\/niipit.dk\\\/virksomhedsprofil\\\/galleri\\\/#primaryimage\"},\"image\":{\"@id\":\"https:\\\/\\\/niipit.dk\\\/virksomhedsprofil\\\/galleri\\\/#primaryimage\"},\"thumbnailUrl\":\"https:\\\/\\\/niipit.dk\\\/virksomhedsprofil\\\/wp-content\\\/uploads\\\/sites\\\/266\\\/2019\\\/08\\\/Info-Profil-1-1024x470.png\",\"datePublished\":\"2019-05-13T16:07:36+00:00\",\"dateModified\":\"2019-10-01T17:10:26+00:00\",\"breadcrumb\":{\"@id\":\"https:\\\/\\\/niipit.dk\\\/virksomhedsprofil\\\/galleri\\\/#breadcrumb\"},\"inLanguage\":\"da-DK\",\"potentialAction\":[{\"@type\":\"ReadAction\",\"target\":[\"https:\\\/\\\/niipit.dk\\\/virksomhedsprofil\\\/galleri\\\/\"]}]},{\"@type\":\"ImageObject\",\"inLanguage\":\"da-DK\",\"@id\":\"https:\\\/\\\/niipit.dk\\\/virksomhedsprofil\\\/galleri\\\/#primaryimage\",\"url\":\"https:\\\/\\\/niipit.dk\\\/virksomhedsprofil\\\/wp-content\\\/uploads\\\/sites\\\/266\\\/2019\\\/08\\\/Info-Profil-1-1024x470.png\",\"contentUrl\":\"https:\\\/\\\/niipit.dk\\\/virksomhedsprofil\\\/wp-content\\\/uploads\\\/sites\\\/266\\\/2019\\\/08\\\/Info-Profil-1-1024x470.png\"},{\"@type\":\"BreadcrumbList\",\"@id\":\"https:\\\/\\\/niipit.dk\\\/virksomhedsprofil\\\/galleri\\\/#breadcrumb\",\"itemListElement\":[{\"@type\":\"ListItem\",\"position\":1,\"name\":\"Hjem\",\"item\":\"https:\\\/\\\/niipit.dk\\\/virksomhedsprofil\\\/\"},{\"@type\":\"ListItem\",\"position\":2,\"name\":\"Galleri\"}]},{\"@type\":\"WebSite\",\"@id\":\"https:\\\/\\\/niipit.dk\\\/virksomhedsprofil\\\/#website\",\"url\":\"https:\\\/\\\/niipit.dk\\\/virksomhedsprofil\\\/\",\"name\":\"Virksomhedsprofil\",\"description\":\"F\u00e5 din virksomhed p\u00e5 niipit\",\"potentialAction\":[{\"@type\":\"SearchAction\",\"target\":{\"@type\":\"EntryPoint\",\"urlTemplate\":\"https:\\\/\\\/niipit.dk\\\/virksomhedsprofil\\\/?s={search_term_string}\"},\"query-input\":{\"@type\":\"PropertyValueSpecification\",\"valueRequired\":true,\"valueName\":\"search_term_string\"}}],\"inLanguage\":\"da-DK\"}]}<\/script>\n<!-- \/ Yoast SEO Premium plugin. -->","yoast_head_json":{"title":"Galleri - Virksomhedsprofil","robots":{"index":"index","follow":"follow","max-snippet":"max-snippet:-1","max-image-preview":"max-image-preview:large","max-video-preview":"max-video-preview:-1"},"canonical":"https:\/\/niipit.dk\/virksomhedsprofil\/galleri\/","og_locale":"da_DK","og_type":"article","og_title":"Galleri - Virksomhedsprofil","og_description":"Se den her og vurder selv om du kan bruge den","og_url":"https:\/\/niipit.dk\/virksomhedsprofil\/galleri\/","og_site_name":"Virksomhedsprofil","article_modified_time":"2019-10-01T17:10:26+00:00","og_image":[{"url":"https:\/\/niipit.dk\/virksomhedsprofil\/wp-content\/uploads\/sites\/266\/2019\/08\/Info-Profil-1-1024x470.png","type":"","width":"","height":""}],"twitter_card":"summary_large_image","twitter_misc":{"Estimeret l\u00e6setid":"1 minut"},"schema":{"@context":"https:\/\/schema.org","@graph":[{"@type":"WebPage","@id":"https:\/\/niipit.dk\/virksomhedsprofil\/galleri\/","url":"https:\/\/niipit.dk\/virksomhedsprofil\/galleri\/","name":"Galleri - Virksomhedsprofil","isPartOf":{"@id":"https:\/\/niipit.dk\/virksomhedsprofil\/#website"},"primaryImageOfPage":{"@id":"https:\/\/niipit.dk\/virksomhedsprofil\/galleri\/#primaryimage"},"image":{"@id":"https:\/\/niipit.dk\/virksomhedsprofil\/galleri\/#primaryimage"},"thumbnailUrl":"https:\/\/niipit.dk\/virksomhedsprofil\/wp-content\/uploads\/sites\/266\/2019\/08\/Info-Profil-1-1024x470.png","datePublished":"2019-05-13T16:07:36+00:00","dateModified":"2019-10-01T17:10:26+00:00","breadcrumb":{"@id":"https:\/\/niipit.dk\/virksomhedsprofil\/galleri\/#breadcrumb"},"inLanguage":"da-DK","potentialAction":[{"@type":"ReadAction","target":["https:\/\/niipit.dk\/virksomhedsprofil\/galleri\/"]}]},{"@type":"ImageObject","inLanguage":"da-DK","@id":"https:\/\/niipit.dk\/virksomhedsprofil\/galleri\/#primaryimage","url":"https:\/\/niipit.dk\/virksomhedsprofil\/wp-content\/uploads\/sites\/266\/2019\/08\/Info-Profil-1-1024x470.png","contentUrl":"https:\/\/niipit.dk\/virksomhedsprofil\/wp-content\/uploads\/sites\/266\/2019\/08\/Info-Profil-1-1024x470.png"},{"@type":"BreadcrumbList","@id":"https:\/\/niipit.dk\/virksomhedsprofil\/galleri\/#breadcrumb","itemListElement":[{"@type":"ListItem","position":1,"name":"Hjem","item":"https:\/\/niipit.dk\/virksomhedsprofil\/"},{"@type":"ListItem","position":2,"name":"Galleri"}]},{"@type":"WebSite","@id":"https:\/\/niipit.dk\/virksomhedsprofil\/#website","url":"https:\/\/niipit.dk\/virksomhedsprofil\/","name":"Virksomhedsprofil","description":"F\u00e5 din virksomhed p\u00e5 niipit","potentialAction":[{"@type":"SearchAction","target":{"@type":"EntryPoint","urlTemplate":"https:\/\/niipit.dk\/virksomhedsprofil\/?s={search_term_string}"},"query-input":{"@type":"PropertyValueSpecification","valueRequired":true,"valueName":"search_term_string"}}],"inLanguage":"da-DK"}]}},"_links":{"self":[{"href":"https:\/\/niipit.dk\/virksomhedsprofil\/wp-json\/wp\/v2\/pages\/5706","targetHints":{"allow":["GET"]}}],"collection":[{"href":"https:\/\/niipit.dk\/virksomhedsprofil\/wp-json\/wp\/v2\/pages"}],"about":[{"href":"https:\/\/niipit.dk\/virksomhedsprofil\/wp-json\/wp\/v2\/types\/page"}],"author":[{"embeddable":true,"href":"https:\/\/niipit.dk\/virksomhedsprofil\/wp-json\/wp\/v2\/users\/1"}],"replies":[{"embeddable":true,"href":"https:\/\/niipit.dk\/virksomhedsprofil\/wp-json\/wp\/v2\/comments?post=5706"}],"version-history":[{"count":0,"href":"https:\/\/niipit.dk\/virksomhedsprofil\/wp-json\/wp\/v2\/pages\/5706\/revisions"}],"wp:attachment":[{"href":"https:\/\/niipit.dk\/virksomhedsprofil\/wp-json\/wp\/v2\/media?parent=5706"}],"curies":[{"name":"wp","href":"https:\/\/api.w.org\/{rel}","templated":true}]}}