{"id":5064,"date":"2018-08-10T22:29:34","date_gmt":"2018-08-10T20:29:34","guid":{"rendered":"https:\/\/niipit.dk\/vildsund-camping-shop\/?page_id=5064"},"modified":"2019-08-21T15:04:06","modified_gmt":"2019-08-21T13:04:06","slug":"frontpage","status":"publish","type":"page","link":"https:\/\/niipit.dk\/vildsund-camping\/","title":{"rendered":"Forside"},"content":{"rendered":"\n<p>Vildsund Camping, din n\u00e6ste overnatning m\u00e5ske ? Vi er beliggende midt i Thy. Byder p\u00e5 alt fra den vestjyske barske natur til det blide limfjordsland og sikre badestrande. Dette viser den jyske nordvestlige natur der byder p\u00e5 noget for alle.<\/p>\n\n\n\n<p>Vildsund camping ligger 200 meter fra limfjorden og kun et stenkast fra Vildsundbroen.<br>Hos os f\u00e5r du b\u00e5de familiestemning, moderne faciliteter, store campingpladser, grisefest og hvert \u00e5r i uge 30 f\u00e5r du ligeledes den 150 \u00e5r gamle tradition, Vildsund marked.<\/p>\n\n\n\n<p>Info om pladsen. Vi har rigtig mange campingpladser og 11 camping hytter. Du er velkommen til at have din vogn st\u00e5ende om vinteren til opbevaring. Pladsen holder \u00e5bent for campister, bikere og autocampere. Hvis du som autocamper &#8220;kun&#8221; s\u00f8ger et sted at stille din vogn for en nat s\u00e5 har Vildsund camping ogs\u00e5 en mulighed for det.<\/p>\n\n\n\n<p>Gratis Wifi p\u00e5 hele pladsen.<\/p>\n\n\n\n<p>Thisted, Thy og Mors byder p\u00e5 gode oplevelser for hele familien! Omr\u00e5det byder p\u00e5 et hav af oplevelser, <a href=\"https:\/\/niipit.dk\/?s=7700&amp;taxonomy=by-tax&amp;post_type=spisesteder&amp;category=spisesteder\">spisesteder<\/a>, <a href=\"https:\/\/niipit.dk\/?s=7700&amp;taxonomy=by-tax&amp;post_type=butikker&amp;category=butikker\">lokale butikker<\/a>, og masser <a href=\"https:\/\/niipit.dk\/?s=7700&amp;taxonomy=by-tax&amp;post_type=overnatning&amp;category=\">lokale overnatninger<\/a>.<\/p>\n\n\n\n<p>Omr\u00e5det Thy har mange oplevelser til det aktive liv. Vesterhavet har jo beriget omr\u00e5det med bl.a. surfernes paradis &#8220;Cold Hawaii&#8221; som fiskerlejet Klitm\u00f8ller er d\u00f8bt. oplev de unikke strande i Lild, Stenbjerg og N\u00f8rre Vorup\u00f8r, hvor b\u00e5dene dagligt stadigv\u00e6k tr\u00e6kkes op p\u00e5 stranden. Du har ogs\u00e5 altid muligheden for at nyde en kop kaffe eller en is med udsigt til Thisted eller Nyk\u00f8bing Mors Havn.<br>Jesperhus Blomsterpark finder du kun et stenkast v\u00e6k.<br><br>Du kan altid f\u00f8lge med p\u00e5 vores facebook side og se hvad <a href=\"https:\/\/www.facebook.com\/niipit.dk\/\">Niipit<\/a> byder p\u00e5 <\/p>\n","protected":false},"excerpt":{"rendered":"<p>Vildsund Camping, din n\u00e6ste overnatning m\u00e5ske ? Vi er beliggende midt i Thy. Byder p\u00e5 alt fra den vestjyske barske natur til det blide limfjordsland og sikre badestrande. Dette viser den jyske nordvestlige natur der byder p\u00e5 noget for alle. Vildsund camping ligger 200 meter fra limfjorden og kun et stenkast fra Vildsundbroen.Hos os f\u00e5r <a class=\"moretag btn btn-primary\" href=\"https:\/\/niipit.dk\/vildsund-camping\/\">L\u00e6s mere<\/a><\/p>\n","protected":false},"author":1,"featured_media":0,"parent":0,"menu_order":0,"comment_status":"closed","ping_status":"closed","template":"frontpagePremium.php","meta":{"_exactmetrics_skip_tracking":false,"_exactmetrics_sitenote_active":false,"_exactmetrics_sitenote_note":"","_exactmetrics_sitenote_category":0,"_monsterinsights_skip_tracking":false,"_monsterinsights_sitenote_active":false,"_monsterinsights_sitenote_note":"","_monsterinsights_sitenote_category":0,"footnotes":""},"class_list":["post-5064","page","type-page","status-publish","hentry"],"yoast_head":"<!-- This site is optimized with the Yoast SEO Premium plugin v16.3 (Yoast SEO v27.3) - https:\/\/yoast.com\/product\/yoast-seo-premium-wordpress\/ -->\n<title>Vildsund Camping - Niipit Danmarks St\u00f8rste Online Markedsplads<\/title>\n<meta name=\"description\" content=\"Vildsund Camping - Niipit - Dansk Kvalitets guide til overnatning. FIND TILBUD MED PRIS GARANTI HELT GRATIS - Bes\u00f8g os her\" \/>\n<meta name=\"robots\" content=\"index, follow, max-snippet:-1, max-image-preview:large, max-video-preview:-1\" \/>\n<link rel=\"canonical\" href=\"https:\/\/niipit.dk\/vildsund-camping\/\" \/>\n<meta property=\"og:locale\" content=\"da_DK\" \/>\n<meta property=\"og:type\" content=\"article\" \/>\n<meta property=\"og:title\" content=\"Vildsund Camping - Niipit Danmarks St\u00f8rste Online Markedsplads\" \/>\n<meta property=\"og:description\" content=\"Vildsund Camping - Niipit - Dansk Kvalitets guide til overnatning. FIND TILBUD MED PRIS GARANTI HELT GRATIS - Bes\u00f8g os her\" \/>\n<meta property=\"og:url\" content=\"https:\/\/niipit.dk\/vildsund-camping\/\" \/>\n<meta property=\"og:site_name\" content=\"Vildsund Camping\" \/>\n<meta property=\"article:modified_time\" content=\"2019-08-21T13:04:06+00:00\" \/>\n<meta name=\"twitter:card\" content=\"summary_large_image\" \/>\n<meta name=\"twitter:label1\" content=\"Estimeret l\u00e6setid\" \/>\n\t<meta name=\"twitter:data1\" content=\"1 minut\" \/>\n<script type=\"application\/ld+json\" class=\"yoast-schema-graph\">{\"@context\":\"https:\\\/\\\/schema.org\",\"@graph\":[{\"@type\":\"WebPage\",\"@id\":\"https:\\\/\\\/niipit.dk\\\/vildsund-camping\\\/\",\"url\":\"https:\\\/\\\/niipit.dk\\\/vildsund-camping\\\/\",\"name\":\"Vildsund Camping - Niipit Danmarks St\u00f8rste Online Markedsplads\",\"isPartOf\":{\"@id\":\"https:\\\/\\\/niipit.dk\\\/vildsund-camping\\\/#website\"},\"datePublished\":\"2018-08-10T20:29:34+00:00\",\"dateModified\":\"2019-08-21T13:04:06+00:00\",\"description\":\"Vildsund Camping - Niipit - Dansk Kvalitets guide til overnatning. FIND TILBUD MED PRIS GARANTI HELT GRATIS - Bes\u00f8g os her\",\"breadcrumb\":{\"@id\":\"https:\\\/\\\/niipit.dk\\\/vildsund-camping\\\/#breadcrumb\"},\"inLanguage\":\"da-DK\",\"potentialAction\":[{\"@type\":\"ReadAction\",\"target\":[\"https:\\\/\\\/niipit.dk\\\/vildsund-camping\\\/\"]}]},{\"@type\":\"BreadcrumbList\",\"@id\":\"https:\\\/\\\/niipit.dk\\\/vildsund-camping\\\/#breadcrumb\",\"itemListElement\":[{\"@type\":\"ListItem\",\"position\":1,\"name\":\"Hjem\",\"item\":\"https:\\\/\\\/niipit.dk\\\/vildsund-camping\\\/\"},{\"@type\":\"ListItem\",\"position\":2,\"name\":\"Forside\"}]},{\"@type\":\"WebSite\",\"@id\":\"https:\\\/\\\/niipit.dk\\\/vildsund-camping\\\/#website\",\"url\":\"https:\\\/\\\/niipit.dk\\\/vildsund-camping\\\/\",\"name\":\"Vildsund Camping\",\"description\":\"F\u00e5 din virksomhed p\u00e5 niipit\",\"potentialAction\":[{\"@type\":\"SearchAction\",\"target\":{\"@type\":\"EntryPoint\",\"urlTemplate\":\"https:\\\/\\\/niipit.dk\\\/vildsund-camping\\\/?s={search_term_string}\"},\"query-input\":{\"@type\":\"PropertyValueSpecification\",\"valueRequired\":true,\"valueName\":\"search_term_string\"}}],\"inLanguage\":\"da-DK\"}]}<\/script>\n<!-- \/ Yoast SEO Premium plugin. -->","yoast_head_json":{"title":"Vildsund Camping - Niipit Danmarks St\u00f8rste Online Markedsplads","description":"Vildsund Camping - Niipit - Dansk Kvalitets guide til overnatning. FIND TILBUD MED PRIS GARANTI HELT GRATIS - Bes\u00f8g os her","robots":{"index":"index","follow":"follow","max-snippet":"max-snippet:-1","max-image-preview":"max-image-preview:large","max-video-preview":"max-video-preview:-1"},"canonical":"https:\/\/niipit.dk\/vildsund-camping\/","og_locale":"da_DK","og_type":"article","og_title":"Vildsund Camping - Niipit Danmarks St\u00f8rste Online Markedsplads","og_description":"Vildsund Camping - Niipit - Dansk Kvalitets guide til overnatning. FIND TILBUD MED PRIS GARANTI HELT GRATIS - Bes\u00f8g os her","og_url":"https:\/\/niipit.dk\/vildsund-camping\/","og_site_name":"Vildsund Camping","article_modified_time":"2019-08-21T13:04:06+00:00","twitter_card":"summary_large_image","twitter_misc":{"Estimeret l\u00e6setid":"1 minut"},"schema":{"@context":"https:\/\/schema.org","@graph":[{"@type":"WebPage","@id":"https:\/\/niipit.dk\/vildsund-camping\/","url":"https:\/\/niipit.dk\/vildsund-camping\/","name":"Vildsund Camping - Niipit Danmarks St\u00f8rste Online Markedsplads","isPartOf":{"@id":"https:\/\/niipit.dk\/vildsund-camping\/#website"},"datePublished":"2018-08-10T20:29:34+00:00","dateModified":"2019-08-21T13:04:06+00:00","description":"Vildsund Camping - Niipit - Dansk Kvalitets guide til overnatning. FIND TILBUD MED PRIS GARANTI HELT GRATIS - Bes\u00f8g os her","breadcrumb":{"@id":"https:\/\/niipit.dk\/vildsund-camping\/#breadcrumb"},"inLanguage":"da-DK","potentialAction":[{"@type":"ReadAction","target":["https:\/\/niipit.dk\/vildsund-camping\/"]}]},{"@type":"BreadcrumbList","@id":"https:\/\/niipit.dk\/vildsund-camping\/#breadcrumb","itemListElement":[{"@type":"ListItem","position":1,"name":"Hjem","item":"https:\/\/niipit.dk\/vildsund-camping\/"},{"@type":"ListItem","position":2,"name":"Forside"}]},{"@type":"WebSite","@id":"https:\/\/niipit.dk\/vildsund-camping\/#website","url":"https:\/\/niipit.dk\/vildsund-camping\/","name":"Vildsund Camping","description":"F\u00e5 din virksomhed p\u00e5 niipit","potentialAction":[{"@type":"SearchAction","target":{"@type":"EntryPoint","urlTemplate":"https:\/\/niipit.dk\/vildsund-camping\/?s={search_term_string}"},"query-input":{"@type":"PropertyValueSpecification","valueRequired":true,"valueName":"search_term_string"}}],"inLanguage":"da-DK"}]}},"_links":{"self":[{"href":"https:\/\/niipit.dk\/vildsund-camping\/wp-json\/wp\/v2\/pages\/5064","targetHints":{"allow":["GET"]}}],"collection":[{"href":"https:\/\/niipit.dk\/vildsund-camping\/wp-json\/wp\/v2\/pages"}],"about":[{"href":"https:\/\/niipit.dk\/vildsund-camping\/wp-json\/wp\/v2\/types\/page"}],"author":[{"embeddable":true,"href":"https:\/\/niipit.dk\/vildsund-camping\/wp-json\/wp\/v2\/users\/1"}],"replies":[{"embeddable":true,"href":"https:\/\/niipit.dk\/vildsund-camping\/wp-json\/wp\/v2\/comments?post=5064"}],"version-history":[{"count":0,"href":"https:\/\/niipit.dk\/vildsund-camping\/wp-json\/wp\/v2\/pages\/5064\/revisions"}],"wp:attachment":[{"href":"https:\/\/niipit.dk\/vildsund-camping\/wp-json\/wp\/v2\/media?parent=5064"}],"curies":[{"name":"wp","href":"https:\/\/api.w.org\/{rel}","templated":true}]}}