{"id":6483,"date":"2019-12-14T10:42:19","date_gmt":"2019-12-14T09:42:19","guid":{"rendered":"https:\/\/niipit.dk\/viktoria-houmann\/?post_type=product&#038;p=6483"},"modified":"2020-02-24T11:45:33","modified_gmt":"2020-02-24T10:45:33","slug":"de-4-hjoernesten","status":"publish","type":"product","link":"https:\/\/niipit.dk\/viktoria-houmann\/produkt\/de-4-hjoernesten\/","title":{"rendered":"De 4 hj\u00f8rnesten"},"content":{"rendered":"<h1>De 4 hj\u00f8rnesten<\/h1>\n<p>De 4 hj\u00f8rnesten er en guide til dig, der \u00f8nsker et varigt v\u00e6gttab. Hver af hj\u00f8rnestenene repr\u00e6sentere et omr\u00e5de der har indflydelse p\u00e5 din v\u00e6gt. hj\u00f8rnestenene er de mentale \u00e5rsager, de fysiske \u00e5rsager, de f\u00f8lelsesm\u00e6ssige og de sociale\/kulturelle \u00e5rsager. Udfordringen i et v\u00e6gttab best\u00e5r ikke s\u00e5 meget i at tabe sig, som at holde v\u00e6gten. De 4 hj\u00f8rnesten g\u00f8r her en k\u00e6mpe forskel. Denne guide kan alts\u00e5 hj\u00e6lpe dig p\u00e5 din vej til et varigt selvk\u00e6rligt v\u00e6gttab. De fleste har ogs\u00e5 brug for st\u00f8tte i form af bl.a. coaching. Coaching og andre super effektive metoder som fx. mentaltr\u00e6ning, er en del af mit kursus &#8220;Selvk\u00e6rligt v\u00e6gttab&#8221;.<\/p>\n","protected":false},"excerpt":{"rendered":"<p>De 4 hj\u00f8rnesten De 4 hj\u00f8rnesten er en guide til dig, der \u00f8nsker et varigt v\u00e6gttab. Hver af hj\u00f8rnestenene repr\u00e6sentere et omr\u00e5de der har indflydelse p\u00e5 din v\u00e6gt. hj\u00f8rnestenene er de mentale \u00e5rsager, de fysiske \u00e5rsager, de f\u00f8lelsesm\u00e6ssige og de sociale\/kulturelle \u00e5rsager. Udfordringen i et v\u00e6gttab best\u00e5r ikke s\u00e5 meget i at tabe sig, som <a class=\"moretag btn btn-primary\" href=\"https:\/\/niipit.dk\/viktoria-houmann\/produkt\/de-4-hjoernesten\/\">L\u00e6s mere<\/a><\/p>\n","protected":false},"featured_media":6484,"template":"","meta":{"_exactmetrics_skip_tracking":false,"_exactmetrics_sitenote_active":false,"_exactmetrics_sitenote_note":"","_exactmetrics_sitenote_category":0,"_monsterinsights_skip_tracking":false,"_monsterinsights_sitenote_active":false,"_monsterinsights_sitenote_note":"","_monsterinsights_sitenote_category":0},"product_brand":[],"product_cat":[2172],"product_tag":[],"shoptype":[],"class_list":{"0":"post-6483","1":"product","2":"type-product","3":"status-publish","4":"has-post-thumbnail","6":"product_cat-freebee","8":"first","9":"instock","10":"sale","11":"downloadable","12":"virtual","13":"purchasable","14":"product-type-simple"},"yoast_head":"<!-- This site is optimized with the Yoast SEO Premium plugin v16.3 (Yoast SEO v27.3) - https:\/\/yoast.com\/product\/yoast-seo-premium-wordpress\/ -->\n<title>De 4 hj\u00f8rnesten - Viktoria Houmann<\/title>\n<meta name=\"robots\" content=\"index, follow, max-snippet:-1, max-image-preview:large, max-video-preview:-1\" \/>\n<link rel=\"canonical\" href=\"https:\/\/niipit.dk\/viktoria-houmann\/produkt\/de-4-hjoernesten\/\" \/>\n<meta property=\"og:locale\" content=\"da_DK\" \/>\n<meta property=\"og:type\" content=\"article\" \/>\n<meta property=\"og:title\" content=\"De 4 hj\u00f8rnesten - Viktoria Houmann\" \/>\n<meta property=\"og:description\" content=\"De 4 hj\u00f8rnesten De 4 hj\u00f8rnesten er en guide til dig, der \u00f8nsker et varigt v\u00e6gttab. Hver af hj\u00f8rnestenene repr\u00e6sentere et omr\u00e5de der har indflydelse p\u00e5 din v\u00e6gt. hj\u00f8rnestenene er de mentale \u00e5rsager, de fysiske \u00e5rsager, de f\u00f8lelsesm\u00e6ssige og de sociale\/kulturelle \u00e5rsager. Udfordringen i et v\u00e6gttab best\u00e5r ikke s\u00e5 meget i at tabe sig, som L\u00e6s mere\" \/>\n<meta property=\"og:url\" content=\"https:\/\/niipit.dk\/viktoria-houmann\/produkt\/de-4-hjoernesten\/\" \/>\n<meta property=\"og:site_name\" content=\"Viktoria Houmann\" \/>\n<meta property=\"article:modified_time\" content=\"2020-02-24T10:45:33+00:00\" \/>\n<meta property=\"og:image\" content=\"https:\/\/niipit.dk\/viktoria-houmann\/wp-content\/uploads\/sites\/351\/2019\/12\/Black-and-White-Travel-Photo-Instagram-Post.png\" \/>\n\t<meta property=\"og:image:width\" content=\"1080\" \/>\n\t<meta property=\"og:image:height\" content=\"1080\" \/>\n\t<meta property=\"og:image:type\" content=\"image\/png\" \/>\n<meta name=\"twitter:card\" content=\"summary_large_image\" \/>\n<meta name=\"twitter:label1\" content=\"Estimeret l\u00e6setid\" \/>\n\t<meta name=\"twitter:data1\" content=\"1 minut\" \/>\n<script type=\"application\/ld+json\" class=\"yoast-schema-graph\">{\"@context\":\"https:\\\/\\\/schema.org\",\"@graph\":[{\"@type\":\"WebPage\",\"@id\":\"https:\\\/\\\/niipit.dk\\\/viktoria-houmann\\\/produkt\\\/de-4-hjoernesten\\\/\",\"url\":\"https:\\\/\\\/niipit.dk\\\/viktoria-houmann\\\/produkt\\\/de-4-hjoernesten\\\/\",\"name\":\"De 4 hj\u00f8rnesten - Viktoria Houmann\",\"isPartOf\":{\"@id\":\"http:\\\/\\\/niipit.dk\\\/viktoria-houmann\\\/#website\"},\"primaryImageOfPage\":{\"@id\":\"https:\\\/\\\/niipit.dk\\\/viktoria-houmann\\\/produkt\\\/de-4-hjoernesten\\\/#primaryimage\"},\"image\":{\"@id\":\"https:\\\/\\\/niipit.dk\\\/viktoria-houmann\\\/produkt\\\/de-4-hjoernesten\\\/#primaryimage\"},\"thumbnailUrl\":\"https:\\\/\\\/niipit.dk\\\/viktoria-houmann\\\/wp-content\\\/uploads\\\/sites\\\/351\\\/2019\\\/12\\\/Black-and-White-Travel-Photo-Instagram-Post.png\",\"datePublished\":\"2019-12-14T09:42:19+00:00\",\"dateModified\":\"2020-02-24T10:45:33+00:00\",\"breadcrumb\":{\"@id\":\"https:\\\/\\\/niipit.dk\\\/viktoria-houmann\\\/produkt\\\/de-4-hjoernesten\\\/#breadcrumb\"},\"inLanguage\":\"da-DK\",\"potentialAction\":[{\"@type\":\"ReadAction\",\"target\":[\"https:\\\/\\\/niipit.dk\\\/viktoria-houmann\\\/produkt\\\/de-4-hjoernesten\\\/\"]}]},{\"@type\":\"ImageObject\",\"inLanguage\":\"da-DK\",\"@id\":\"https:\\\/\\\/niipit.dk\\\/viktoria-houmann\\\/produkt\\\/de-4-hjoernesten\\\/#primaryimage\",\"url\":\"https:\\\/\\\/niipit.dk\\\/viktoria-houmann\\\/wp-content\\\/uploads\\\/sites\\\/351\\\/2019\\\/12\\\/Black-and-White-Travel-Photo-Instagram-Post.png\",\"contentUrl\":\"https:\\\/\\\/niipit.dk\\\/viktoria-houmann\\\/wp-content\\\/uploads\\\/sites\\\/351\\\/2019\\\/12\\\/Black-and-White-Travel-Photo-Instagram-Post.png\",\"width\":1080,\"height\":1080,\"caption\":\"Vejen til Varigt v\u00e6gttab\"},{\"@type\":\"BreadcrumbList\",\"@id\":\"https:\\\/\\\/niipit.dk\\\/viktoria-houmann\\\/produkt\\\/de-4-hjoernesten\\\/#breadcrumb\",\"itemListElement\":[{\"@type\":\"ListItem\",\"position\":1,\"name\":\"Hjem\",\"item\":\"http:\\\/\\\/niipit.dk\\\/viktoria-houmann\\\/\"},{\"@type\":\"ListItem\",\"position\":2,\"name\":\"Shop\",\"item\":\"https:\\\/\\\/niipit.dk\\\/viktoria-houmann\\\/shop\\\/\"},{\"@type\":\"ListItem\",\"position\":3,\"name\":\"De 4 hj\u00f8rnesten\"}]},{\"@type\":\"WebSite\",\"@id\":\"http:\\\/\\\/niipit.dk\\\/viktoria-houmann\\\/#website\",\"url\":\"http:\\\/\\\/niipit.dk\\\/viktoria-houmann\\\/\",\"name\":\"Viktoria Houmann\",\"description\":\"Selvk\u00e6rligt v\u00e6gttab\",\"potentialAction\":[{\"@type\":\"SearchAction\",\"target\":{\"@type\":\"EntryPoint\",\"urlTemplate\":\"http:\\\/\\\/niipit.dk\\\/viktoria-houmann\\\/?s={search_term_string}\"},\"query-input\":{\"@type\":\"PropertyValueSpecification\",\"valueRequired\":true,\"valueName\":\"search_term_string\"}}],\"inLanguage\":\"da-DK\"}]}<\/script>\n<!-- \/ Yoast SEO Premium plugin. -->","yoast_head_json":{"title":"De 4 hj\u00f8rnesten - Viktoria Houmann","robots":{"index":"index","follow":"follow","max-snippet":"max-snippet:-1","max-image-preview":"max-image-preview:large","max-video-preview":"max-video-preview:-1"},"canonical":"https:\/\/niipit.dk\/viktoria-houmann\/produkt\/de-4-hjoernesten\/","og_locale":"da_DK","og_type":"article","og_title":"De 4 hj\u00f8rnesten - Viktoria Houmann","og_description":"De 4 hj\u00f8rnesten De 4 hj\u00f8rnesten er en guide til dig, der \u00f8nsker et varigt v\u00e6gttab. Hver af hj\u00f8rnestenene repr\u00e6sentere et omr\u00e5de der har indflydelse p\u00e5 din v\u00e6gt. hj\u00f8rnestenene er de mentale \u00e5rsager, de fysiske \u00e5rsager, de f\u00f8lelsesm\u00e6ssige og de sociale\/kulturelle \u00e5rsager. Udfordringen i et v\u00e6gttab best\u00e5r ikke s\u00e5 meget i at tabe sig, som L\u00e6s mere","og_url":"https:\/\/niipit.dk\/viktoria-houmann\/produkt\/de-4-hjoernesten\/","og_site_name":"Viktoria Houmann","article_modified_time":"2020-02-24T10:45:33+00:00","og_image":[{"width":1080,"height":1080,"url":"https:\/\/niipit.dk\/viktoria-houmann\/wp-content\/uploads\/sites\/351\/2019\/12\/Black-and-White-Travel-Photo-Instagram-Post.png","type":"image\/png"}],"twitter_card":"summary_large_image","twitter_misc":{"Estimeret l\u00e6setid":"1 minut"},"schema":{"@context":"https:\/\/schema.org","@graph":[{"@type":"WebPage","@id":"https:\/\/niipit.dk\/viktoria-houmann\/produkt\/de-4-hjoernesten\/","url":"https:\/\/niipit.dk\/viktoria-houmann\/produkt\/de-4-hjoernesten\/","name":"De 4 hj\u00f8rnesten - Viktoria Houmann","isPartOf":{"@id":"http:\/\/niipit.dk\/viktoria-houmann\/#website"},"primaryImageOfPage":{"@id":"https:\/\/niipit.dk\/viktoria-houmann\/produkt\/de-4-hjoernesten\/#primaryimage"},"image":{"@id":"https:\/\/niipit.dk\/viktoria-houmann\/produkt\/de-4-hjoernesten\/#primaryimage"},"thumbnailUrl":"https:\/\/niipit.dk\/viktoria-houmann\/wp-content\/uploads\/sites\/351\/2019\/12\/Black-and-White-Travel-Photo-Instagram-Post.png","datePublished":"2019-12-14T09:42:19+00:00","dateModified":"2020-02-24T10:45:33+00:00","breadcrumb":{"@id":"https:\/\/niipit.dk\/viktoria-houmann\/produkt\/de-4-hjoernesten\/#breadcrumb"},"inLanguage":"da-DK","potentialAction":[{"@type":"ReadAction","target":["https:\/\/niipit.dk\/viktoria-houmann\/produkt\/de-4-hjoernesten\/"]}]},{"@type":"ImageObject","inLanguage":"da-DK","@id":"https:\/\/niipit.dk\/viktoria-houmann\/produkt\/de-4-hjoernesten\/#primaryimage","url":"https:\/\/niipit.dk\/viktoria-houmann\/wp-content\/uploads\/sites\/351\/2019\/12\/Black-and-White-Travel-Photo-Instagram-Post.png","contentUrl":"https:\/\/niipit.dk\/viktoria-houmann\/wp-content\/uploads\/sites\/351\/2019\/12\/Black-and-White-Travel-Photo-Instagram-Post.png","width":1080,"height":1080,"caption":"Vejen til Varigt v\u00e6gttab"},{"@type":"BreadcrumbList","@id":"https:\/\/niipit.dk\/viktoria-houmann\/produkt\/de-4-hjoernesten\/#breadcrumb","itemListElement":[{"@type":"ListItem","position":1,"name":"Hjem","item":"http:\/\/niipit.dk\/viktoria-houmann\/"},{"@type":"ListItem","position":2,"name":"Shop","item":"https:\/\/niipit.dk\/viktoria-houmann\/shop\/"},{"@type":"ListItem","position":3,"name":"De 4 hj\u00f8rnesten"}]},{"@type":"WebSite","@id":"http:\/\/niipit.dk\/viktoria-houmann\/#website","url":"http:\/\/niipit.dk\/viktoria-houmann\/","name":"Viktoria Houmann","description":"Selvk\u00e6rligt v\u00e6gttab","potentialAction":[{"@type":"SearchAction","target":{"@type":"EntryPoint","urlTemplate":"http:\/\/niipit.dk\/viktoria-houmann\/?s={search_term_string}"},"query-input":{"@type":"PropertyValueSpecification","valueRequired":true,"valueName":"search_term_string"}}],"inLanguage":"da-DK"}]}},"_links":{"self":[{"href":"https:\/\/niipit.dk\/viktoria-houmann\/wp-json\/wp\/v2\/product\/6483","targetHints":{"allow":["GET"]}}],"collection":[{"href":"https:\/\/niipit.dk\/viktoria-houmann\/wp-json\/wp\/v2\/product"}],"about":[{"href":"https:\/\/niipit.dk\/viktoria-houmann\/wp-json\/wp\/v2\/types\/product"}],"wp:featuredmedia":[{"embeddable":true,"href":"https:\/\/niipit.dk\/viktoria-houmann\/wp-json\/wp\/v2\/media\/6484"}],"wp:attachment":[{"href":"https:\/\/niipit.dk\/viktoria-houmann\/wp-json\/wp\/v2\/media?parent=6483"}],"wp:term":[{"taxonomy":"product_brand","embeddable":true,"href":"https:\/\/niipit.dk\/viktoria-houmann\/wp-json\/wp\/v2\/product_brand?post=6483"},{"taxonomy":"product_cat","embeddable":true,"href":"https:\/\/niipit.dk\/viktoria-houmann\/wp-json\/wp\/v2\/product_cat?post=6483"},{"taxonomy":"product_tag","embeddable":true,"href":"https:\/\/niipit.dk\/viktoria-houmann\/wp-json\/wp\/v2\/product_tag?post=6483"},{"taxonomy":"shoptype","embeddable":true,"href":"https:\/\/niipit.dk\/viktoria-houmann\/wp-json\/wp\/v2\/shoptype?post=6483"}],"curies":[{"name":"wp","href":"https:\/\/api.w.org\/{rel}","templated":true}]}}