{"id":6462,"date":"2019-12-13T19:35:58","date_gmt":"2019-12-13T18:35:58","guid":{"rendered":"https:\/\/niipit.dk\/viktoria-houmann\/?post_type=product&#038;p=6462"},"modified":"2020-04-07T20:40:05","modified_gmt":"2020-04-07T18:40:05","slug":"maaneds-betaling-selvkaerligt-vaegttab-for-kvinder","status":"publish","type":"product","link":"https:\/\/niipit.dk\/viktoria-houmann\/produkt\/maaneds-betaling-selvkaerligt-vaegttab-for-kvinder\/","title":{"rendered":"M\u00e5neds betaling Selvk\u00e6rligt v\u00e6gttab for kvinder"},"content":{"rendered":"<h1>M\u00e5neds betaling Selvk\u00e6rligt v\u00e6gttab for kvinder<\/h1>\n<p><a href=\"https:\/\/niipit.dk\/viktoria-houmann\/produkt\/selvkaerligt-vaegttab-for-kvinder\/\">L\u00e6s hele beskrivelsen af kurset her.<\/a><\/p>\n<p>Her kan du k\u00f8be kurset og betale det p\u00e5 1 gang og spare en del p\u00e5 det.<\/p>\n<p>&nbsp;<\/p>\n<p><strong>Tilmelding er bindende.<\/strong><br \/>\n<strong>Kurset varer 12 m\u00e5neder og betalingen foreg\u00e5r over 12 rater a 1100 kr.<\/strong><br \/>\n<strong>Hvis kurset afbrydes undervejs s\u00e5 vil betalingen stadig blive opkr\u00e6vet til de 12 m\u00e5neder er g\u00e5et.<\/strong><\/p>\n<p>N\u00e5r du har k\u00f8bt kurset s\u00e5 vil du senest den 3 Januar modtage en mail med et link og en kode s\u00e5 du kan tilg\u00e5 dit kursus materiale.<\/p>\n<p>Pengene bliver f\u00f8rst trukket p\u00e5 den konto den 3 Januar 2020<strong><br \/>\n<\/strong><\/p>\n","protected":false},"excerpt":{"rendered":"<p>M\u00e5neds betaling Selvk\u00e6rligt v\u00e6gttab for kvinder L\u00e6s hele beskrivelsen af kurset her. Her kan du k\u00f8be kurset og betale det p\u00e5 1 gang og spare en del p\u00e5 det. &nbsp; Tilmelding er bindende. Kurset varer 12 m\u00e5neder og betalingen foreg\u00e5r over 12 rater a 1100 kr. Hvis kurset afbrydes undervejs s\u00e5 vil betalingen stadig blive <a class=\"moretag btn btn-primary\" href=\"https:\/\/niipit.dk\/viktoria-houmann\/produkt\/maaneds-betaling-selvkaerligt-vaegttab-for-kvinder\/\">L\u00e6s mere<\/a><\/p>\n","protected":false},"featured_media":6102,"template":"","meta":{"_exactmetrics_skip_tracking":false,"_exactmetrics_sitenote_active":false,"_exactmetrics_sitenote_note":"","_exactmetrics_sitenote_category":0,"_monsterinsights_skip_tracking":false,"_monsterinsights_sitenote_active":false,"_monsterinsights_sitenote_note":"","_monsterinsights_sitenote_category":0},"product_brand":[],"product_cat":[2093],"product_tag":[],"shoptype":[],"class_list":{"0":"post-6462","1":"product","2":"type-product","3":"status-publish","4":"has-post-thumbnail","6":"product_cat-ukategoriseret","8":"first","9":"instock","10":"shipping-taxable","11":"purchasable","12":"product-type-subscription"},"yoast_head":"<!-- This site is optimized with the Yoast SEO Premium plugin v16.3 (Yoast SEO v27.3) - https:\/\/yoast.com\/product\/yoast-seo-premium-wordpress\/ -->\n<title>M\u00e5neds betaling Selvk\u00e6rligt v\u00e6gttab for kvinder - Viktoria Houmann<\/title>\n<meta name=\"description\" content=\"M\u00e5neds betaling Selvk\u00e6rligt v\u00e6gttab for kvinder - Viktoria Houmann K\u00f8b et 12 m\u00e5neders kursus og betal hver m\u00e5ned. L\u00e6s om kurset her\" \/>\n<meta name=\"robots\" content=\"index, follow, max-snippet:-1, max-image-preview:large, max-video-preview:-1\" \/>\n<link rel=\"canonical\" href=\"https:\/\/niipit.dk\/viktoria-houmann\/kursusbeskrivelse-til-selvkaerligt-vaegttab-for-kvinder\/\" \/>\n<meta property=\"og:locale\" content=\"da_DK\" \/>\n<meta property=\"og:type\" content=\"article\" \/>\n<meta property=\"og:title\" content=\"M\u00e5neds betaling Selvk\u00e6rligt v\u00e6gttab for kvinder - Viktoria Houmann\" \/>\n<meta property=\"og:description\" content=\"M\u00e5neds betaling Selvk\u00e6rligt v\u00e6gttab for kvinder - Viktoria Houmann K\u00f8b et 12 m\u00e5neders kursus og betal hver m\u00e5ned. L\u00e6s om kurset her\" \/>\n<meta property=\"og:url\" content=\"https:\/\/niipit.dk\/viktoria-houmann\/kursusbeskrivelse-til-selvkaerligt-vaegttab-for-kvinder\/\" \/>\n<meta property=\"og:site_name\" content=\"Viktoria Houmann\" \/>\n<meta property=\"article:modified_time\" content=\"2020-04-07T18:40:05+00:00\" \/>\n<meta property=\"og:image\" content=\"https:\/\/niipit.dk\/viktoria-houmann\/wp-content\/uploads\/sites\/351\/2019\/11\/Varigt-v\u00e6gttab-Viktoria-Houmann-Selvk\u00e6rligt-v\u00e6gttab.png\" \/>\n\t<meta property=\"og:image:width\" content=\"1236\" \/>\n\t<meta property=\"og:image:height\" content=\"695\" \/>\n\t<meta property=\"og:image:type\" content=\"image\/png\" \/>\n<meta name=\"twitter:card\" content=\"summary_large_image\" \/>\n<meta name=\"twitter:label1\" content=\"Estimeret l\u00e6setid\" \/>\n\t<meta name=\"twitter:data1\" content=\"1 minut\" \/>\n<script type=\"application\/ld+json\" class=\"yoast-schema-graph\">{\"@context\":\"https:\\\/\\\/schema.org\",\"@graph\":[{\"@type\":\"WebPage\",\"@id\":\"https:\\\/\\\/niipit.dk\\\/viktoria-houmann\\\/produkt\\\/maaneds-betaling-selvkaerligt-vaegttab-for-kvinder\\\/\",\"url\":\"https:\\\/\\\/niipit.dk\\\/viktoria-houmann\\\/kursusbeskrivelse-til-selvkaerligt-vaegttab-for-kvinder\\\/\",\"name\":\"M\u00e5neds betaling Selvk\u00e6rligt v\u00e6gttab for kvinder - Viktoria Houmann\",\"isPartOf\":{\"@id\":\"http:\\\/\\\/niipit.dk\\\/viktoria-houmann\\\/#website\"},\"primaryImageOfPage\":{\"@id\":\"https:\\\/\\\/niipit.dk\\\/viktoria-houmann\\\/kursusbeskrivelse-til-selvkaerligt-vaegttab-for-kvinder\\\/#primaryimage\"},\"image\":{\"@id\":\"https:\\\/\\\/niipit.dk\\\/viktoria-houmann\\\/kursusbeskrivelse-til-selvkaerligt-vaegttab-for-kvinder\\\/#primaryimage\"},\"thumbnailUrl\":\"https:\\\/\\\/niipit.dk\\\/viktoria-houmann\\\/wp-content\\\/uploads\\\/sites\\\/351\\\/2019\\\/11\\\/Varigt-v\u00e6gttab-Viktoria-Houmann-Selvk\u00e6rligt-v\u00e6gttab.png\",\"datePublished\":\"2019-12-13T18:35:58+00:00\",\"dateModified\":\"2020-04-07T18:40:05+00:00\",\"description\":\"M\u00e5neds betaling Selvk\u00e6rligt v\u00e6gttab for kvinder - Viktoria Houmann K\u00f8b et 12 m\u00e5neders kursus og betal hver m\u00e5ned. L\u00e6s om kurset her\",\"breadcrumb\":{\"@id\":\"https:\\\/\\\/niipit.dk\\\/viktoria-houmann\\\/kursusbeskrivelse-til-selvkaerligt-vaegttab-for-kvinder\\\/#breadcrumb\"},\"inLanguage\":\"da-DK\",\"potentialAction\":[{\"@type\":\"ReadAction\",\"target\":[\"https:\\\/\\\/niipit.dk\\\/viktoria-houmann\\\/kursusbeskrivelse-til-selvkaerligt-vaegttab-for-kvinder\\\/\"]}]},{\"@type\":\"ImageObject\",\"inLanguage\":\"da-DK\",\"@id\":\"https:\\\/\\\/niipit.dk\\\/viktoria-houmann\\\/kursusbeskrivelse-til-selvkaerligt-vaegttab-for-kvinder\\\/#primaryimage\",\"url\":\"https:\\\/\\\/niipit.dk\\\/viktoria-houmann\\\/wp-content\\\/uploads\\\/sites\\\/351\\\/2019\\\/11\\\/Varigt-v\u00e6gttab-Viktoria-Houmann-Selvk\u00e6rligt-v\u00e6gttab.png\",\"contentUrl\":\"https:\\\/\\\/niipit.dk\\\/viktoria-houmann\\\/wp-content\\\/uploads\\\/sites\\\/351\\\/2019\\\/11\\\/Varigt-v\u00e6gttab-Viktoria-Houmann-Selvk\u00e6rligt-v\u00e6gttab.png\",\"width\":1236,\"height\":695,\"caption\":\"Varigt v\u00e6gttab Viktoria Houmann Selvk\u00e6rligt v\u00e6gttab\"},{\"@type\":\"BreadcrumbList\",\"@id\":\"https:\\\/\\\/niipit.dk\\\/viktoria-houmann\\\/kursusbeskrivelse-til-selvkaerligt-vaegttab-for-kvinder\\\/#breadcrumb\",\"itemListElement\":[{\"@type\":\"ListItem\",\"position\":1,\"name\":\"Hjem\",\"item\":\"http:\\\/\\\/niipit.dk\\\/viktoria-houmann\\\/\"},{\"@type\":\"ListItem\",\"position\":2,\"name\":\"Shop\",\"item\":\"https:\\\/\\\/niipit.dk\\\/viktoria-houmann\\\/shop\\\/\"},{\"@type\":\"ListItem\",\"position\":3,\"name\":\"M\u00e5neds betaling Selvk\u00e6rligt v\u00e6gttab for kvinder\"}]},{\"@type\":\"WebSite\",\"@id\":\"http:\\\/\\\/niipit.dk\\\/viktoria-houmann\\\/#website\",\"url\":\"http:\\\/\\\/niipit.dk\\\/viktoria-houmann\\\/\",\"name\":\"Viktoria Houmann\",\"description\":\"Selvk\u00e6rligt v\u00e6gttab\",\"potentialAction\":[{\"@type\":\"SearchAction\",\"target\":{\"@type\":\"EntryPoint\",\"urlTemplate\":\"http:\\\/\\\/niipit.dk\\\/viktoria-houmann\\\/?s={search_term_string}\"},\"query-input\":{\"@type\":\"PropertyValueSpecification\",\"valueRequired\":true,\"valueName\":\"search_term_string\"}}],\"inLanguage\":\"da-DK\"}]}<\/script>\n<!-- \/ Yoast SEO Premium plugin. -->","yoast_head_json":{"title":"M\u00e5neds betaling Selvk\u00e6rligt v\u00e6gttab for kvinder - Viktoria Houmann","description":"M\u00e5neds betaling Selvk\u00e6rligt v\u00e6gttab for kvinder - Viktoria Houmann K\u00f8b et 12 m\u00e5neders kursus og betal hver m\u00e5ned. L\u00e6s om kurset her","robots":{"index":"index","follow":"follow","max-snippet":"max-snippet:-1","max-image-preview":"max-image-preview:large","max-video-preview":"max-video-preview:-1"},"canonical":"https:\/\/niipit.dk\/viktoria-houmann\/kursusbeskrivelse-til-selvkaerligt-vaegttab-for-kvinder\/","og_locale":"da_DK","og_type":"article","og_title":"M\u00e5neds betaling Selvk\u00e6rligt v\u00e6gttab for kvinder - Viktoria Houmann","og_description":"M\u00e5neds betaling Selvk\u00e6rligt v\u00e6gttab for kvinder - Viktoria Houmann K\u00f8b et 12 m\u00e5neders kursus og betal hver m\u00e5ned. L\u00e6s om kurset her","og_url":"https:\/\/niipit.dk\/viktoria-houmann\/kursusbeskrivelse-til-selvkaerligt-vaegttab-for-kvinder\/","og_site_name":"Viktoria Houmann","article_modified_time":"2020-04-07T18:40:05+00:00","og_image":[{"width":1236,"height":695,"url":"https:\/\/niipit.dk\/viktoria-houmann\/wp-content\/uploads\/sites\/351\/2019\/11\/Varigt-v\u00e6gttab-Viktoria-Houmann-Selvk\u00e6rligt-v\u00e6gttab.png","type":"image\/png"}],"twitter_card":"summary_large_image","twitter_misc":{"Estimeret l\u00e6setid":"1 minut"},"schema":{"@context":"https:\/\/schema.org","@graph":[{"@type":"WebPage","@id":"https:\/\/niipit.dk\/viktoria-houmann\/produkt\/maaneds-betaling-selvkaerligt-vaegttab-for-kvinder\/","url":"https:\/\/niipit.dk\/viktoria-houmann\/kursusbeskrivelse-til-selvkaerligt-vaegttab-for-kvinder\/","name":"M\u00e5neds betaling Selvk\u00e6rligt v\u00e6gttab for kvinder - Viktoria Houmann","isPartOf":{"@id":"http:\/\/niipit.dk\/viktoria-houmann\/#website"},"primaryImageOfPage":{"@id":"https:\/\/niipit.dk\/viktoria-houmann\/kursusbeskrivelse-til-selvkaerligt-vaegttab-for-kvinder\/#primaryimage"},"image":{"@id":"https:\/\/niipit.dk\/viktoria-houmann\/kursusbeskrivelse-til-selvkaerligt-vaegttab-for-kvinder\/#primaryimage"},"thumbnailUrl":"https:\/\/niipit.dk\/viktoria-houmann\/wp-content\/uploads\/sites\/351\/2019\/11\/Varigt-v\u00e6gttab-Viktoria-Houmann-Selvk\u00e6rligt-v\u00e6gttab.png","datePublished":"2019-12-13T18:35:58+00:00","dateModified":"2020-04-07T18:40:05+00:00","description":"M\u00e5neds betaling Selvk\u00e6rligt v\u00e6gttab for kvinder - Viktoria Houmann K\u00f8b et 12 m\u00e5neders kursus og betal hver m\u00e5ned. L\u00e6s om kurset her","breadcrumb":{"@id":"https:\/\/niipit.dk\/viktoria-houmann\/kursusbeskrivelse-til-selvkaerligt-vaegttab-for-kvinder\/#breadcrumb"},"inLanguage":"da-DK","potentialAction":[{"@type":"ReadAction","target":["https:\/\/niipit.dk\/viktoria-houmann\/kursusbeskrivelse-til-selvkaerligt-vaegttab-for-kvinder\/"]}]},{"@type":"ImageObject","inLanguage":"da-DK","@id":"https:\/\/niipit.dk\/viktoria-houmann\/kursusbeskrivelse-til-selvkaerligt-vaegttab-for-kvinder\/#primaryimage","url":"https:\/\/niipit.dk\/viktoria-houmann\/wp-content\/uploads\/sites\/351\/2019\/11\/Varigt-v\u00e6gttab-Viktoria-Houmann-Selvk\u00e6rligt-v\u00e6gttab.png","contentUrl":"https:\/\/niipit.dk\/viktoria-houmann\/wp-content\/uploads\/sites\/351\/2019\/11\/Varigt-v\u00e6gttab-Viktoria-Houmann-Selvk\u00e6rligt-v\u00e6gttab.png","width":1236,"height":695,"caption":"Varigt v\u00e6gttab Viktoria Houmann Selvk\u00e6rligt v\u00e6gttab"},{"@type":"BreadcrumbList","@id":"https:\/\/niipit.dk\/viktoria-houmann\/kursusbeskrivelse-til-selvkaerligt-vaegttab-for-kvinder\/#breadcrumb","itemListElement":[{"@type":"ListItem","position":1,"name":"Hjem","item":"http:\/\/niipit.dk\/viktoria-houmann\/"},{"@type":"ListItem","position":2,"name":"Shop","item":"https:\/\/niipit.dk\/viktoria-houmann\/shop\/"},{"@type":"ListItem","position":3,"name":"M\u00e5neds betaling Selvk\u00e6rligt v\u00e6gttab for kvinder"}]},{"@type":"WebSite","@id":"http:\/\/niipit.dk\/viktoria-houmann\/#website","url":"http:\/\/niipit.dk\/viktoria-houmann\/","name":"Viktoria Houmann","description":"Selvk\u00e6rligt v\u00e6gttab","potentialAction":[{"@type":"SearchAction","target":{"@type":"EntryPoint","urlTemplate":"http:\/\/niipit.dk\/viktoria-houmann\/?s={search_term_string}"},"query-input":{"@type":"PropertyValueSpecification","valueRequired":true,"valueName":"search_term_string"}}],"inLanguage":"da-DK"}]}},"_links":{"self":[{"href":"https:\/\/niipit.dk\/viktoria-houmann\/wp-json\/wp\/v2\/product\/6462","targetHints":{"allow":["GET"]}}],"collection":[{"href":"https:\/\/niipit.dk\/viktoria-houmann\/wp-json\/wp\/v2\/product"}],"about":[{"href":"https:\/\/niipit.dk\/viktoria-houmann\/wp-json\/wp\/v2\/types\/product"}],"wp:featuredmedia":[{"embeddable":true,"href":"https:\/\/niipit.dk\/viktoria-houmann\/wp-json\/wp\/v2\/media\/6102"}],"wp:attachment":[{"href":"https:\/\/niipit.dk\/viktoria-houmann\/wp-json\/wp\/v2\/media?parent=6462"}],"wp:term":[{"taxonomy":"product_brand","embeddable":true,"href":"https:\/\/niipit.dk\/viktoria-houmann\/wp-json\/wp\/v2\/product_brand?post=6462"},{"taxonomy":"product_cat","embeddable":true,"href":"https:\/\/niipit.dk\/viktoria-houmann\/wp-json\/wp\/v2\/product_cat?post=6462"},{"taxonomy":"product_tag","embeddable":true,"href":"https:\/\/niipit.dk\/viktoria-houmann\/wp-json\/wp\/v2\/product_tag?post=6462"},{"taxonomy":"shoptype","embeddable":true,"href":"https:\/\/niipit.dk\/viktoria-houmann\/wp-json\/wp\/v2\/shoptype?post=6462"}],"curies":[{"name":"wp","href":"https:\/\/api.w.org\/{rel}","templated":true}]}}