{"id":6277,"date":"2019-12-10T20:37:44","date_gmt":"2019-12-10T19:37:44","guid":{"rendered":"https:\/\/niipit.dk\/viktoria-houmann\/?post_type=product&#038;p=6277"},"modified":"2019-12-13T20:09:56","modified_gmt":"2019-12-13T19:09:56","slug":"selvudvikling-kursus","status":"publish","type":"product","link":"https:\/\/niipit.dk\/viktoria-houmann\/produkt\/selvudvikling-kursus\/","title":{"rendered":"Selvudvikling &#8211; Kursus"},"content":{"rendered":"<h1>Selvudvikling &#8211; Kursus<\/h1>\n<p><strong>Selvudvikling &#8211; &#8220;Frihed til at v\u00e6re dig &#8211; Skift din frekvens&#8221; er et helt unikt og meget dybtg\u00e5ende selvudviklingskursus <\/strong><\/p>\n<h3><em>Men hvad er selvudvikling egentlig og hvad skal du bruge det til?<\/em><\/h3>\n<p>Selvudvikling handler det om at tage ansvar for dit liv og f\u00e5 det meste ud af det. Det handler om at finde din passion. Om at skabe de bedste betingelser for dig og de mennesker der er omkring dig, ud fra dine kernev\u00e6rdier.<br \/>\nN\u00e5r du arbejder med selvudvikling, f\u00e5r du en st\u00f8rre forst\u00e5else af dig selv. Du f\u00e5r dermed bedre mulighed for at navigere i dit eget liv. Du f\u00e5r mulighed for at vende det som lige nu, sp\u00e6nder ben for dig, til noget konstruktivt. Du l\u00e6re hvordan du kan bruge det som en ressource, i stedet for en begr\u00e6nsning.<\/p>\n<p>Det giver dig frihed, n\u00e5r du slipper gammel bagage som du ikke l\u00e6ngere har brug for, eller som sinker dig p\u00e5 din rejse.<br \/>\nDet giver dig frihed til at slippe det gamle og giver dermed plads til noget nyt.<br \/>\nDet giver dig plads til at v\u00e6re den du i virkeligheden er, uden at skulle p\u00e5tage dig en masse roller og frig\u00f8re de ressourcer der er gemt i dig.<br \/>\nN\u00e5r du l\u00e6re at rumme dig selv, bliver du ogs\u00e5 mere rummelig overfor andre. Dine relationer bliver dybere og mere \u00e6gte. N\u00e5r du begynder at bidrage med alt der er dig, bidrager du mere til verden, hvilket altid vil vende tilbage til dig selv.<br \/>\n<strong>Det handler alts\u00e5 om at finde hjem.<\/strong><\/p>\n<h3><em>Hvad f\u00e5r du med p\u00e5 kurset?<\/em><\/h3>\n<p>Dette kursus, varer et helt \u00e5r.<br \/>\nDu vil l\u00e6re at arbejde med dig som person. Din sundhed, dine f\u00f8lelser, dine karaktertr\u00e6k, din spiritualitet og din kreativitet, din intellektualitet.<br \/>\nDu l\u00e6re at arbejde med dine relationer som k\u00e6reste, for\u00e6ldre og sociale relationer. Det kunne v\u00e6re en ven eller kollega.<br \/>\nDu kommer til at kigge p\u00e5 din karriere og din \u00f8konomi.<\/p>\n<h3>Hvorfor s\u00e5 omfattende?<\/h3>\n<p>N\u00e5r du overvejer dette kursus s\u00e5 er det helt sikkert fordi du har flere mislykkede fors\u00f8g p\u00e5 v\u00e6gttab bag dig. Du har m\u00e5ske ikke opn\u00e5et de resultater du \u00f8nsker dig, tidligere.<br \/>\nVarigt v\u00e6gttab er ikke et quick fix, noget du kan drikke dig til eller f\u00e5 ved en mirakel kur.<\/p>\n<p>Grunden til at kurset er s\u00e5 omfattende p\u00e5 alle omr\u00e5der er, at hvert omr\u00e5de p\u00e5virker de andre.<br \/>\nHvis du skal have et v\u00e6gttab der holder s\u00e5 skal du ind i dig selv og finde \u00e5rsagen og bryde vanerne.<br \/>\nDine vaner kan enten v\u00e6re med til at l\u00f8fte dig eller tr\u00e6kke dig ned.<br \/>\nDerfor skal du kigget hele dit liv igennem og finder frem til det der virkelig har v\u00e6rdi for dig og som skal udvikles\/styrkes.<br \/>\nDu skal l\u00e6re at slipper alt det, som i virkeligheden ikke er vigtig for dig, men som tager din tid og energi.<br \/>\nP\u00e5 kurset vil du f\u00e5 redskaberne til hvordan du kan opn\u00e5 varigt v\u00e6gttab, s\u00e5 det ikke bliver en masse dagdr\u00f8mme, men virkelighed.<br \/>\nDu kommer alts\u00e5 til at leve et meget mere fantastisk liv, hvor gr\u00e6sset er gr\u00f8nneste hos dig.<\/p>\n<h3><em>Hor foreg\u00e5r kurset og hvad koster kurset?<\/em><\/h3>\n<p>Kurset er et online kursus. Det giver dig frihed til at arbejde p\u00e5 de tidspunkter der passer dig bedst.<br \/>\nEn v\u00e6sentligt del af kurset er coaching der hj\u00e6lper og underst\u00f8tter din udvikling.<br \/>\nS\u00f8rger for fremdrift og for at du kan vedholde dine m\u00e5l.<br \/>\nDette foreg\u00e5r over telefonen eller via messenger.<\/p>\n<p>Pris for kurset er 18000,00 kr. med moms.<br \/>\nDu har mulighed for at betale \u00a0p\u00e5 2 m\u00e5der.<br \/>\nEnten kan du betale det hele p\u00e5 en gang eller over 12 m\u00e5neder.<\/p>\n<p><strong>Hvis du k\u00f8ber Kurset <a href=\"https:\/\/niipit.dk\/viktoria-houmann\/produkt\/selvkaerligt-vaegttab-for-kvinder\/\">Selvk\u00e6rligt v\u00e6gttab<\/a> i december 2019, med kursusstart 3. januar 2020 s\u00e5 f\u00e5r du dette kursus med gratis.<\/strong><br \/>\n<img loading=\"lazy\" decoding=\"async\" class=\"alignnone size-medium wp-image-6166\" src=\"https:\/\/niipit.dk\/viktoria-houmann\/wp-content\/uploads\/sites\/351\/2019\/11\/Viktoria-Houmann-Selvk\u00e6rligt-v\u00e6gttab-12-300x300.png\" alt=\"Viktoria Houmann Selvk\u00e6rligt v\u00e6gttab\" width=\"300\" height=\"300\" srcset=\"https:\/\/niipit.dk\/viktoria-houmann\/wp-content\/uploads\/sites\/351\/2019\/11\/Viktoria-Houmann-Selvk\u00e6rligt-v\u00e6gttab-12-300x300.png 300w, https:\/\/niipit.dk\/viktoria-houmann\/wp-content\/uploads\/sites\/351\/2019\/11\/Viktoria-Houmann-Selvk\u00e6rligt-v\u00e6gttab-12-150x150.png 150w, https:\/\/niipit.dk\/viktoria-houmann\/wp-content\/uploads\/sites\/351\/2019\/11\/Viktoria-Houmann-Selvk\u00e6rligt-v\u00e6gttab-12-768x768.png 768w, https:\/\/niipit.dk\/viktoria-houmann\/wp-content\/uploads\/sites\/351\/2019\/11\/Viktoria-Houmann-Selvk\u00e6rligt-v\u00e6gttab-12-600x600.png 600w, https:\/\/niipit.dk\/viktoria-houmann\/wp-content\/uploads\/sites\/351\/2019\/11\/Viktoria-Houmann-Selvk\u00e6rligt-v\u00e6gttab-12-100x100.png 100w, https:\/\/niipit.dk\/viktoria-houmann\/wp-content\/uploads\/sites\/351\/2019\/11\/Viktoria-Houmann-Selvk\u00e6rligt-v\u00e6gttab-12.png 800w\" sizes=\"auto, (max-width: 300px) 100vw, 300px\" \/><\/p>\n<p>Se mere p\u00e5 <a href=\"https:\/\/www.facebook.com\/Livsforvandlerdk-Livsforvandler-Akademiet-Viktoria-Houmann-105558213548737\/\">Facebook<\/a><\/p>\n","protected":false},"excerpt":{"rendered":"<p>Selvudvikling &#8211; Kursus Selvudvikling &#8211; &#8220;Frihed til at v\u00e6re dig &#8211; Skift din frekvens&#8221; er et helt unikt og meget dybtg\u00e5ende selvudviklingskursus Men hvad er selvudvikling egentlig og hvad skal du bruge det til? Selvudvikling handler det om at tage ansvar for dit liv og f\u00e5 det meste ud af det. Det handler om at <a class=\"moretag btn btn-primary\" href=\"https:\/\/niipit.dk\/viktoria-houmann\/produkt\/selvudvikling-kursus\/\">L\u00e6s mere<\/a><\/p>\n","protected":false},"featured_media":6166,"template":"","meta":{"_exactmetrics_skip_tracking":false,"_exactmetrics_sitenote_active":false,"_exactmetrics_sitenote_note":"","_exactmetrics_sitenote_category":0,"_monsterinsights_skip_tracking":false,"_monsterinsights_sitenote_active":false,"_monsterinsights_sitenote_note":"","_monsterinsights_sitenote_category":0},"product_brand":[],"product_cat":[2164],"product_tag":[],"shoptype":[],"class_list":{"0":"post-6277","1":"product","2":"type-product","3":"status-publish","4":"has-post-thumbnail","6":"product_cat-alle-vare","8":"first","9":"instock","10":"shipping-taxable","11":"purchasable","12":"product-type-simple"},"yoast_head":"<!-- This site is optimized with the Yoast SEO Premium plugin v16.3 (Yoast SEO v27.3) - https:\/\/yoast.com\/product\/yoast-seo-premium-wordpress\/ -->\n<title>Selvudvikling online kursus - Viktoria Houmann - Start 2 Januar 2020<\/title>\n<meta name=\"description\" content=\"Selvudvikling Online Kursus - k\u00e6mper du med v\u00e6gten - har du pr\u00f8vet et utal af kure - P\u00e5 dette kursus l\u00e6re du dig selv at kende samtidig med v\u00e6gttab.\" \/>\n<meta name=\"robots\" content=\"index, follow, max-snippet:-1, max-image-preview:large, max-video-preview:-1\" \/>\n<link rel=\"canonical\" href=\"https:\/\/niipit.dk\/viktoria-houmann\/produkt\/selvudvikling-kursus\/\" \/>\n<meta property=\"og:locale\" content=\"da_DK\" \/>\n<meta property=\"og:type\" content=\"article\" \/>\n<meta property=\"og:title\" content=\"Selvudvikling online kursus - Viktoria Houmann - Start 2 Januar 2020\" \/>\n<meta property=\"og:description\" content=\"Selvudvikling Online Kursus - k\u00e6mper du med v\u00e6gten - har du pr\u00f8vet et utal af kure - P\u00e5 dette kursus l\u00e6re du dig selv at kende samtidig med v\u00e6gttab.\" \/>\n<meta property=\"og:url\" content=\"https:\/\/niipit.dk\/viktoria-houmann\/produkt\/selvudvikling-kursus\/\" \/>\n<meta property=\"og:site_name\" content=\"Viktoria Houmann\" \/>\n<meta property=\"article:modified_time\" content=\"2019-12-13T19:09:56+00:00\" \/>\n<meta property=\"og:image\" content=\"https:\/\/niipit.dk\/viktoria-houmann\/wp-content\/uploads\/sites\/351\/2019\/11\/Viktoria-Houmann-Selvk\u00e6rligt-v\u00e6gttab-12.png\" \/>\n\t<meta property=\"og:image:width\" content=\"800\" \/>\n\t<meta property=\"og:image:height\" content=\"800\" \/>\n\t<meta property=\"og:image:type\" content=\"image\/png\" \/>\n<meta name=\"twitter:card\" content=\"summary_large_image\" \/>\n<meta name=\"twitter:label1\" content=\"Estimeret l\u00e6setid\" \/>\n\t<meta name=\"twitter:data1\" content=\"3 minutter\" \/>\n<script type=\"application\/ld+json\" class=\"yoast-schema-graph\">{\"@context\":\"https:\\\/\\\/schema.org\",\"@graph\":[{\"@type\":\"WebPage\",\"@id\":\"https:\\\/\\\/niipit.dk\\\/viktoria-houmann\\\/produkt\\\/selvudvikling-kursus\\\/\",\"url\":\"https:\\\/\\\/niipit.dk\\\/viktoria-houmann\\\/produkt\\\/selvudvikling-kursus\\\/\",\"name\":\"Selvudvikling online kursus - Viktoria Houmann - Start 2 Januar 2020\",\"isPartOf\":{\"@id\":\"http:\\\/\\\/niipit.dk\\\/viktoria-houmann\\\/#website\"},\"primaryImageOfPage\":{\"@id\":\"https:\\\/\\\/niipit.dk\\\/viktoria-houmann\\\/produkt\\\/selvudvikling-kursus\\\/#primaryimage\"},\"image\":{\"@id\":\"https:\\\/\\\/niipit.dk\\\/viktoria-houmann\\\/produkt\\\/selvudvikling-kursus\\\/#primaryimage\"},\"thumbnailUrl\":\"https:\\\/\\\/niipit.dk\\\/viktoria-houmann\\\/wp-content\\\/uploads\\\/sites\\\/351\\\/2019\\\/11\\\/Viktoria-Houmann-Selvk\u00e6rligt-v\u00e6gttab-12.png\",\"datePublished\":\"2019-12-10T19:37:44+00:00\",\"dateModified\":\"2019-12-13T19:09:56+00:00\",\"description\":\"Selvudvikling Online Kursus - k\u00e6mper du med v\u00e6gten - har du pr\u00f8vet et utal af kure - P\u00e5 dette kursus l\u00e6re du dig selv at kende samtidig med v\u00e6gttab.\",\"breadcrumb\":{\"@id\":\"https:\\\/\\\/niipit.dk\\\/viktoria-houmann\\\/produkt\\\/selvudvikling-kursus\\\/#breadcrumb\"},\"inLanguage\":\"da-DK\",\"potentialAction\":[{\"@type\":\"ReadAction\",\"target\":[\"https:\\\/\\\/niipit.dk\\\/viktoria-houmann\\\/produkt\\\/selvudvikling-kursus\\\/\"]}]},{\"@type\":\"ImageObject\",\"inLanguage\":\"da-DK\",\"@id\":\"https:\\\/\\\/niipit.dk\\\/viktoria-houmann\\\/produkt\\\/selvudvikling-kursus\\\/#primaryimage\",\"url\":\"https:\\\/\\\/niipit.dk\\\/viktoria-houmann\\\/wp-content\\\/uploads\\\/sites\\\/351\\\/2019\\\/11\\\/Viktoria-Houmann-Selvk\u00e6rligt-v\u00e6gttab-12.png\",\"contentUrl\":\"https:\\\/\\\/niipit.dk\\\/viktoria-houmann\\\/wp-content\\\/uploads\\\/sites\\\/351\\\/2019\\\/11\\\/Viktoria-Houmann-Selvk\u00e6rligt-v\u00e6gttab-12.png\",\"width\":800,\"height\":800,\"caption\":\"Selvudvikling Kursus Viktoria Houmann Selvk\u00e6rligt v\u00e6gttab\"},{\"@type\":\"BreadcrumbList\",\"@id\":\"https:\\\/\\\/niipit.dk\\\/viktoria-houmann\\\/produkt\\\/selvudvikling-kursus\\\/#breadcrumb\",\"itemListElement\":[{\"@type\":\"ListItem\",\"position\":1,\"name\":\"Hjem\",\"item\":\"http:\\\/\\\/niipit.dk\\\/viktoria-houmann\\\/\"},{\"@type\":\"ListItem\",\"position\":2,\"name\":\"Shop\",\"item\":\"https:\\\/\\\/niipit.dk\\\/viktoria-houmann\\\/shop\\\/\"},{\"@type\":\"ListItem\",\"position\":3,\"name\":\"Selvudvikling &#8211; Kursus\"}]},{\"@type\":\"WebSite\",\"@id\":\"http:\\\/\\\/niipit.dk\\\/viktoria-houmann\\\/#website\",\"url\":\"http:\\\/\\\/niipit.dk\\\/viktoria-houmann\\\/\",\"name\":\"Viktoria Houmann\",\"description\":\"Selvk\u00e6rligt v\u00e6gttab\",\"potentialAction\":[{\"@type\":\"SearchAction\",\"target\":{\"@type\":\"EntryPoint\",\"urlTemplate\":\"http:\\\/\\\/niipit.dk\\\/viktoria-houmann\\\/?s={search_term_string}\"},\"query-input\":{\"@type\":\"PropertyValueSpecification\",\"valueRequired\":true,\"valueName\":\"search_term_string\"}}],\"inLanguage\":\"da-DK\"}]}<\/script>\n<!-- \/ Yoast SEO Premium plugin. -->","yoast_head_json":{"title":"Selvudvikling online kursus - Viktoria Houmann - Start 2 Januar 2020","description":"Selvudvikling Online Kursus - k\u00e6mper du med v\u00e6gten - har du pr\u00f8vet et utal af kure - P\u00e5 dette kursus l\u00e6re du dig selv at kende samtidig med v\u00e6gttab.","robots":{"index":"index","follow":"follow","max-snippet":"max-snippet:-1","max-image-preview":"max-image-preview:large","max-video-preview":"max-video-preview:-1"},"canonical":"https:\/\/niipit.dk\/viktoria-houmann\/produkt\/selvudvikling-kursus\/","og_locale":"da_DK","og_type":"article","og_title":"Selvudvikling online kursus - Viktoria Houmann - Start 2 Januar 2020","og_description":"Selvudvikling Online Kursus - k\u00e6mper du med v\u00e6gten - har du pr\u00f8vet et utal af kure - P\u00e5 dette kursus l\u00e6re du dig selv at kende samtidig med v\u00e6gttab.","og_url":"https:\/\/niipit.dk\/viktoria-houmann\/produkt\/selvudvikling-kursus\/","og_site_name":"Viktoria Houmann","article_modified_time":"2019-12-13T19:09:56+00:00","og_image":[{"width":800,"height":800,"url":"https:\/\/niipit.dk\/viktoria-houmann\/wp-content\/uploads\/sites\/351\/2019\/11\/Viktoria-Houmann-Selvk\u00e6rligt-v\u00e6gttab-12.png","type":"image\/png"}],"twitter_card":"summary_large_image","twitter_misc":{"Estimeret l\u00e6setid":"3 minutter"},"schema":{"@context":"https:\/\/schema.org","@graph":[{"@type":"WebPage","@id":"https:\/\/niipit.dk\/viktoria-houmann\/produkt\/selvudvikling-kursus\/","url":"https:\/\/niipit.dk\/viktoria-houmann\/produkt\/selvudvikling-kursus\/","name":"Selvudvikling online kursus - Viktoria Houmann - Start 2 Januar 2020","isPartOf":{"@id":"http:\/\/niipit.dk\/viktoria-houmann\/#website"},"primaryImageOfPage":{"@id":"https:\/\/niipit.dk\/viktoria-houmann\/produkt\/selvudvikling-kursus\/#primaryimage"},"image":{"@id":"https:\/\/niipit.dk\/viktoria-houmann\/produkt\/selvudvikling-kursus\/#primaryimage"},"thumbnailUrl":"https:\/\/niipit.dk\/viktoria-houmann\/wp-content\/uploads\/sites\/351\/2019\/11\/Viktoria-Houmann-Selvk\u00e6rligt-v\u00e6gttab-12.png","datePublished":"2019-12-10T19:37:44+00:00","dateModified":"2019-12-13T19:09:56+00:00","description":"Selvudvikling Online Kursus - k\u00e6mper du med v\u00e6gten - har du pr\u00f8vet et utal af kure - P\u00e5 dette kursus l\u00e6re du dig selv at kende samtidig med v\u00e6gttab.","breadcrumb":{"@id":"https:\/\/niipit.dk\/viktoria-houmann\/produkt\/selvudvikling-kursus\/#breadcrumb"},"inLanguage":"da-DK","potentialAction":[{"@type":"ReadAction","target":["https:\/\/niipit.dk\/viktoria-houmann\/produkt\/selvudvikling-kursus\/"]}]},{"@type":"ImageObject","inLanguage":"da-DK","@id":"https:\/\/niipit.dk\/viktoria-houmann\/produkt\/selvudvikling-kursus\/#primaryimage","url":"https:\/\/niipit.dk\/viktoria-houmann\/wp-content\/uploads\/sites\/351\/2019\/11\/Viktoria-Houmann-Selvk\u00e6rligt-v\u00e6gttab-12.png","contentUrl":"https:\/\/niipit.dk\/viktoria-houmann\/wp-content\/uploads\/sites\/351\/2019\/11\/Viktoria-Houmann-Selvk\u00e6rligt-v\u00e6gttab-12.png","width":800,"height":800,"caption":"Selvudvikling Kursus Viktoria Houmann Selvk\u00e6rligt v\u00e6gttab"},{"@type":"BreadcrumbList","@id":"https:\/\/niipit.dk\/viktoria-houmann\/produkt\/selvudvikling-kursus\/#breadcrumb","itemListElement":[{"@type":"ListItem","position":1,"name":"Hjem","item":"http:\/\/niipit.dk\/viktoria-houmann\/"},{"@type":"ListItem","position":2,"name":"Shop","item":"https:\/\/niipit.dk\/viktoria-houmann\/shop\/"},{"@type":"ListItem","position":3,"name":"Selvudvikling &#8211; Kursus"}]},{"@type":"WebSite","@id":"http:\/\/niipit.dk\/viktoria-houmann\/#website","url":"http:\/\/niipit.dk\/viktoria-houmann\/","name":"Viktoria Houmann","description":"Selvk\u00e6rligt v\u00e6gttab","potentialAction":[{"@type":"SearchAction","target":{"@type":"EntryPoint","urlTemplate":"http:\/\/niipit.dk\/viktoria-houmann\/?s={search_term_string}"},"query-input":{"@type":"PropertyValueSpecification","valueRequired":true,"valueName":"search_term_string"}}],"inLanguage":"da-DK"}]}},"_links":{"self":[{"href":"https:\/\/niipit.dk\/viktoria-houmann\/wp-json\/wp\/v2\/product\/6277","targetHints":{"allow":["GET"]}}],"collection":[{"href":"https:\/\/niipit.dk\/viktoria-houmann\/wp-json\/wp\/v2\/product"}],"about":[{"href":"https:\/\/niipit.dk\/viktoria-houmann\/wp-json\/wp\/v2\/types\/product"}],"wp:featuredmedia":[{"embeddable":true,"href":"https:\/\/niipit.dk\/viktoria-houmann\/wp-json\/wp\/v2\/media\/6166"}],"wp:attachment":[{"href":"https:\/\/niipit.dk\/viktoria-houmann\/wp-json\/wp\/v2\/media?parent=6277"}],"wp:term":[{"taxonomy":"product_brand","embeddable":true,"href":"https:\/\/niipit.dk\/viktoria-houmann\/wp-json\/wp\/v2\/product_brand?post=6277"},{"taxonomy":"product_cat","embeddable":true,"href":"https:\/\/niipit.dk\/viktoria-houmann\/wp-json\/wp\/v2\/product_cat?post=6277"},{"taxonomy":"product_tag","embeddable":true,"href":"https:\/\/niipit.dk\/viktoria-houmann\/wp-json\/wp\/v2\/product_tag?post=6277"},{"taxonomy":"shoptype","embeddable":true,"href":"https:\/\/niipit.dk\/viktoria-houmann\/wp-json\/wp\/v2\/shoptype?post=6277"}],"curies":[{"name":"wp","href":"https:\/\/api.w.org\/{rel}","templated":true}]}}