{"id":6361,"date":"2019-12-06T12:30:49","date_gmt":"2019-12-06T11:30:49","guid":{"rendered":"https:\/\/niipit.dk\/viktoria-houmann\/?page_id=6361"},"modified":"2020-07-04T23:01:21","modified_gmt":"2020-07-04T21:01:21","slug":"abonnomentsbetingelser","status":"publish","type":"page","link":"https:\/\/niipit.dk\/viktoria-houmann\/abonnomentsbetingelser\/","title":{"rendered":"Abonnomentsbetingelser"},"content":{"rendered":"\n<h1 class=\"wp-block-heading\">Abonnomentsbetingelser for Livsforvandler &#8211; Akademiet<\/h1>\n\n\n\n<p><strong>Livsforvandler &#8211; Akademiet<\/strong><br>Lundevej 14<br>5600 Faaborg<br>TLF:&nbsp;<a href=\"tel:+45 51 96 61 82\">+45 51 96 61 82<\/a><br>CVR: 36245522<\/p>\n\n\n\n<h2 class=\"wp-block-heading\">Generelt<\/h2>\n\n\n\n<p>Livsforvandler &#8211; Akademiet stiller et abonnement baseret online tjeneste til r\u00e5dighed p\u00e5 https:\/\/niipit.dk\/viktoria-houmann\/. Vilk\u00e5rene er g\u00e6ldende mellem den enkelte bruger og Livsforvandler &#8211; Akademiet.<\/p>\n\n\n\n<p>Disse vilk\u00e5r og betingelser for brug g\u00e6lder for aftaler mellem Livsforvandler &#8211; Akademiet og \u00e9n fysisk person (herefter \u201cBrugeren\u201d) vedr\u00f8rende Tjenesten. Kun personer, der er 18 \u00e5r eller \u00e6ldre og bor i Danmark, kan indg\u00e5 en aftale med Livsforvandler &#8211; Akademiet vedr\u00f8rende Tjenesten.<\/p>\n\n\n\n<p>Disse Betingelser udg\u00f8r samlet den aftale, der er g\u00e6ldende mellem Brugeren og Livsforvandler &#8211; Akademiet.&nbsp;<\/p>\n\n\n\n<p>For at f\u00e5 adgang til Tjenesten, skal Brugeren l\u00e6se og acceptere handelsbetingelserne.<\/p>\n\n\n\n<h2 class=\"wp-block-heading\">Ydelsens omfang<\/h2>\n\n\n\n<p>Tjenesten giver Brugeren adgang til Livsforvandler &#8211; Akademiet&#8217;s tjenester bestemt ved bestilling.<\/p>\n\n\n\n<h2 class=\"wp-block-heading\">Adgang til tjenesten<\/h2>\n\n\n\n<p>Brugeren skal for at f\u00e5 adgang til Tjenesten registrere en brugerkonto p\u00e5 portalen.<\/p>\n\n\n\n<h2 class=\"wp-block-heading\">Registrering og brugeradgang<\/h2>\n\n\n\n<p>Brugeren er ansvarlig for at sikre, at de angivne oplysninger er korrekte p\u00e5 registreringstidspunktet. Ved registrering m\u00e5 Brugeren kun give oplysninger vedr\u00f8rende egne betalings- og kreditkort.<\/p>\n\n\n\n<p>Ved registrering skal Brugeren angive et brugernavn og et password (herefter \u201cLogin Oplysninger\u201d). Brugerens Login Oplysninger er personlige og m\u00e5 ikke bruges af andre med mindre andet er anf\u00f8rt p\u00e5 produktet.<\/p>\n\n\n\n<p>Brugeren skal opbevare Login Oplysningerne p\u00e5 et sikkert sted, s\u00e5ledes at andre ikke kan f\u00e5 uberettiget adgang til dem. Brugeren er ansvarlig for al brug af sin brugerkonto.<\/p>\n\n\n\n<p>Hvis Brugeren f\u00e5r mistanke om ulovlig brug af Brugerens Login Oplysninger, skal Brugeren omg\u00e5ende underrette Livsforvandler &#8211; Akademiet samt \u00e6ndre sit password.<\/p>\n\n\n\n<h2 class=\"wp-block-heading\">Gebyrer og Betaling<\/h2>\n\n\n\n<p>Gebyrer for brug af Tjenesten skal betales i henhold til den til enhver tid g\u00e6ldende prisliste, der er tilg\u00e6ngelig p\u00e5 hjemmesiden.<\/p>\n\n\n\n<p>Betaling for abonnementet sker forud hver m\u00e5ned.<\/p>\n\n\n\n<p>Brugeren skal udf\u00f8re betalingen for abonnementet via de af Livsforvandler &#8211; Akademiet tilbudte betalingsmidler p\u00e5 hjemmesiden. Brugeren forpligter sig til at underskrive de n\u00f8dvendige dokumenter, og til ved hver betalingsdato at have tilstr\u00e6kkelige midler til betaling tilg\u00e6ngelige via det valgte betalingsmiddel.<\/p>\n\n\n\n<h2 class=\"wp-block-heading\">Tilpasninger og \u00e6ndringer<\/h2>\n\n\n\n<p>Livsforvandler &#8211; Akademiet forbeholder sig retten til at \u00e6ndre gebyret og andre betingelser for Tjenesten. \u00c6ndringen skal meddeles til Brugeren senest tredive (30) dage inden \u00e6ndringen tr\u00e6der i kraft. I tilf\u00e6lde af s\u00e5danne \u00e6ndringer er Brugeren berettiget til at opsige abonnementet med virkning fra den dag, hvor \u00e6ndringen tr\u00e6der i kraft. Hvis Brugeren ikke opsiger abonnementet f\u00f8r \u00e6ndringen tr\u00e6der i kraft, skal det betragtes som accept af \u00e6ndringen. \u00c6ndringer, der er til \u00e5benbar fordel for Brugeren, g\u00e6lder med det samme uden opsigelsesret for Brugeren.<\/p>\n\n\n\n<h2 class=\"wp-block-heading\">Opsigelse af abonnement<\/h2>\n\n\n\n<p>Opsigelse af Tjenesten kan ske ved udgang af betalings-perioden p\u00e5 1 m\u00e5ned fra seneste betaling. For at opsige sin aftale skal man bruge det, p\u00e5 forsiden, angivede link<br>eller kontakte Livsforvandler &#8211; Akademiet via&nbsp;<a href=\"mailto:viktoria.houmann@gmail.com\">viktoria.houmann@gmail.com<\/a><\/p>\n\n\n\n<h2 class=\"wp-block-heading\">Betaling<\/h2>\n\n\n\n<p>Livsforvandler &#8211; Akademiet modtager online betalinger med Visa\/Dankort, Mastercard, Visa Electron, Maestro.&nbsp;<\/p>\n\n\n\n<p>Betaling vil f\u00f8rst blive trukket p\u00e5 din konto, n\u00e5r den fysiske vare afsendes eller det virtuelle produkt er oprettet med mindre andet er aftalt eller fremg\u00e5r af din ordre.<\/p>\n\n\n\n<p>Alle bel\u00f8b p\u00e5 hjemmesiden er inklusiv moms.<br>Hjemmesiden bruger f\u00f8lgende valutaer til priss\u00e6tning:<br>Denmark &#8211; Kroner (DKK)<\/p>\n\n\n\n<p>Livsforvandler &#8211; Akademiet benytter en sikker betalingsserver, der krypterer alle oplysninger med SSL protokol hvilket betyder din data er sikker og ikke kan l\u00e6ses af andre udefrakommende.<\/p>\n\n\n\n<p>Livsforvandler &#8211; Akademiet&#8217;s egen hjemmeside bruger ligeledes kryptering med SSL protokol.<\/p>\n\n\n\n<h2 class=\"wp-block-heading\">Fortrydelsesret<\/h2>\n\n\n\n<p>Der gives ikke fortrydelsesret p\u00e5 varer k\u00f8bt i vores webshop da varen er af s\u00e5dan art, at der i henhold til dansk lovgivning ikke kan eller b\u00f8r ydes returret.<\/p>\n\n\n\n<p><a href=\"http:\/\/www.forbrugerombudsmanden.dk\/hvad-gaelder\/markedsfoeringsloven\/webshopguide\/kundens-fortrydelsesret\/\">L\u00e6s mere p\u00e5 forbrugerombudsmandens hjemmeside.<\/a><\/p>\n\n\n\n<h2 class=\"wp-block-heading\">Reklamationsret<\/h2>\n\n\n\n<p>Der gives 2 \u00e5rs reklamationsret p\u00e5 produkter i henhold til den danske k\u00f8belov. Reklamationsretten g\u00e6lder for alle fejl i software, materiale og fabrikation.<\/p>\n\n\n\n<p>Reklamation vedr. fejl og mangler skal meddeles til Livsforvandler &#8211; Akademiet i rimelig tid efter varens modtagelse.&nbsp;\u2028Her anses max. to m\u00e5neder som rimelig tid, med mindre andet er aftalt.\u2028Vi refunderer rimelige fragtomkostninger.<\/p>\n\n\n\n<p>Reklamationen frafalder ved forkert eller ualmindelig betjening af produktet.<\/p>\n\n\n\n<p>Livsforvandler &#8211; Akademiet d\u00e6kker returneringsomkostningerne i rimeligt omfang.<\/p>\n\n\n\n<p>Ved returnering kontaktes virksomheden:<\/p>\n\n\n\n<p><strong>Livsforvandler &#8211; Akademiet<\/strong><br>Lundevej 14<br>5600 Faaborg<br>TLF:&nbsp;<a href=\"tel:+45 51 96 61 82\">+45 51 96 61 82<\/a><\/p>\n\n\n\n<p>Reklamationer modtages&nbsp;<strong>ikke<\/strong>&nbsp;hvis disse er sendt p\u00e5 efterkrav.<\/p>\n\n\n\n<h2 class=\"wp-block-heading\">Kunde- &amp; Privatlivspolitik<\/h2>\n\n\n\n<p>Vi videres\u00e6lger ikke personlige oplysninger og videregiver ikke dine personlige oplysninger til andre, de er kun registreret i vores kundekartotek. Du kan til enhver tid f\u00e5 slettet dine oplysninger.<\/p>\n\n\n\n<p>For at du kan indg\u00e5 aftale med Livsforvandler &#8211; Akademiet, har vi brug for f\u00f8lgende oplysninger:<br>. Navn<br>. Adresse<br>. Telefonnummer<br>. E-mail adresse<\/p>\n\n\n\n<p>Vi foretager registreringen af dine personoplysninger med det form\u00e5l, at kunne levere varen til dig.<\/p>\n\n\n\n<p>Personoplysningerne registreres hos Livsforvandler &#8211; Akademiet og opbevares i op til fem \u00e5r, hvorefter oplysningerne slettes.<\/p>\n\n\n\n<p>N\u00e5r der indsamles personoplysninger via vores hjemmeside, sikrer vi, at det altid sker ved afgivelse af dit udtrykkelige samtykke, s\u00e5ledes at du er informeret om pr\u00e6cis, hvilke oplysninger, der indsamles og hvorfor.<\/p>\n\n\n\n<p>Direkt\u00f8ren og de ansatte for Livsforvandler &#8211; Akademiet har adgang til de oplysninger, der registreres om dig.<\/p>\n\n\n\n<p>Den dataansvarlige i Livsforvandler &#8211; Akademiet er: Viktoria Houmann<\/p>\n\n\n\n<p>Vi opbevarer og transmitterer ikke kundeoplysninger krypteret.<\/p>\n\n\n\n<p>Som registreret hos Livsforvandler &#8211; Akademiet har du altid ret til at g\u00f8re indsigelse mod registreringen. Du har ogs\u00e5 ret til indsigt i, hvilke oplysninger, der er registreret om dig. Disse rettigheder har du efter Persondataloven og henvendelse i forbindelse hermed rettes til&nbsp;<a href=\"mailto:viktoria.houmann@gmail.com\">viktoria.houmann@gmail.com<\/a>.<\/p>\n\n\n\n<p><strong>Cookies<\/strong><br>P\u00e5 https:\/\/niipit.dk\/viktoria-houmann\/ anvendes cookies med det form\u00e5l at optimere hjemmesiden og dets funktionalitet, og dermed g\u00f8re bes\u00f8get s\u00e5 nemt som muligt for dig.<\/p>\n\n\n\n<p>Du kan til enhver tid slette cookies fra din computer, se vejledningen p\u00e5&nbsp;<a href=\"https:\/\/www.thagaard.org\/cookiehandtering\/\" target=\"_BLANK\" rel=\"noreferrer noopener\">Webshop Cookies og Privatlivspolitik<\/a>.<\/p>\n\n\n\n<p><strong>Log-statistik<\/strong><br>Vi bruger en log-statistik p\u00e5 https:\/\/niipit.dk\/viktoria-houmann\/, hvilket betyder, at et statistik-system opsamler information, som kan give et statistisk billede af, hvor mange bes\u00f8gende vi har, hvor de kommer fra og hvor p\u00e5 websitet det forlades mv.<\/p>\n\n\n\n<p>Logstatistikken anvendes kun med det form\u00e5l, at optimere Livsforvandler &#8211; Akademiet&#8217;s hjemmeside.<\/p>\n\n\n\n<h2 class=\"wp-block-heading\">Forbrugerbeskyttelse<\/h2>\n\n\n\n<p>L\u00e6s mere om din beskyttelse som forbruger n\u00e5r du k\u00f8ber via en PensoPay betalingsl\u00f8sning:<br><a href=\"https:\/\/pensopay.com\/mere\/forbrugerbeskyttelse\/\">https:\/\/pensopay.com\/mere\/forbrugerbeskyttelse\/<\/a><\/p>\n\n\n\n<h2 class=\"wp-block-heading\">Klagemuligheder<\/h2>\n\n\n\n<p>Klager over produkter kan sendes til:<\/p>\n\n\n\n<p><strong>Konkurrence- og Forbrugerstyrelsens<\/strong><br>Carl Jacobsens Vej 35<br>2500 Valby<br><a href=\"http:\/\/www.forbrug.dk\/\">www.forbrug.dk<\/a><\/p>\n\n\n\n<p>For EU-borgere uden for EU skal klager sendes via EU Kommissionens online klageplatform.<br><a href=\"http:\/\/ec.europa.eu\/consumers\/odr\/\">ec.europa.eu<\/a><\/p>\n\n\n\n<p>Ved klage skal vores email adresse angives: viktoria.houmann@gmail.com samt hjemmesiden du har k\u00f8bt varen p\u00e5.<\/p>\n","protected":false},"excerpt":{"rendered":"<p>Abonnomentsbetingelser for Livsforvandler &#8211; Akademiet Livsforvandler &#8211; AkademietLundevej 145600 FaaborgTLF:&nbsp;+45 51 96 61 82CVR: 36245522 Generelt Livsforvandler &#8211; Akademiet stiller et abonnement baseret online tjeneste til r\u00e5dighed p\u00e5 https:\/\/niipit.dk\/viktoria-houmann\/. Vilk\u00e5rene er g\u00e6ldende mellem den enkelte bruger og Livsforvandler &#8211; Akademiet. Disse vilk\u00e5r og betingelser for brug g\u00e6lder for aftaler mellem Livsforvandler &#8211; Akademiet og \u00e9n <a class=\"moretag btn btn-primary\" href=\"https:\/\/niipit.dk\/viktoria-houmann\/abonnomentsbetingelser\/\">L\u00e6s mere<\/a><\/p>\n","protected":false},"author":151,"featured_media":0,"parent":0,"menu_order":0,"comment_status":"closed","ping_status":"closed","template":"","meta":{"_exactmetrics_skip_tracking":false,"_exactmetrics_sitenote_active":false,"_exactmetrics_sitenote_note":"","_exactmetrics_sitenote_category":0,"_monsterinsights_skip_tracking":false,"_monsterinsights_sitenote_active":false,"_monsterinsights_sitenote_note":"","_monsterinsights_sitenote_category":0,"footnotes":""},"class_list":["post-6361","page","type-page","status-publish","hentry"],"yoast_head":"<!-- This site is optimized with the Yoast SEO Premium plugin v16.3 (Yoast SEO v27.2) - https:\/\/yoast.com\/product\/yoast-seo-premium-wordpress\/ -->\n<title>Abonnomentsbetingelser - Viktoria Houmann<\/title>\n<meta name=\"robots\" content=\"index, follow, max-snippet:-1, max-image-preview:large, max-video-preview:-1\" \/>\n<link rel=\"canonical\" href=\"https:\/\/niipit.dk\/viktoria-houmann\/abonnomentsbetingelser\/\" \/>\n<meta property=\"og:locale\" content=\"da_DK\" \/>\n<meta property=\"og:type\" content=\"article\" \/>\n<meta property=\"og:title\" content=\"Abonnomentsbetingelser - Viktoria Houmann\" \/>\n<meta property=\"og:description\" content=\"Abonnomentsbetingelser for Livsforvandler &#8211; Akademiet Livsforvandler &#8211; AkademietLundevej 145600 FaaborgTLF:&nbsp;+45 51 96 61 82CVR: 36245522 Generelt Livsforvandler &#8211; Akademiet stiller et abonnement baseret online tjeneste til r\u00e5dighed p\u00e5 https:\/\/niipit.dk\/viktoria-houmann\/. Vilk\u00e5rene er g\u00e6ldende mellem den enkelte bruger og Livsforvandler &#8211; Akademiet. Disse vilk\u00e5r og betingelser for brug g\u00e6lder for aftaler mellem Livsforvandler &#8211; Akademiet og \u00e9n L\u00e6s mere\" \/>\n<meta property=\"og:url\" content=\"https:\/\/niipit.dk\/viktoria-houmann\/abonnomentsbetingelser\/\" \/>\n<meta property=\"og:site_name\" content=\"Viktoria Houmann\" \/>\n<meta property=\"article:modified_time\" content=\"2020-07-04T21:01:21+00:00\" \/>\n<meta name=\"twitter:card\" content=\"summary_large_image\" \/>\n<meta name=\"twitter:label1\" content=\"Estimeret l\u00e6setid\" \/>\n\t<meta name=\"twitter:data1\" content=\"6 minutter\" \/>\n<script type=\"application\/ld+json\" class=\"yoast-schema-graph\">{\"@context\":\"https:\/\/schema.org\",\"@graph\":[{\"@type\":\"WebPage\",\"@id\":\"https:\/\/niipit.dk\/viktoria-houmann\/abonnomentsbetingelser\/\",\"url\":\"https:\/\/niipit.dk\/viktoria-houmann\/abonnomentsbetingelser\/\",\"name\":\"Abonnomentsbetingelser - Viktoria Houmann\",\"isPartOf\":{\"@id\":\"https:\/\/niipit.dk\/viktoria-houmann\/#website\"},\"datePublished\":\"2019-12-06T11:30:49+00:00\",\"dateModified\":\"2020-07-04T21:01:21+00:00\",\"breadcrumb\":{\"@id\":\"https:\/\/niipit.dk\/viktoria-houmann\/abonnomentsbetingelser\/#breadcrumb\"},\"inLanguage\":\"da-DK\",\"potentialAction\":[{\"@type\":\"ReadAction\",\"target\":[\"https:\/\/niipit.dk\/viktoria-houmann\/abonnomentsbetingelser\/\"]}]},{\"@type\":\"BreadcrumbList\",\"@id\":\"https:\/\/niipit.dk\/viktoria-houmann\/abonnomentsbetingelser\/#breadcrumb\",\"itemListElement\":[{\"@type\":\"ListItem\",\"position\":1,\"name\":\"Hjem\",\"item\":\"http:\/\/niipit.dk\/viktoria-houmann\/\"},{\"@type\":\"ListItem\",\"position\":2,\"name\":\"Abonnomentsbetingelser\"}]},{\"@type\":\"WebSite\",\"@id\":\"https:\/\/niipit.dk\/viktoria-houmann\/#website\",\"url\":\"https:\/\/niipit.dk\/viktoria-houmann\/\",\"name\":\"Viktoria Houmann\",\"description\":\"Selvk\u00e6rligt v\u00e6gttab\",\"potentialAction\":[{\"@type\":\"SearchAction\",\"target\":{\"@type\":\"EntryPoint\",\"urlTemplate\":\"https:\/\/niipit.dk\/viktoria-houmann\/?s={search_term_string}\"},\"query-input\":{\"@type\":\"PropertyValueSpecification\",\"valueRequired\":true,\"valueName\":\"search_term_string\"}}],\"inLanguage\":\"da-DK\"}]}<\/script>\n<!-- \/ Yoast SEO Premium plugin. -->","yoast_head_json":{"title":"Abonnomentsbetingelser - Viktoria Houmann","robots":{"index":"index","follow":"follow","max-snippet":"max-snippet:-1","max-image-preview":"max-image-preview:large","max-video-preview":"max-video-preview:-1"},"canonical":"https:\/\/niipit.dk\/viktoria-houmann\/abonnomentsbetingelser\/","og_locale":"da_DK","og_type":"article","og_title":"Abonnomentsbetingelser - Viktoria Houmann","og_description":"Abonnomentsbetingelser for Livsforvandler &#8211; Akademiet Livsforvandler &#8211; AkademietLundevej 145600 FaaborgTLF:&nbsp;+45 51 96 61 82CVR: 36245522 Generelt Livsforvandler &#8211; Akademiet stiller et abonnement baseret online tjeneste til r\u00e5dighed p\u00e5 https:\/\/niipit.dk\/viktoria-houmann\/. Vilk\u00e5rene er g\u00e6ldende mellem den enkelte bruger og Livsforvandler &#8211; Akademiet. Disse vilk\u00e5r og betingelser for brug g\u00e6lder for aftaler mellem Livsforvandler &#8211; Akademiet og \u00e9n L\u00e6s mere","og_url":"https:\/\/niipit.dk\/viktoria-houmann\/abonnomentsbetingelser\/","og_site_name":"Viktoria Houmann","article_modified_time":"2020-07-04T21:01:21+00:00","twitter_card":"summary_large_image","twitter_misc":{"Estimeret l\u00e6setid":"6 minutter"},"schema":{"@context":"https:\/\/schema.org","@graph":[{"@type":"WebPage","@id":"https:\/\/niipit.dk\/viktoria-houmann\/abonnomentsbetingelser\/","url":"https:\/\/niipit.dk\/viktoria-houmann\/abonnomentsbetingelser\/","name":"Abonnomentsbetingelser - Viktoria Houmann","isPartOf":{"@id":"https:\/\/niipit.dk\/viktoria-houmann\/#website"},"datePublished":"2019-12-06T11:30:49+00:00","dateModified":"2020-07-04T21:01:21+00:00","breadcrumb":{"@id":"https:\/\/niipit.dk\/viktoria-houmann\/abonnomentsbetingelser\/#breadcrumb"},"inLanguage":"da-DK","potentialAction":[{"@type":"ReadAction","target":["https:\/\/niipit.dk\/viktoria-houmann\/abonnomentsbetingelser\/"]}]},{"@type":"BreadcrumbList","@id":"https:\/\/niipit.dk\/viktoria-houmann\/abonnomentsbetingelser\/#breadcrumb","itemListElement":[{"@type":"ListItem","position":1,"name":"Hjem","item":"http:\/\/niipit.dk\/viktoria-houmann\/"},{"@type":"ListItem","position":2,"name":"Abonnomentsbetingelser"}]},{"@type":"WebSite","@id":"https:\/\/niipit.dk\/viktoria-houmann\/#website","url":"https:\/\/niipit.dk\/viktoria-houmann\/","name":"Viktoria Houmann","description":"Selvk\u00e6rligt v\u00e6gttab","potentialAction":[{"@type":"SearchAction","target":{"@type":"EntryPoint","urlTemplate":"https:\/\/niipit.dk\/viktoria-houmann\/?s={search_term_string}"},"query-input":{"@type":"PropertyValueSpecification","valueRequired":true,"valueName":"search_term_string"}}],"inLanguage":"da-DK"}]}},"_links":{"self":[{"href":"https:\/\/niipit.dk\/viktoria-houmann\/wp-json\/wp\/v2\/pages\/6361","targetHints":{"allow":["GET"]}}],"collection":[{"href":"https:\/\/niipit.dk\/viktoria-houmann\/wp-json\/wp\/v2\/pages"}],"about":[{"href":"https:\/\/niipit.dk\/viktoria-houmann\/wp-json\/wp\/v2\/types\/page"}],"author":[{"embeddable":true,"href":"https:\/\/niipit.dk\/viktoria-houmann\/wp-json\/wp\/v2\/users\/151"}],"replies":[{"embeddable":true,"href":"https:\/\/niipit.dk\/viktoria-houmann\/wp-json\/wp\/v2\/comments?post=6361"}],"version-history":[{"count":0,"href":"https:\/\/niipit.dk\/viktoria-houmann\/wp-json\/wp\/v2\/pages\/6361\/revisions"}],"wp:attachment":[{"href":"https:\/\/niipit.dk\/viktoria-houmann\/wp-json\/wp\/v2\/media?parent=6361"}],"curies":[{"name":"wp","href":"https:\/\/api.w.org\/{rel}","templated":true}]}}