{"id":5119,"date":"2018-08-15T22:06:08","date_gmt":"2018-08-15T20:06:08","guid":{"rendered":"https:\/\/niipit.dk\/nv2-QogM\/?page_id=5119"},"modified":"2020-07-04T23:00:48","modified_gmt":"2020-07-04T21:00:48","slug":"handelsbetingelser","status":"publish","type":"page","link":"https:\/\/niipit.dk\/viktoria-houmann\/handelsbetingelser\/","title":{"rendered":"Handelsbetingelser"},"content":{"rendered":"<div id=\"html-content-fld_8438690_1\" class=\"\" data-field=\"fld_8438690_1\">\n<h1>Handelsbetingelser for Livsforvandler<\/h1>\n<h3>Livsforvandler &#8211; Viktoria Houmann<\/h3>\n<p>Lundevej 14<br \/>\n5600 Faaborg<br \/>\nTLF: <a href=\"tel:+45  51 96 61 82\">+45 51 96 61 82<\/a><br \/>\nCVR: 36245522<\/p>\n<\/div>\n<div id=\"html-content-fld_1802850_1\" class=\"\" data-field=\"fld_1802850_1\">\n<h2>Betaling<\/h2>\n<p>Livsforvandler modtager online betalinger med Visa\/Dankort, Mastercard, Visa Electron, Maestro.<\/p>\n<p>Betaling vil f\u00f8rst blive trukket p\u00e5 din konto, n\u00e5r den fysiske vare afsendes eller det virtuelle produkt er oprettet med mindre andet er aftalt eller fremg\u00e5r af din ordre.<\/p>\n<\/div>\n<div id=\"html-content-fld_1492393_1\" class=\"\" data-field=\"fld_1492393_1\">\n<p>Alle bel\u00f8b p\u00e5 hjemmesiden er inklusiv moms.<br \/>\nHjemmesiden bruger f\u00f8lgende valutaer til priss\u00e6tning:<br \/>\nDenmark &#8211; Kroner (DKK)<\/p>\n<\/div>\n<div id=\"html-content-fld_1922115_1\" class=\"\" data-field=\"fld_1922115_1\">\n<p>Livsforvandler benytter en sikker betalingsserver, der krypterer alle oplysninger med SSL protokol hvilket betyder din data er sikker og ikke kan l\u00e6ses af andre udefrakommende.<\/p>\n<\/div>\n<div id=\"html-content-fld_6567938_1\" class=\"\" data-field=\"fld_6567938_1\">\n<p>Livsforvandler&#8217;s egen hjemmeside bruger ligeledes kryptering med SSL protokol.<\/p>\n<\/div>\n<div class=\"\">\n<h2>Fortrydelsesret<\/h2>\n<\/div>\n<div class=\"\">\n<p>Der gives ikke fortrydelsesret p\u00e5 varer k\u00f8bt i vores webshop da varen er af s\u00e5dan art, at der i henhold til dansk lovgivning ikke kan eller b\u00f8r ydes returret.<\/p>\n<p><a href=\"http:\/\/www.forbrugerombudsmanden.dk\/hvad-gaelder\/markedsfoeringsloven\/webshopguide\/kundens-fortrydelsesret\/\">L\u00e6s mere p\u00e5 forbrugerombudsmandens hjemmeside.<\/a><\/p>\n<\/div>\n<div id=\"html-content-fld_6639082_1\" class=\"\" data-field=\"fld_6639082_1\">\n<h2>Kunde- &amp; Privatlivspolitik<\/h2>\n<p>Vi videres\u00e6lger ikke personlige oplysninger og videregiver ikke dine personlige oplysninger til andre, de er kun registreret i vores kundekartotek. Du kan til enhver tid f\u00e5 slettet dine oplysninger.<\/p>\n<p>For at du kan indg\u00e5 aftale med Livsforvandler, har vi brug for f\u00f8lgende oplysninger:<br \/>\n. Navn<br \/>\n. Adresse<br \/>\n. Telefonnummer<br \/>\n. E-mail adresse<\/p>\n<p>Vi foretager registreringen af dine personoplysninger med det form\u00e5l, at kunne levere varen til dig.<\/p>\n<p>Personoplysningerne registreres hos Livsforvandler og opbevares i op til fem \u00e5r, hvorefter oplysningerne slettes.<\/p>\n<p>N\u00e5r der indsamles personoplysninger via vores hjemmeside, sikrer vi, at det altid sker ved afgivelse af dit udtrykkelige samtykke, s\u00e5ledes at du er informeret om pr\u00e6cis, hvilke oplysninger, der indsamles og hvorfor.<\/p>\n<p>Direkt\u00f8ren og de ansatte for Livsforvandler har adgang til de oplysninger, der registreres om dig.<\/p>\n<p>Den dataansvarlige i Livsforvandler er: Viktoria Houmann<\/p>\n<p>Vi opbevarer og transmitterer ikke kundeoplysninger krypteret.<\/p>\n<p>Som registreret hos Livsforvandler har du altid ret til at g\u00f8re indsigelse mod registreringen. Du har ogs\u00e5 ret til indsigt i, hvilke oplysninger, der er registreret om dig. Disse rettigheder har du efter Persondataloven og henvendelse i forbindelse hermed rettes til <a href=\"mailto:viktoria.houmann@gmail.com\">viktoria.houmann@gmail.com<\/a>.<\/p>\n<p><b>Cookies<\/b><br \/>\nP\u00e5 https:\/\/niipit.dk\/viktoria-houmann\/ anvendes cookies med det form\u00e5l at optimere hjemmesiden og dets funktionalitet, og dermed g\u00f8re bes\u00f8get s\u00e5 nemt som muligt for dig.<\/p>\n<p>Du kan til enhver tid slette cookies fra din computer, se vejledningen p\u00e5 <a href=\"https:\/\/support.google.com\/chrome\/answer\/95647?co=GENIE.Platform%3DDesktop&amp;hl=da\" target=\"_BLANK\" rel=\"noopener noreferrer\">Webshop Cookies og Privatlivspolitik<\/a>.<\/p>\n<\/div>\n<div id=\"html-content-fld_7444055_1\" class=\"\" data-field=\"fld_7444055_1\">\n<p><b>Log-statistik<\/b><br \/>\nVi bruger en log-statistik p\u00e5 https:\/\/niipit.dk\/viktoria-houmann\/, hvilket betyder, at et statistik-system opsamler information, som kan give et statistisk billede af, hvor mange bes\u00f8gende vi har, hvor de kommer fra og hvor p\u00e5 websitet det forlades mv.<\/p>\n<p>Logstatistikken anvendes kun med det form\u00e5l, at optimere Livsforvandler&#8217;s hjemmeside.<\/p>\n<\/div>\n<div class=\"\">\n<h2>Forbrugerbeskyttelse<\/h2>\n<p>L\u00e6s mere om din beskyttelse som forbruger n\u00e5r du k\u00f8ber via en PensoPay betalingsl\u00f8sning:<br \/>\n<a href=\"https:\/\/pensopay.com\/mere\/forbrugerbeskyttelse\/\">https:\/\/pensopay.com\/mere\/forbrugerbeskyttelse\/<\/a><\/p>\n<\/div>\n<div id=\"html-content-fld_435663_1\" class=\"\" data-field=\"fld_435663_1\">\n<h2>Klagemuligheder<\/h2>\n<p>Klager over produkter kan sendes til:<\/p>\n<p><b>Konkurrence- og Forbrugerstyrelsens<\/b><br \/>\nCarl Jacobsens Vej 35<br \/>\n2500 Valby<br \/>\n<a href=\"http:\/\/www.forbrug.dk\/\">www.forbrug.dk<\/a><\/p>\n<p>For EU-borgere uden for EU skal klager sendes via EU Kommissionens online klageplatform.<br \/>\n<a href=\"http:\/\/ec.europa.eu\/consumers\/odr\/\">ec.europa.eu<\/a><\/p>\n<p>Ved klage skal vores email adresse angives: viktoria.houmann@gmail.com samt hjemmesiden du har k\u00f8bt varen p\u00e5.<\/p>\n<\/div>\n","protected":false},"excerpt":{"rendered":"<p>Handelsbetingelser for Livsforvandler Livsforvandler &#8211; Viktoria Houmann Lundevej 14 5600 Faaborg TLF: +45 51 96 61 82 CVR: 36245522 Betaling Livsforvandler modtager online betalinger med Visa\/Dankort, Mastercard, Visa Electron, Maestro. Betaling vil f\u00f8rst blive trukket p\u00e5 din konto, n\u00e5r den fysiske vare afsendes eller det virtuelle produkt er oprettet med mindre andet er aftalt eller <a class=\"moretag btn btn-primary\" href=\"https:\/\/niipit.dk\/viktoria-houmann\/handelsbetingelser\/\">L\u00e6s mere<\/a><\/p>\n","protected":false},"author":151,"featured_media":0,"parent":0,"menu_order":0,"comment_status":"closed","ping_status":"closed","template":"","meta":{"_exactmetrics_skip_tracking":false,"_exactmetrics_sitenote_active":false,"_exactmetrics_sitenote_note":"","_exactmetrics_sitenote_category":0,"_monsterinsights_skip_tracking":false,"_monsterinsights_sitenote_active":false,"_monsterinsights_sitenote_note":"","_monsterinsights_sitenote_category":0,"footnotes":""},"class_list":["post-5119","page","type-page","status-publish","hentry"],"yoast_head":"<!-- This site is optimized with the Yoast SEO Premium plugin v16.3 (Yoast SEO v27.4) - https:\/\/yoast.com\/product\/yoast-seo-premium-wordpress\/ -->\n<title>Handelsbetingelser - Viktoria Houmann<\/title>\n<meta name=\"robots\" content=\"index, follow, max-snippet:-1, max-image-preview:large, max-video-preview:-1\" \/>\n<link rel=\"canonical\" href=\"https:\/\/niipit.dk\/viktoria-houmann\/handelsbetingelser\/\" \/>\n<meta property=\"og:locale\" content=\"da_DK\" \/>\n<meta property=\"og:type\" content=\"article\" \/>\n<meta property=\"og:title\" content=\"Handelsbetingelser - Viktoria Houmann\" \/>\n<meta property=\"og:description\" content=\"Handelsbetingelser for Livsforvandler Livsforvandler &#8211; Viktoria Houmann Lundevej 14 5600 Faaborg TLF: +45 51 96 61 82 CVR: 36245522 Betaling Livsforvandler modtager online betalinger med Visa\/Dankort, Mastercard, Visa Electron, Maestro. Betaling vil f\u00f8rst blive trukket p\u00e5 din konto, n\u00e5r den fysiske vare afsendes eller det virtuelle produkt er oprettet med mindre andet er aftalt eller L\u00e6s mere\" \/>\n<meta property=\"og:url\" content=\"https:\/\/niipit.dk\/viktoria-houmann\/handelsbetingelser\/\" \/>\n<meta property=\"og:site_name\" content=\"Viktoria Houmann\" \/>\n<meta property=\"article:modified_time\" content=\"2020-07-04T21:00:48+00:00\" \/>\n<meta name=\"twitter:card\" content=\"summary_large_image\" \/>\n<meta name=\"twitter:label1\" content=\"Estimeret l\u00e6setid\" \/>\n\t<meta name=\"twitter:data1\" content=\"3 minutter\" \/>\n<script type=\"application\/ld+json\" class=\"yoast-schema-graph\">{\"@context\":\"https:\\\/\\\/schema.org\",\"@graph\":[{\"@type\":\"WebPage\",\"@id\":\"https:\\\/\\\/niipit.dk\\\/viktoria-houmann\\\/handelsbetingelser\\\/\",\"url\":\"https:\\\/\\\/niipit.dk\\\/viktoria-houmann\\\/handelsbetingelser\\\/\",\"name\":\"Handelsbetingelser - Viktoria Houmann\",\"isPartOf\":{\"@id\":\"https:\\\/\\\/niipit.dk\\\/viktoria-houmann\\\/#website\"},\"datePublished\":\"2018-08-15T20:06:08+00:00\",\"dateModified\":\"2020-07-04T21:00:48+00:00\",\"breadcrumb\":{\"@id\":\"https:\\\/\\\/niipit.dk\\\/viktoria-houmann\\\/handelsbetingelser\\\/#breadcrumb\"},\"inLanguage\":\"da-DK\",\"potentialAction\":[{\"@type\":\"ReadAction\",\"target\":[\"https:\\\/\\\/niipit.dk\\\/viktoria-houmann\\\/handelsbetingelser\\\/\"]}]},{\"@type\":\"BreadcrumbList\",\"@id\":\"https:\\\/\\\/niipit.dk\\\/viktoria-houmann\\\/handelsbetingelser\\\/#breadcrumb\",\"itemListElement\":[{\"@type\":\"ListItem\",\"position\":1,\"name\":\"Hjem\",\"item\":\"https:\\\/\\\/niipit.dk\\\/viktoria-houmann\\\/\"},{\"@type\":\"ListItem\",\"position\":2,\"name\":\"Handelsbetingelser\"}]},{\"@type\":\"WebSite\",\"@id\":\"https:\\\/\\\/niipit.dk\\\/viktoria-houmann\\\/#website\",\"url\":\"https:\\\/\\\/niipit.dk\\\/viktoria-houmann\\\/\",\"name\":\"Viktoria Houmann\",\"description\":\"Selvk\u00e6rligt v\u00e6gttab\",\"potentialAction\":[{\"@type\":\"SearchAction\",\"target\":{\"@type\":\"EntryPoint\",\"urlTemplate\":\"https:\\\/\\\/niipit.dk\\\/viktoria-houmann\\\/?s={search_term_string}\"},\"query-input\":{\"@type\":\"PropertyValueSpecification\",\"valueRequired\":true,\"valueName\":\"search_term_string\"}}],\"inLanguage\":\"da-DK\"}]}<\/script>\n<!-- \/ Yoast SEO Premium plugin. -->","yoast_head_json":{"title":"Handelsbetingelser - Viktoria Houmann","robots":{"index":"index","follow":"follow","max-snippet":"max-snippet:-1","max-image-preview":"max-image-preview:large","max-video-preview":"max-video-preview:-1"},"canonical":"https:\/\/niipit.dk\/viktoria-houmann\/handelsbetingelser\/","og_locale":"da_DK","og_type":"article","og_title":"Handelsbetingelser - Viktoria Houmann","og_description":"Handelsbetingelser for Livsforvandler Livsforvandler &#8211; Viktoria Houmann Lundevej 14 5600 Faaborg TLF: +45 51 96 61 82 CVR: 36245522 Betaling Livsforvandler modtager online betalinger med Visa\/Dankort, Mastercard, Visa Electron, Maestro. Betaling vil f\u00f8rst blive trukket p\u00e5 din konto, n\u00e5r den fysiske vare afsendes eller det virtuelle produkt er oprettet med mindre andet er aftalt eller L\u00e6s mere","og_url":"https:\/\/niipit.dk\/viktoria-houmann\/handelsbetingelser\/","og_site_name":"Viktoria Houmann","article_modified_time":"2020-07-04T21:00:48+00:00","twitter_card":"summary_large_image","twitter_misc":{"Estimeret l\u00e6setid":"3 minutter"},"schema":{"@context":"https:\/\/schema.org","@graph":[{"@type":"WebPage","@id":"https:\/\/niipit.dk\/viktoria-houmann\/handelsbetingelser\/","url":"https:\/\/niipit.dk\/viktoria-houmann\/handelsbetingelser\/","name":"Handelsbetingelser - Viktoria Houmann","isPartOf":{"@id":"https:\/\/niipit.dk\/viktoria-houmann\/#website"},"datePublished":"2018-08-15T20:06:08+00:00","dateModified":"2020-07-04T21:00:48+00:00","breadcrumb":{"@id":"https:\/\/niipit.dk\/viktoria-houmann\/handelsbetingelser\/#breadcrumb"},"inLanguage":"da-DK","potentialAction":[{"@type":"ReadAction","target":["https:\/\/niipit.dk\/viktoria-houmann\/handelsbetingelser\/"]}]},{"@type":"BreadcrumbList","@id":"https:\/\/niipit.dk\/viktoria-houmann\/handelsbetingelser\/#breadcrumb","itemListElement":[{"@type":"ListItem","position":1,"name":"Hjem","item":"https:\/\/niipit.dk\/viktoria-houmann\/"},{"@type":"ListItem","position":2,"name":"Handelsbetingelser"}]},{"@type":"WebSite","@id":"https:\/\/niipit.dk\/viktoria-houmann\/#website","url":"https:\/\/niipit.dk\/viktoria-houmann\/","name":"Viktoria Houmann","description":"Selvk\u00e6rligt v\u00e6gttab","potentialAction":[{"@type":"SearchAction","target":{"@type":"EntryPoint","urlTemplate":"https:\/\/niipit.dk\/viktoria-houmann\/?s={search_term_string}"},"query-input":{"@type":"PropertyValueSpecification","valueRequired":true,"valueName":"search_term_string"}}],"inLanguage":"da-DK"}]}},"_links":{"self":[{"href":"https:\/\/niipit.dk\/viktoria-houmann\/wp-json\/wp\/v2\/pages\/5119","targetHints":{"allow":["GET"]}}],"collection":[{"href":"https:\/\/niipit.dk\/viktoria-houmann\/wp-json\/wp\/v2\/pages"}],"about":[{"href":"https:\/\/niipit.dk\/viktoria-houmann\/wp-json\/wp\/v2\/types\/page"}],"author":[{"embeddable":true,"href":"https:\/\/niipit.dk\/viktoria-houmann\/wp-json\/wp\/v2\/users\/151"}],"replies":[{"embeddable":true,"href":"https:\/\/niipit.dk\/viktoria-houmann\/wp-json\/wp\/v2\/comments?post=5119"}],"version-history":[{"count":0,"href":"https:\/\/niipit.dk\/viktoria-houmann\/wp-json\/wp\/v2\/pages\/5119\/revisions"}],"wp:attachment":[{"href":"https:\/\/niipit.dk\/viktoria-houmann\/wp-json\/wp\/v2\/media?parent=5119"}],"curies":[{"name":"wp","href":"https:\/\/api.w.org\/{rel}","templated":true}]}}