{"id":5105,"date":"2018-08-15T22:02:47","date_gmt":"2018-08-15T20:02:47","guid":{"rendered":"https:\/\/niipit.dk\/nv2-QogM\/?page_id=5105"},"modified":"2020-07-04T22:59:24","modified_gmt":"2020-07-04T20:59:24","slug":"om","status":"publish","type":"page","link":"https:\/\/niipit.dk\/viktoria-houmann\/om\/","title":{"rendered":"Om"},"content":{"rendered":"<div class=\"thrv_wrapper thrv_heading\" data-tag=\"h1\" data-css=\"tve-u-163a601a1f4\">\n<h1 data-css=\"tve-u-163a60192ea\">Om Viktoria Houmann<\/h1>\n<\/div>\n\n\n<p>Kort om Viktoria Houmann, alts\u00e5 mig.<br>Jeg er 46 \u00e5r og uddannet Holistisk Energiterapeut, Reiki Mester, Kranie Sakral Terapeut, Psych-K, Qi-gong (Igangv\u00e6rende Instrukt\u00f8r uddannelse), Soul Realignment (igangv\u00e6rende). <\/p>\n\n\n\n<p>Derudover er jeg uddannet Sygeplejerske og har 1o \u00e5rs erfaring som underviser for voksne. <\/p>\n\n\n\n<h3 class=\"wp-block-heading\">Min familie<\/h3>\n\n\n\n<p>Jeg har en dejlig mand og sammen har vi 6 vidunderlige b\u00f8rn. Jeg elsker at bruge tiden sammen med min familie, at rejse og opleve verden, at studere og praktisere healing. <\/p>\n\n\n\n<h3 class=\"wp-block-heading\">Fritiden<\/h3>\n\n\n\n<p>i Fritiden slapper af i min store have. Jeg elsker at v\u00e6re ved havet og bruger meditation og qigong til at skabe balance i mit liv. For mig er livet en gave, med daglige muligheder for nye oplevelser og eventyr. Jeg har som de fleste i livet pr\u00f8vet at opleve modgang og sorg, men ser det som en del af livet, hvor vi har mulighed for at udvikle os. <\/p>\n\n\n\n<h3 class=\"wp-block-heading\">Om arbejdet med Viktoria Houmann, mig selv<\/h3>\n\n\n\n<p>Jeg har arbejdet rigtig meget med, at \u00e6ndre min tanker s\u00e5 de st\u00f8tter mig p\u00e5 min vej i livet. Jeg har i flere \u00e5r arbejdet med at manifestere, og er med tiden blevet dygtig til det. <\/p>\n\n\n\n<h3 class=\"wp-block-heading\">Mine kurser<\/h3>\n\n\n\n<p>Jeg har valgt, at lave mine kurser ud fra det der optager mig, og som jeg er passioneret omkring. Det giver mig mulighed for at v\u00e6re n\u00e6rv\u00e6rende og hj\u00e6lper mig med at f\u00e5 givet det allervigtigste videre i mine kurser: At \u00f8ge gl\u00e6den, energien og passionen hos andre. <br>Det er ikke kun til gavn for dem som deltager, men ogs\u00e5 for alle i deres omgangskreds, p\u00e5 den m\u00e5de spreder lykken sig som ringe i vandet. <\/p>\n\n\n\n<h3 class=\"wp-block-heading\">Min Facebook side<\/h3>\n\n\n\n<p>Her kan du finde tips, ideer og gode ideer til hvordan du kan hj\u00e6lpe dig selv til et liv uden v\u00e6gt problemer.<\/p>\n\n\n\n<div class=\"wp-block-button aligncenter\"><a class=\"wp-block-button__link has-text-color has-background\" href=\"https:\/\/www.facebook.com\/Livsforvandlerdk-105558213548737\/\" style=\"background-color:#0c5782;color:#f9f6f6\">Se min Facebook side<\/a><\/div>\n\n\n\n<h3 class=\"wp-block-heading\">Min blog<\/h3>\n\n\n\n<p>Her kan du holde dig opdateret med nyheder, events, ideer og webinar som du kan deltage i.<\/p>\n\n\n\n<div class=\"wp-block-button aligncenter\"><a class=\"wp-block-button__link has-text-color has-very-dark-gray-color has-background\" href=\"https:\/\/niipit.dk\/viktoria-houmann\/category\/alle\/\" style=\"background-color:#12c115\">L\u00e6s min blog<\/a><\/div>\n\n\n\n<p><br><\/p>\n","protected":false},"excerpt":{"rendered":"<p>Om Viktoria Houmann Kort om Viktoria Houmann, alts\u00e5 mig.Jeg er 46 \u00e5r og uddannet Holistisk Energiterapeut, Reiki Mester, Kranie Sakral Terapeut, Psych-K, Qi-gong (Igangv\u00e6rende Instrukt\u00f8r uddannelse), Soul Realignment (igangv\u00e6rende). Derudover er jeg uddannet Sygeplejerske og har 1o \u00e5rs erfaring som underviser for voksne. Min familie Jeg har en dejlig mand og sammen har vi 6 <a class=\"moretag btn btn-primary\" href=\"https:\/\/niipit.dk\/viktoria-houmann\/om\/\">L\u00e6s mere<\/a><\/p>\n","protected":false},"author":1068,"featured_media":0,"parent":0,"menu_order":0,"comment_status":"closed","ping_status":"closed","template":"","meta":{"_exactmetrics_skip_tracking":false,"_exactmetrics_sitenote_active":false,"_exactmetrics_sitenote_note":"","_exactmetrics_sitenote_category":0,"_monsterinsights_skip_tracking":false,"_monsterinsights_sitenote_active":false,"_monsterinsights_sitenote_note":"","_monsterinsights_sitenote_category":0,"footnotes":""},"class_list":["post-5105","page","type-page","status-publish","hentry"],"yoast_head":"<!-- This site is optimized with the Yoast SEO Premium plugin v16.3 (Yoast SEO v27.3) - https:\/\/yoast.com\/product\/yoast-seo-premium-wordpress\/ -->\n<title>Om Viktoria Houmann - din hj\u00e6lpendende h\u00e5nt til dit v\u00e6gttab<\/title>\n<meta name=\"description\" content=\"Om Viktoria Houmann - L\u00e6s om personen bag hjemmesiden og hvorfor du b\u00f8r f\u00e5 hj\u00e6lp at mig til dit liv ud af v\u00e6gtproblemer. Jeg gl\u00e6der mig til at h\u00f8re fra dig\" \/>\n<meta name=\"robots\" content=\"index, follow, max-snippet:-1, max-image-preview:large, max-video-preview:-1\" \/>\n<link rel=\"canonical\" href=\"https:\/\/niipit.dk\/viktoria-houmann\/om\/\" \/>\n<meta property=\"og:locale\" content=\"da_DK\" \/>\n<meta property=\"og:type\" content=\"article\" \/>\n<meta property=\"og:title\" content=\"Om Viktoria Houmann - din hj\u00e6lpendende h\u00e5nt til dit v\u00e6gttab\" \/>\n<meta property=\"og:description\" content=\"Om Viktoria Houmann - L\u00e6s om personen bag hjemmesiden og hvorfor du b\u00f8r f\u00e5 hj\u00e6lp at mig til dit liv ud af v\u00e6gtproblemer. Jeg gl\u00e6der mig til at h\u00f8re fra dig\" \/>\n<meta property=\"og:url\" content=\"https:\/\/niipit.dk\/viktoria-houmann\/om\/\" \/>\n<meta property=\"og:site_name\" content=\"Viktoria Houmann\" \/>\n<meta property=\"article:modified_time\" content=\"2020-07-04T20:59:24+00:00\" \/>\n<meta name=\"twitter:card\" content=\"summary_large_image\" \/>\n<meta name=\"twitter:label1\" content=\"Estimeret l\u00e6setid\" \/>\n\t<meta name=\"twitter:data1\" content=\"2 minutter\" \/>\n<script type=\"application\/ld+json\" class=\"yoast-schema-graph\">{\"@context\":\"https:\\\/\\\/schema.org\",\"@graph\":[{\"@type\":\"WebPage\",\"@id\":\"https:\\\/\\\/niipit.dk\\\/viktoria-houmann\\\/om\\\/\",\"url\":\"https:\\\/\\\/niipit.dk\\\/viktoria-houmann\\\/om\\\/\",\"name\":\"Om Viktoria Houmann - din hj\u00e6lpendende h\u00e5nt til dit v\u00e6gttab\",\"isPartOf\":{\"@id\":\"http:\\\/\\\/niipit.dk\\\/viktoria-houmann\\\/#website\"},\"datePublished\":\"2018-08-15T20:02:47+00:00\",\"dateModified\":\"2020-07-04T20:59:24+00:00\",\"description\":\"Om Viktoria Houmann - L\u00e6s om personen bag hjemmesiden og hvorfor du b\u00f8r f\u00e5 hj\u00e6lp at mig til dit liv ud af v\u00e6gtproblemer. Jeg gl\u00e6der mig til at h\u00f8re fra dig\",\"breadcrumb\":{\"@id\":\"https:\\\/\\\/niipit.dk\\\/viktoria-houmann\\\/om\\\/#breadcrumb\"},\"inLanguage\":\"da-DK\",\"potentialAction\":[{\"@type\":\"ReadAction\",\"target\":[\"https:\\\/\\\/niipit.dk\\\/viktoria-houmann\\\/om\\\/\"]}]},{\"@type\":\"BreadcrumbList\",\"@id\":\"https:\\\/\\\/niipit.dk\\\/viktoria-houmann\\\/om\\\/#breadcrumb\",\"itemListElement\":[{\"@type\":\"ListItem\",\"position\":1,\"name\":\"Hjem\",\"item\":\"http:\\\/\\\/niipit.dk\\\/viktoria-houmann\\\/\"},{\"@type\":\"ListItem\",\"position\":2,\"name\":\"Om\"}]},{\"@type\":\"WebSite\",\"@id\":\"http:\\\/\\\/niipit.dk\\\/viktoria-houmann\\\/#website\",\"url\":\"http:\\\/\\\/niipit.dk\\\/viktoria-houmann\\\/\",\"name\":\"Viktoria Houmann\",\"description\":\"Selvk\u00e6rligt v\u00e6gttab\",\"potentialAction\":[{\"@type\":\"SearchAction\",\"target\":{\"@type\":\"EntryPoint\",\"urlTemplate\":\"http:\\\/\\\/niipit.dk\\\/viktoria-houmann\\\/?s={search_term_string}\"},\"query-input\":{\"@type\":\"PropertyValueSpecification\",\"valueRequired\":true,\"valueName\":\"search_term_string\"}}],\"inLanguage\":\"da-DK\"}]}<\/script>\n<!-- \/ Yoast SEO Premium plugin. -->","yoast_head_json":{"title":"Om Viktoria Houmann - din hj\u00e6lpendende h\u00e5nt til dit v\u00e6gttab","description":"Om Viktoria Houmann - L\u00e6s om personen bag hjemmesiden og hvorfor du b\u00f8r f\u00e5 hj\u00e6lp at mig til dit liv ud af v\u00e6gtproblemer. Jeg gl\u00e6der mig til at h\u00f8re fra dig","robots":{"index":"index","follow":"follow","max-snippet":"max-snippet:-1","max-image-preview":"max-image-preview:large","max-video-preview":"max-video-preview:-1"},"canonical":"https:\/\/niipit.dk\/viktoria-houmann\/om\/","og_locale":"da_DK","og_type":"article","og_title":"Om Viktoria Houmann - din hj\u00e6lpendende h\u00e5nt til dit v\u00e6gttab","og_description":"Om Viktoria Houmann - L\u00e6s om personen bag hjemmesiden og hvorfor du b\u00f8r f\u00e5 hj\u00e6lp at mig til dit liv ud af v\u00e6gtproblemer. Jeg gl\u00e6der mig til at h\u00f8re fra dig","og_url":"https:\/\/niipit.dk\/viktoria-houmann\/om\/","og_site_name":"Viktoria Houmann","article_modified_time":"2020-07-04T20:59:24+00:00","twitter_card":"summary_large_image","twitter_misc":{"Estimeret l\u00e6setid":"2 minutter"},"schema":{"@context":"https:\/\/schema.org","@graph":[{"@type":"WebPage","@id":"https:\/\/niipit.dk\/viktoria-houmann\/om\/","url":"https:\/\/niipit.dk\/viktoria-houmann\/om\/","name":"Om Viktoria Houmann - din hj\u00e6lpendende h\u00e5nt til dit v\u00e6gttab","isPartOf":{"@id":"http:\/\/niipit.dk\/viktoria-houmann\/#website"},"datePublished":"2018-08-15T20:02:47+00:00","dateModified":"2020-07-04T20:59:24+00:00","description":"Om Viktoria Houmann - L\u00e6s om personen bag hjemmesiden og hvorfor du b\u00f8r f\u00e5 hj\u00e6lp at mig til dit liv ud af v\u00e6gtproblemer. Jeg gl\u00e6der mig til at h\u00f8re fra dig","breadcrumb":{"@id":"https:\/\/niipit.dk\/viktoria-houmann\/om\/#breadcrumb"},"inLanguage":"da-DK","potentialAction":[{"@type":"ReadAction","target":["https:\/\/niipit.dk\/viktoria-houmann\/om\/"]}]},{"@type":"BreadcrumbList","@id":"https:\/\/niipit.dk\/viktoria-houmann\/om\/#breadcrumb","itemListElement":[{"@type":"ListItem","position":1,"name":"Hjem","item":"http:\/\/niipit.dk\/viktoria-houmann\/"},{"@type":"ListItem","position":2,"name":"Om"}]},{"@type":"WebSite","@id":"http:\/\/niipit.dk\/viktoria-houmann\/#website","url":"http:\/\/niipit.dk\/viktoria-houmann\/","name":"Viktoria Houmann","description":"Selvk\u00e6rligt v\u00e6gttab","potentialAction":[{"@type":"SearchAction","target":{"@type":"EntryPoint","urlTemplate":"http:\/\/niipit.dk\/viktoria-houmann\/?s={search_term_string}"},"query-input":{"@type":"PropertyValueSpecification","valueRequired":true,"valueName":"search_term_string"}}],"inLanguage":"da-DK"}]}},"_links":{"self":[{"href":"https:\/\/niipit.dk\/viktoria-houmann\/wp-json\/wp\/v2\/pages\/5105","targetHints":{"allow":["GET"]}}],"collection":[{"href":"https:\/\/niipit.dk\/viktoria-houmann\/wp-json\/wp\/v2\/pages"}],"about":[{"href":"https:\/\/niipit.dk\/viktoria-houmann\/wp-json\/wp\/v2\/types\/page"}],"author":[{"embeddable":true,"href":"https:\/\/niipit.dk\/viktoria-houmann\/wp-json\/wp\/v2\/users\/1068"}],"replies":[{"embeddable":true,"href":"https:\/\/niipit.dk\/viktoria-houmann\/wp-json\/wp\/v2\/comments?post=5105"}],"version-history":[{"count":0,"href":"https:\/\/niipit.dk\/viktoria-houmann\/wp-json\/wp\/v2\/pages\/5105\/revisions"}],"wp:attachment":[{"href":"https:\/\/niipit.dk\/viktoria-houmann\/wp-json\/wp\/v2\/media?parent=5105"}],"curies":[{"name":"wp","href":"https:\/\/api.w.org\/{rel}","templated":true}]}}