{"id":6097,"date":"2019-09-25T10:16:03","date_gmt":"2019-09-25T08:16:03","guid":{"rendered":"https:\/\/niipit.dk\/vigordetsammen\/?post_type=product&#038;p=6097"},"modified":"2020-02-23T10:54:56","modified_gmt":"2020-02-23T09:54:56","slug":"tilmelding-we-walk-the-woods","status":"publish","type":"product","link":"https:\/\/niipit.dk\/vigordetsammen\/produkt\/tilmelding-we-walk-the-woods\/","title":{"rendered":"TILMELDING WE WALK THE WOODS"},"content":{"rendered":"<h1>TILMELDING WE WALK THE WOODS<\/h1>\n<p><strong>Tilmeld dig GRATIS til We Walk The Woods <\/strong><br \/>\n<strong>Torsdag den 10 oktober 2019 mellem kl 13.00 og 15.00\u00a0<\/strong><br \/>\n<strong>Vi g\u00e5r fra Hjertestien i Valby Hegn.<\/strong><\/p>\n<p>Hvis du samtidig gerne vil med p\u00e5 vores Onsdagshold<br \/>\nI Gribskov mellem kl 9 og 10<br \/>\ns\u00e5 kan du k\u00f8be et 5 turs klippekort samme med din tilmelding<br \/>\nog spare 100 kr lige nu.<\/p>\n<p><strong>5 turs klippekort<br \/>\nNormal pris 300kr<\/strong><br \/>\n<em><strong>DIN PRIS ER LIGE NU 200kr for et klippekort<\/strong><\/em><\/p>\n","protected":false},"excerpt":{"rendered":"<p>TILMELDING WE WALK THE WOODS Tilmeld dig GRATIS til We Walk The Woods Torsdag den 10 oktober 2019 mellem kl 13.00 og 15.00\u00a0 Vi g\u00e5r fra Hjertestien i Valby Hegn. Hvis du samtidig gerne vil med p\u00e5 vores Onsdagshold I Gribskov mellem kl 9 og 10 s\u00e5 kan du k\u00f8be et 5 turs klippekort samme <a class=\"moretag btn btn-primary\" href=\"https:\/\/niipit.dk\/vigordetsammen\/produkt\/tilmelding-we-walk-the-woods\/\">L\u00e6s mere<\/a><\/p>\n","protected":false},"featured_media":6096,"template":"","meta":{"_exactmetrics_skip_tracking":false,"_exactmetrics_sitenote_active":false,"_exactmetrics_sitenote_note":"","_exactmetrics_sitenote_category":0,"_monsterinsights_skip_tracking":false,"_monsterinsights_sitenote_active":false,"_monsterinsights_sitenote_note":"","_monsterinsights_sitenote_category":0},"product_brand":[],"product_cat":[2164],"product_tag":[],"shoptype":[],"class_list":{"0":"post-6097","1":"product","2":"type-product","3":"status-publish","4":"has-post-thumbnail","6":"product_cat-alle-vare","8":"first","9":"instock","10":"shipping-taxable","11":"purchasable","12":"product-type-variable"},"yoast_head":"<!-- This site is optimized with the Yoast SEO Premium plugin v16.3 (Yoast SEO v27.3) - https:\/\/yoast.com\/product\/yoast-seo-premium-wordpress\/ -->\n<title>TILMELDING WE WALK THE WOODS \u2705 Vi G\u00f8r Det Sammen<\/title>\n<meta name=\"description\" content=\"TILMELDING WE WALK THE WOODS\u2705 Vi G\u00f8r Det Sammen \u2705 Torsdag den 10 oktober 2019 mellem kl 13.00 og 15.00 \u2705 Vi g\u00e5r fra Hjertestien i Valby Hegn \u2705\" \/>\n<meta name=\"robots\" content=\"index, follow, max-snippet:-1, max-image-preview:large, max-video-preview:-1\" \/>\n<link rel=\"canonical\" href=\"https:\/\/niipit.dk\/vigordetsammen\/produkt\/tilmelding-we-walk-the-woods\/\" \/>\n<meta property=\"og:locale\" content=\"da_DK\" \/>\n<meta property=\"og:type\" content=\"article\" \/>\n<meta property=\"og:title\" content=\"TILMELDING WE WALK THE WOODS \u2705 Vi G\u00f8r Det Sammen\" \/>\n<meta property=\"og:description\" content=\"TILMELDING WE WALK THE WOODS\u2705 Vi G\u00f8r Det Sammen \u2705 Torsdag den 10 oktober 2019 mellem kl 13.00 og 15.00 \u2705 Vi g\u00e5r fra Hjertestien i Valby Hegn \u2705\" \/>\n<meta property=\"og:url\" content=\"https:\/\/niipit.dk\/vigordetsammen\/produkt\/tilmelding-we-walk-the-woods\/\" \/>\n<meta property=\"og:site_name\" content=\"Vi G\u00f8r Det Sammen\" \/>\n<meta property=\"article:modified_time\" content=\"2020-02-23T09:54:56+00:00\" \/>\n<meta property=\"og:image\" content=\"https:\/\/niipit.dk\/vigordetsammen\/wp-content\/uploads\/sites\/301\/2019\/09\/We-Walk-The-Woods-Vi-g\u00f8r-det-sammen-med-Rikke-Melhede.jpg\" \/>\n\t<meta property=\"og:image:width\" content=\"750\" \/>\n\t<meta property=\"og:image:height\" content=\"750\" \/>\n\t<meta property=\"og:image:type\" content=\"image\/jpeg\" \/>\n<meta name=\"twitter:card\" content=\"summary_large_image\" \/>\n<script type=\"application\/ld+json\" class=\"yoast-schema-graph\">{\"@context\":\"https:\\\/\\\/schema.org\",\"@graph\":[{\"@type\":\"WebPage\",\"@id\":\"https:\\\/\\\/niipit.dk\\\/vigordetsammen\\\/produkt\\\/tilmelding-we-walk-the-woods\\\/\",\"url\":\"https:\\\/\\\/niipit.dk\\\/vigordetsammen\\\/produkt\\\/tilmelding-we-walk-the-woods\\\/\",\"name\":\"TILMELDING WE WALK THE WOODS \u2705 Vi G\u00f8r Det Sammen\",\"isPartOf\":{\"@id\":\"https:\\\/\\\/niipit.dk\\\/vigordetsammen\\\/#website\"},\"primaryImageOfPage\":{\"@id\":\"https:\\\/\\\/niipit.dk\\\/vigordetsammen\\\/produkt\\\/tilmelding-we-walk-the-woods\\\/#primaryimage\"},\"image\":{\"@id\":\"https:\\\/\\\/niipit.dk\\\/vigordetsammen\\\/produkt\\\/tilmelding-we-walk-the-woods\\\/#primaryimage\"},\"thumbnailUrl\":\"https:\\\/\\\/niipit.dk\\\/vigordetsammen\\\/wp-content\\\/uploads\\\/sites\\\/301\\\/2019\\\/09\\\/We-Walk-The-Woods-Vi-g\u00f8r-det-sammen-med-Rikke-Melhede.jpg\",\"datePublished\":\"2019-09-25T08:16:03+00:00\",\"dateModified\":\"2020-02-23T09:54:56+00:00\",\"description\":\"TILMELDING WE WALK THE WOODS\u2705 Vi G\u00f8r Det Sammen \u2705 Torsdag den 10 oktober 2019 mellem kl 13.00 og 15.00 \u2705 Vi g\u00e5r fra Hjertestien i Valby Hegn \u2705\",\"breadcrumb\":{\"@id\":\"https:\\\/\\\/niipit.dk\\\/vigordetsammen\\\/produkt\\\/tilmelding-we-walk-the-woods\\\/#breadcrumb\"},\"inLanguage\":\"da-DK\",\"potentialAction\":[{\"@type\":\"ReadAction\",\"target\":[\"https:\\\/\\\/niipit.dk\\\/vigordetsammen\\\/produkt\\\/tilmelding-we-walk-the-woods\\\/\"]}]},{\"@type\":\"ImageObject\",\"inLanguage\":\"da-DK\",\"@id\":\"https:\\\/\\\/niipit.dk\\\/vigordetsammen\\\/produkt\\\/tilmelding-we-walk-the-woods\\\/#primaryimage\",\"url\":\"https:\\\/\\\/niipit.dk\\\/vigordetsammen\\\/wp-content\\\/uploads\\\/sites\\\/301\\\/2019\\\/09\\\/We-Walk-The-Woods-Vi-g\u00f8r-det-sammen-med-Rikke-Melhede.jpg\",\"contentUrl\":\"https:\\\/\\\/niipit.dk\\\/vigordetsammen\\\/wp-content\\\/uploads\\\/sites\\\/301\\\/2019\\\/09\\\/We-Walk-The-Woods-Vi-g\u00f8r-det-sammen-med-Rikke-Melhede.jpg\",\"width\":750,\"height\":750,\"caption\":\"We Walk The Woods Vi g\u00f8r det sammen med Rikke Melhede\"},{\"@type\":\"BreadcrumbList\",\"@id\":\"https:\\\/\\\/niipit.dk\\\/vigordetsammen\\\/produkt\\\/tilmelding-we-walk-the-woods\\\/#breadcrumb\",\"itemListElement\":[{\"@type\":\"ListItem\",\"position\":1,\"name\":\"Hjem\",\"item\":\"https:\\\/\\\/niipit.dk\\\/vigordetsammen\\\/\"},{\"@type\":\"ListItem\",\"position\":2,\"name\":\"Shop\",\"item\":\"https:\\\/\\\/niipit.dk\\\/vigordetsammen\\\/?page_id=5078\"},{\"@type\":\"ListItem\",\"position\":3,\"name\":\"TILMELDING WE WALK THE WOODS\"}]},{\"@type\":\"WebSite\",\"@id\":\"https:\\\/\\\/niipit.dk\\\/vigordetsammen\\\/#website\",\"url\":\"https:\\\/\\\/niipit.dk\\\/vigordetsammen\\\/\",\"name\":\"Vi G\u00f8r Det Sammen\",\"description\":\"Privat sygepleje &amp; Sundhedsfaglig r\u00e5dgivning\",\"potentialAction\":[{\"@type\":\"SearchAction\",\"target\":{\"@type\":\"EntryPoint\",\"urlTemplate\":\"https:\\\/\\\/niipit.dk\\\/vigordetsammen\\\/?s={search_term_string}\"},\"query-input\":{\"@type\":\"PropertyValueSpecification\",\"valueRequired\":true,\"valueName\":\"search_term_string\"}}],\"inLanguage\":\"da-DK\"}]}<\/script>\n<!-- \/ Yoast SEO Premium plugin. -->","yoast_head_json":{"title":"TILMELDING WE WALK THE WOODS \u2705 Vi G\u00f8r Det Sammen","description":"TILMELDING WE WALK THE WOODS\u2705 Vi G\u00f8r Det Sammen \u2705 Torsdag den 10 oktober 2019 mellem kl 13.00 og 15.00 \u2705 Vi g\u00e5r fra Hjertestien i Valby Hegn \u2705","robots":{"index":"index","follow":"follow","max-snippet":"max-snippet:-1","max-image-preview":"max-image-preview:large","max-video-preview":"max-video-preview:-1"},"canonical":"https:\/\/niipit.dk\/vigordetsammen\/produkt\/tilmelding-we-walk-the-woods\/","og_locale":"da_DK","og_type":"article","og_title":"TILMELDING WE WALK THE WOODS \u2705 Vi G\u00f8r Det Sammen","og_description":"TILMELDING WE WALK THE WOODS\u2705 Vi G\u00f8r Det Sammen \u2705 Torsdag den 10 oktober 2019 mellem kl 13.00 og 15.00 \u2705 Vi g\u00e5r fra Hjertestien i Valby Hegn \u2705","og_url":"https:\/\/niipit.dk\/vigordetsammen\/produkt\/tilmelding-we-walk-the-woods\/","og_site_name":"Vi G\u00f8r Det Sammen","article_modified_time":"2020-02-23T09:54:56+00:00","og_image":[{"width":750,"height":750,"url":"https:\/\/niipit.dk\/vigordetsammen\/wp-content\/uploads\/sites\/301\/2019\/09\/We-Walk-The-Woods-Vi-g\u00f8r-det-sammen-med-Rikke-Melhede.jpg","type":"image\/jpeg"}],"twitter_card":"summary_large_image","schema":{"@context":"https:\/\/schema.org","@graph":[{"@type":"WebPage","@id":"https:\/\/niipit.dk\/vigordetsammen\/produkt\/tilmelding-we-walk-the-woods\/","url":"https:\/\/niipit.dk\/vigordetsammen\/produkt\/tilmelding-we-walk-the-woods\/","name":"TILMELDING WE WALK THE WOODS \u2705 Vi G\u00f8r Det Sammen","isPartOf":{"@id":"https:\/\/niipit.dk\/vigordetsammen\/#website"},"primaryImageOfPage":{"@id":"https:\/\/niipit.dk\/vigordetsammen\/produkt\/tilmelding-we-walk-the-woods\/#primaryimage"},"image":{"@id":"https:\/\/niipit.dk\/vigordetsammen\/produkt\/tilmelding-we-walk-the-woods\/#primaryimage"},"thumbnailUrl":"https:\/\/niipit.dk\/vigordetsammen\/wp-content\/uploads\/sites\/301\/2019\/09\/We-Walk-The-Woods-Vi-g\u00f8r-det-sammen-med-Rikke-Melhede.jpg","datePublished":"2019-09-25T08:16:03+00:00","dateModified":"2020-02-23T09:54:56+00:00","description":"TILMELDING WE WALK THE WOODS\u2705 Vi G\u00f8r Det Sammen \u2705 Torsdag den 10 oktober 2019 mellem kl 13.00 og 15.00 \u2705 Vi g\u00e5r fra Hjertestien i Valby Hegn \u2705","breadcrumb":{"@id":"https:\/\/niipit.dk\/vigordetsammen\/produkt\/tilmelding-we-walk-the-woods\/#breadcrumb"},"inLanguage":"da-DK","potentialAction":[{"@type":"ReadAction","target":["https:\/\/niipit.dk\/vigordetsammen\/produkt\/tilmelding-we-walk-the-woods\/"]}]},{"@type":"ImageObject","inLanguage":"da-DK","@id":"https:\/\/niipit.dk\/vigordetsammen\/produkt\/tilmelding-we-walk-the-woods\/#primaryimage","url":"https:\/\/niipit.dk\/vigordetsammen\/wp-content\/uploads\/sites\/301\/2019\/09\/We-Walk-The-Woods-Vi-g\u00f8r-det-sammen-med-Rikke-Melhede.jpg","contentUrl":"https:\/\/niipit.dk\/vigordetsammen\/wp-content\/uploads\/sites\/301\/2019\/09\/We-Walk-The-Woods-Vi-g\u00f8r-det-sammen-med-Rikke-Melhede.jpg","width":750,"height":750,"caption":"We Walk The Woods Vi g\u00f8r det sammen med Rikke Melhede"},{"@type":"BreadcrumbList","@id":"https:\/\/niipit.dk\/vigordetsammen\/produkt\/tilmelding-we-walk-the-woods\/#breadcrumb","itemListElement":[{"@type":"ListItem","position":1,"name":"Hjem","item":"https:\/\/niipit.dk\/vigordetsammen\/"},{"@type":"ListItem","position":2,"name":"Shop","item":"https:\/\/niipit.dk\/vigordetsammen\/?page_id=5078"},{"@type":"ListItem","position":3,"name":"TILMELDING WE WALK THE WOODS"}]},{"@type":"WebSite","@id":"https:\/\/niipit.dk\/vigordetsammen\/#website","url":"https:\/\/niipit.dk\/vigordetsammen\/","name":"Vi G\u00f8r Det Sammen","description":"Privat sygepleje &amp; Sundhedsfaglig r\u00e5dgivning","potentialAction":[{"@type":"SearchAction","target":{"@type":"EntryPoint","urlTemplate":"https:\/\/niipit.dk\/vigordetsammen\/?s={search_term_string}"},"query-input":{"@type":"PropertyValueSpecification","valueRequired":true,"valueName":"search_term_string"}}],"inLanguage":"da-DK"}]}},"_links":{"self":[{"href":"https:\/\/niipit.dk\/vigordetsammen\/wp-json\/wp\/v2\/product\/6097","targetHints":{"allow":["GET"]}}],"collection":[{"href":"https:\/\/niipit.dk\/vigordetsammen\/wp-json\/wp\/v2\/product"}],"about":[{"href":"https:\/\/niipit.dk\/vigordetsammen\/wp-json\/wp\/v2\/types\/product"}],"wp:featuredmedia":[{"embeddable":true,"href":"https:\/\/niipit.dk\/vigordetsammen\/wp-json\/wp\/v2\/media\/6096"}],"wp:attachment":[{"href":"https:\/\/niipit.dk\/vigordetsammen\/wp-json\/wp\/v2\/media?parent=6097"}],"wp:term":[{"taxonomy":"product_brand","embeddable":true,"href":"https:\/\/niipit.dk\/vigordetsammen\/wp-json\/wp\/v2\/product_brand?post=6097"},{"taxonomy":"product_cat","embeddable":true,"href":"https:\/\/niipit.dk\/vigordetsammen\/wp-json\/wp\/v2\/product_cat?post=6097"},{"taxonomy":"product_tag","embeddable":true,"href":"https:\/\/niipit.dk\/vigordetsammen\/wp-json\/wp\/v2\/product_tag?post=6097"},{"taxonomy":"shoptype","embeddable":true,"href":"https:\/\/niipit.dk\/vigordetsammen\/wp-json\/wp\/v2\/shoptype?post=6097"}],"curies":[{"name":"wp","href":"https:\/\/api.w.org\/{rel}","templated":true}]}}