{"id":5119,"date":"2018-08-15T22:06:08","date_gmt":"2018-08-15T20:06:08","guid":{"rendered":"https:\/\/niipit.dk\/nv2-QogM\/?page_id=5119"},"modified":"2020-07-04T22:36:57","modified_gmt":"2020-07-04T20:36:57","slug":"handelsbetingelser","status":"publish","type":"page","link":"https:\/\/niipit.dk\/vigordetsammen\/handelsbetingelser\/","title":{"rendered":"Handelsbetingelser"},"content":{"rendered":"\n<h1 class=\"wp-block-heading\">Handelsbetingelser for <br>TOP Assistance \/<br>ViG\u00f8rDetSammen<\/h1>\n\n\n\n<p><strong>TOP Assistance<\/strong><br>Bomarks \u00e5sen 7<br>3230 Gr\u00e6sted<br>TLF:&nbsp;<a href=\"tel:+4525746214\">+4525746214<\/a><br>CVR: 40385525<\/p>\n\n\n\n<h2 class=\"wp-block-heading\">Betaling<\/h2>\n\n\n\n<p>TOP Assistance modtager betalinger via netbankoverf\u00f8rsel<\/p>\n\n\n\n<p>N\u00e5r betalingen er registreret vil din ordre behandles f\u00e6rdig og du f\u00e5r adgang til den eller de ydelser du har k\u00f8bt som det fremg\u00e5r af din ordre.<\/p>\n\n\n\n<p>Alle bel\u00f8b p\u00e5 hjemmesiden er inklusiv moms.<br>Hjemmesiden bruger f\u00f8lgende valutaer til priss\u00e6tning:<br>Denmark &#8211; Kroner (DKK)<\/p>\n\n\n\n<h2 class=\"wp-block-heading\">Fortrydelsesret<\/h2>\n\n\n\n<p>Der gives ikke fortrydelsesret p\u00e5 varer k\u00f8bt i vores webshop da varen er af s\u00e5dan art, at der i henhold til dansk lovgivning ikke kan eller b\u00f8r ydes returret.<\/p>\n\n\n\n<p><a href=\"http:\/\/www.forbrugerombudsmanden.dk\/hvad-gaelder\/markedsfoeringsloven\/webshopguide\/kundens-fortrydelsesret\/\">L\u00e6s mere p\u00e5 forbrugerombudsmandens hjemmeside.<\/a><\/p>\n\n\n\n<h2 class=\"wp-block-heading\">Kunde- &amp; Privatlivspolitik<\/h2>\n\n\n\n<p>Vi videres\u00e6lger ikke personlige oplysninger og videregiver ikke dine personlige oplysninger til andre, de er kun registreret i vores kundekartotek. Du kan til enhver tid f\u00e5 slettet dine oplysninger.<\/p>\n\n\n\n<p>For at du kan indg\u00e5 aftale med TOP Assistance\/Vig\u00f8rdetsammen, har vi brug for f\u00f8lgende oplysninger:<br>. Navn<br>. Adresse<br>. Telefonnummer<br>. E-mail adresse<\/p>\n\n\n\n<p>Vi foretager registreringen af dine personoplysninger med det form\u00e5l, at kunne levere varen til dig.<\/p>\n\n\n\n<p>Personoplysningerne registreres hos TOP Assistance og opbevares i op til fem \u00e5r, hvorefter oplysningerne slettes.<\/p>\n\n\n\n<p>N\u00e5r der indsamles personoplysninger via vores hjemmeside, sikrer vi, at det altid sker ved afgivelse af dit udtrykkelige samtykke, s\u00e5ledes at du er informeret om pr\u00e6cis, hvilke oplysninger, der indsamles og hvorfor.<\/p>\n\n\n\n<p>Direkt\u00f8ren og de ansatte for TOP Assistance har adgang til de oplysninger, der registreres om dig.<\/p>\n\n\n\n<p>Den dataansvarlige i TOP Assistance er: Niipit<\/p>\n\n\n\n<p>Vi opbevarer og transmitterer ikke kundeoplysninger krypteret.<\/p>\n\n\n\n<p>Som registreret hos TOP Assistance har du altid ret til at g\u00f8re indsigelse mod registreringen. Du har ogs\u00e5 ret til indsigt i, hvilke oplysninger, der er registreret om dig. Disse rettigheder har du efter Persondataloven og henvendelse i forbindelse hermed rettes til&nbsp;<a href=\"mailto:kontakt@topassistance.dk\">kontakt@topassistance.dk<\/a>.<\/p>\n\n\n\n<p><strong>Cookies<\/strong><br>P\u00e5 https:\/\/niipit.dk\/vigordetsammen\/ anvendes cookies med det form\u00e5l at optimere hjemmesiden og dets funktionalitet, og dermed g\u00f8re bes\u00f8get s\u00e5 nemt som muligt for dig.<\/p>\n\n\n\n<p>Du kan til enhver tid slette cookies fra din computer, se vejledningen p\u00e5&nbsp;<a href=\"https:\/\/www.thagaard.org\/cookiehandtering\/\" target=\"_BLANK\" rel=\"noreferrer noopener\">Webshop Cookies og Privatlivspolitik<\/a>.<\/p>\n\n\n\n<p><strong>Log-statistik<\/strong><br>Vi bruger en log-statistik p\u00e5 https:\/\/niipit.dk\/vigordetsammen\/, hvilket betyder, at et statistik-system opsamler information, som kan give et statistisk billede af, hvor mange bes\u00f8gende vi har, hvor de kommer fra og hvor p\u00e5 websitet det forlades mv.<\/p>\n\n\n\n<p>Logstatistikken anvendes kun med det form\u00e5l, at optimere TOP Assistance&#8217;s hjemmesider<\/p>\n\n\n\n<h2 class=\"wp-block-heading\">Klagemuligheder<\/h2>\n\n\n\n<p>Klager over produkter kan sendes til:<\/p>\n\n\n\n<p><strong>Konkurrence- og Forbrugerstyrelsens<\/strong><br>Carl Jacobsens Vej 35<br>2500 Valby<br><a href=\"http:\/\/www.forbrug.dk\/\">www.forbrug.dk<\/a><\/p>\n\n\n\n<p>For EU-borgere uden for EU skal klager sendes via EU Kommissionens online klageplatform.<br><a href=\"http:\/\/ec.europa.eu\/consumers\/odr\/\">ec.europa.eu<\/a><\/p>\n\n\n\n<p>Ved klage skal vores email adresse angives: kontakt@topassistance.dk samt hjemmesiden du har k\u00f8bt varen p\u00e5.<\/p>\n\n\n\n<div class=\"wp-block-button aligncenter\"><a class=\"wp-block-button__link has-text-color has-very-dark-gray-color has-background has-vivid-red-background-color\" href=\"https:\/\/niipit.dk\/vigordetsammen\/\">Retur til forsiden<\/a><\/div>\n","protected":false},"excerpt":{"rendered":"<p>Handelsbetingelser for TOP Assistance \/ViG\u00f8rDetSammen TOP AssistanceBomarks \u00e5sen 73230 Gr\u00e6stedTLF:&nbsp;+4525746214CVR: 40385525 Betaling TOP Assistance modtager betalinger via netbankoverf\u00f8rsel N\u00e5r betalingen er registreret vil din ordre behandles f\u00e6rdig og du f\u00e5r adgang til den eller de ydelser du har k\u00f8bt som det fremg\u00e5r af din ordre. Alle bel\u00f8b p\u00e5 hjemmesiden er inklusiv moms.Hjemmesiden bruger f\u00f8lgende valutaer <a class=\"moretag btn btn-primary\" href=\"https:\/\/niipit.dk\/vigordetsammen\/handelsbetingelser\/\">L\u00e6s mere<\/a><\/p>\n","protected":false},"author":905,"featured_media":0,"parent":0,"menu_order":0,"comment_status":"closed","ping_status":"closed","template":"","meta":{"_exactmetrics_skip_tracking":false,"_exactmetrics_sitenote_active":false,"_exactmetrics_sitenote_note":"","_exactmetrics_sitenote_category":0,"_monsterinsights_skip_tracking":false,"_monsterinsights_sitenote_active":false,"_monsterinsights_sitenote_note":"","_monsterinsights_sitenote_category":0,"footnotes":""},"class_list":["post-5119","page","type-page","status-publish","hentry"],"yoast_head":"<!-- This site is optimized with the Yoast SEO Premium plugin v16.3 (Yoast SEO v27.3) - https:\/\/yoast.com\/product\/yoast-seo-premium-wordpress\/ -->\n<title>Handelsbetingelser - Vi G\u00f8r Det Sammen - L\u00e6s f\u00f8r du handler<\/title>\n<meta name=\"description\" content=\"Handelsbetingelser - Vi G\u00f8r Det Sammen - Handler du med os s\u00e5 er du sikker p\u00e5 gennemsigtighed. L\u00e6s vores vilk\u00e5r har f\u00f8r du handler med os. Se mere her\" \/>\n<meta name=\"robots\" content=\"index, follow, max-snippet:-1, max-image-preview:large, max-video-preview:-1\" \/>\n<link rel=\"canonical\" href=\"https:\/\/niipit.dk\/vigordetsammen\/handelsbetingelser\/\" \/>\n<meta property=\"og:locale\" content=\"da_DK\" \/>\n<meta property=\"og:type\" content=\"article\" \/>\n<meta property=\"og:title\" content=\"Handelsbetingelser - Vi G\u00f8r Det Sammen - L\u00e6s f\u00f8r du handler\" \/>\n<meta property=\"og:description\" content=\"Handelsbetingelser - Vi G\u00f8r Det Sammen - Handler du med os s\u00e5 er du sikker p\u00e5 gennemsigtighed. L\u00e6s vores vilk\u00e5r har f\u00f8r du handler med os. Se mere her\" \/>\n<meta property=\"og:url\" content=\"https:\/\/niipit.dk\/vigordetsammen\/handelsbetingelser\/\" \/>\n<meta property=\"og:site_name\" content=\"Vi G\u00f8r Det Sammen\" \/>\n<meta property=\"article:modified_time\" content=\"2020-07-04T20:36:57+00:00\" \/>\n<meta name=\"twitter:card\" content=\"summary_large_image\" \/>\n<meta name=\"twitter:label1\" content=\"Estimeret l\u00e6setid\" \/>\n\t<meta name=\"twitter:data1\" content=\"2 minutter\" \/>\n<script type=\"application\/ld+json\" class=\"yoast-schema-graph\">{\"@context\":\"https:\\\/\\\/schema.org\",\"@graph\":[{\"@type\":\"WebPage\",\"@id\":\"https:\\\/\\\/niipit.dk\\\/vigordetsammen\\\/handelsbetingelser\\\/\",\"url\":\"https:\\\/\\\/niipit.dk\\\/vigordetsammen\\\/handelsbetingelser\\\/\",\"name\":\"Handelsbetingelser - Vi G\u00f8r Det Sammen - L\u00e6s f\u00f8r du handler\",\"isPartOf\":{\"@id\":\"https:\\\/\\\/niipit.dk\\\/vigordetsammen\\\/#website\"},\"datePublished\":\"2018-08-15T20:06:08+00:00\",\"dateModified\":\"2020-07-04T20:36:57+00:00\",\"description\":\"Handelsbetingelser - Vi G\u00f8r Det Sammen - Handler du med os s\u00e5 er du sikker p\u00e5 gennemsigtighed. L\u00e6s vores vilk\u00e5r har f\u00f8r du handler med os. Se mere her\",\"breadcrumb\":{\"@id\":\"https:\\\/\\\/niipit.dk\\\/vigordetsammen\\\/handelsbetingelser\\\/#breadcrumb\"},\"inLanguage\":\"da-DK\",\"potentialAction\":[{\"@type\":\"ReadAction\",\"target\":[\"https:\\\/\\\/niipit.dk\\\/vigordetsammen\\\/handelsbetingelser\\\/\"]}]},{\"@type\":\"BreadcrumbList\",\"@id\":\"https:\\\/\\\/niipit.dk\\\/vigordetsammen\\\/handelsbetingelser\\\/#breadcrumb\",\"itemListElement\":[{\"@type\":\"ListItem\",\"position\":1,\"name\":\"Hjem\",\"item\":\"https:\\\/\\\/niipit.dk\\\/vigordetsammen\\\/\"},{\"@type\":\"ListItem\",\"position\":2,\"name\":\"Handelsbetingelser\"}]},{\"@type\":\"WebSite\",\"@id\":\"https:\\\/\\\/niipit.dk\\\/vigordetsammen\\\/#website\",\"url\":\"https:\\\/\\\/niipit.dk\\\/vigordetsammen\\\/\",\"name\":\"Vi G\u00f8r Det Sammen\",\"description\":\"Privat sygepleje &amp; Sundhedsfaglig r\u00e5dgivning\",\"potentialAction\":[{\"@type\":\"SearchAction\",\"target\":{\"@type\":\"EntryPoint\",\"urlTemplate\":\"https:\\\/\\\/niipit.dk\\\/vigordetsammen\\\/?s={search_term_string}\"},\"query-input\":{\"@type\":\"PropertyValueSpecification\",\"valueRequired\":true,\"valueName\":\"search_term_string\"}}],\"inLanguage\":\"da-DK\"}]}<\/script>\n<!-- \/ Yoast SEO Premium plugin. -->","yoast_head_json":{"title":"Handelsbetingelser - Vi G\u00f8r Det Sammen - L\u00e6s f\u00f8r du handler","description":"Handelsbetingelser - Vi G\u00f8r Det Sammen - Handler du med os s\u00e5 er du sikker p\u00e5 gennemsigtighed. L\u00e6s vores vilk\u00e5r har f\u00f8r du handler med os. Se mere her","robots":{"index":"index","follow":"follow","max-snippet":"max-snippet:-1","max-image-preview":"max-image-preview:large","max-video-preview":"max-video-preview:-1"},"canonical":"https:\/\/niipit.dk\/vigordetsammen\/handelsbetingelser\/","og_locale":"da_DK","og_type":"article","og_title":"Handelsbetingelser - Vi G\u00f8r Det Sammen - L\u00e6s f\u00f8r du handler","og_description":"Handelsbetingelser - Vi G\u00f8r Det Sammen - Handler du med os s\u00e5 er du sikker p\u00e5 gennemsigtighed. L\u00e6s vores vilk\u00e5r har f\u00f8r du handler med os. Se mere her","og_url":"https:\/\/niipit.dk\/vigordetsammen\/handelsbetingelser\/","og_site_name":"Vi G\u00f8r Det Sammen","article_modified_time":"2020-07-04T20:36:57+00:00","twitter_card":"summary_large_image","twitter_misc":{"Estimeret l\u00e6setid":"2 minutter"},"schema":{"@context":"https:\/\/schema.org","@graph":[{"@type":"WebPage","@id":"https:\/\/niipit.dk\/vigordetsammen\/handelsbetingelser\/","url":"https:\/\/niipit.dk\/vigordetsammen\/handelsbetingelser\/","name":"Handelsbetingelser - Vi G\u00f8r Det Sammen - L\u00e6s f\u00f8r du handler","isPartOf":{"@id":"https:\/\/niipit.dk\/vigordetsammen\/#website"},"datePublished":"2018-08-15T20:06:08+00:00","dateModified":"2020-07-04T20:36:57+00:00","description":"Handelsbetingelser - Vi G\u00f8r Det Sammen - Handler du med os s\u00e5 er du sikker p\u00e5 gennemsigtighed. L\u00e6s vores vilk\u00e5r har f\u00f8r du handler med os. Se mere her","breadcrumb":{"@id":"https:\/\/niipit.dk\/vigordetsammen\/handelsbetingelser\/#breadcrumb"},"inLanguage":"da-DK","potentialAction":[{"@type":"ReadAction","target":["https:\/\/niipit.dk\/vigordetsammen\/handelsbetingelser\/"]}]},{"@type":"BreadcrumbList","@id":"https:\/\/niipit.dk\/vigordetsammen\/handelsbetingelser\/#breadcrumb","itemListElement":[{"@type":"ListItem","position":1,"name":"Hjem","item":"https:\/\/niipit.dk\/vigordetsammen\/"},{"@type":"ListItem","position":2,"name":"Handelsbetingelser"}]},{"@type":"WebSite","@id":"https:\/\/niipit.dk\/vigordetsammen\/#website","url":"https:\/\/niipit.dk\/vigordetsammen\/","name":"Vi G\u00f8r Det Sammen","description":"Privat sygepleje &amp; Sundhedsfaglig r\u00e5dgivning","potentialAction":[{"@type":"SearchAction","target":{"@type":"EntryPoint","urlTemplate":"https:\/\/niipit.dk\/vigordetsammen\/?s={search_term_string}"},"query-input":{"@type":"PropertyValueSpecification","valueRequired":true,"valueName":"search_term_string"}}],"inLanguage":"da-DK"}]}},"_links":{"self":[{"href":"https:\/\/niipit.dk\/vigordetsammen\/wp-json\/wp\/v2\/pages\/5119","targetHints":{"allow":["GET"]}}],"collection":[{"href":"https:\/\/niipit.dk\/vigordetsammen\/wp-json\/wp\/v2\/pages"}],"about":[{"href":"https:\/\/niipit.dk\/vigordetsammen\/wp-json\/wp\/v2\/types\/page"}],"author":[{"embeddable":true,"href":"https:\/\/niipit.dk\/vigordetsammen\/wp-json\/wp\/v2\/users\/905"}],"replies":[{"embeddable":true,"href":"https:\/\/niipit.dk\/vigordetsammen\/wp-json\/wp\/v2\/comments?post=5119"}],"version-history":[{"count":0,"href":"https:\/\/niipit.dk\/vigordetsammen\/wp-json\/wp\/v2\/pages\/5119\/revisions"}],"wp:attachment":[{"href":"https:\/\/niipit.dk\/vigordetsammen\/wp-json\/wp\/v2\/media?parent=5119"}],"curies":[{"name":"wp","href":"https:\/\/api.w.org\/{rel}","templated":true}]}}