{"id":5064,"date":"2018-08-10T22:29:34","date_gmt":"2018-08-10T20:29:34","guid":{"rendered":"https:\/\/niipit.dk\/videobrochure-shop\/?page_id=5064"},"modified":"2020-01-30T06:40:44","modified_gmt":"2020-01-30T05:40:44","slug":"frontpage","status":"publish","type":"page","link":"https:\/\/niipit.dk\/videobrochure\/","title":{"rendered":"Forside"},"content":{"rendered":"\n<hr class=\"wp-block-separator\"\/>\n\n\n\n<h2 class=\"wp-block-heading\">Hvad er en videobrochure?<\/h2>\n\n\n\n<p>Videobrochuren kan lagre flere sm\u00e5 videoer, som I kan fremvise, n\u00e5r I \u00f8nsker at pr\u00e6sentere jeres virksomhed til konferencer, messer eller m\u00f8der. Dermed tilf\u00f8rer videobrochuren en helt ny dimension til jeres virksomhed, n\u00e5r det g\u00e6lder jeres markedsf\u00f8ring.&nbsp;<\/p>\n\n\n\n<p>Videobrochuren skaber ikke blot blikfang, n\u00e5r I \u00f8nsker, at flere kunder skal f\u00e5 \u00f8jnene op for jeres virksomhed \u2013 med videobrochuren kan kunderne tilmed f\u00e5 lov at se, hvad I kan. \u2013 og selvom man har talegaverne i orden, kan en film hurtigt bakke op om et godt argument!<\/p>\n\n\n\n<div class=\"wp-block-button\"><a class=\"wp-block-button__link has-text-color has-very-dark-gray-color has-background has-very-light-gray-background-color\" href=\"https:\/\/www.videobrochure.dk\/hvad-er-en-videobrochure\">L\u00e6s mere<\/a><\/div>\n","protected":false},"excerpt":{"rendered":"<p>Hvad er en videobrochure? Videobrochuren kan lagre flere sm\u00e5 videoer, som I kan fremvise, n\u00e5r I \u00f8nsker at pr\u00e6sentere jeres virksomhed til konferencer, messer eller m\u00f8der. Dermed tilf\u00f8rer videobrochuren en helt ny dimension til jeres virksomhed, n\u00e5r det g\u00e6lder jeres markedsf\u00f8ring.&nbsp; Videobrochuren skaber ikke blot blikfang, n\u00e5r I \u00f8nsker, at flere kunder skal f\u00e5 \u00f8jnene <a class=\"moretag btn btn-primary\" href=\"https:\/\/niipit.dk\/videobrochure\/\">L\u00e6s mere<\/a><\/p>\n","protected":false},"author":1,"featured_media":0,"parent":0,"menu_order":0,"comment_status":"closed","ping_status":"closed","template":"frontpagePremium.php","meta":{"_exactmetrics_skip_tracking":false,"_exactmetrics_sitenote_active":false,"_exactmetrics_sitenote_note":"","_exactmetrics_sitenote_category":0,"_monsterinsights_skip_tracking":false,"_monsterinsights_sitenote_active":false,"_monsterinsights_sitenote_note":"","_monsterinsights_sitenote_category":0,"footnotes":""},"class_list":["post-5064","page","type-page","status-publish","hentry"],"yoast_head":"<!-- This site is optimized with the Yoast SEO Premium plugin v16.3 (Yoast SEO v27.3) - https:\/\/yoast.com\/product\/yoast-seo-premium-wordpress\/ -->\n<title>Forside - Videobrochure<\/title>\n<meta name=\"robots\" content=\"index, follow, max-snippet:-1, max-image-preview:large, max-video-preview:-1\" \/>\n<link rel=\"canonical\" href=\"https:\/\/niipit.dk\/videobrochure\/\" \/>\n<meta property=\"og:locale\" content=\"da_DK\" \/>\n<meta property=\"og:type\" content=\"article\" \/>\n<meta property=\"og:title\" content=\"Forside - Videobrochure\" \/>\n<meta property=\"og:description\" content=\"Hvad er en videobrochure? Videobrochuren kan lagre flere sm\u00e5 videoer, som I kan fremvise, n\u00e5r I \u00f8nsker at pr\u00e6sentere jeres virksomhed til konferencer, messer eller m\u00f8der. Dermed tilf\u00f8rer videobrochuren en helt ny dimension til jeres virksomhed, n\u00e5r det g\u00e6lder jeres markedsf\u00f8ring.&nbsp; Videobrochuren skaber ikke blot blikfang, n\u00e5r I \u00f8nsker, at flere kunder skal f\u00e5 \u00f8jnene L\u00e6s mere\" \/>\n<meta property=\"og:url\" content=\"https:\/\/niipit.dk\/videobrochure\/\" \/>\n<meta property=\"og:site_name\" content=\"Videobrochure\" \/>\n<meta property=\"article:modified_time\" content=\"2020-01-30T05:40:44+00:00\" \/>\n<meta name=\"twitter:card\" content=\"summary_large_image\" \/>\n<meta name=\"twitter:label1\" content=\"Estimeret l\u00e6setid\" \/>\n\t<meta name=\"twitter:data1\" content=\"1 minut\" \/>\n<script type=\"application\/ld+json\" class=\"yoast-schema-graph\">{\"@context\":\"https:\\\/\\\/schema.org\",\"@graph\":[{\"@type\":\"WebPage\",\"@id\":\"https:\\\/\\\/niipit.dk\\\/videobrochure\\\/\",\"url\":\"https:\\\/\\\/niipit.dk\\\/videobrochure\\\/\",\"name\":\"Forside - Videobrochure\",\"isPartOf\":{\"@id\":\"https:\\\/\\\/niipit.dk\\\/videobrochure\\\/#website\"},\"datePublished\":\"2018-08-10T20:29:34+00:00\",\"dateModified\":\"2020-01-30T05:40:44+00:00\",\"breadcrumb\":{\"@id\":\"https:\\\/\\\/niipit.dk\\\/videobrochure\\\/#breadcrumb\"},\"inLanguage\":\"da-DK\",\"potentialAction\":[{\"@type\":\"ReadAction\",\"target\":[\"https:\\\/\\\/niipit.dk\\\/videobrochure\\\/\"]}]},{\"@type\":\"BreadcrumbList\",\"@id\":\"https:\\\/\\\/niipit.dk\\\/videobrochure\\\/#breadcrumb\",\"itemListElement\":[{\"@type\":\"ListItem\",\"position\":1,\"name\":\"Hjem\",\"item\":\"https:\\\/\\\/niipit.dk\\\/videobrochure\\\/\"},{\"@type\":\"ListItem\",\"position\":2,\"name\":\"Forside\"}]},{\"@type\":\"WebSite\",\"@id\":\"https:\\\/\\\/niipit.dk\\\/videobrochure\\\/#website\",\"url\":\"https:\\\/\\\/niipit.dk\\\/videobrochure\\\/\",\"name\":\"Videobrochure\",\"description\":\"Gr\u00f8n markedsf\u00f8ring for virksomheder \",\"potentialAction\":[{\"@type\":\"SearchAction\",\"target\":{\"@type\":\"EntryPoint\",\"urlTemplate\":\"https:\\\/\\\/niipit.dk\\\/videobrochure\\\/?s={search_term_string}\"},\"query-input\":{\"@type\":\"PropertyValueSpecification\",\"valueRequired\":true,\"valueName\":\"search_term_string\"}}],\"inLanguage\":\"da-DK\"}]}<\/script>\n<!-- \/ Yoast SEO Premium plugin. -->","yoast_head_json":{"title":"Forside - Videobrochure","robots":{"index":"index","follow":"follow","max-snippet":"max-snippet:-1","max-image-preview":"max-image-preview:large","max-video-preview":"max-video-preview:-1"},"canonical":"https:\/\/niipit.dk\/videobrochure\/","og_locale":"da_DK","og_type":"article","og_title":"Forside - Videobrochure","og_description":"Hvad er en videobrochure? Videobrochuren kan lagre flere sm\u00e5 videoer, som I kan fremvise, n\u00e5r I \u00f8nsker at pr\u00e6sentere jeres virksomhed til konferencer, messer eller m\u00f8der. Dermed tilf\u00f8rer videobrochuren en helt ny dimension til jeres virksomhed, n\u00e5r det g\u00e6lder jeres markedsf\u00f8ring.&nbsp; Videobrochuren skaber ikke blot blikfang, n\u00e5r I \u00f8nsker, at flere kunder skal f\u00e5 \u00f8jnene L\u00e6s mere","og_url":"https:\/\/niipit.dk\/videobrochure\/","og_site_name":"Videobrochure","article_modified_time":"2020-01-30T05:40:44+00:00","twitter_card":"summary_large_image","twitter_misc":{"Estimeret l\u00e6setid":"1 minut"},"schema":{"@context":"https:\/\/schema.org","@graph":[{"@type":"WebPage","@id":"https:\/\/niipit.dk\/videobrochure\/","url":"https:\/\/niipit.dk\/videobrochure\/","name":"Forside - Videobrochure","isPartOf":{"@id":"https:\/\/niipit.dk\/videobrochure\/#website"},"datePublished":"2018-08-10T20:29:34+00:00","dateModified":"2020-01-30T05:40:44+00:00","breadcrumb":{"@id":"https:\/\/niipit.dk\/videobrochure\/#breadcrumb"},"inLanguage":"da-DK","potentialAction":[{"@type":"ReadAction","target":["https:\/\/niipit.dk\/videobrochure\/"]}]},{"@type":"BreadcrumbList","@id":"https:\/\/niipit.dk\/videobrochure\/#breadcrumb","itemListElement":[{"@type":"ListItem","position":1,"name":"Hjem","item":"https:\/\/niipit.dk\/videobrochure\/"},{"@type":"ListItem","position":2,"name":"Forside"}]},{"@type":"WebSite","@id":"https:\/\/niipit.dk\/videobrochure\/#website","url":"https:\/\/niipit.dk\/videobrochure\/","name":"Videobrochure","description":"Gr\u00f8n markedsf\u00f8ring for virksomheder ","potentialAction":[{"@type":"SearchAction","target":{"@type":"EntryPoint","urlTemplate":"https:\/\/niipit.dk\/videobrochure\/?s={search_term_string}"},"query-input":{"@type":"PropertyValueSpecification","valueRequired":true,"valueName":"search_term_string"}}],"inLanguage":"da-DK"}]}},"_links":{"self":[{"href":"https:\/\/niipit.dk\/videobrochure\/wp-json\/wp\/v2\/pages\/5064","targetHints":{"allow":["GET"]}}],"collection":[{"href":"https:\/\/niipit.dk\/videobrochure\/wp-json\/wp\/v2\/pages"}],"about":[{"href":"https:\/\/niipit.dk\/videobrochure\/wp-json\/wp\/v2\/types\/page"}],"author":[{"embeddable":true,"href":"https:\/\/niipit.dk\/videobrochure\/wp-json\/wp\/v2\/users\/1"}],"replies":[{"embeddable":true,"href":"https:\/\/niipit.dk\/videobrochure\/wp-json\/wp\/v2\/comments?post=5064"}],"version-history":[{"count":0,"href":"https:\/\/niipit.dk\/videobrochure\/wp-json\/wp\/v2\/pages\/5064\/revisions"}],"wp:attachment":[{"href":"https:\/\/niipit.dk\/videobrochure\/wp-json\/wp\/v2\/media?parent=5064"}],"curies":[{"name":"wp","href":"https:\/\/api.w.org\/{rel}","templated":true}]}}