{"id":5064,"date":"2018-08-10T22:29:34","date_gmt":"2018-08-10T20:29:34","guid":{"rendered":"https:\/\/niipit.dk\/vetplan-shop\/?page_id=5064"},"modified":"2020-01-29T20:42:21","modified_gmt":"2020-01-29T19:42:21","slug":"frontpage","status":"publish","type":"page","link":"https:\/\/niipit.dk\/vetplan\/","title":{"rendered":"Forside"},"content":{"rendered":"\n<hr class=\"wp-block-separator\"\/>\n\n\n\n<h2 class=\"wp-block-heading\">Vetplan &#8211; sundhedsordning for dit dyr<\/h2>\n\n\n\n<p>I en VetPlan f\u00e5r dit dyr adgang til ydelser som fx dyrl\u00e6geunders\u00f8gelser, tandtjek, vaccination og store rabatter p\u00e5 foder. Du sparer penge og betaler kun et fast m\u00e5nedligt bel\u00f8b over betalingsservice til din dyrl\u00e6ge. Det giver b\u00e5de tryghed omkring dit dyrs sundhed og udgifter.&nbsp;<\/p>\n\n\n\n<p>Hver dyrl\u00e6ge har sammensat sin egen VetPlan, s\u00e5 kig dig omkring, til du finder en plan, der passer til dig og din hund, kat, kanin eller hest<\/p>\n","protected":false},"excerpt":{"rendered":"<p>Vetplan &#8211; sundhedsordning for dit dyr I en VetPlan f\u00e5r dit dyr adgang til ydelser som fx dyrl\u00e6geunders\u00f8gelser, tandtjek, vaccination og store rabatter p\u00e5 foder. Du sparer penge og betaler kun et fast m\u00e5nedligt bel\u00f8b over betalingsservice til din dyrl\u00e6ge. Det giver b\u00e5de tryghed omkring dit dyrs sundhed og udgifter.&nbsp; Hver dyrl\u00e6ge har sammensat sin <a class=\"moretag btn btn-primary\" href=\"https:\/\/niipit.dk\/vetplan\/\">L\u00e6s mere<\/a><\/p>\n","protected":false},"author":1,"featured_media":0,"parent":0,"menu_order":0,"comment_status":"closed","ping_status":"closed","template":"frontpagePremium.php","meta":{"_exactmetrics_skip_tracking":false,"_exactmetrics_sitenote_active":false,"_exactmetrics_sitenote_note":"","_exactmetrics_sitenote_category":0,"_monsterinsights_skip_tracking":false,"_monsterinsights_sitenote_active":false,"_monsterinsights_sitenote_note":"","_monsterinsights_sitenote_category":0,"footnotes":""},"class_list":["post-5064","page","type-page","status-publish","hentry"],"yoast_head":"<!-- This site is optimized with the Yoast SEO Premium plugin v16.3 (Yoast SEO v27.3) - https:\/\/yoast.com\/product\/yoast-seo-premium-wordpress\/ -->\n<title>Her f\u00e5r du Vetplan \u2502 Disse dyrl\u00e6ger tilbyder sundhedsordningen Vetplan<\/title>\n<meta name=\"description\" content=\"Find dyrl\u00e6ge i dit lokalomr\u00e5de, som tilbyder VetPlan \u2502 Dyreklinikken udvikler en skr\u00e6ddersyet sundshedsplan for din hest, hund, kat eller kanin \u2502 Se her \u27a4\" \/>\n<meta name=\"robots\" content=\"index, follow, max-snippet:-1, max-image-preview:large, max-video-preview:-1\" \/>\n<link rel=\"canonical\" href=\"https:\/\/niipit.dk\/vetplan\/\" \/>\n<meta property=\"og:locale\" content=\"da_DK\" \/>\n<meta property=\"og:type\" content=\"article\" \/>\n<meta property=\"og:title\" content=\"Her f\u00e5r du Vetplan \u2502 Disse dyrl\u00e6ger tilbyder sundhedsordningen Vetplan\" \/>\n<meta property=\"og:description\" content=\"Find dyrl\u00e6ge i dit lokalomr\u00e5de, som tilbyder VetPlan \u2502 Dyreklinikken udvikler en skr\u00e6ddersyet sundshedsplan for din hest, hund, kat eller kanin \u2502 Se her \u27a4\" \/>\n<meta property=\"og:url\" content=\"https:\/\/niipit.dk\/vetplan\/\" \/>\n<meta property=\"og:site_name\" content=\"VetPlan\" \/>\n<meta property=\"article:modified_time\" content=\"2020-01-29T19:42:21+00:00\" \/>\n<meta name=\"twitter:card\" content=\"summary_large_image\" \/>\n<script type=\"application\/ld+json\" class=\"yoast-schema-graph\">{\"@context\":\"https:\\\/\\\/schema.org\",\"@graph\":[{\"@type\":\"WebPage\",\"@id\":\"https:\\\/\\\/niipit.dk\\\/vetplan\\\/\",\"url\":\"https:\\\/\\\/niipit.dk\\\/vetplan\\\/\",\"name\":\"Her f\u00e5r du Vetplan \u2502 Disse dyrl\u00e6ger tilbyder sundhedsordningen Vetplan\",\"isPartOf\":{\"@id\":\"https:\\\/\\\/niipit.dk\\\/vetplan\\\/#website\"},\"datePublished\":\"2018-08-10T20:29:34+00:00\",\"dateModified\":\"2020-01-29T19:42:21+00:00\",\"description\":\"Find dyrl\u00e6ge i dit lokalomr\u00e5de, som tilbyder VetPlan \u2502 Dyreklinikken udvikler en skr\u00e6ddersyet sundshedsplan for din hest, hund, kat eller kanin \u2502 Se her \u27a4\",\"breadcrumb\":{\"@id\":\"https:\\\/\\\/niipit.dk\\\/vetplan\\\/#breadcrumb\"},\"inLanguage\":\"da-DK\",\"potentialAction\":[{\"@type\":\"ReadAction\",\"target\":[\"https:\\\/\\\/niipit.dk\\\/vetplan\\\/\"]}]},{\"@type\":\"BreadcrumbList\",\"@id\":\"https:\\\/\\\/niipit.dk\\\/vetplan\\\/#breadcrumb\",\"itemListElement\":[{\"@type\":\"ListItem\",\"position\":1,\"name\":\"Hjem\",\"item\":\"https:\\\/\\\/niipit.dk\\\/vetplan\\\/\"},{\"@type\":\"ListItem\",\"position\":2,\"name\":\"Forside\"}]},{\"@type\":\"WebSite\",\"@id\":\"https:\\\/\\\/niipit.dk\\\/vetplan\\\/#website\",\"url\":\"https:\\\/\\\/niipit.dk\\\/vetplan\\\/\",\"name\":\"VetPlan\",\"description\":\"Sundhedsordning for dyr\",\"potentialAction\":[{\"@type\":\"SearchAction\",\"target\":{\"@type\":\"EntryPoint\",\"urlTemplate\":\"https:\\\/\\\/niipit.dk\\\/vetplan\\\/?s={search_term_string}\"},\"query-input\":{\"@type\":\"PropertyValueSpecification\",\"valueRequired\":true,\"valueName\":\"search_term_string\"}}],\"inLanguage\":\"da-DK\"}]}<\/script>\n<!-- \/ Yoast SEO Premium plugin. -->","yoast_head_json":{"title":"Her f\u00e5r du Vetplan \u2502 Disse dyrl\u00e6ger tilbyder sundhedsordningen Vetplan","description":"Find dyrl\u00e6ge i dit lokalomr\u00e5de, som tilbyder VetPlan \u2502 Dyreklinikken udvikler en skr\u00e6ddersyet sundshedsplan for din hest, hund, kat eller kanin \u2502 Se her \u27a4","robots":{"index":"index","follow":"follow","max-snippet":"max-snippet:-1","max-image-preview":"max-image-preview:large","max-video-preview":"max-video-preview:-1"},"canonical":"https:\/\/niipit.dk\/vetplan\/","og_locale":"da_DK","og_type":"article","og_title":"Her f\u00e5r du Vetplan \u2502 Disse dyrl\u00e6ger tilbyder sundhedsordningen Vetplan","og_description":"Find dyrl\u00e6ge i dit lokalomr\u00e5de, som tilbyder VetPlan \u2502 Dyreklinikken udvikler en skr\u00e6ddersyet sundshedsplan for din hest, hund, kat eller kanin \u2502 Se her \u27a4","og_url":"https:\/\/niipit.dk\/vetplan\/","og_site_name":"VetPlan","article_modified_time":"2020-01-29T19:42:21+00:00","twitter_card":"summary_large_image","schema":{"@context":"https:\/\/schema.org","@graph":[{"@type":"WebPage","@id":"https:\/\/niipit.dk\/vetplan\/","url":"https:\/\/niipit.dk\/vetplan\/","name":"Her f\u00e5r du Vetplan \u2502 Disse dyrl\u00e6ger tilbyder sundhedsordningen Vetplan","isPartOf":{"@id":"https:\/\/niipit.dk\/vetplan\/#website"},"datePublished":"2018-08-10T20:29:34+00:00","dateModified":"2020-01-29T19:42:21+00:00","description":"Find dyrl\u00e6ge i dit lokalomr\u00e5de, som tilbyder VetPlan \u2502 Dyreklinikken udvikler en skr\u00e6ddersyet sundshedsplan for din hest, hund, kat eller kanin \u2502 Se her \u27a4","breadcrumb":{"@id":"https:\/\/niipit.dk\/vetplan\/#breadcrumb"},"inLanguage":"da-DK","potentialAction":[{"@type":"ReadAction","target":["https:\/\/niipit.dk\/vetplan\/"]}]},{"@type":"BreadcrumbList","@id":"https:\/\/niipit.dk\/vetplan\/#breadcrumb","itemListElement":[{"@type":"ListItem","position":1,"name":"Hjem","item":"https:\/\/niipit.dk\/vetplan\/"},{"@type":"ListItem","position":2,"name":"Forside"}]},{"@type":"WebSite","@id":"https:\/\/niipit.dk\/vetplan\/#website","url":"https:\/\/niipit.dk\/vetplan\/","name":"VetPlan","description":"Sundhedsordning for dyr","potentialAction":[{"@type":"SearchAction","target":{"@type":"EntryPoint","urlTemplate":"https:\/\/niipit.dk\/vetplan\/?s={search_term_string}"},"query-input":{"@type":"PropertyValueSpecification","valueRequired":true,"valueName":"search_term_string"}}],"inLanguage":"da-DK"}]}},"_links":{"self":[{"href":"https:\/\/niipit.dk\/vetplan\/wp-json\/wp\/v2\/pages\/5064","targetHints":{"allow":["GET"]}}],"collection":[{"href":"https:\/\/niipit.dk\/vetplan\/wp-json\/wp\/v2\/pages"}],"about":[{"href":"https:\/\/niipit.dk\/vetplan\/wp-json\/wp\/v2\/types\/page"}],"author":[{"embeddable":true,"href":"https:\/\/niipit.dk\/vetplan\/wp-json\/wp\/v2\/users\/1"}],"replies":[{"embeddable":true,"href":"https:\/\/niipit.dk\/vetplan\/wp-json\/wp\/v2\/comments?post=5064"}],"version-history":[{"count":0,"href":"https:\/\/niipit.dk\/vetplan\/wp-json\/wp\/v2\/pages\/5064\/revisions"}],"wp:attachment":[{"href":"https:\/\/niipit.dk\/vetplan\/wp-json\/wp\/v2\/media?parent=5064"}],"curies":[{"name":"wp","href":"https:\/\/api.w.org\/{rel}","templated":true}]}}