{"id":5064,"date":"2018-08-10T22:29:34","date_gmt":"2018-08-10T20:29:34","guid":{"rendered":"https:\/\/niipit.dk\/vejstrup-efterskole-shop\/?page_id=5064"},"modified":"2021-03-05T17:45:12","modified_gmt":"2021-03-05T16:45:12","slug":"frontpage","status":"publish","type":"page","link":"https:\/\/niipit.dk\/vejstrup-efterskole\/","title":{"rendered":"Forside"},"content":{"rendered":"\n<hr class=\"wp-block-separator\"\/>\n\n\n\n<h2 class=\"wp-block-heading\" id=\"h-vejstrup-efterskole\">Vejstrup Efterskole<\/h2>\n\n\n\n<p>Vejstrup Efterskole Fitness linje er placeret t\u00e6t p\u00e5 vandet p\u00e5 Sydfyn. Det er godt for unge at have muligheden for at kunne tage p\u00e5 nogle ture i naturen. Vores erfaring fort\u00e6ller os at stranden er i sted som unge godt kan lide at tage hen, is\u00e6r n\u00e5r vejret er godt.&nbsp;<\/p>\n\n\n\n<p>P\u00e5 Vejstrup efterskole har du mulighed for at v\u00e6lge imellem 7 super fede linjer. Spring, Fitness, Dans, Powertumbling, Rytmisk Gymnastik, TeamGym og Parkour. Alle vores linjer er p\u00e5 et h\u00f8jt niveau for dem som virkelig vil udvikle sine evner til fx gymnastik. Men ogs\u00e5 et sted man kan v\u00e6re med selv om man ikke har s\u00e5 meget erfaring med linjefaget. Det kan eksempelvis v\u00e6re at du har lyst til at pr\u00f8ve at l\u00e6re en masse om gymnastisk og kroppen s\u00e5 er det ogs\u00e5 helt fint. Her er plads til bredden hos os.<\/p>\n\n\n\n<p>Vi har det sidste \u00e5r oplevet en stor fremgang p\u00e5 vores fitness linje, hvilket har resulteret i flere drenge p\u00e5 efterskolen. Men ogs\u00e5 at vi i Danmark har et stort fokus p\u00e5 sundhed disse \u00e5r. Med et \u00e5r p\u00e5 vores fitness linje kommer du til at afpr\u00f8ve en masse nye tr\u00e6ningsforme og med at l\u00e6ring bliver du klar til at blive fitness instrukt\u00f8r. Du bliver ogs\u00e5 undervist i hvad der er godt for kroppen og hvad man b\u00f8r spise for at kunne performe p\u00e5 det h\u00f8jeste niveau.<\/p>\n\n\n\n<h3 class=\"wp-block-heading\" id=\"h-ud-over-fitness-linjen-er-der-valgfag\">Ud over fitness linjen er der valgfag<\/h3>\n\n\n\n<p>Vores sproglige valgfag best\u00e5r af Tysk, Fransk, Fysik\/Kemi b\u00e5de med og uden pr\u00f8ve og til sidst har vi ogs\u00e5 spansk hvis du har lyst til at l\u00e6re om sydens sprog.<\/p>\n\n\n\n<p>L\u00e6s mere om vores andre valgfag som ikke er boglige p\u00e5 vores <a href=\"https:\/\/www.vejstrup.dk\/undervisning\/\" target=\"_blank\" rel=\"noreferrer noopener\">hjemmeside<\/a>.<\/p>\n\n\n\n<p>Kom og bes\u00f8g os p\u00e5 efterskolernes dag og oplev atmosf\u00e6ren p\u00e5 Vejstrup fitness efterskole. Her har du mulighed for at m\u00f8de nogle af de elever, som g\u00e5r p\u00e5 skolen p\u00e5 nuv\u00e6rende tidspunkt. Det er en rigtig god mulighed for at se for dig selv om efterskolen er noget for dig.<\/p>\n","protected":false},"excerpt":{"rendered":"<p>Vejstrup Efterskole Vejstrup Efterskole Fitness linje er placeret t\u00e6t p\u00e5 vandet p\u00e5 Sydfyn. Det er godt for unge at have muligheden for at kunne tage p\u00e5 nogle ture i naturen. Vores erfaring fort\u00e6ller os at stranden er i sted som unge godt kan lide at tage hen, is\u00e6r n\u00e5r vejret er godt.&nbsp; P\u00e5 Vejstrup efterskole <a class=\"moretag btn btn-primary\" href=\"https:\/\/niipit.dk\/vejstrup-efterskole\/\">L\u00e6s mere<\/a><\/p>\n","protected":false},"author":1,"featured_media":0,"parent":0,"menu_order":0,"comment_status":"closed","ping_status":"closed","template":"frontpagePremium.php","meta":{"_exactmetrics_skip_tracking":false,"_exactmetrics_sitenote_active":false,"_exactmetrics_sitenote_note":"","_exactmetrics_sitenote_category":0,"_monsterinsights_skip_tracking":false,"_monsterinsights_sitenote_active":false,"_monsterinsights_sitenote_note":"","_monsterinsights_sitenote_category":0,"footnotes":""},"class_list":["post-5064","page","type-page","status-publish","hentry"],"yoast_head":"<!-- This site is optimized with the Yoast SEO Premium plugin v16.3 (Yoast SEO v27.3) - https:\/\/yoast.com\/product\/yoast-seo-premium-wordpress\/ -->\n<title>Fitness efterskole p\u00e5 Fyn med fokus p\u00e5 tr\u00e6ning og sundhed<\/title>\n<meta name=\"description\" content=\"P\u00e5 Vejstrup fitness efterskole l\u00e6rer du at alt om tr\u00e6ning og hvordan du holder kroppen sund. F\u00e5 mere energi og st\u00f8rre selvv\u00e6rd.\" \/>\n<meta name=\"robots\" content=\"index, follow, max-snippet:-1, max-image-preview:large, max-video-preview:-1\" \/>\n<link rel=\"canonical\" href=\"https:\/\/niipit.dk\/vejstrup-efterskole\/\" \/>\n<meta property=\"og:locale\" content=\"da_DK\" \/>\n<meta property=\"og:type\" content=\"article\" \/>\n<meta property=\"og:title\" content=\"Fitness efterskole p\u00e5 Fyn med fokus p\u00e5 tr\u00e6ning og sundhed\" \/>\n<meta property=\"og:description\" content=\"P\u00e5 Vejstrup fitness efterskole l\u00e6rer du at alt om tr\u00e6ning og hvordan du holder kroppen sund. F\u00e5 mere energi og st\u00f8rre selvv\u00e6rd.\" \/>\n<meta property=\"og:url\" content=\"https:\/\/niipit.dk\/vejstrup-efterskole\/\" \/>\n<meta property=\"og:site_name\" content=\"Vejstrup Efterskole\" \/>\n<meta property=\"article:modified_time\" content=\"2021-03-05T16:45:12+00:00\" \/>\n<meta name=\"twitter:card\" content=\"summary_large_image\" \/>\n<meta name=\"twitter:label1\" content=\"Estimeret l\u00e6setid\" \/>\n\t<meta name=\"twitter:data1\" content=\"2 minutter\" \/>\n<script type=\"application\/ld+json\" class=\"yoast-schema-graph\">{\"@context\":\"https:\\\/\\\/schema.org\",\"@graph\":[{\"@type\":\"WebPage\",\"@id\":\"https:\\\/\\\/niipit.dk\\\/vejstrup-efterskole\\\/\",\"url\":\"https:\\\/\\\/niipit.dk\\\/vejstrup-efterskole\\\/\",\"name\":\"Fitness efterskole p\u00e5 Fyn med fokus p\u00e5 tr\u00e6ning og sundhed\",\"isPartOf\":{\"@id\":\"https:\\\/\\\/niipit.dk\\\/vejstrup-efterskole\\\/#website\"},\"datePublished\":\"2018-08-10T20:29:34+00:00\",\"dateModified\":\"2021-03-05T16:45:12+00:00\",\"description\":\"P\u00e5 Vejstrup fitness efterskole l\u00e6rer du at alt om tr\u00e6ning og hvordan du holder kroppen sund. F\u00e5 mere energi og st\u00f8rre selvv\u00e6rd.\",\"breadcrumb\":{\"@id\":\"https:\\\/\\\/niipit.dk\\\/vejstrup-efterskole\\\/#breadcrumb\"},\"inLanguage\":\"da-DK\",\"potentialAction\":[{\"@type\":\"ReadAction\",\"target\":[\"https:\\\/\\\/niipit.dk\\\/vejstrup-efterskole\\\/\"]}]},{\"@type\":\"BreadcrumbList\",\"@id\":\"https:\\\/\\\/niipit.dk\\\/vejstrup-efterskole\\\/#breadcrumb\",\"itemListElement\":[{\"@type\":\"ListItem\",\"position\":1,\"name\":\"Hjem\",\"item\":\"https:\\\/\\\/niipit.dk\\\/vejstrup-efterskole\\\/\"},{\"@type\":\"ListItem\",\"position\":2,\"name\":\"Forside\"}]},{\"@type\":\"WebSite\",\"@id\":\"https:\\\/\\\/niipit.dk\\\/vejstrup-efterskole\\\/#website\",\"url\":\"https:\\\/\\\/niipit.dk\\\/vejstrup-efterskole\\\/\",\"name\":\"Vejstrup Efterskole\",\"description\":\"F\u00e5 din virksomhed p\u00e5 niipit\",\"potentialAction\":[{\"@type\":\"SearchAction\",\"target\":{\"@type\":\"EntryPoint\",\"urlTemplate\":\"https:\\\/\\\/niipit.dk\\\/vejstrup-efterskole\\\/?s={search_term_string}\"},\"query-input\":{\"@type\":\"PropertyValueSpecification\",\"valueRequired\":true,\"valueName\":\"search_term_string\"}}],\"inLanguage\":\"da-DK\"}]}<\/script>\n<!-- \/ Yoast SEO Premium plugin. -->","yoast_head_json":{"title":"Fitness efterskole p\u00e5 Fyn med fokus p\u00e5 tr\u00e6ning og sundhed","description":"P\u00e5 Vejstrup fitness efterskole l\u00e6rer du at alt om tr\u00e6ning og hvordan du holder kroppen sund. F\u00e5 mere energi og st\u00f8rre selvv\u00e6rd.","robots":{"index":"index","follow":"follow","max-snippet":"max-snippet:-1","max-image-preview":"max-image-preview:large","max-video-preview":"max-video-preview:-1"},"canonical":"https:\/\/niipit.dk\/vejstrup-efterskole\/","og_locale":"da_DK","og_type":"article","og_title":"Fitness efterskole p\u00e5 Fyn med fokus p\u00e5 tr\u00e6ning og sundhed","og_description":"P\u00e5 Vejstrup fitness efterskole l\u00e6rer du at alt om tr\u00e6ning og hvordan du holder kroppen sund. F\u00e5 mere energi og st\u00f8rre selvv\u00e6rd.","og_url":"https:\/\/niipit.dk\/vejstrup-efterskole\/","og_site_name":"Vejstrup Efterskole","article_modified_time":"2021-03-05T16:45:12+00:00","twitter_card":"summary_large_image","twitter_misc":{"Estimeret l\u00e6setid":"2 minutter"},"schema":{"@context":"https:\/\/schema.org","@graph":[{"@type":"WebPage","@id":"https:\/\/niipit.dk\/vejstrup-efterskole\/","url":"https:\/\/niipit.dk\/vejstrup-efterskole\/","name":"Fitness efterskole p\u00e5 Fyn med fokus p\u00e5 tr\u00e6ning og sundhed","isPartOf":{"@id":"https:\/\/niipit.dk\/vejstrup-efterskole\/#website"},"datePublished":"2018-08-10T20:29:34+00:00","dateModified":"2021-03-05T16:45:12+00:00","description":"P\u00e5 Vejstrup fitness efterskole l\u00e6rer du at alt om tr\u00e6ning og hvordan du holder kroppen sund. F\u00e5 mere energi og st\u00f8rre selvv\u00e6rd.","breadcrumb":{"@id":"https:\/\/niipit.dk\/vejstrup-efterskole\/#breadcrumb"},"inLanguage":"da-DK","potentialAction":[{"@type":"ReadAction","target":["https:\/\/niipit.dk\/vejstrup-efterskole\/"]}]},{"@type":"BreadcrumbList","@id":"https:\/\/niipit.dk\/vejstrup-efterskole\/#breadcrumb","itemListElement":[{"@type":"ListItem","position":1,"name":"Hjem","item":"https:\/\/niipit.dk\/vejstrup-efterskole\/"},{"@type":"ListItem","position":2,"name":"Forside"}]},{"@type":"WebSite","@id":"https:\/\/niipit.dk\/vejstrup-efterskole\/#website","url":"https:\/\/niipit.dk\/vejstrup-efterskole\/","name":"Vejstrup Efterskole","description":"F\u00e5 din virksomhed p\u00e5 niipit","potentialAction":[{"@type":"SearchAction","target":{"@type":"EntryPoint","urlTemplate":"https:\/\/niipit.dk\/vejstrup-efterskole\/?s={search_term_string}"},"query-input":{"@type":"PropertyValueSpecification","valueRequired":true,"valueName":"search_term_string"}}],"inLanguage":"da-DK"}]}},"_links":{"self":[{"href":"https:\/\/niipit.dk\/vejstrup-efterskole\/wp-json\/wp\/v2\/pages\/5064","targetHints":{"allow":["GET"]}}],"collection":[{"href":"https:\/\/niipit.dk\/vejstrup-efterskole\/wp-json\/wp\/v2\/pages"}],"about":[{"href":"https:\/\/niipit.dk\/vejstrup-efterskole\/wp-json\/wp\/v2\/types\/page"}],"author":[{"embeddable":true,"href":"https:\/\/niipit.dk\/vejstrup-efterskole\/wp-json\/wp\/v2\/users\/1"}],"replies":[{"embeddable":true,"href":"https:\/\/niipit.dk\/vejstrup-efterskole\/wp-json\/wp\/v2\/comments?post=5064"}],"version-history":[{"count":1,"href":"https:\/\/niipit.dk\/vejstrup-efterskole\/wp-json\/wp\/v2\/pages\/5064\/revisions"}],"predecessor-version":[{"id":6130,"href":"https:\/\/niipit.dk\/vejstrup-efterskole\/wp-json\/wp\/v2\/pages\/5064\/revisions\/6130"}],"wp:attachment":[{"href":"https:\/\/niipit.dk\/vejstrup-efterskole\/wp-json\/wp\/v2\/media?parent=5064"}],"curies":[{"name":"wp","href":"https:\/\/api.w.org\/{rel}","templated":true}]}}