{"id":5064,"date":"2018-08-10T22:29:34","date_gmt":"2018-08-10T20:29:34","guid":{"rendered":"https:\/\/niipit.dk\/vamdrup-apotek-shop\/?page_id=5064"},"modified":"2019-11-04T20:04:29","modified_gmt":"2019-11-04T19:04:29","slug":"frontpage","status":"publish","type":"page","link":"https:\/\/niipit.dk\/vamdrup-apotek\/","title":{"rendered":"Forside"},"content":{"rendered":"\n<h3 class=\"wp-block-heading\">Vamdrup Apotek er dit apotek i lokalomr\u00e5det<\/h3>\n\n\n\n<p>Vores smilende personale p\u00e5 Vamdrup apotek st\u00e5r altid klar til at betjene dig.<br><br> Apoteket er beliggende i rundk\u00f8rslen midt i Vamdrup.<br><br> Hvis du har bilen med s\u00e5 er der parkeringspladser i g\u00e5rden bag apoteket, eller du kan parkerer p\u00e5 den anden side af gaden i de markerede b\u00e5se.<br><br> Hvis du kommer med toget til Vamdrup s\u00e5 ligger apoteket kun f\u00e5 hundrede meter fra baneg\u00e5rden.<br><br> Vi gl\u00e6der os til at betjene dig.<\/p>\n\n\n\n<h3 class=\"wp-block-heading\">Vi bringer gerne ud til dig<\/h3>\n\n\n\n<p>Vidste du at Du kan ringe til apoteket alle hverdage og bestille din medicin. Mod et mindre gebyr s\u00e5 kommer vi gerne ud til dig med det medicin du mangler.<\/p>\n\n\n\n<p><\/p>\n","protected":false},"excerpt":{"rendered":"<p>Vamdrup Apotek er dit apotek i lokalomr\u00e5det Vores smilende personale p\u00e5 Vamdrup apotek st\u00e5r altid klar til at betjene dig. Apoteket er beliggende i rundk\u00f8rslen midt i Vamdrup. Hvis du har bilen med s\u00e5 er der parkeringspladser i g\u00e5rden bag apoteket, eller du kan parkerer p\u00e5 den anden side af gaden i de markerede b\u00e5se. <a class=\"moretag btn btn-primary\" href=\"https:\/\/niipit.dk\/vamdrup-apotek\/\">L\u00e6s mere<\/a><\/p>\n","protected":false},"author":1060,"featured_media":5810,"parent":0,"menu_order":0,"comment_status":"closed","ping_status":"closed","template":"frontpagePremium.php","meta":{"_exactmetrics_skip_tracking":false,"_exactmetrics_sitenote_active":false,"_exactmetrics_sitenote_note":"","_exactmetrics_sitenote_category":0,"_monsterinsights_skip_tracking":false,"_monsterinsights_sitenote_active":false,"_monsterinsights_sitenote_note":"","_monsterinsights_sitenote_category":0,"footnotes":""},"class_list":["post-5064","page","type-page","status-publish","has-post-thumbnail","hentry"],"yoast_head":"<!-- This site is optimized with the Yoast SEO Premium plugin v16.3 (Yoast SEO v27.3) - https:\/\/yoast.com\/product\/yoast-seo-premium-wordpress\/ -->\n<title>Vamdrup Apotek - Dit lokale apotek - Shop lokalt hver gang<\/title>\n<meta name=\"description\" content=\"Vamdrup apotek - Vidste du at du kan mod et lille gebyr, f\u00e5 leveret apoteker varer ud til din adresse. Det er en fordel n\u00e5r du er syg og ikke vil udenfor\" \/>\n<meta name=\"robots\" content=\"index, follow, max-snippet:-1, max-image-preview:large, max-video-preview:-1\" \/>\n<link rel=\"canonical\" href=\"https:\/\/niipit.dk\/vamdrup-apotek\/\" \/>\n<meta property=\"og:locale\" content=\"da_DK\" \/>\n<meta property=\"og:type\" content=\"article\" \/>\n<meta property=\"og:title\" content=\"Vamdrup Apotek - Dit lokale apotek - Shop lokalt hver gang\" \/>\n<meta property=\"og:description\" content=\"Vamdrup apotek - Vidste du at du kan mod et lille gebyr, f\u00e5 leveret apoteker varer ud til din adresse. Det er en fordel n\u00e5r du er syg og ikke vil udenfor\" \/>\n<meta property=\"og:url\" content=\"https:\/\/niipit.dk\/vamdrup-apotek\/\" \/>\n<meta property=\"og:site_name\" content=\"Vamdrup Apotek\" \/>\n<meta property=\"article:modified_time\" content=\"2019-11-04T19:04:29+00:00\" \/>\n<meta property=\"og:image\" content=\"https:\/\/niipit.dk\/vamdrup-apotek\/wp-content\/uploads\/sites\/315\/2019\/10\/Vamdrup-apotek-Niipit-lokale-butikker-shop-lokalt.jpg\" \/>\n\t<meta property=\"og:image:width\" content=\"1600\" \/>\n\t<meta property=\"og:image:height\" content=\"640\" \/>\n\t<meta property=\"og:image:type\" content=\"image\/jpeg\" \/>\n<meta name=\"twitter:card\" content=\"summary_large_image\" \/>\n<meta name=\"twitter:label1\" content=\"Estimeret l\u00e6setid\" \/>\n\t<meta name=\"twitter:data1\" content=\"1 minut\" \/>\n<script type=\"application\/ld+json\" class=\"yoast-schema-graph\">{\"@context\":\"https:\\\/\\\/schema.org\",\"@graph\":[{\"@type\":\"WebPage\",\"@id\":\"https:\\\/\\\/niipit.dk\\\/vamdrup-apotek\\\/\",\"url\":\"https:\\\/\\\/niipit.dk\\\/vamdrup-apotek\\\/\",\"name\":\"Vamdrup Apotek - Dit lokale apotek - Shop lokalt hver gang\",\"isPartOf\":{\"@id\":\"https:\\\/\\\/niipit.dk\\\/vamdrup-apotek\\\/#website\"},\"primaryImageOfPage\":{\"@id\":\"https:\\\/\\\/niipit.dk\\\/vamdrup-apotek\\\/#primaryimage\"},\"image\":{\"@id\":\"https:\\\/\\\/niipit.dk\\\/vamdrup-apotek\\\/#primaryimage\"},\"thumbnailUrl\":\"https:\\\/\\\/niipit.dk\\\/vamdrup-apotek\\\/wp-content\\\/uploads\\\/sites\\\/315\\\/2019\\\/10\\\/Vamdrup-apotek-Niipit-lokale-butikker-shop-lokalt.jpg\",\"datePublished\":\"2018-08-10T20:29:34+00:00\",\"dateModified\":\"2019-11-04T19:04:29+00:00\",\"description\":\"Vamdrup apotek - Vidste du at du kan mod et lille gebyr, f\u00e5 leveret apoteker varer ud til din adresse. Det er en fordel n\u00e5r du er syg og ikke vil udenfor\",\"breadcrumb\":{\"@id\":\"https:\\\/\\\/niipit.dk\\\/vamdrup-apotek\\\/#breadcrumb\"},\"inLanguage\":\"da-DK\",\"potentialAction\":[{\"@type\":\"ReadAction\",\"target\":[\"https:\\\/\\\/niipit.dk\\\/vamdrup-apotek\\\/\"]}]},{\"@type\":\"ImageObject\",\"inLanguage\":\"da-DK\",\"@id\":\"https:\\\/\\\/niipit.dk\\\/vamdrup-apotek\\\/#primaryimage\",\"url\":\"https:\\\/\\\/niipit.dk\\\/vamdrup-apotek\\\/wp-content\\\/uploads\\\/sites\\\/315\\\/2019\\\/10\\\/Vamdrup-apotek-Niipit-lokale-butikker-shop-lokalt.jpg\",\"contentUrl\":\"https:\\\/\\\/niipit.dk\\\/vamdrup-apotek\\\/wp-content\\\/uploads\\\/sites\\\/315\\\/2019\\\/10\\\/Vamdrup-apotek-Niipit-lokale-butikker-shop-lokalt.jpg\",\"width\":1600,\"height\":640,\"caption\":\"Vamdrup Apotek Niipit viser dig lokale butikker Shop lokalt\"},{\"@type\":\"BreadcrumbList\",\"@id\":\"https:\\\/\\\/niipit.dk\\\/vamdrup-apotek\\\/#breadcrumb\",\"itemListElement\":[{\"@type\":\"ListItem\",\"position\":1,\"name\":\"Hjem\",\"item\":\"https:\\\/\\\/niipit.dk\\\/vamdrup-apotek\\\/\"},{\"@type\":\"ListItem\",\"position\":2,\"name\":\"Forside\"}]},{\"@type\":\"WebSite\",\"@id\":\"https:\\\/\\\/niipit.dk\\\/vamdrup-apotek\\\/#website\",\"url\":\"https:\\\/\\\/niipit.dk\\\/vamdrup-apotek\\\/\",\"name\":\"Vamdrup Apotek\",\"description\":\"Dit lokale apotek\",\"potentialAction\":[{\"@type\":\"SearchAction\",\"target\":{\"@type\":\"EntryPoint\",\"urlTemplate\":\"https:\\\/\\\/niipit.dk\\\/vamdrup-apotek\\\/?s={search_term_string}\"},\"query-input\":{\"@type\":\"PropertyValueSpecification\",\"valueRequired\":true,\"valueName\":\"search_term_string\"}}],\"inLanguage\":\"da-DK\"}]}<\/script>\n<!-- \/ Yoast SEO Premium plugin. -->","yoast_head_json":{"title":"Vamdrup Apotek - Dit lokale apotek - Shop lokalt hver gang","description":"Vamdrup apotek - Vidste du at du kan mod et lille gebyr, f\u00e5 leveret apoteker varer ud til din adresse. Det er en fordel n\u00e5r du er syg og ikke vil udenfor","robots":{"index":"index","follow":"follow","max-snippet":"max-snippet:-1","max-image-preview":"max-image-preview:large","max-video-preview":"max-video-preview:-1"},"canonical":"https:\/\/niipit.dk\/vamdrup-apotek\/","og_locale":"da_DK","og_type":"article","og_title":"Vamdrup Apotek - Dit lokale apotek - Shop lokalt hver gang","og_description":"Vamdrup apotek - Vidste du at du kan mod et lille gebyr, f\u00e5 leveret apoteker varer ud til din adresse. Det er en fordel n\u00e5r du er syg og ikke vil udenfor","og_url":"https:\/\/niipit.dk\/vamdrup-apotek\/","og_site_name":"Vamdrup Apotek","article_modified_time":"2019-11-04T19:04:29+00:00","og_image":[{"width":1600,"height":640,"url":"https:\/\/niipit.dk\/vamdrup-apotek\/wp-content\/uploads\/sites\/315\/2019\/10\/Vamdrup-apotek-Niipit-lokale-butikker-shop-lokalt.jpg","type":"image\/jpeg"}],"twitter_card":"summary_large_image","twitter_misc":{"Estimeret l\u00e6setid":"1 minut"},"schema":{"@context":"https:\/\/schema.org","@graph":[{"@type":"WebPage","@id":"https:\/\/niipit.dk\/vamdrup-apotek\/","url":"https:\/\/niipit.dk\/vamdrup-apotek\/","name":"Vamdrup Apotek - Dit lokale apotek - Shop lokalt hver gang","isPartOf":{"@id":"https:\/\/niipit.dk\/vamdrup-apotek\/#website"},"primaryImageOfPage":{"@id":"https:\/\/niipit.dk\/vamdrup-apotek\/#primaryimage"},"image":{"@id":"https:\/\/niipit.dk\/vamdrup-apotek\/#primaryimage"},"thumbnailUrl":"https:\/\/niipit.dk\/vamdrup-apotek\/wp-content\/uploads\/sites\/315\/2019\/10\/Vamdrup-apotek-Niipit-lokale-butikker-shop-lokalt.jpg","datePublished":"2018-08-10T20:29:34+00:00","dateModified":"2019-11-04T19:04:29+00:00","description":"Vamdrup apotek - Vidste du at du kan mod et lille gebyr, f\u00e5 leveret apoteker varer ud til din adresse. Det er en fordel n\u00e5r du er syg og ikke vil udenfor","breadcrumb":{"@id":"https:\/\/niipit.dk\/vamdrup-apotek\/#breadcrumb"},"inLanguage":"da-DK","potentialAction":[{"@type":"ReadAction","target":["https:\/\/niipit.dk\/vamdrup-apotek\/"]}]},{"@type":"ImageObject","inLanguage":"da-DK","@id":"https:\/\/niipit.dk\/vamdrup-apotek\/#primaryimage","url":"https:\/\/niipit.dk\/vamdrup-apotek\/wp-content\/uploads\/sites\/315\/2019\/10\/Vamdrup-apotek-Niipit-lokale-butikker-shop-lokalt.jpg","contentUrl":"https:\/\/niipit.dk\/vamdrup-apotek\/wp-content\/uploads\/sites\/315\/2019\/10\/Vamdrup-apotek-Niipit-lokale-butikker-shop-lokalt.jpg","width":1600,"height":640,"caption":"Vamdrup Apotek Niipit viser dig lokale butikker Shop lokalt"},{"@type":"BreadcrumbList","@id":"https:\/\/niipit.dk\/vamdrup-apotek\/#breadcrumb","itemListElement":[{"@type":"ListItem","position":1,"name":"Hjem","item":"https:\/\/niipit.dk\/vamdrup-apotek\/"},{"@type":"ListItem","position":2,"name":"Forside"}]},{"@type":"WebSite","@id":"https:\/\/niipit.dk\/vamdrup-apotek\/#website","url":"https:\/\/niipit.dk\/vamdrup-apotek\/","name":"Vamdrup Apotek","description":"Dit lokale apotek","potentialAction":[{"@type":"SearchAction","target":{"@type":"EntryPoint","urlTemplate":"https:\/\/niipit.dk\/vamdrup-apotek\/?s={search_term_string}"},"query-input":{"@type":"PropertyValueSpecification","valueRequired":true,"valueName":"search_term_string"}}],"inLanguage":"da-DK"}]}},"_links":{"self":[{"href":"https:\/\/niipit.dk\/vamdrup-apotek\/wp-json\/wp\/v2\/pages\/5064","targetHints":{"allow":["GET"]}}],"collection":[{"href":"https:\/\/niipit.dk\/vamdrup-apotek\/wp-json\/wp\/v2\/pages"}],"about":[{"href":"https:\/\/niipit.dk\/vamdrup-apotek\/wp-json\/wp\/v2\/types\/page"}],"author":[{"embeddable":true,"href":"https:\/\/niipit.dk\/vamdrup-apotek\/wp-json\/wp\/v2\/users\/1060"}],"replies":[{"embeddable":true,"href":"https:\/\/niipit.dk\/vamdrup-apotek\/wp-json\/wp\/v2\/comments?post=5064"}],"version-history":[{"count":0,"href":"https:\/\/niipit.dk\/vamdrup-apotek\/wp-json\/wp\/v2\/pages\/5064\/revisions"}],"wp:featuredmedia":[{"embeddable":true,"href":"https:\/\/niipit.dk\/vamdrup-apotek\/wp-json\/wp\/v2\/media\/5810"}],"wp:attachment":[{"href":"https:\/\/niipit.dk\/vamdrup-apotek\/wp-json\/wp\/v2\/media?parent=5064"}],"curies":[{"name":"wp","href":"https:\/\/api.w.org\/{rel}","templated":true}]}}