{"id":5729,"date":"2019-05-14T14:35:10","date_gmt":"2019-05-14T12:35:10","guid":{"rendered":"https:\/\/niipit.dk\/value-connect\/?page_id=5729"},"modified":"2021-03-23T23:05:47","modified_gmt":"2021-03-23T22:05:47","slug":"video","status":"publish","type":"page","link":"https:\/\/niipit.dk\/value-connect\/video\/","title":{"rendered":"Video"},"content":{"rendered":"\n<h1 class=\"wp-block-heading\" id=\"h-se-video-fra-value-connect\">Se video fra Value Connect<\/h1>\n\n\n\n<figure class=\"wp-block-embed is-type-video is-provider-youtube wp-block-embed-youtube wp-embed-aspect-16-9 wp-has-aspect-ratio\"><div class=\"wp-block-embed__wrapper\">\n<iframe loading=\"lazy\" title=\"Interview med netv\u00e6rksmedlem Keld Thyregod Jensen\" width=\"1170\" height=\"658\" src=\"https:\/\/www.youtube.com\/embed\/Q_3Zs-CpY_A?feature=oembed\" frameborder=\"0\" allow=\"accelerometer; autoplay; clipboard-write; encrypted-media; gyroscope; picture-in-picture\" allowfullscreen><\/iframe>\n<\/div><\/figure>\n\n\n\n<figure class=\"wp-block-embed is-type-video is-provider-youtube wp-block-embed-youtube wp-embed-aspect-16-9 wp-has-aspect-ratio\"><div class=\"wp-block-embed__wrapper\">\n<iframe loading=\"lazy\" title=\"Interview med netv\u00e6rksmedlem Thomas Fabienke Grundahl\" width=\"1170\" height=\"658\" src=\"https:\/\/www.youtube.com\/embed\/DcgH7qT9iyE?feature=oembed\" frameborder=\"0\" allow=\"accelerometer; autoplay; clipboard-write; encrypted-media; gyroscope; picture-in-picture\" allowfullscreen><\/iframe>\n<\/div><\/figure>\n\n\n\n<figure class=\"wp-block-embed is-type-video is-provider-youtube wp-block-embed-youtube wp-embed-aspect-16-9 wp-has-aspect-ratio\"><div class=\"wp-block-embed__wrapper\">\n<iframe loading=\"lazy\" title=\"Interview med netv\u00e6rksmedlem S\u00f8ren Winding\" width=\"1170\" height=\"658\" src=\"https:\/\/www.youtube.com\/embed\/Q7t_hOafmak?feature=oembed\" frameborder=\"0\" allow=\"accelerometer; autoplay; clipboard-write; encrypted-media; gyroscope; picture-in-picture\" allowfullscreen><\/iframe>\n<\/div><\/figure>\n\n\n\n<figure class=\"wp-block-embed is-type-video is-provider-youtube wp-block-embed-youtube wp-embed-aspect-16-9 wp-has-aspect-ratio\"><div class=\"wp-block-embed__wrapper\">\n<iframe loading=\"lazy\" title=\"Interview med netv\u00e6rksmedlem Thomas Kj\u00e6r Pedersen\" width=\"1170\" height=\"658\" src=\"https:\/\/www.youtube.com\/embed\/8aur7yT4SxE?feature=oembed\" frameborder=\"0\" allow=\"accelerometer; autoplay; clipboard-write; encrypted-media; gyroscope; picture-in-picture\" allowfullscreen><\/iframe>\n<\/div><\/figure>\n\n\n\n<figure class=\"wp-block-embed is-type-video is-provider-youtube wp-block-embed-youtube wp-embed-aspect-16-9 wp-has-aspect-ratio\"><div class=\"wp-block-embed__wrapper\">\n<iframe loading=\"lazy\" title=\"Interview med netv\u00e6rksmedlem Ren\u00e9 Lorentzen\" width=\"1170\" height=\"658\" src=\"https:\/\/www.youtube.com\/embed\/swW02hvUECM?feature=oembed\" frameborder=\"0\" allow=\"accelerometer; autoplay; clipboard-write; encrypted-media; gyroscope; picture-in-picture\" allowfullscreen><\/iframe>\n<\/div><\/figure>\n\n\n\n<figure class=\"wp-block-embed is-type-video is-provider-youtube wp-block-embed-youtube wp-embed-aspect-16-9 wp-has-aspect-ratio\"><div class=\"wp-block-embed__wrapper\">\n<iframe loading=\"lazy\" title=\"Virksomhedsbes\u00f8g hos KVIST Industries A\/S\" width=\"1170\" height=\"658\" src=\"https:\/\/www.youtube.com\/embed\/Ji4ciJO3xjI?feature=oembed\" frameborder=\"0\" allow=\"accelerometer; autoplay; clipboard-write; encrypted-media; gyroscope; picture-in-picture\" allowfullscreen><\/iframe>\n<\/div><\/figure>\n\n\n\n<figure class=\"wp-block-embed is-type-video is-provider-youtube wp-block-embed-youtube wp-embed-aspect-16-9 wp-has-aspect-ratio\"><div class=\"wp-block-embed__wrapper\">\n<iframe loading=\"lazy\" title=\"Introduktion til netv\u00e6rksm\u00f8de 9. august 2019\" width=\"1170\" height=\"658\" src=\"https:\/\/www.youtube.com\/embed\/unQ4lPUSgB8?feature=oembed\" frameborder=\"0\" allow=\"accelerometer; autoplay; clipboard-write; encrypted-media; gyroscope; picture-in-picture\" allowfullscreen><\/iframe>\n<\/div><\/figure>\n\n\n\n<figure class=\"wp-block-embed is-type-video is-provider-youtube wp-block-embed-youtube wp-embed-aspect-16-9 wp-has-aspect-ratio\"><div class=\"wp-block-embed__wrapper\">\n<iframe loading=\"lazy\" title=\"Interview med netv\u00e6rksmedlem Ejnar Hansen\" width=\"1170\" height=\"658\" src=\"https:\/\/www.youtube.com\/embed\/z1L8NAwCWA8?feature=oembed\" frameborder=\"0\" allow=\"accelerometer; autoplay; clipboard-write; encrypted-media; gyroscope; picture-in-picture\" allowfullscreen><\/iframe>\n<\/div><\/figure>\n","protected":false},"excerpt":{"rendered":"<p>Se video fra Value Connect<\/p>\n","protected":false},"author":1125,"featured_media":0,"parent":0,"menu_order":0,"comment_status":"closed","ping_status":"closed","template":"","meta":{"_exactmetrics_skip_tracking":false,"_exactmetrics_sitenote_active":false,"_exactmetrics_sitenote_note":"","_exactmetrics_sitenote_category":0,"_monsterinsights_skip_tracking":false,"_monsterinsights_sitenote_active":false,"_monsterinsights_sitenote_note":"","_monsterinsights_sitenote_category":0,"footnotes":""},"class_list":["post-5729","page","type-page","status-publish","hentry"],"yoast_head":"<!-- This site is optimized with the Yoast SEO Premium plugin v16.3 (Yoast SEO v27.3) - https:\/\/yoast.com\/product\/yoast-seo-premium-wordpress\/ -->\n<title>Video hilsener fra Value Connect\u00ae netv\u00e6rket i Kolding<\/title>\n<meta name=\"description\" content=\"Video -fra nogle af medlemmerne i Value Connect\u00ae H\u00f8r hvad de f\u00e5r ud at at v\u00e6re med i et professionelt erhvervsnetv\u00e6rk\" \/>\n<meta name=\"robots\" content=\"index, follow, max-snippet:-1, max-image-preview:large, max-video-preview:-1\" \/>\n<link rel=\"canonical\" href=\"https:\/\/niipit.dk\/value-connect\/video\/\" \/>\n<meta property=\"og:locale\" content=\"da_DK\" \/>\n<meta property=\"og:type\" content=\"article\" \/>\n<meta property=\"og:title\" content=\"Video hilsener fra Value Connect\u00ae netv\u00e6rket i Kolding\" \/>\n<meta property=\"og:description\" content=\"Video -fra nogle af medlemmerne i Value Connect\u00ae H\u00f8r hvad de f\u00e5r ud at at v\u00e6re med i et professionelt erhvervsnetv\u00e6rk\" \/>\n<meta property=\"og:url\" content=\"https:\/\/niipit.dk\/value-connect\/video\/\" \/>\n<meta property=\"og:site_name\" content=\"Value Connect\u00ae\" \/>\n<meta property=\"article:modified_time\" content=\"2021-03-23T22:05:47+00:00\" \/>\n<meta name=\"twitter:card\" content=\"summary_large_image\" \/>\n<meta name=\"twitter:label1\" content=\"Estimeret l\u00e6setid\" \/>\n\t<meta name=\"twitter:data1\" content=\"1 minut\" \/>\n<script type=\"application\/ld+json\" class=\"yoast-schema-graph\">{\"@context\":\"https:\\\/\\\/schema.org\",\"@graph\":[{\"@type\":\"WebPage\",\"@id\":\"https:\\\/\\\/niipit.dk\\\/value-connect\\\/video\\\/\",\"url\":\"https:\\\/\\\/niipit.dk\\\/value-connect\\\/video\\\/\",\"name\":\"Video hilsener fra Value Connect\u00ae netv\u00e6rket i Kolding\",\"isPartOf\":{\"@id\":\"https:\\\/\\\/niipit.dk\\\/value-connect\\\/#website\"},\"datePublished\":\"2019-05-14T12:35:10+00:00\",\"dateModified\":\"2021-03-23T22:05:47+00:00\",\"description\":\"Video -fra nogle af medlemmerne i Value Connect\u00ae H\u00f8r hvad de f\u00e5r ud at at v\u00e6re med i et professionelt erhvervsnetv\u00e6rk\",\"breadcrumb\":{\"@id\":\"https:\\\/\\\/niipit.dk\\\/value-connect\\\/video\\\/#breadcrumb\"},\"inLanguage\":\"da-DK\",\"potentialAction\":[{\"@type\":\"ReadAction\",\"target\":[\"https:\\\/\\\/niipit.dk\\\/value-connect\\\/video\\\/\"]}]},{\"@type\":\"BreadcrumbList\",\"@id\":\"https:\\\/\\\/niipit.dk\\\/value-connect\\\/video\\\/#breadcrumb\",\"itemListElement\":[{\"@type\":\"ListItem\",\"position\":1,\"name\":\"Hjem\",\"item\":\"https:\\\/\\\/niipit.dk\\\/value-connect\\\/\"},{\"@type\":\"ListItem\",\"position\":2,\"name\":\"Video\"}]},{\"@type\":\"WebSite\",\"@id\":\"https:\\\/\\\/niipit.dk\\\/value-connect\\\/#website\",\"url\":\"https:\\\/\\\/niipit.dk\\\/value-connect\\\/\",\"name\":\"Value Connect\u00ae\",\"description\":\"Erhvervsnetv\u00e6rk\",\"potentialAction\":[{\"@type\":\"SearchAction\",\"target\":{\"@type\":\"EntryPoint\",\"urlTemplate\":\"https:\\\/\\\/niipit.dk\\\/value-connect\\\/?s={search_term_string}\"},\"query-input\":{\"@type\":\"PropertyValueSpecification\",\"valueRequired\":true,\"valueName\":\"search_term_string\"}}],\"inLanguage\":\"da-DK\"}]}<\/script>\n<!-- \/ Yoast SEO Premium plugin. -->","yoast_head_json":{"title":"Video hilsener fra Value Connect\u00ae netv\u00e6rket i Kolding","description":"Video -fra nogle af medlemmerne i Value Connect\u00ae H\u00f8r hvad de f\u00e5r ud at at v\u00e6re med i et professionelt erhvervsnetv\u00e6rk","robots":{"index":"index","follow":"follow","max-snippet":"max-snippet:-1","max-image-preview":"max-image-preview:large","max-video-preview":"max-video-preview:-1"},"canonical":"https:\/\/niipit.dk\/value-connect\/video\/","og_locale":"da_DK","og_type":"article","og_title":"Video hilsener fra Value Connect\u00ae netv\u00e6rket i Kolding","og_description":"Video -fra nogle af medlemmerne i Value Connect\u00ae H\u00f8r hvad de f\u00e5r ud at at v\u00e6re med i et professionelt erhvervsnetv\u00e6rk","og_url":"https:\/\/niipit.dk\/value-connect\/video\/","og_site_name":"Value Connect\u00ae","article_modified_time":"2021-03-23T22:05:47+00:00","twitter_card":"summary_large_image","twitter_misc":{"Estimeret l\u00e6setid":"1 minut"},"schema":{"@context":"https:\/\/schema.org","@graph":[{"@type":"WebPage","@id":"https:\/\/niipit.dk\/value-connect\/video\/","url":"https:\/\/niipit.dk\/value-connect\/video\/","name":"Video hilsener fra Value Connect\u00ae netv\u00e6rket i Kolding","isPartOf":{"@id":"https:\/\/niipit.dk\/value-connect\/#website"},"datePublished":"2019-05-14T12:35:10+00:00","dateModified":"2021-03-23T22:05:47+00:00","description":"Video -fra nogle af medlemmerne i Value Connect\u00ae H\u00f8r hvad de f\u00e5r ud at at v\u00e6re med i et professionelt erhvervsnetv\u00e6rk","breadcrumb":{"@id":"https:\/\/niipit.dk\/value-connect\/video\/#breadcrumb"},"inLanguage":"da-DK","potentialAction":[{"@type":"ReadAction","target":["https:\/\/niipit.dk\/value-connect\/video\/"]}]},{"@type":"BreadcrumbList","@id":"https:\/\/niipit.dk\/value-connect\/video\/#breadcrumb","itemListElement":[{"@type":"ListItem","position":1,"name":"Hjem","item":"https:\/\/niipit.dk\/value-connect\/"},{"@type":"ListItem","position":2,"name":"Video"}]},{"@type":"WebSite","@id":"https:\/\/niipit.dk\/value-connect\/#website","url":"https:\/\/niipit.dk\/value-connect\/","name":"Value Connect\u00ae","description":"Erhvervsnetv\u00e6rk","potentialAction":[{"@type":"SearchAction","target":{"@type":"EntryPoint","urlTemplate":"https:\/\/niipit.dk\/value-connect\/?s={search_term_string}"},"query-input":{"@type":"PropertyValueSpecification","valueRequired":true,"valueName":"search_term_string"}}],"inLanguage":"da-DK"}]}},"_links":{"self":[{"href":"https:\/\/niipit.dk\/value-connect\/wp-json\/wp\/v2\/pages\/5729","targetHints":{"allow":["GET"]}}],"collection":[{"href":"https:\/\/niipit.dk\/value-connect\/wp-json\/wp\/v2\/pages"}],"about":[{"href":"https:\/\/niipit.dk\/value-connect\/wp-json\/wp\/v2\/types\/page"}],"author":[{"embeddable":true,"href":"https:\/\/niipit.dk\/value-connect\/wp-json\/wp\/v2\/users\/1125"}],"replies":[{"embeddable":true,"href":"https:\/\/niipit.dk\/value-connect\/wp-json\/wp\/v2\/comments?post=5729"}],"version-history":[{"count":1,"href":"https:\/\/niipit.dk\/value-connect\/wp-json\/wp\/v2\/pages\/5729\/revisions"}],"predecessor-version":[{"id":6308,"href":"https:\/\/niipit.dk\/value-connect\/wp-json\/wp\/v2\/pages\/5729\/revisions\/6308"}],"wp:attachment":[{"href":"https:\/\/niipit.dk\/value-connect\/wp-json\/wp\/v2\/media?parent=5729"}],"curies":[{"name":"wp","href":"https:\/\/api.w.org\/{rel}","templated":true}]}}