{"id":6009,"date":"2020-03-30T22:10:39","date_gmt":"2020-03-30T20:10:39","guid":{"rendered":"https:\/\/niipit.dk\/ulve-apoteket\/?post_type=product&#038;p=6009"},"modified":"2021-03-16T10:24:47","modified_gmt":"2021-03-16T09:24:47","slug":"vi-har-aaben","status":"publish","type":"product","link":"https:\/\/niipit.dk\/ulve-apoteket\/produkt\/vi-har-aaben\/","title":{"rendered":"VI HAR \u00c5BEN"},"content":{"rendered":"<h1>Ulve Apoteket i Kolding<\/h1>\n<h2>Vi har \u00e5bent b\u00e5de s\u00e5 du kan handle fysisk p\u00e5 Apoteket eller online i shoppen.<\/h2>\n<p><img loading=\"lazy\" decoding=\"async\" class=\"aligncenter size-full wp-image-6007\" src=\"https:\/\/niipit.dk\/ulve-apoteket\/wp-content\/uploads\/sites\/470\/2020\/03\/Ulve-Apoteket-S\u00f8nderbro-Koldingpng.png\" alt=\"Ulve Apoteket S\u00f8nderbro Koldingpng\" width=\"712\" height=\"475\" srcset=\"https:\/\/niipit.dk\/ulve-apoteket\/wp-content\/uploads\/sites\/470\/2020\/03\/Ulve-Apoteket-S\u00f8nderbro-Koldingpng.png 712w, https:\/\/niipit.dk\/ulve-apoteket\/wp-content\/uploads\/sites\/470\/2020\/03\/Ulve-Apoteket-S\u00f8nderbro-Koldingpng-300x200.png 300w, https:\/\/niipit.dk\/ulve-apoteket\/wp-content\/uploads\/sites\/470\/2020\/03\/Ulve-Apoteket-S\u00f8nderbro-Koldingpng-600x400.png 600w\" sizes=\"auto, (max-width: 712px) 100vw, 712px\" \/><\/p>\n<p>Ulve Apoteket i Kolding holder \u00e5bent lige som vi plejer. Du er b\u00e5de velkommen i apoteket eller til at bestille online.<\/p>\n<p>Apoteket i Kolding finder du p\u00e5 S\u00f8ndergade 7, 6000 Kolding.<\/p>\n<div>\n<div><span lang=\"DA\">\u261e <\/span><a href=\"https:\/\/apoteket-online.dk\/apotek\/ulve-apoteket-kolding-soenderbro?\" target=\"_blank\" rel=\"noopener\">S<\/a><a href=\"https:\/\/apoteket-online.dk\/apotek\/ulve-apoteket-kolding-soenderbro?\" target=\"_blank\" rel=\"noopener\">e \u00e5bningstiderne for i dag\u00a0<\/a><\/div>\n<\/div>\n","protected":false},"excerpt":{"rendered":"<p>Ulve Apoteket i Kolding Vi har \u00e5bent b\u00e5de s\u00e5 du kan handle fysisk p\u00e5 Apoteket eller online i shoppen. Ulve Apoteket i Kolding holder \u00e5bent lige som vi plejer. Du er b\u00e5de velkommen i apoteket eller til at bestille online. Apoteket i Kolding finder du p\u00e5 S\u00f8ndergade 7, 6000 Kolding. \u261e Se \u00e5bningstiderne for i <a class=\"moretag btn btn-primary\" href=\"https:\/\/niipit.dk\/ulve-apoteket\/produkt\/vi-har-aaben\/\">L\u00e6s mere<\/a><\/p>\n","protected":false},"featured_media":6007,"template":"","meta":{"_exactmetrics_skip_tracking":false,"_exactmetrics_sitenote_active":false,"_exactmetrics_sitenote_note":"","_exactmetrics_sitenote_category":0,"_monsterinsights_skip_tracking":false,"_monsterinsights_sitenote_active":false,"_monsterinsights_sitenote_note":"","_monsterinsights_sitenote_category":0},"product_brand":[],"product_cat":[2173],"product_tag":[],"shoptype":[],"class_list":{"0":"post-6009","1":"product","2":"type-product","3":"status-publish","4":"has-post-thumbnail","6":"product_cat-shop-lokalt-kolding","8":"first","9":"instock","10":"shipping-taxable","11":"product-type-external"},"yoast_head":"<!-- This site is optimized with the Yoast SEO Premium plugin v16.3 (Yoast SEO v27.2) - https:\/\/yoast.com\/product\/yoast-seo-premium-wordpress\/ -->\n<title>VI HAR \u00c5BEN p\u00e5 Ulve Apoteket S\u00f8nderbro Kolding<\/title>\n<meta name=\"description\" content=\"VI HAR \u00c5BEN Ulve Apoteket i Kolding n\u00e5r du har brug for os. Vi er et Vagt Apotek derfor har vi udvidet \u00e5bningstider. Se hvorn\u00e5r \u261e\" \/>\n<meta name=\"robots\" content=\"index, follow, max-snippet:-1, max-image-preview:large, max-video-preview:-1\" \/>\n<link rel=\"canonical\" href=\"https:\/\/niipit.dk\/ulve-apoteket\/produkt\/vi-har-aaben\/\" \/>\n<meta property=\"og:locale\" content=\"da_DK\" \/>\n<meta property=\"og:type\" content=\"article\" \/>\n<meta property=\"og:title\" content=\"VI HAR \u00c5BEN p\u00e5 Ulve Apoteket S\u00f8nderbro Kolding\" \/>\n<meta property=\"og:description\" content=\"VI HAR \u00c5BEN Ulve Apoteket i Kolding n\u00e5r du har brug for os. Vi er et Vagt Apotek derfor har vi udvidet \u00e5bningstider. Se hvorn\u00e5r \u261e\" \/>\n<meta property=\"og:url\" content=\"https:\/\/niipit.dk\/ulve-apoteket\/produkt\/vi-har-aaben\/\" \/>\n<meta property=\"og:site_name\" content=\"Ulve Apoteket S\u00f8nderbro Kolding\" \/>\n<meta property=\"article:modified_time\" content=\"2021-03-16T09:24:47+00:00\" \/>\n<meta property=\"og:image\" content=\"https:\/\/niipit.dk\/ulve-apoteket\/wp-content\/uploads\/sites\/470\/2020\/03\/Ulve-Apoteket-S\u00f8nderbro-Koldingpng.png\" \/>\n\t<meta property=\"og:image:width\" content=\"712\" \/>\n\t<meta property=\"og:image:height\" content=\"475\" \/>\n\t<meta property=\"og:image:type\" content=\"image\/png\" \/>\n<meta name=\"twitter:card\" content=\"summary_large_image\" \/>\n<meta name=\"twitter:label1\" content=\"Estimeret l\u00e6setid\" \/>\n\t<meta name=\"twitter:data1\" content=\"1 minut\" \/>\n<script type=\"application\/ld+json\" class=\"yoast-schema-graph\">{\"@context\":\"https:\/\/schema.org\",\"@graph\":[{\"@type\":\"WebPage\",\"@id\":\"https:\/\/niipit.dk\/ulve-apoteket\/produkt\/vi-har-aaben\/\",\"url\":\"https:\/\/niipit.dk\/ulve-apoteket\/produkt\/vi-har-aaben\/\",\"name\":\"VI HAR \u00c5BEN p\u00e5 Ulve Apoteket S\u00f8nderbro Kolding\",\"isPartOf\":{\"@id\":\"https:\/\/niipit.dk\/ulve-apoteket\/#website\"},\"primaryImageOfPage\":{\"@id\":\"https:\/\/niipit.dk\/ulve-apoteket\/produkt\/vi-har-aaben\/#primaryimage\"},\"image\":{\"@id\":\"https:\/\/niipit.dk\/ulve-apoteket\/produkt\/vi-har-aaben\/#primaryimage\"},\"thumbnailUrl\":\"https:\/\/niipit.dk\/ulve-apoteket\/wp-content\/uploads\/sites\/470\/2020\/03\/Ulve-Apoteket-S\u00f8nderbro-Koldingpng.png\",\"datePublished\":\"2020-03-30T20:10:39+00:00\",\"dateModified\":\"2021-03-16T09:24:47+00:00\",\"description\":\"VI HAR \u00c5BEN Ulve Apoteket i Kolding n\u00e5r du har brug for os. Vi er et Vagt Apotek derfor har vi udvidet \u00e5bningstider. Se hvorn\u00e5r \u261e\",\"breadcrumb\":{\"@id\":\"https:\/\/niipit.dk\/ulve-apoteket\/produkt\/vi-har-aaben\/#breadcrumb\"},\"inLanguage\":\"da-DK\",\"potentialAction\":[{\"@type\":\"ReadAction\",\"target\":[\"https:\/\/niipit.dk\/ulve-apoteket\/produkt\/vi-har-aaben\/\"]}]},{\"@type\":\"ImageObject\",\"inLanguage\":\"da-DK\",\"@id\":\"https:\/\/niipit.dk\/ulve-apoteket\/produkt\/vi-har-aaben\/#primaryimage\",\"url\":\"https:\/\/niipit.dk\/ulve-apoteket\/wp-content\/uploads\/sites\/470\/2020\/03\/Ulve-Apoteket-S\u00f8nderbro-Koldingpng.png\",\"contentUrl\":\"https:\/\/niipit.dk\/ulve-apoteket\/wp-content\/uploads\/sites\/470\/2020\/03\/Ulve-Apoteket-S\u00f8nderbro-Koldingpng.png\",\"width\":712,\"height\":475,\"caption\":\"Ulve Apoteket S\u00f8nderbro Koldingpng\"},{\"@type\":\"BreadcrumbList\",\"@id\":\"https:\/\/niipit.dk\/ulve-apoteket\/produkt\/vi-har-aaben\/#breadcrumb\",\"itemListElement\":[{\"@type\":\"ListItem\",\"position\":1,\"name\":\"Hjem\",\"item\":\"https:\/\/niipit.dk\/ulve-apoteket\/\"},{\"@type\":\"ListItem\",\"position\":2,\"name\":\"Shop\",\"item\":\"https:\/\/niipit.dk\/ulve-apoteket\/shop\/\"},{\"@type\":\"ListItem\",\"position\":3,\"name\":\"VI HAR \u00c5BEN\"}]},{\"@type\":\"WebSite\",\"@id\":\"https:\/\/niipit.dk\/ulve-apoteket\/#website\",\"url\":\"https:\/\/niipit.dk\/ulve-apoteket\/\",\"name\":\"Ulve Apoteket S\u00f8nderbro Kolding\",\"description\":\"Shop lokalt ???? Shop Dansk\",\"potentialAction\":[{\"@type\":\"SearchAction\",\"target\":{\"@type\":\"EntryPoint\",\"urlTemplate\":\"https:\/\/niipit.dk\/ulve-apoteket\/?s={search_term_string}\"},\"query-input\":{\"@type\":\"PropertyValueSpecification\",\"valueRequired\":true,\"valueName\":\"search_term_string\"}}],\"inLanguage\":\"da-DK\"}]}<\/script>\n<!-- \/ Yoast SEO Premium plugin. -->","yoast_head_json":{"title":"VI HAR \u00c5BEN p\u00e5 Ulve Apoteket S\u00f8nderbro Kolding","description":"VI HAR \u00c5BEN Ulve Apoteket i Kolding n\u00e5r du har brug for os. Vi er et Vagt Apotek derfor har vi udvidet \u00e5bningstider. Se hvorn\u00e5r \u261e","robots":{"index":"index","follow":"follow","max-snippet":"max-snippet:-1","max-image-preview":"max-image-preview:large","max-video-preview":"max-video-preview:-1"},"canonical":"https:\/\/niipit.dk\/ulve-apoteket\/produkt\/vi-har-aaben\/","og_locale":"da_DK","og_type":"article","og_title":"VI HAR \u00c5BEN p\u00e5 Ulve Apoteket S\u00f8nderbro Kolding","og_description":"VI HAR \u00c5BEN Ulve Apoteket i Kolding n\u00e5r du har brug for os. Vi er et Vagt Apotek derfor har vi udvidet \u00e5bningstider. Se hvorn\u00e5r \u261e","og_url":"https:\/\/niipit.dk\/ulve-apoteket\/produkt\/vi-har-aaben\/","og_site_name":"Ulve Apoteket S\u00f8nderbro Kolding","article_modified_time":"2021-03-16T09:24:47+00:00","og_image":[{"width":712,"height":475,"url":"https:\/\/niipit.dk\/ulve-apoteket\/wp-content\/uploads\/sites\/470\/2020\/03\/Ulve-Apoteket-S\u00f8nderbro-Koldingpng.png","type":"image\/png"}],"twitter_card":"summary_large_image","twitter_misc":{"Estimeret l\u00e6setid":"1 minut"},"schema":{"@context":"https:\/\/schema.org","@graph":[{"@type":"WebPage","@id":"https:\/\/niipit.dk\/ulve-apoteket\/produkt\/vi-har-aaben\/","url":"https:\/\/niipit.dk\/ulve-apoteket\/produkt\/vi-har-aaben\/","name":"VI HAR \u00c5BEN p\u00e5 Ulve Apoteket S\u00f8nderbro Kolding","isPartOf":{"@id":"https:\/\/niipit.dk\/ulve-apoteket\/#website"},"primaryImageOfPage":{"@id":"https:\/\/niipit.dk\/ulve-apoteket\/produkt\/vi-har-aaben\/#primaryimage"},"image":{"@id":"https:\/\/niipit.dk\/ulve-apoteket\/produkt\/vi-har-aaben\/#primaryimage"},"thumbnailUrl":"https:\/\/niipit.dk\/ulve-apoteket\/wp-content\/uploads\/sites\/470\/2020\/03\/Ulve-Apoteket-S\u00f8nderbro-Koldingpng.png","datePublished":"2020-03-30T20:10:39+00:00","dateModified":"2021-03-16T09:24:47+00:00","description":"VI HAR \u00c5BEN Ulve Apoteket i Kolding n\u00e5r du har brug for os. Vi er et Vagt Apotek derfor har vi udvidet \u00e5bningstider. Se hvorn\u00e5r \u261e","breadcrumb":{"@id":"https:\/\/niipit.dk\/ulve-apoteket\/produkt\/vi-har-aaben\/#breadcrumb"},"inLanguage":"da-DK","potentialAction":[{"@type":"ReadAction","target":["https:\/\/niipit.dk\/ulve-apoteket\/produkt\/vi-har-aaben\/"]}]},{"@type":"ImageObject","inLanguage":"da-DK","@id":"https:\/\/niipit.dk\/ulve-apoteket\/produkt\/vi-har-aaben\/#primaryimage","url":"https:\/\/niipit.dk\/ulve-apoteket\/wp-content\/uploads\/sites\/470\/2020\/03\/Ulve-Apoteket-S\u00f8nderbro-Koldingpng.png","contentUrl":"https:\/\/niipit.dk\/ulve-apoteket\/wp-content\/uploads\/sites\/470\/2020\/03\/Ulve-Apoteket-S\u00f8nderbro-Koldingpng.png","width":712,"height":475,"caption":"Ulve Apoteket S\u00f8nderbro Koldingpng"},{"@type":"BreadcrumbList","@id":"https:\/\/niipit.dk\/ulve-apoteket\/produkt\/vi-har-aaben\/#breadcrumb","itemListElement":[{"@type":"ListItem","position":1,"name":"Hjem","item":"https:\/\/niipit.dk\/ulve-apoteket\/"},{"@type":"ListItem","position":2,"name":"Shop","item":"https:\/\/niipit.dk\/ulve-apoteket\/shop\/"},{"@type":"ListItem","position":3,"name":"VI HAR \u00c5BEN"}]},{"@type":"WebSite","@id":"https:\/\/niipit.dk\/ulve-apoteket\/#website","url":"https:\/\/niipit.dk\/ulve-apoteket\/","name":"Ulve Apoteket S\u00f8nderbro Kolding","description":"Shop lokalt ???? Shop Dansk","potentialAction":[{"@type":"SearchAction","target":{"@type":"EntryPoint","urlTemplate":"https:\/\/niipit.dk\/ulve-apoteket\/?s={search_term_string}"},"query-input":{"@type":"PropertyValueSpecification","valueRequired":true,"valueName":"search_term_string"}}],"inLanguage":"da-DK"}]}},"_links":{"self":[{"href":"https:\/\/niipit.dk\/ulve-apoteket\/wp-json\/wp\/v2\/product\/6009","targetHints":{"allow":["GET"]}}],"collection":[{"href":"https:\/\/niipit.dk\/ulve-apoteket\/wp-json\/wp\/v2\/product"}],"about":[{"href":"https:\/\/niipit.dk\/ulve-apoteket\/wp-json\/wp\/v2\/types\/product"}],"wp:featuredmedia":[{"embeddable":true,"href":"https:\/\/niipit.dk\/ulve-apoteket\/wp-json\/wp\/v2\/media\/6007"}],"wp:attachment":[{"href":"https:\/\/niipit.dk\/ulve-apoteket\/wp-json\/wp\/v2\/media?parent=6009"}],"wp:term":[{"taxonomy":"product_brand","embeddable":true,"href":"https:\/\/niipit.dk\/ulve-apoteket\/wp-json\/wp\/v2\/product_brand?post=6009"},{"taxonomy":"product_cat","embeddable":true,"href":"https:\/\/niipit.dk\/ulve-apoteket\/wp-json\/wp\/v2\/product_cat?post=6009"},{"taxonomy":"product_tag","embeddable":true,"href":"https:\/\/niipit.dk\/ulve-apoteket\/wp-json\/wp\/v2\/product_tag?post=6009"},{"taxonomy":"shoptype","embeddable":true,"href":"https:\/\/niipit.dk\/ulve-apoteket\/wp-json\/wp\/v2\/shoptype?post=6009"}],"curies":[{"name":"wp","href":"https:\/\/api.w.org\/{rel}","templated":true}]}}