{"id":5064,"date":"2020-04-10T22:29:34","date_gmt":"2020-04-10T20:29:34","guid":{"rendered":"https:\/\/niipit.dk\/troels-hansen-shop\/?page_id=5064"},"modified":"2021-03-30T15:38:38","modified_gmt":"2021-03-30T13:38:38","slug":"frontpage","status":"publish","type":"page","link":"https:\/\/niipit.dk\/troels-hansen\/","title":{"rendered":"Forside"},"content":{"rendered":"\n<hr class=\"wp-block-separator\"\/>\n\n\n\n<h1 class=\"wp-block-heading\" id=\"h-t-mrermester-troels-hansen-st-r-for-kvalitetsarbejde-udf-rt-af-dygtige-h-ndv-rkere\">T\u00f8mrermester Troels Hansen st\u00e5r for kvalitetsarbejde udf\u00f8rt af dygtige h\u00e5ndv\u00e6rkere<\/h1>\n\n\n\n<p>Hos <a href=\"https:\/\/troelshansen.com\/\" target=\"_blank\" rel=\"noreferrer noopener\">T\u00f8mrermester Troels Hansen<\/a> renoverer vi og udf\u00f8rer byggeopgaver i service, fag- og hovedentrepriser. Vores kunder t\u00e6ller bl.a. virksomheder, professionelle bygherrer, andels- og boligselskaber, r\u00e5dgivere samt forsikringsselskaber.<\/p>\n\n\n\n<p>Vi har siden 1998 l\u00f8st b\u00e5de sm\u00e5 og store opgaver. Se referencer. I dag er vi ca. 70 t\u00f8mrere, snedkere, malere, murere, l\u00e6rlinge og funktion\u00e6rer, der holder til i erhvervsparken i Gadstrup.<\/p>\n\n\n\n<h3 class=\"wp-block-heading\" id=\"h-kvalitetsarbejde-der-kan-ses\">Kvalitetsarbejde, der kan ses<\/h3>\n\n\n\n<p>Dr\u00f8mmer du om et smukt sildebensparket eller et h\u00e5ndlavet trappegel\u00e6nder? Det fine snedkerarbejde er et af vores specialer, ligesom vi ogs\u00e5 har stor ekspertise indenfor blandt andet klinke- og flisearbejde.<\/p>\n\n\n\n<h3 class=\"wp-block-heading\" id=\"h-eksperter-i-vinduesudskiftning\">Eksperter i vinduesudskiftning<\/h3>\n\n\n\n<p>Med flere tusind vinduesudskiftninger om \u00e5ret i blandt andet bolig- og ejerforeninger t\u00f8r vi godt kalde os eksperter p\u00e5 omr\u00e5det. Vi skifter hurtigt og effektivt vinduer i forskellige materialer og glastyper, og skal I have ovenlysvinduer, klarer vi ogs\u00e5 det.<\/p>\n\n\n\n<h3 class=\"wp-block-heading\" id=\"h-egen-service-og-forsikringsafdeling\">Egen service- og forsikringsafdeling<\/h3>\n\n\n\n<p>I vores service- og forsikringsafdeling l\u00f8ser vi serviceopgaver p\u00e5 ejendomme. Er du administrator i en boligforening, eller ejer du ejendomme, og har du brug for en h\u00e5ndv\u00e6rker til servicearbejde, hj\u00e6lper vi gerne.<\/p>\n\n\n\n<p>Service- og forsikringsafdelingen tager sig ogs\u00e5 af b\u00e5de store og sm\u00e5 forsikringsskader. I afdelingen har vi bl.a. en bygningstaksator, og vi fungerer som netv\u00e6rksh\u00e5ndv\u00e6rker. Afdelingen tilbyder besigtigelser, tilbudsberegning og udbedring af skader.<\/p>\n\n\n\n<h3 class=\"wp-block-heading\" id=\"h-fredede-og-bevaringsv-rdige-bygninger\">Fredede og bevaringsv\u00e6rdige bygninger<\/h3>\n\n\n\n<p>Hos T\u00f8mrermester Troels Hansen har vi ogs\u00e5 erfaring med at arbejde p\u00e5 fredede og bevaringsv\u00e6rdige bygninger. N\u00e5r vi udf\u00f8rer arbejde p\u00e5 fredede\/bevaringsv\u00e6rdige bygninger, sker det naturligvis med respekt for det oprindelige h\u00e5ndv\u00e6rk. Se nogle af opgaverne med fredede og bevaringsv\u00e6rdige bygninger.<\/p>\n\n\n\n<div class=\"wp-block-image\"><figure class=\"aligncenter size-large\"><img loading=\"lazy\" decoding=\"async\" width=\"1000\" height=\"667\" src=\"https:\/\/niipit.dk\/troels-hansen\/wp-content\/uploads\/sites\/708\/2021\/03\/Troels-Hansen-team.jpg\" alt=\"T\u00f8mrermester Troels Hansen team\" class=\"wp-image-5984\" srcset=\"https:\/\/niipit.dk\/troels-hansen\/wp-content\/uploads\/sites\/708\/2021\/03\/Troels-Hansen-team.jpg 1000w, https:\/\/niipit.dk\/troels-hansen\/wp-content\/uploads\/sites\/708\/2021\/03\/Troels-Hansen-team-300x200.jpg 300w, https:\/\/niipit.dk\/troels-hansen\/wp-content\/uploads\/sites\/708\/2021\/03\/Troels-Hansen-team-768x512.jpg 768w, https:\/\/niipit.dk\/troels-hansen\/wp-content\/uploads\/sites\/708\/2021\/03\/Troels-Hansen-team-600x400.jpg 600w\" sizes=\"auto, (max-width: 1000px) 100vw, 1000px\" \/><\/figure><\/div>\n\n\n\n<p><\/p>\n","protected":false},"excerpt":{"rendered":"<p>T\u00f8mrermester Troels Hansen st\u00e5r for kvalitetsarbejde udf\u00f8rt af dygtige h\u00e5ndv\u00e6rkere Hos T\u00f8mrermester Troels Hansen renoverer vi og udf\u00f8rer byggeopgaver i service, fag- og hovedentrepriser. Vores kunder t\u00e6ller bl.a. virksomheder, professionelle bygherrer, andels- og boligselskaber, r\u00e5dgivere samt forsikringsselskaber. Vi har siden 1998 l\u00f8st b\u00e5de sm\u00e5 og store opgaver. Se referencer. I dag er vi ca. 70 <a class=\"moretag btn btn-primary\" href=\"https:\/\/niipit.dk\/troels-hansen\/\">L\u00e6s mere<\/a><\/p>\n","protected":false},"author":1,"featured_media":0,"parent":0,"menu_order":0,"comment_status":"closed","ping_status":"closed","template":"frontpagePremium.php","meta":{"_exactmetrics_skip_tracking":false,"_exactmetrics_sitenote_active":false,"_exactmetrics_sitenote_note":"","_exactmetrics_sitenote_category":0,"_monsterinsights_skip_tracking":false,"_monsterinsights_sitenote_active":false,"_monsterinsights_sitenote_note":"","_monsterinsights_sitenote_category":0,"footnotes":""},"class_list":["post-5064","page","type-page","status-publish","hentry"],"yoast_head":"<!-- This site is optimized with the Yoast SEO Premium plugin v16.3 (Yoast SEO v27.3) - https:\/\/yoast.com\/product\/yoast-seo-premium-wordpress\/ -->\n<title>Vi renoverer og udf\u00f8rer byggeopgaver | Bes\u00f8g Troels Hansen<\/title>\n<meta name=\"description\" content=\"T\u00f8mrermester Troels Hansen | Vi har en lang r\u00e6kke faste samarbejdspartnere og faste kunder, som kommer af mange \u00e5r i branchen.\" \/>\n<meta name=\"robots\" content=\"index, follow, max-snippet:-1, max-image-preview:large, max-video-preview:-1\" \/>\n<link rel=\"canonical\" href=\"https:\/\/niipit.dk\/troels-hansen\/\" \/>\n<meta property=\"og:locale\" content=\"da_DK\" \/>\n<meta property=\"og:type\" content=\"article\" \/>\n<meta property=\"og:title\" content=\"Vi renoverer og udf\u00f8rer byggeopgaver | Bes\u00f8g Troels Hansen\" \/>\n<meta property=\"og:description\" content=\"T\u00f8mrermester Troels Hansen | Vi har en lang r\u00e6kke faste samarbejdspartnere og faste kunder, som kommer af mange \u00e5r i branchen.\" \/>\n<meta property=\"og:url\" content=\"https:\/\/niipit.dk\/troels-hansen\/\" \/>\n<meta property=\"og:site_name\" content=\"Troels Hansen\" \/>\n<meta property=\"article:modified_time\" content=\"2021-03-30T13:38:38+00:00\" \/>\n<meta property=\"og:image\" content=\"https:\/\/niipit.dk\/troels-hansen\/wp-content\/uploads\/sites\/708\/2021\/03\/Troels-Hansen-team.jpg\" \/>\n<meta name=\"twitter:card\" content=\"summary_large_image\" \/>\n<meta name=\"twitter:label1\" content=\"Estimeret l\u00e6setid\" \/>\n\t<meta name=\"twitter:data1\" content=\"2 minutter\" \/>\n<script type=\"application\/ld+json\" class=\"yoast-schema-graph\">{\"@context\":\"https:\\\/\\\/schema.org\",\"@graph\":[{\"@type\":\"WebPage\",\"@id\":\"https:\\\/\\\/niipit.dk\\\/troels-hansen\\\/\",\"url\":\"https:\\\/\\\/niipit.dk\\\/troels-hansen\\\/\",\"name\":\"Vi renoverer og udf\u00f8rer byggeopgaver | Bes\u00f8g Troels Hansen\",\"isPartOf\":{\"@id\":\"https:\\\/\\\/niipit.dk\\\/troels-hansen\\\/#website\"},\"primaryImageOfPage\":{\"@id\":\"https:\\\/\\\/niipit.dk\\\/troels-hansen\\\/#primaryimage\"},\"image\":{\"@id\":\"https:\\\/\\\/niipit.dk\\\/troels-hansen\\\/#primaryimage\"},\"thumbnailUrl\":\"https:\\\/\\\/niipit.dk\\\/troels-hansen\\\/wp-content\\\/uploads\\\/sites\\\/708\\\/2021\\\/03\\\/Troels-Hansen-team.jpg\",\"datePublished\":\"2020-04-10T20:29:34+00:00\",\"dateModified\":\"2021-03-30T13:38:38+00:00\",\"description\":\"T\u00f8mrermester Troels Hansen | Vi har en lang r\u00e6kke faste samarbejdspartnere og faste kunder, som kommer af mange \u00e5r i branchen.\",\"breadcrumb\":{\"@id\":\"https:\\\/\\\/niipit.dk\\\/troels-hansen\\\/#breadcrumb\"},\"inLanguage\":\"da-DK\",\"potentialAction\":[{\"@type\":\"ReadAction\",\"target\":[\"https:\\\/\\\/niipit.dk\\\/troels-hansen\\\/\"]}]},{\"@type\":\"ImageObject\",\"inLanguage\":\"da-DK\",\"@id\":\"https:\\\/\\\/niipit.dk\\\/troels-hansen\\\/#primaryimage\",\"url\":\"https:\\\/\\\/niipit.dk\\\/troels-hansen\\\/wp-content\\\/uploads\\\/sites\\\/708\\\/2021\\\/03\\\/Troels-Hansen-team.jpg\",\"contentUrl\":\"https:\\\/\\\/niipit.dk\\\/troels-hansen\\\/wp-content\\\/uploads\\\/sites\\\/708\\\/2021\\\/03\\\/Troels-Hansen-team.jpg\"},{\"@type\":\"BreadcrumbList\",\"@id\":\"https:\\\/\\\/niipit.dk\\\/troels-hansen\\\/#breadcrumb\",\"itemListElement\":[{\"@type\":\"ListItem\",\"position\":1,\"name\":\"Hjem\",\"item\":\"https:\\\/\\\/niipit.dk\\\/troels-hansen\\\/\"},{\"@type\":\"ListItem\",\"position\":2,\"name\":\"Forside\"}]},{\"@type\":\"WebSite\",\"@id\":\"https:\\\/\\\/niipit.dk\\\/troels-hansen\\\/#website\",\"url\":\"https:\\\/\\\/niipit.dk\\\/troels-hansen\\\/\",\"name\":\"Troels Hansen\",\"description\":\"T\u00f8mrermester i Gadstrup\",\"potentialAction\":[{\"@type\":\"SearchAction\",\"target\":{\"@type\":\"EntryPoint\",\"urlTemplate\":\"https:\\\/\\\/niipit.dk\\\/troels-hansen\\\/?s={search_term_string}\"},\"query-input\":{\"@type\":\"PropertyValueSpecification\",\"valueRequired\":true,\"valueName\":\"search_term_string\"}}],\"inLanguage\":\"da-DK\"}]}<\/script>\n<!-- \/ Yoast SEO Premium plugin. -->","yoast_head_json":{"title":"Vi renoverer og udf\u00f8rer byggeopgaver | Bes\u00f8g Troels Hansen","description":"T\u00f8mrermester Troels Hansen | Vi har en lang r\u00e6kke faste samarbejdspartnere og faste kunder, som kommer af mange \u00e5r i branchen.","robots":{"index":"index","follow":"follow","max-snippet":"max-snippet:-1","max-image-preview":"max-image-preview:large","max-video-preview":"max-video-preview:-1"},"canonical":"https:\/\/niipit.dk\/troels-hansen\/","og_locale":"da_DK","og_type":"article","og_title":"Vi renoverer og udf\u00f8rer byggeopgaver | Bes\u00f8g Troels Hansen","og_description":"T\u00f8mrermester Troels Hansen | Vi har en lang r\u00e6kke faste samarbejdspartnere og faste kunder, som kommer af mange \u00e5r i branchen.","og_url":"https:\/\/niipit.dk\/troels-hansen\/","og_site_name":"Troels Hansen","article_modified_time":"2021-03-30T13:38:38+00:00","og_image":[{"url":"https:\/\/niipit.dk\/troels-hansen\/wp-content\/uploads\/sites\/708\/2021\/03\/Troels-Hansen-team.jpg","type":"","width":"","height":""}],"twitter_card":"summary_large_image","twitter_misc":{"Estimeret l\u00e6setid":"2 minutter"},"schema":{"@context":"https:\/\/schema.org","@graph":[{"@type":"WebPage","@id":"https:\/\/niipit.dk\/troels-hansen\/","url":"https:\/\/niipit.dk\/troels-hansen\/","name":"Vi renoverer og udf\u00f8rer byggeopgaver | Bes\u00f8g Troels Hansen","isPartOf":{"@id":"https:\/\/niipit.dk\/troels-hansen\/#website"},"primaryImageOfPage":{"@id":"https:\/\/niipit.dk\/troels-hansen\/#primaryimage"},"image":{"@id":"https:\/\/niipit.dk\/troels-hansen\/#primaryimage"},"thumbnailUrl":"https:\/\/niipit.dk\/troels-hansen\/wp-content\/uploads\/sites\/708\/2021\/03\/Troels-Hansen-team.jpg","datePublished":"2020-04-10T20:29:34+00:00","dateModified":"2021-03-30T13:38:38+00:00","description":"T\u00f8mrermester Troels Hansen | Vi har en lang r\u00e6kke faste samarbejdspartnere og faste kunder, som kommer af mange \u00e5r i branchen.","breadcrumb":{"@id":"https:\/\/niipit.dk\/troels-hansen\/#breadcrumb"},"inLanguage":"da-DK","potentialAction":[{"@type":"ReadAction","target":["https:\/\/niipit.dk\/troels-hansen\/"]}]},{"@type":"ImageObject","inLanguage":"da-DK","@id":"https:\/\/niipit.dk\/troels-hansen\/#primaryimage","url":"https:\/\/niipit.dk\/troels-hansen\/wp-content\/uploads\/sites\/708\/2021\/03\/Troels-Hansen-team.jpg","contentUrl":"https:\/\/niipit.dk\/troels-hansen\/wp-content\/uploads\/sites\/708\/2021\/03\/Troels-Hansen-team.jpg"},{"@type":"BreadcrumbList","@id":"https:\/\/niipit.dk\/troels-hansen\/#breadcrumb","itemListElement":[{"@type":"ListItem","position":1,"name":"Hjem","item":"https:\/\/niipit.dk\/troels-hansen\/"},{"@type":"ListItem","position":2,"name":"Forside"}]},{"@type":"WebSite","@id":"https:\/\/niipit.dk\/troels-hansen\/#website","url":"https:\/\/niipit.dk\/troels-hansen\/","name":"Troels Hansen","description":"T\u00f8mrermester i Gadstrup","potentialAction":[{"@type":"SearchAction","target":{"@type":"EntryPoint","urlTemplate":"https:\/\/niipit.dk\/troels-hansen\/?s={search_term_string}"},"query-input":{"@type":"PropertyValueSpecification","valueRequired":true,"valueName":"search_term_string"}}],"inLanguage":"da-DK"}]}},"_links":{"self":[{"href":"https:\/\/niipit.dk\/troels-hansen\/wp-json\/wp\/v2\/pages\/5064","targetHints":{"allow":["GET"]}}],"collection":[{"href":"https:\/\/niipit.dk\/troels-hansen\/wp-json\/wp\/v2\/pages"}],"about":[{"href":"https:\/\/niipit.dk\/troels-hansen\/wp-json\/wp\/v2\/types\/page"}],"author":[{"embeddable":true,"href":"https:\/\/niipit.dk\/troels-hansen\/wp-json\/wp\/v2\/users\/1"}],"replies":[{"embeddable":true,"href":"https:\/\/niipit.dk\/troels-hansen\/wp-json\/wp\/v2\/comments?post=5064"}],"version-history":[{"count":4,"href":"https:\/\/niipit.dk\/troels-hansen\/wp-json\/wp\/v2\/pages\/5064\/revisions"}],"predecessor-version":[{"id":5989,"href":"https:\/\/niipit.dk\/troels-hansen\/wp-json\/wp\/v2\/pages\/5064\/revisions\/5989"}],"wp:attachment":[{"href":"https:\/\/niipit.dk\/troels-hansen\/wp-json\/wp\/v2\/media?parent=5064"}],"curies":[{"name":"wp","href":"https:\/\/api.w.org\/{rel}","templated":true}]}}