{"id":5064,"date":"2020-04-10T22:29:34","date_gmt":"2020-04-10T20:29:34","guid":{"rendered":"https:\/\/niipit.dk\/torve-hallen-shop\/?page_id=5064"},"modified":"2021-04-29T10:46:45","modified_gmt":"2021-04-29T08:46:45","slug":"frontpage","status":"publish","type":"page","link":"https:\/\/niipit.dk\/torve-hallen\/","title":{"rendered":"Forside"},"content":{"rendered":"\n<hr class=\"wp-block-separator\"\/>\n\n\n\n<h1 class=\"wp-block-heading\" id=\"h-s-nderjyllands-moderne-italienske-spisehus\">S\u00f8nderjyllands moderne italienske spisehus<\/h1>\n\n\n\n<h2 class=\"wp-block-heading\" id=\"h-torve-hallen-byder-p-store-gastronomiske-oplevelser-inden-for-det-italienske-k-kken\">Torve-Hallen byder p\u00e5 store gastronomiske oplevelser inden for det italienske k\u00f8kken<\/h2>\n\n\n\n<h3 class=\"wp-block-heading\" id=\"h-restaurant-med-autentisk-middelhavsstemning\">Restaurant med autentisk middelhavsstemning<\/h3>\n\n\n\n<p>Autenticitet er n\u00f8gleordet, b\u00e5de n\u00e5r det kommer til <a href=\"https:\/\/torve-hallen.dk\/\" target=\"_blank\" rel=\"noreferrer noopener\">Torve-Hallens<\/a> indretning og tilberedning af maden. Restaurantens indretning er moderne italiensk med r\u00e5 mursten, varme farver og store vinduespartier, der byder naturen indenfor. Restaurantens kokke tilbereder maden med traditionelle fremgangsm\u00e5der, s\u00e5 du er garanteret en italiensk gastronomisk oplevelse fuld af smags- og sanseindtryk.<\/p>\n\n\n\n<h3 class=\"wp-block-heading\" id=\"h-michelin-erfaring-og-smuk-beliggenhed\">Michelin-erfaring og smuk beliggenhed<\/h3>\n\n\n\n<p>Med udsigt over sundet og Kong Christian X. Bro har Torve-Hallen en fantastisk og smuk beliggenhed centralt i S\u00f8nderborg. De ydre faciliteter danner rammerne for et moderne spisehus med et udpr\u00e6get italiensk fokus. Her kan du f\u00e5 traditionel italiensk mad som veltilberedte pizza- og pastaretter samt enkelte klassikere fra det amerikanske k\u00f8kken.<\/p>\n\n\n\n<p>Bag restauranten st\u00e5r den erfarne kok Paul Loichtl, som blandt andet har v\u00e6ret kok og restaurantchef p\u00e5 adskillige Michelinrestauranter flere steder i Europa. Erfaringen og kvalitetsbevidstheden har han taget med til S\u00f8nderborg, hvor han i l\u00f8bet af f\u00e5 \u00e5r har skabt et moderne italiensk spisehus, som er kendt i S\u00f8nderborg for fantastisk mad, autentisk middelhavsstemning og god service.<\/p>\n","protected":false},"excerpt":{"rendered":"<p>S\u00f8nderjyllands moderne italienske spisehus Torve-Hallen byder p\u00e5 store gastronomiske oplevelser inden for det italienske k\u00f8kken Restaurant med autentisk middelhavsstemning Autenticitet er n\u00f8gleordet, b\u00e5de n\u00e5r det kommer til Torve-Hallens indretning og tilberedning af maden. Restaurantens indretning er moderne italiensk med r\u00e5 mursten, varme farver og store vinduespartier, der byder naturen indenfor. Restaurantens kokke tilbereder maden med <a class=\"moretag btn btn-primary\" href=\"https:\/\/niipit.dk\/torve-hallen\/\">L\u00e6s mere<\/a><\/p>\n","protected":false},"author":1,"featured_media":0,"parent":0,"menu_order":0,"comment_status":"closed","ping_status":"closed","template":"frontpagePremium.php","meta":{"_exactmetrics_skip_tracking":false,"_exactmetrics_sitenote_active":false,"_exactmetrics_sitenote_note":"","_exactmetrics_sitenote_category":0,"_monsterinsights_skip_tracking":false,"_monsterinsights_sitenote_active":false,"_monsterinsights_sitenote_note":"","_monsterinsights_sitenote_category":0,"footnotes":""},"class_list":["post-5064","page","type-page","status-publish","hentry"],"yoast_head":"<!-- This site is optimized with the Yoast SEO Premium plugin v16.3 (Yoast SEO v27.2) - https:\/\/yoast.com\/product\/yoast-seo-premium-wordpress\/ -->\n<title>Bes\u00f8g Restaurant Torve-hallen i S\u00f8nderborg | L\u00e6kker Italiensk mad<\/title>\n<meta name=\"description\" content=\"Se vores \u00e5bningstider p\u00e5 vores hjemmeside | Stort udvalg af forskellige retter i restauranten og til take away\" \/>\n<meta name=\"robots\" content=\"index, follow, max-snippet:-1, max-image-preview:large, max-video-preview:-1\" \/>\n<link rel=\"canonical\" href=\"https:\/\/niipit.dk\/torve-hallen\/\" \/>\n<meta property=\"og:locale\" content=\"da_DK\" \/>\n<meta property=\"og:type\" content=\"article\" \/>\n<meta property=\"og:title\" content=\"Bes\u00f8g Restaurant Torve-hallen i S\u00f8nderborg | L\u00e6kker Italiensk mad\" \/>\n<meta property=\"og:description\" content=\"Se vores \u00e5bningstider p\u00e5 vores hjemmeside | Stort udvalg af forskellige retter i restauranten og til take away\" \/>\n<meta property=\"og:url\" content=\"https:\/\/niipit.dk\/torve-hallen\/\" \/>\n<meta property=\"og:site_name\" content=\"TORVE HALLEN\" \/>\n<meta property=\"article:modified_time\" content=\"2021-04-29T08:46:45+00:00\" \/>\n<meta name=\"twitter:card\" content=\"summary_large_image\" \/>\n<meta name=\"twitter:label1\" content=\"Estimeret l\u00e6setid\" \/>\n\t<meta name=\"twitter:data1\" content=\"1 minut\" \/>\n<script type=\"application\/ld+json\" class=\"yoast-schema-graph\">{\"@context\":\"https:\/\/schema.org\",\"@graph\":[{\"@type\":\"WebPage\",\"@id\":\"https:\/\/niipit.dk\/torve-hallen\/\",\"url\":\"https:\/\/niipit.dk\/torve-hallen\/\",\"name\":\"Bes\u00f8g Restaurant Torve-hallen i S\u00f8nderborg | L\u00e6kker Italiensk mad\",\"isPartOf\":{\"@id\":\"https:\/\/niipit.dk\/torve-hallen\/#website\"},\"datePublished\":\"2020-04-10T20:29:34+00:00\",\"dateModified\":\"2021-04-29T08:46:45+00:00\",\"description\":\"Se vores \u00e5bningstider p\u00e5 vores hjemmeside | Stort udvalg af forskellige retter i restauranten og til take away\",\"breadcrumb\":{\"@id\":\"https:\/\/niipit.dk\/torve-hallen\/#breadcrumb\"},\"inLanguage\":\"da-DK\",\"potentialAction\":[{\"@type\":\"ReadAction\",\"target\":[\"https:\/\/niipit.dk\/torve-hallen\/\"]}]},{\"@type\":\"BreadcrumbList\",\"@id\":\"https:\/\/niipit.dk\/torve-hallen\/#breadcrumb\",\"itemListElement\":[{\"@type\":\"ListItem\",\"position\":1,\"name\":\"Hjem\",\"item\":\"https:\/\/niipit.dk\/torve-hallen\/\"},{\"@type\":\"ListItem\",\"position\":2,\"name\":\"Forside\"}]},{\"@type\":\"WebSite\",\"@id\":\"https:\/\/niipit.dk\/torve-hallen\/#website\",\"url\":\"https:\/\/niipit.dk\/torve-hallen\/\",\"name\":\"TORVE HALLEN\",\"description\":\"Italiensk Restaurant i S\u00f8nderborg\",\"potentialAction\":[{\"@type\":\"SearchAction\",\"target\":{\"@type\":\"EntryPoint\",\"urlTemplate\":\"https:\/\/niipit.dk\/torve-hallen\/?s={search_term_string}\"},\"query-input\":{\"@type\":\"PropertyValueSpecification\",\"valueRequired\":true,\"valueName\":\"search_term_string\"}}],\"inLanguage\":\"da-DK\"}]}<\/script>\n<!-- \/ Yoast SEO Premium plugin. -->","yoast_head_json":{"title":"Bes\u00f8g Restaurant Torve-hallen i S\u00f8nderborg | L\u00e6kker Italiensk mad","description":"Se vores \u00e5bningstider p\u00e5 vores hjemmeside | Stort udvalg af forskellige retter i restauranten og til take away","robots":{"index":"index","follow":"follow","max-snippet":"max-snippet:-1","max-image-preview":"max-image-preview:large","max-video-preview":"max-video-preview:-1"},"canonical":"https:\/\/niipit.dk\/torve-hallen\/","og_locale":"da_DK","og_type":"article","og_title":"Bes\u00f8g Restaurant Torve-hallen i S\u00f8nderborg | L\u00e6kker Italiensk mad","og_description":"Se vores \u00e5bningstider p\u00e5 vores hjemmeside | Stort udvalg af forskellige retter i restauranten og til take away","og_url":"https:\/\/niipit.dk\/torve-hallen\/","og_site_name":"TORVE HALLEN","article_modified_time":"2021-04-29T08:46:45+00:00","twitter_card":"summary_large_image","twitter_misc":{"Estimeret l\u00e6setid":"1 minut"},"schema":{"@context":"https:\/\/schema.org","@graph":[{"@type":"WebPage","@id":"https:\/\/niipit.dk\/torve-hallen\/","url":"https:\/\/niipit.dk\/torve-hallen\/","name":"Bes\u00f8g Restaurant Torve-hallen i S\u00f8nderborg | L\u00e6kker Italiensk mad","isPartOf":{"@id":"https:\/\/niipit.dk\/torve-hallen\/#website"},"datePublished":"2020-04-10T20:29:34+00:00","dateModified":"2021-04-29T08:46:45+00:00","description":"Se vores \u00e5bningstider p\u00e5 vores hjemmeside | Stort udvalg af forskellige retter i restauranten og til take away","breadcrumb":{"@id":"https:\/\/niipit.dk\/torve-hallen\/#breadcrumb"},"inLanguage":"da-DK","potentialAction":[{"@type":"ReadAction","target":["https:\/\/niipit.dk\/torve-hallen\/"]}]},{"@type":"BreadcrumbList","@id":"https:\/\/niipit.dk\/torve-hallen\/#breadcrumb","itemListElement":[{"@type":"ListItem","position":1,"name":"Hjem","item":"https:\/\/niipit.dk\/torve-hallen\/"},{"@type":"ListItem","position":2,"name":"Forside"}]},{"@type":"WebSite","@id":"https:\/\/niipit.dk\/torve-hallen\/#website","url":"https:\/\/niipit.dk\/torve-hallen\/","name":"TORVE HALLEN","description":"Italiensk Restaurant i S\u00f8nderborg","potentialAction":[{"@type":"SearchAction","target":{"@type":"EntryPoint","urlTemplate":"https:\/\/niipit.dk\/torve-hallen\/?s={search_term_string}"},"query-input":{"@type":"PropertyValueSpecification","valueRequired":true,"valueName":"search_term_string"}}],"inLanguage":"da-DK"}]}},"_links":{"self":[{"href":"https:\/\/niipit.dk\/torve-hallen\/wp-json\/wp\/v2\/pages\/5064","targetHints":{"allow":["GET"]}}],"collection":[{"href":"https:\/\/niipit.dk\/torve-hallen\/wp-json\/wp\/v2\/pages"}],"about":[{"href":"https:\/\/niipit.dk\/torve-hallen\/wp-json\/wp\/v2\/types\/page"}],"author":[{"embeddable":true,"href":"https:\/\/niipit.dk\/torve-hallen\/wp-json\/wp\/v2\/users\/1"}],"replies":[{"embeddable":true,"href":"https:\/\/niipit.dk\/torve-hallen\/wp-json\/wp\/v2\/comments?post=5064"}],"version-history":[{"count":2,"href":"https:\/\/niipit.dk\/torve-hallen\/wp-json\/wp\/v2\/pages\/5064\/revisions"}],"predecessor-version":[{"id":5990,"href":"https:\/\/niipit.dk\/torve-hallen\/wp-json\/wp\/v2\/pages\/5064\/revisions\/5990"}],"wp:attachment":[{"href":"https:\/\/niipit.dk\/torve-hallen\/wp-json\/wp\/v2\/media?parent=5064"}],"curies":[{"name":"wp","href":"https:\/\/api.w.org\/{rel}","templated":true}]}}