{"id":5064,"date":"2018-08-10T22:29:34","date_gmt":"2018-08-10T20:29:34","guid":{"rendered":"https:\/\/niipit.dk\/tlp-golf-shop\/?page_id=5064"},"modified":"2020-04-22T09:15:16","modified_gmt":"2020-04-22T07:15:16","slug":"frontpage","status":"publish","type":"page","link":"https:\/\/niipit.dk\/tlp-golf\/","title":{"rendered":"Forside"},"content":{"rendered":"\n<hr class=\"wp-block-separator\"\/>\n\n\n\n<h2 class=\"wp-block-heading\">Hele Danmarks golfbutik!<\/h2>\n\n\n\n<p>Velkommen til TLP Golf.<\/p>\n\n\n\n<p>Her finder du alt, hvad du har brug for som golfspiller. Golfudstyr, golfsko, golfvogne, golfbags, golft\u00f8j, golfbolde, golftilbeh\u00f8r og meget mere.<\/p>\n\n\n\n<p>Her kan du i ro og mag fra computeren, tabletten eller mobilen handle alt inden golfudstyr. <a href=\"https:\/\/www.tlpgolf.dk\/\" target=\"_blank\" rel=\"noreferrer noopener\">TLP Golf<\/a> er samtidig din lokale golfshop, hvor du ofte kan sl\u00e5 et smut forbi, n\u00e5r du mangler de daglige golfting. Her kan du naturligvis ogs\u00e5 pr\u00f8ve bl.a. golfsko og golft\u00f8j, inden du beslutter dig for at k\u00f8be det.<\/p>\n\n\n\n<p>F\u00e6lles er, at uanset om du handler direkte p\u00e5 hjemmesiden eller i butikken, s\u00e5 er der altid gode priser at finde. Selvom vi ikke har prisgaranti, s\u00e5 finder du sj\u00e6ldent tilsvarende produkter andetsteds i Danmark til samme lave priser.<\/p>\n\n\n\n<p>Sloganet \u201dH\u00f8j service og lave priser\u201d lever vi i hvert fald op til.<\/p>\n\n\n\n<p>Webshoppen og den fysiske butik arbejder sammen, s\u00e5ledes at du kan afhente bestilte varer i butikken. Og hvis du fortryder dit k\u00f8b, s\u00e5 kan du returnere varerne inden for 14 dage efter modtagelsen. Du f\u00e5r den samme 14 dages fortrydelsesret, n\u00e5r du k\u00f8ber i den fysiske butik.<\/p>\n\n\n\n<p>Der er ogs\u00e5 muligt \u2013 b\u00e5de fysisk i butikken som online \u2013 at k\u00f8be et gavekort. Det er altid noget, som modtageren bliver glad for og kan bruge.<\/p>\n\n\n\n<p>Har du sp\u00f8rgsm\u00e5l eller brug for r\u00e5d, s\u00e5 kan du kontakte os p\u00e5 telefon 40 89 12 31 eller p\u00e5 mail: info@tlpgolf.dk.<\/p>\n","protected":false},"excerpt":{"rendered":"<p>Hele Danmarks golfbutik! Velkommen til TLP Golf. Her finder du alt, hvad du har brug for som golfspiller. Golfudstyr, golfsko, golfvogne, golfbags, golft\u00f8j, golfbolde, golftilbeh\u00f8r og meget mere. Her kan du i ro og mag fra computeren, tabletten eller mobilen handle alt inden golfudstyr. TLP Golf er samtidig din lokale golfshop, hvor du ofte kan <a class=\"moretag btn btn-primary\" href=\"https:\/\/niipit.dk\/tlp-golf\/\">L\u00e6s mere<\/a><\/p>\n","protected":false},"author":1,"featured_media":0,"parent":0,"menu_order":0,"comment_status":"closed","ping_status":"closed","template":"frontpagePremium.php","meta":{"_exactmetrics_skip_tracking":false,"_exactmetrics_sitenote_active":false,"_exactmetrics_sitenote_note":"","_exactmetrics_sitenote_category":0,"_monsterinsights_skip_tracking":false,"_monsterinsights_sitenote_active":false,"_monsterinsights_sitenote_note":"","_monsterinsights_sitenote_category":0,"footnotes":""},"class_list":["post-5064","page","type-page","status-publish","hentry"],"yoast_head":"<!-- This site is optimized with the Yoast SEO Premium plugin v16.3 (Yoast SEO v27.3) - https:\/\/yoast.com\/product\/yoast-seo-premium-wordpress\/ -->\n<title>TLP Golf - Hele Danmarks golfbutik og golfshop +45 40 89 12 31<\/title>\n<meta name=\"description\" content=\"Her finder du alt, hvad du har brug for som golfspiller til en rigtig god pris. F.eks. golfudstyr, golfsko, golfvogne, golfbags, golft\u00f8j, golfbolde m.m.\" \/>\n<meta name=\"robots\" content=\"index, follow, max-snippet:-1, max-image-preview:large, max-video-preview:-1\" \/>\n<link rel=\"canonical\" href=\"https:\/\/niipit.dk\/tlp-golf\/\" \/>\n<meta property=\"og:locale\" content=\"da_DK\" \/>\n<meta property=\"og:type\" content=\"article\" \/>\n<meta property=\"og:title\" content=\"TLP Golf - Hele Danmarks golfbutik og golfshop +45 40 89 12 31\" \/>\n<meta property=\"og:description\" content=\"Her finder du alt, hvad du har brug for som golfspiller til en rigtig god pris. F.eks. golfudstyr, golfsko, golfvogne, golfbags, golft\u00f8j, golfbolde m.m.\" \/>\n<meta property=\"og:url\" content=\"https:\/\/niipit.dk\/tlp-golf\/\" \/>\n<meta property=\"og:site_name\" content=\"TLP Golf\" \/>\n<meta property=\"article:modified_time\" content=\"2020-04-22T07:15:16+00:00\" \/>\n<meta name=\"twitter:card\" content=\"summary_large_image\" \/>\n<meta name=\"twitter:label1\" content=\"Estimeret l\u00e6setid\" \/>\n\t<meta name=\"twitter:data1\" content=\"1 minut\" \/>\n<script type=\"application\/ld+json\" class=\"yoast-schema-graph\">{\"@context\":\"https:\\\/\\\/schema.org\",\"@graph\":[{\"@type\":\"WebPage\",\"@id\":\"https:\\\/\\\/niipit.dk\\\/tlp-golf\\\/\",\"url\":\"https:\\\/\\\/niipit.dk\\\/tlp-golf\\\/\",\"name\":\"TLP Golf - Hele Danmarks golfbutik og golfshop +45 40 89 12 31\",\"isPartOf\":{\"@id\":\"https:\\\/\\\/niipit.dk\\\/tlp-golf\\\/#website\"},\"datePublished\":\"2018-08-10T20:29:34+00:00\",\"dateModified\":\"2020-04-22T07:15:16+00:00\",\"description\":\"Her finder du alt, hvad du har brug for som golfspiller til en rigtig god pris. F.eks. golfudstyr, golfsko, golfvogne, golfbags, golft\u00f8j, golfbolde m.m.\",\"breadcrumb\":{\"@id\":\"https:\\\/\\\/niipit.dk\\\/tlp-golf\\\/#breadcrumb\"},\"inLanguage\":\"da-DK\",\"potentialAction\":[{\"@type\":\"ReadAction\",\"target\":[\"https:\\\/\\\/niipit.dk\\\/tlp-golf\\\/\"]}]},{\"@type\":\"BreadcrumbList\",\"@id\":\"https:\\\/\\\/niipit.dk\\\/tlp-golf\\\/#breadcrumb\",\"itemListElement\":[{\"@type\":\"ListItem\",\"position\":1,\"name\":\"Hjem\",\"item\":\"https:\\\/\\\/niipit.dk\\\/tlp-golf\\\/\"},{\"@type\":\"ListItem\",\"position\":2,\"name\":\"Forside\"}]},{\"@type\":\"WebSite\",\"@id\":\"https:\\\/\\\/niipit.dk\\\/tlp-golf\\\/#website\",\"url\":\"https:\\\/\\\/niipit.dk\\\/tlp-golf\\\/\",\"name\":\"TLP Golf\",\"description\":\"F\u00e5 din virksomhed p\u00e5 niipit\",\"potentialAction\":[{\"@type\":\"SearchAction\",\"target\":{\"@type\":\"EntryPoint\",\"urlTemplate\":\"https:\\\/\\\/niipit.dk\\\/tlp-golf\\\/?s={search_term_string}\"},\"query-input\":{\"@type\":\"PropertyValueSpecification\",\"valueRequired\":true,\"valueName\":\"search_term_string\"}}],\"inLanguage\":\"da-DK\"}]}<\/script>\n<!-- \/ Yoast SEO Premium plugin. -->","yoast_head_json":{"title":"TLP Golf - Hele Danmarks golfbutik og golfshop +45 40 89 12 31","description":"Her finder du alt, hvad du har brug for som golfspiller til en rigtig god pris. F.eks. golfudstyr, golfsko, golfvogne, golfbags, golft\u00f8j, golfbolde m.m.","robots":{"index":"index","follow":"follow","max-snippet":"max-snippet:-1","max-image-preview":"max-image-preview:large","max-video-preview":"max-video-preview:-1"},"canonical":"https:\/\/niipit.dk\/tlp-golf\/","og_locale":"da_DK","og_type":"article","og_title":"TLP Golf - Hele Danmarks golfbutik og golfshop +45 40 89 12 31","og_description":"Her finder du alt, hvad du har brug for som golfspiller til en rigtig god pris. F.eks. golfudstyr, golfsko, golfvogne, golfbags, golft\u00f8j, golfbolde m.m.","og_url":"https:\/\/niipit.dk\/tlp-golf\/","og_site_name":"TLP Golf","article_modified_time":"2020-04-22T07:15:16+00:00","twitter_card":"summary_large_image","twitter_misc":{"Estimeret l\u00e6setid":"1 minut"},"schema":{"@context":"https:\/\/schema.org","@graph":[{"@type":"WebPage","@id":"https:\/\/niipit.dk\/tlp-golf\/","url":"https:\/\/niipit.dk\/tlp-golf\/","name":"TLP Golf - Hele Danmarks golfbutik og golfshop +45 40 89 12 31","isPartOf":{"@id":"https:\/\/niipit.dk\/tlp-golf\/#website"},"datePublished":"2018-08-10T20:29:34+00:00","dateModified":"2020-04-22T07:15:16+00:00","description":"Her finder du alt, hvad du har brug for som golfspiller til en rigtig god pris. F.eks. golfudstyr, golfsko, golfvogne, golfbags, golft\u00f8j, golfbolde m.m.","breadcrumb":{"@id":"https:\/\/niipit.dk\/tlp-golf\/#breadcrumb"},"inLanguage":"da-DK","potentialAction":[{"@type":"ReadAction","target":["https:\/\/niipit.dk\/tlp-golf\/"]}]},{"@type":"BreadcrumbList","@id":"https:\/\/niipit.dk\/tlp-golf\/#breadcrumb","itemListElement":[{"@type":"ListItem","position":1,"name":"Hjem","item":"https:\/\/niipit.dk\/tlp-golf\/"},{"@type":"ListItem","position":2,"name":"Forside"}]},{"@type":"WebSite","@id":"https:\/\/niipit.dk\/tlp-golf\/#website","url":"https:\/\/niipit.dk\/tlp-golf\/","name":"TLP Golf","description":"F\u00e5 din virksomhed p\u00e5 niipit","potentialAction":[{"@type":"SearchAction","target":{"@type":"EntryPoint","urlTemplate":"https:\/\/niipit.dk\/tlp-golf\/?s={search_term_string}"},"query-input":{"@type":"PropertyValueSpecification","valueRequired":true,"valueName":"search_term_string"}}],"inLanguage":"da-DK"}]}},"_links":{"self":[{"href":"https:\/\/niipit.dk\/tlp-golf\/wp-json\/wp\/v2\/pages\/5064","targetHints":{"allow":["GET"]}}],"collection":[{"href":"https:\/\/niipit.dk\/tlp-golf\/wp-json\/wp\/v2\/pages"}],"about":[{"href":"https:\/\/niipit.dk\/tlp-golf\/wp-json\/wp\/v2\/types\/page"}],"author":[{"embeddable":true,"href":"https:\/\/niipit.dk\/tlp-golf\/wp-json\/wp\/v2\/users\/1"}],"replies":[{"embeddable":true,"href":"https:\/\/niipit.dk\/tlp-golf\/wp-json\/wp\/v2\/comments?post=5064"}],"version-history":[{"count":0,"href":"https:\/\/niipit.dk\/tlp-golf\/wp-json\/wp\/v2\/pages\/5064\/revisions"}],"wp:attachment":[{"href":"https:\/\/niipit.dk\/tlp-golf\/wp-json\/wp\/v2\/media?parent=5064"}],"curies":[{"name":"wp","href":"https:\/\/api.w.org\/{rel}","templated":true}]}}