{"id":5064,"date":"2020-04-10T22:29:34","date_gmt":"2020-04-10T20:29:34","guid":{"rendered":"https:\/\/niipit.dk\/thyboroenskole-shop\/?page_id=5064"},"modified":"2020-11-22T14:53:36","modified_gmt":"2020-11-22T13:53:36","slug":"thyboroenskole","status":"publish","type":"page","link":"https:\/\/niipit.dk\/thyboroenskole\/","title":{"rendered":"Forside"},"content":{"rendered":"\n<hr class=\"wp-block-separator\"\/>\n\n\n\n<p><\/p>\n","protected":false},"excerpt":{"rendered":"","protected":false},"author":1,"featured_media":0,"parent":0,"menu_order":0,"comment_status":"closed","ping_status":"closed","template":"frontpagePremium.php","meta":{"_exactmetrics_skip_tracking":false,"_exactmetrics_sitenote_active":false,"_exactmetrics_sitenote_note":"","_exactmetrics_sitenote_category":0,"_monsterinsights_skip_tracking":false,"_monsterinsights_sitenote_active":false,"_monsterinsights_sitenote_note":"","_monsterinsights_sitenote_category":0,"footnotes":""},"class_list":["post-5064","page","type-page","status-publish","hentry"],"yoast_head":"<!-- This site is optimized with the Yoast SEO Premium plugin v16.3 (Yoast SEO v27.3) - https:\/\/yoast.com\/product\/yoast-seo-premium-wordpress\/ -->\n<title>Thybor\u00f8nskole - Din bedste skole p\u00e5 vestkysten \u2605\u2605\u2605\u2605\u2605<\/title>\n<meta name=\"description\" content=\"Thybor\u00f8nskole - Skolen med saltvand i luften og vinden ind fra vest. Her bl\u00e6ser vi p\u00e5 vind og vejr og s\u00f8rger for den bedste skole.\" \/>\n<meta name=\"robots\" content=\"index, follow, max-snippet:-1, max-image-preview:large, max-video-preview:-1\" \/>\n<link rel=\"canonical\" href=\"https:\/\/niipit.dk\/thyboroenskole\/\" \/>\n<meta property=\"og:locale\" content=\"da_DK\" \/>\n<meta property=\"og:type\" content=\"article\" \/>\n<meta property=\"og:title\" content=\"Thybor\u00f8nskole - Din bedste skole p\u00e5 vestkysten \u2605\u2605\u2605\u2605\u2605\" \/>\n<meta property=\"og:description\" content=\"Thybor\u00f8nskole - Skolen med saltvand i luften og vinden ind fra vest. Her bl\u00e6ser vi p\u00e5 vind og vejr og s\u00f8rger for den bedste skole.\" \/>\n<meta property=\"og:url\" content=\"https:\/\/niipit.dk\/thyboroenskole\/\" \/>\n<meta property=\"og:site_name\" content=\"Thybor\u00f8nskole\" \/>\n<meta property=\"article:modified_time\" content=\"2020-11-22T13:53:36+00:00\" \/>\n<meta name=\"twitter:card\" content=\"summary_large_image\" \/>\n<script type=\"application\/ld+json\" class=\"yoast-schema-graph\">{\"@context\":\"https:\\\/\\\/schema.org\",\"@graph\":[{\"@type\":\"WebPage\",\"@id\":\"https:\\\/\\\/niipit.dk\\\/thyboroenskole\\\/\",\"url\":\"https:\\\/\\\/niipit.dk\\\/thyboroenskole\\\/\",\"name\":\"Thybor\u00f8nskole - Din bedste skole p\u00e5 vestkysten \u2605\u2605\u2605\u2605\u2605\",\"isPartOf\":{\"@id\":\"https:\\\/\\\/niipit.dk\\\/thyboroenskole\\\/#website\"},\"datePublished\":\"2020-04-10T20:29:34+00:00\",\"dateModified\":\"2020-11-22T13:53:36+00:00\",\"description\":\"Thybor\u00f8nskole - Skolen med saltvand i luften og vinden ind fra vest. Her bl\u00e6ser vi p\u00e5 vind og vejr og s\u00f8rger for den bedste skole.\",\"breadcrumb\":{\"@id\":\"https:\\\/\\\/niipit.dk\\\/thyboroenskole\\\/#breadcrumb\"},\"inLanguage\":\"da-DK\",\"potentialAction\":[{\"@type\":\"ReadAction\",\"target\":[\"https:\\\/\\\/niipit.dk\\\/thyboroenskole\\\/\"]}]},{\"@type\":\"BreadcrumbList\",\"@id\":\"https:\\\/\\\/niipit.dk\\\/thyboroenskole\\\/#breadcrumb\",\"itemListElement\":[{\"@type\":\"ListItem\",\"position\":1,\"name\":\"Hjem\",\"item\":\"https:\\\/\\\/niipit.dk\\\/thyboroenskole\\\/\"},{\"@type\":\"ListItem\",\"position\":2,\"name\":\"Forside\"}]},{\"@type\":\"WebSite\",\"@id\":\"https:\\\/\\\/niipit.dk\\\/thyboroenskole\\\/#website\",\"url\":\"https:\\\/\\\/niipit.dk\\\/thyboroenskole\\\/\",\"name\":\"Thybor\u00f8nskole\",\"description\":\"F\u00e5 din virksomhed p\u00e5 niipit\",\"potentialAction\":[{\"@type\":\"SearchAction\",\"target\":{\"@type\":\"EntryPoint\",\"urlTemplate\":\"https:\\\/\\\/niipit.dk\\\/thyboroenskole\\\/?s={search_term_string}\"},\"query-input\":{\"@type\":\"PropertyValueSpecification\",\"valueRequired\":true,\"valueName\":\"search_term_string\"}}],\"inLanguage\":\"da-DK\"}]}<\/script>\n<!-- \/ Yoast SEO Premium plugin. -->","yoast_head_json":{"title":"Thybor\u00f8nskole - Din bedste skole p\u00e5 vestkysten \u2605\u2605\u2605\u2605\u2605","description":"Thybor\u00f8nskole - Skolen med saltvand i luften og vinden ind fra vest. Her bl\u00e6ser vi p\u00e5 vind og vejr og s\u00f8rger for den bedste skole.","robots":{"index":"index","follow":"follow","max-snippet":"max-snippet:-1","max-image-preview":"max-image-preview:large","max-video-preview":"max-video-preview:-1"},"canonical":"https:\/\/niipit.dk\/thyboroenskole\/","og_locale":"da_DK","og_type":"article","og_title":"Thybor\u00f8nskole - Din bedste skole p\u00e5 vestkysten \u2605\u2605\u2605\u2605\u2605","og_description":"Thybor\u00f8nskole - Skolen med saltvand i luften og vinden ind fra vest. Her bl\u00e6ser vi p\u00e5 vind og vejr og s\u00f8rger for den bedste skole.","og_url":"https:\/\/niipit.dk\/thyboroenskole\/","og_site_name":"Thybor\u00f8nskole","article_modified_time":"2020-11-22T13:53:36+00:00","twitter_card":"summary_large_image","schema":{"@context":"https:\/\/schema.org","@graph":[{"@type":"WebPage","@id":"https:\/\/niipit.dk\/thyboroenskole\/","url":"https:\/\/niipit.dk\/thyboroenskole\/","name":"Thybor\u00f8nskole - Din bedste skole p\u00e5 vestkysten \u2605\u2605\u2605\u2605\u2605","isPartOf":{"@id":"https:\/\/niipit.dk\/thyboroenskole\/#website"},"datePublished":"2020-04-10T20:29:34+00:00","dateModified":"2020-11-22T13:53:36+00:00","description":"Thybor\u00f8nskole - Skolen med saltvand i luften og vinden ind fra vest. Her bl\u00e6ser vi p\u00e5 vind og vejr og s\u00f8rger for den bedste skole.","breadcrumb":{"@id":"https:\/\/niipit.dk\/thyboroenskole\/#breadcrumb"},"inLanguage":"da-DK","potentialAction":[{"@type":"ReadAction","target":["https:\/\/niipit.dk\/thyboroenskole\/"]}]},{"@type":"BreadcrumbList","@id":"https:\/\/niipit.dk\/thyboroenskole\/#breadcrumb","itemListElement":[{"@type":"ListItem","position":1,"name":"Hjem","item":"https:\/\/niipit.dk\/thyboroenskole\/"},{"@type":"ListItem","position":2,"name":"Forside"}]},{"@type":"WebSite","@id":"https:\/\/niipit.dk\/thyboroenskole\/#website","url":"https:\/\/niipit.dk\/thyboroenskole\/","name":"Thybor\u00f8nskole","description":"F\u00e5 din virksomhed p\u00e5 niipit","potentialAction":[{"@type":"SearchAction","target":{"@type":"EntryPoint","urlTemplate":"https:\/\/niipit.dk\/thyboroenskole\/?s={search_term_string}"},"query-input":{"@type":"PropertyValueSpecification","valueRequired":true,"valueName":"search_term_string"}}],"inLanguage":"da-DK"}]}},"_links":{"self":[{"href":"https:\/\/niipit.dk\/thyboroenskole\/wp-json\/wp\/v2\/pages\/5064","targetHints":{"allow":["GET"]}}],"collection":[{"href":"https:\/\/niipit.dk\/thyboroenskole\/wp-json\/wp\/v2\/pages"}],"about":[{"href":"https:\/\/niipit.dk\/thyboroenskole\/wp-json\/wp\/v2\/types\/page"}],"author":[{"embeddable":true,"href":"https:\/\/niipit.dk\/thyboroenskole\/wp-json\/wp\/v2\/users\/1"}],"replies":[{"embeddable":true,"href":"https:\/\/niipit.dk\/thyboroenskole\/wp-json\/wp\/v2\/comments?post=5064"}],"version-history":[{"count":0,"href":"https:\/\/niipit.dk\/thyboroenskole\/wp-json\/wp\/v2\/pages\/5064\/revisions"}],"wp:attachment":[{"href":"https:\/\/niipit.dk\/thyboroenskole\/wp-json\/wp\/v2\/media?parent=5064"}],"curies":[{"name":"wp","href":"https:\/\/api.w.org\/{rel}","templated":true}]}}