{"id":5064,"date":"2018-08-10T22:29:34","date_gmt":"2018-08-10T20:29:34","guid":{"rendered":"https:\/\/niipit.dk\/thisted-camping-shop\/?page_id=5064"},"modified":"2019-08-21T10:32:06","modified_gmt":"2019-08-21T08:32:06","slug":"frontpage","status":"publish","type":"page","link":"https:\/\/niipit.dk\/thisted-camping\/","title":{"rendered":"Forside"},"content":{"rendered":"\n<p>Thisted Camping skal da v\u00e6re din n\u00e6ste overnatning ved Limfjorden. Du kan bes\u00f8ge os hele \u00e5ret b\u00e5de med din campingvogn, telt, autocamper eller du kan overnatte i en af vores hytter.<\/p>\n\n\n\n<p>Thisted camping ligger lige ned til fjorden, med panoramaudsigt ud over limfjorden. Ikke mindre end 150 meter fra campingpladsen har du adgang til Dagligvare butik.<\/p>\n\n\n\n<p>B\u00f8rnene er en naturlig del af campinglivet og de er altid velkommen hos os. vi har legeplads med klatrev\u00e6g og en stor hoppepude. Vi har selvf\u00f8lgelig ogs\u00e5 en swimmingpool med vandrutsjebane.<\/p>\n\n\n\n<p>Info om pladsen. Vi har ca 170 campingpladser. 10 camping hytter og 2 fine lejligheder. Du er velkommen hos os hele \u00e5ret. Pladsen holder \u00e5bent for campister, bikere og autocampere \u00e5ret rundt. Vi har hele vinteren 5 af feriehytterne samt begge lejligheder klar til overnatning for vinterg\u00e6ster.<\/p>\n\n\n\n<p>Wifi er en selvf\u00f8lge p\u00e5 vores campingplads. <\/p>\n\n\n\n<p>Thisted er jo limfjordens perle. P\u00e5 under 10 minutters g\u00e5 tur kan du komme ind til Thisted som er en gammel k\u00f8bstad. Du vil opleve en sk\u00f8n atmosf\u00e6re p\u00e5 havnen og i g\u00e5gaden finder du et hav af specialbutikker.  Thisted byder p\u00e5 b\u00e5de museum og biograf, bowlinghal og indend\u00f8rs badeland. Hele omr\u00e5det byder p\u00e5 et hav af oplevelser, <a href=\"https:\/\/niipit.dk\/?s=7700&amp;taxonomy=by-tax&amp;post_type=spisesteder&amp;category=spisesteder\">spisesteder<\/a>, <a href=\"https:\/\/niipit.dk\/?s=7700&amp;taxonomy=by-tax&amp;post_type=butikker&amp;category=butikker\">lokale butikker<\/a>, og masser <a href=\"https:\/\/niipit.dk\/?s=7700&amp;taxonomy=by-tax&amp;post_type=overnatning&amp;category=\">lokale overnatninger<\/a>.<\/p>\n\n\n\n<p>Omr\u00e5det Thy har mange oplevelser til det aktive liv. Vesterhavet har jo beriget omr\u00e5det med bl.a. Cold Hawaii.  Nr. Vorup\u00f8rosv. finder du kun 15 minutter v\u00e6k hvis du tager bilen<em>.<\/em> Nationalpark Thy ligeledes med mange natursk\u00f8nneoplevelser og aktiviteter for b\u00e5de b\u00f8rn og voksne. <br>Jesperhus Blomsterpark finder du p\u00e5 20 minutter i bil.<br><br>Du kan altid f\u00f8lge med p\u00e5 vores facebook side og se hvad <a href=\"https:\/\/www.facebook.com\/niipit.dk\/\">Niipit<\/a> byder p\u00e5 <\/p>\n","protected":false},"excerpt":{"rendered":"<p>Thisted Camping skal da v\u00e6re din n\u00e6ste overnatning ved Limfjorden. Du kan bes\u00f8ge os hele \u00e5ret b\u00e5de med din campingvogn, telt, autocamper eller du kan overnatte i en af vores hytter. Thisted camping ligger lige ned til fjorden, med panoramaudsigt ud over limfjorden. Ikke mindre end 150 meter fra campingpladsen har du adgang til Dagligvare <a class=\"moretag btn btn-primary\" href=\"https:\/\/niipit.dk\/thisted-camping\/\">L\u00e6s mere<\/a><\/p>\n","protected":false},"author":1,"featured_media":0,"parent":0,"menu_order":0,"comment_status":"closed","ping_status":"closed","template":"frontpagePremium.php","meta":{"_exactmetrics_skip_tracking":false,"_exactmetrics_sitenote_active":false,"_exactmetrics_sitenote_note":"","_exactmetrics_sitenote_category":0,"_monsterinsights_skip_tracking":false,"_monsterinsights_sitenote_active":false,"_monsterinsights_sitenote_note":"","_monsterinsights_sitenote_category":0,"footnotes":""},"class_list":["post-5064","page","type-page","status-publish","hentry"],"yoast_head":"<!-- This site is optimized with the Yoast SEO Premium plugin v16.3 (Yoast SEO v27.2) - https:\/\/yoast.com\/product\/yoast-seo-premium-wordpress\/ -->\n<title>Thisted Camping - Niipit Danmarks St\u00f8rste Online Markedsplads<\/title>\n<meta name=\"description\" content=\"Thisted Camping - Niipit - Dansk Kvalitets guide til overnatninger. FIND TILBUD MED PRIS GARANTI HELT GRATIS - Bes\u00f8g os her\" \/>\n<meta name=\"robots\" content=\"index, follow, max-snippet:-1, max-image-preview:large, max-video-preview:-1\" \/>\n<link rel=\"canonical\" href=\"https:\/\/niipit.dk\/thisted-camping\/\" \/>\n<meta property=\"og:locale\" content=\"da_DK\" \/>\n<meta property=\"og:type\" content=\"article\" \/>\n<meta property=\"og:title\" content=\"Thisted Camping - Niipit Danmarks St\u00f8rste Online Markedsplads\" \/>\n<meta property=\"og:description\" content=\"Thisted Camping - Niipit - Dansk Kvalitets guide til overnatninger. FIND TILBUD MED PRIS GARANTI HELT GRATIS - Bes\u00f8g os her\" \/>\n<meta property=\"og:url\" content=\"https:\/\/niipit.dk\/thisted-camping\/\" \/>\n<meta property=\"og:site_name\" content=\"Thisted Camping\" \/>\n<meta property=\"article:modified_time\" content=\"2019-08-21T08:32:06+00:00\" \/>\n<meta name=\"twitter:card\" content=\"summary_large_image\" \/>\n<meta name=\"twitter:label1\" content=\"Estimeret l\u00e6setid\" \/>\n\t<meta name=\"twitter:data1\" content=\"1 minut\" \/>\n<script type=\"application\/ld+json\" class=\"yoast-schema-graph\">{\"@context\":\"https:\/\/schema.org\",\"@graph\":[{\"@type\":\"WebPage\",\"@id\":\"https:\/\/niipit.dk\/thisted-camping\/\",\"url\":\"https:\/\/niipit.dk\/thisted-camping\/\",\"name\":\"Thisted Camping - Niipit Danmarks St\u00f8rste Online Markedsplads\",\"isPartOf\":{\"@id\":\"https:\/\/niipit.dk\/thisted-camping\/#website\"},\"datePublished\":\"2018-08-10T20:29:34+00:00\",\"dateModified\":\"2019-08-21T08:32:06+00:00\",\"description\":\"Thisted Camping - Niipit - Dansk Kvalitets guide til overnatninger. FIND TILBUD MED PRIS GARANTI HELT GRATIS - Bes\u00f8g os her\",\"breadcrumb\":{\"@id\":\"https:\/\/niipit.dk\/thisted-camping\/#breadcrumb\"},\"inLanguage\":\"da-DK\",\"potentialAction\":[{\"@type\":\"ReadAction\",\"target\":[\"https:\/\/niipit.dk\/thisted-camping\/\"]}]},{\"@type\":\"BreadcrumbList\",\"@id\":\"https:\/\/niipit.dk\/thisted-camping\/#breadcrumb\",\"itemListElement\":[{\"@type\":\"ListItem\",\"position\":1,\"name\":\"Hjem\",\"item\":\"https:\/\/niipit.dk\/thisted-camping\/\"},{\"@type\":\"ListItem\",\"position\":2,\"name\":\"Forside\"}]},{\"@type\":\"WebSite\",\"@id\":\"https:\/\/niipit.dk\/thisted-camping\/#website\",\"url\":\"https:\/\/niipit.dk\/thisted-camping\/\",\"name\":\"Thisted Camping\",\"description\":\"F\u00e5 din virksomhed p\u00e5 niipit\",\"potentialAction\":[{\"@type\":\"SearchAction\",\"target\":{\"@type\":\"EntryPoint\",\"urlTemplate\":\"https:\/\/niipit.dk\/thisted-camping\/?s={search_term_string}\"},\"query-input\":{\"@type\":\"PropertyValueSpecification\",\"valueRequired\":true,\"valueName\":\"search_term_string\"}}],\"inLanguage\":\"da-DK\"}]}<\/script>\n<!-- \/ Yoast SEO Premium plugin. -->","yoast_head_json":{"title":"Thisted Camping - Niipit Danmarks St\u00f8rste Online Markedsplads","description":"Thisted Camping - Niipit - Dansk Kvalitets guide til overnatninger. FIND TILBUD MED PRIS GARANTI HELT GRATIS - Bes\u00f8g os her","robots":{"index":"index","follow":"follow","max-snippet":"max-snippet:-1","max-image-preview":"max-image-preview:large","max-video-preview":"max-video-preview:-1"},"canonical":"https:\/\/niipit.dk\/thisted-camping\/","og_locale":"da_DK","og_type":"article","og_title":"Thisted Camping - Niipit Danmarks St\u00f8rste Online Markedsplads","og_description":"Thisted Camping - Niipit - Dansk Kvalitets guide til overnatninger. FIND TILBUD MED PRIS GARANTI HELT GRATIS - Bes\u00f8g os her","og_url":"https:\/\/niipit.dk\/thisted-camping\/","og_site_name":"Thisted Camping","article_modified_time":"2019-08-21T08:32:06+00:00","twitter_card":"summary_large_image","twitter_misc":{"Estimeret l\u00e6setid":"1 minut"},"schema":{"@context":"https:\/\/schema.org","@graph":[{"@type":"WebPage","@id":"https:\/\/niipit.dk\/thisted-camping\/","url":"https:\/\/niipit.dk\/thisted-camping\/","name":"Thisted Camping - Niipit Danmarks St\u00f8rste Online Markedsplads","isPartOf":{"@id":"https:\/\/niipit.dk\/thisted-camping\/#website"},"datePublished":"2018-08-10T20:29:34+00:00","dateModified":"2019-08-21T08:32:06+00:00","description":"Thisted Camping - Niipit - Dansk Kvalitets guide til overnatninger. FIND TILBUD MED PRIS GARANTI HELT GRATIS - Bes\u00f8g os her","breadcrumb":{"@id":"https:\/\/niipit.dk\/thisted-camping\/#breadcrumb"},"inLanguage":"da-DK","potentialAction":[{"@type":"ReadAction","target":["https:\/\/niipit.dk\/thisted-camping\/"]}]},{"@type":"BreadcrumbList","@id":"https:\/\/niipit.dk\/thisted-camping\/#breadcrumb","itemListElement":[{"@type":"ListItem","position":1,"name":"Hjem","item":"https:\/\/niipit.dk\/thisted-camping\/"},{"@type":"ListItem","position":2,"name":"Forside"}]},{"@type":"WebSite","@id":"https:\/\/niipit.dk\/thisted-camping\/#website","url":"https:\/\/niipit.dk\/thisted-camping\/","name":"Thisted Camping","description":"F\u00e5 din virksomhed p\u00e5 niipit","potentialAction":[{"@type":"SearchAction","target":{"@type":"EntryPoint","urlTemplate":"https:\/\/niipit.dk\/thisted-camping\/?s={search_term_string}"},"query-input":{"@type":"PropertyValueSpecification","valueRequired":true,"valueName":"search_term_string"}}],"inLanguage":"da-DK"}]}},"_links":{"self":[{"href":"https:\/\/niipit.dk\/thisted-camping\/wp-json\/wp\/v2\/pages\/5064","targetHints":{"allow":["GET"]}}],"collection":[{"href":"https:\/\/niipit.dk\/thisted-camping\/wp-json\/wp\/v2\/pages"}],"about":[{"href":"https:\/\/niipit.dk\/thisted-camping\/wp-json\/wp\/v2\/types\/page"}],"author":[{"embeddable":true,"href":"https:\/\/niipit.dk\/thisted-camping\/wp-json\/wp\/v2\/users\/1"}],"replies":[{"embeddable":true,"href":"https:\/\/niipit.dk\/thisted-camping\/wp-json\/wp\/v2\/comments?post=5064"}],"version-history":[{"count":0,"href":"https:\/\/niipit.dk\/thisted-camping\/wp-json\/wp\/v2\/pages\/5064\/revisions"}],"wp:attachment":[{"href":"https:\/\/niipit.dk\/thisted-camping\/wp-json\/wp\/v2\/media?parent=5064"}],"curies":[{"name":"wp","href":"https:\/\/api.w.org\/{rel}","templated":true}]}}