{"id":5064,"date":"2020-04-10T22:29:34","date_gmt":"2020-04-10T20:29:34","guid":{"rendered":"https:\/\/niipit.dk\/technor-shop\/?page_id=5064"},"modified":"2021-07-26T07:57:47","modified_gmt":"2021-07-26T05:57:47","slug":"frontpage","status":"publish","type":"page","link":"https:\/\/niipit.dk\/technor\/","title":{"rendered":"Forside"},"content":{"rendered":"\n<hr class=\"wp-block-separator\"\/>\n\n\n\n<h1 class=\"wp-block-heading\" id=\"h-ventilationsfirma-med-mere-end-30-rs-erfaring\">Ventilationsfirma med mere end 30 \u00e5rs erfaring<\/h1>\n\n\n\n<h2 class=\"wp-block-heading\" id=\"h-technor-er-et-helhedsorienteret-ventilationsfirma-der-kan-forbedre-indeklimaet-i-din-virksomhed\">Technor er et helhedsorienteret ventilationsfirma, der kan forbedre indeklimaet i din virksomhed<\/h2>\n\n\n\n<h3 class=\"wp-block-heading\" id=\"h-technor-er-jeres-sparringspartner-fra-start-til-slut\">Technor er jeres sparringspartner fra start til slut<\/h3>\n\n\n\n<p>V\u00e6lger du <a href=\"https:\/\/www.technor.dk\/\" target=\"_blank\" rel=\"noreferrer noopener\">Technor<\/a> som leverand\u00f8r af ventilationsanl\u00e6gget til din virksomhed, kan du v\u00e6re sikker p\u00e5 at f\u00e5 en sparringspartner lige fra den allerf\u00f8rste kontakt til r\u00e5dgivning om anl\u00e6ggets funktioner og slutteligt til monteringen af anl\u00e6gget og den efterf\u00f8lgende servicering. Technor s\u00e6tter din virksomheds \u00f8nsker og behov som deres h\u00f8jeste prioritering, n\u00e5r de installeret et proces- eller industriventilationsanl\u00e6g i jeres lokaler.<\/p>\n\n\n\n<h3 class=\"wp-block-heading\" id=\"h-f-et-bedre-indeklima-og-lavere-risiko-for-atex-med-et-ventilationsanl-g-fra-technor\">F\u00e5 et bedre indeklima og lavere risiko for ATEX med et ventilationsanl\u00e6g fra Technor<\/h3>\n\n\n\n<p>I enhver virksomhed er medarbejdernes trivsel helt afg\u00f8rende for, hvor godt virksomheden klarer sig \u2013 is\u00e6r n\u00e5r det g\u00e6lder produktionsvirksomheder. I arbejdshaller kan der nemlig hurtigt opst\u00e5 problemer med indeklimaet. De mange forurenende partikler fra fx sk\u00e6ring af metal kan v\u00e6re sundhedsskadelige for medarbejderne, og det giver b\u00e5de ubehag i hverdagen og flere sygedage. Et ventilationsanl\u00e6g fra Technor kan fuldst\u00e6ndigt eliminere det d\u00e5rlige indeklima ved mekanisk at suge partiklerne ud af arbejdshallen og samtidigt minimere risikoen for, at der opst\u00e5r eksplosive atmosf\u00e6rer, ogs\u00e5 kaldet ATEX.<\/p>\n\n\n\n<h3 class=\"wp-block-heading\" id=\"h-technor-udvikler-kun-milj-venlige-ventilationsanl-g\">Technor udvikler kun milj\u00f8venlige ventilationsanl\u00e6g<\/h3>\n\n\n\n<p>M\u00e5ske er du nerv\u00f8s for, at de mange forurenende partikler, som ventilationsanl\u00e6gget suger ud af arbejdshallen, blot bliver spr\u00f8jtet direkte ud i den frie natur og derved belaster milj\u00f8et. Den bekymring fejes helt af banen med Technors ventilationsanl\u00e6g. Technor ser beskyttelse af n\u00e6rmilj\u00f8et som fuldst\u00e6ndig afg\u00f8rende, n\u00e5r de installerer et ventilationsanl\u00e6g, og de tager ansvaret for at sikre og tage h\u00e5nd om de partikler, der arbejdshallen renses for.<\/p>\n","protected":false},"excerpt":{"rendered":"<p>Ventilationsfirma med mere end 30 \u00e5rs erfaring Technor er et helhedsorienteret ventilationsfirma, der kan forbedre indeklimaet i din virksomhed Technor er jeres sparringspartner fra start til slut V\u00e6lger du Technor som leverand\u00f8r af ventilationsanl\u00e6gget til din virksomhed, kan du v\u00e6re sikker p\u00e5 at f\u00e5 en sparringspartner lige fra den allerf\u00f8rste kontakt til r\u00e5dgivning om anl\u00e6ggets <a class=\"moretag btn btn-primary\" href=\"https:\/\/niipit.dk\/technor\/\">L\u00e6s mere<\/a><\/p>\n","protected":false},"author":1,"featured_media":0,"parent":0,"menu_order":0,"comment_status":"closed","ping_status":"closed","template":"frontpagePremium.php","meta":{"_exactmetrics_skip_tracking":false,"_exactmetrics_sitenote_active":false,"_exactmetrics_sitenote_note":"","_exactmetrics_sitenote_category":0,"_monsterinsights_skip_tracking":false,"_monsterinsights_sitenote_active":false,"_monsterinsights_sitenote_note":"","_monsterinsights_sitenote_category":0,"footnotes":""},"class_list":["post-5064","page","type-page","status-publish","hentry"],"yoast_head":"<!-- This site is optimized with the Yoast SEO Premium plugin v16.3 (Yoast SEO v27.3) - https:\/\/yoast.com\/product\/yoast-seo-premium-wordpress\/ -->\n<title>Technor ApS global ventilationsfirma og produktionsvirksomhed<\/title>\n<meta name=\"description\" content=\"L\u00e6s om virksomheden Technor ApS | Dit ventilationsfirma n\u00e5r kun det bedste er godt nok til dig og dine medarbejdere\" \/>\n<meta name=\"robots\" content=\"index, follow, max-snippet:-1, max-image-preview:large, max-video-preview:-1\" \/>\n<link rel=\"canonical\" href=\"https:\/\/niipit.dk\/technor\/\" \/>\n<meta property=\"og:locale\" content=\"da_DK\" \/>\n<meta property=\"og:type\" content=\"article\" \/>\n<meta property=\"og:title\" content=\"Technor ApS global ventilationsfirma og produktionsvirksomhed\" \/>\n<meta property=\"og:description\" content=\"L\u00e6s om virksomheden Technor ApS | Dit ventilationsfirma n\u00e5r kun det bedste er godt nok til dig og dine medarbejdere\" \/>\n<meta property=\"og:url\" content=\"https:\/\/niipit.dk\/technor\/\" \/>\n<meta property=\"og:site_name\" content=\"Technor\" \/>\n<meta property=\"article:modified_time\" content=\"2021-07-26T05:57:47+00:00\" \/>\n<meta name=\"twitter:card\" content=\"summary_large_image\" \/>\n<meta name=\"twitter:label1\" content=\"Estimeret l\u00e6setid\" \/>\n\t<meta name=\"twitter:data1\" content=\"2 minutter\" \/>\n<script type=\"application\/ld+json\" class=\"yoast-schema-graph\">{\"@context\":\"https:\\\/\\\/schema.org\",\"@graph\":[{\"@type\":\"WebPage\",\"@id\":\"https:\\\/\\\/niipit.dk\\\/technor\\\/\",\"url\":\"https:\\\/\\\/niipit.dk\\\/technor\\\/\",\"name\":\"Technor ApS global ventilationsfirma og produktionsvirksomhed\",\"isPartOf\":{\"@id\":\"https:\\\/\\\/niipit.dk\\\/technor\\\/#website\"},\"datePublished\":\"2020-04-10T20:29:34+00:00\",\"dateModified\":\"2021-07-26T05:57:47+00:00\",\"description\":\"L\u00e6s om virksomheden Technor ApS | Dit ventilationsfirma n\u00e5r kun det bedste er godt nok til dig og dine medarbejdere\",\"breadcrumb\":{\"@id\":\"https:\\\/\\\/niipit.dk\\\/technor\\\/#breadcrumb\"},\"inLanguage\":\"da-DK\",\"potentialAction\":[{\"@type\":\"ReadAction\",\"target\":[\"https:\\\/\\\/niipit.dk\\\/technor\\\/\"]}]},{\"@type\":\"BreadcrumbList\",\"@id\":\"https:\\\/\\\/niipit.dk\\\/technor\\\/#breadcrumb\",\"itemListElement\":[{\"@type\":\"ListItem\",\"position\":1,\"name\":\"Hjem\",\"item\":\"https:\\\/\\\/niipit.dk\\\/technor\\\/\"},{\"@type\":\"ListItem\",\"position\":2,\"name\":\"Forside\"}]},{\"@type\":\"WebSite\",\"@id\":\"https:\\\/\\\/niipit.dk\\\/technor\\\/#website\",\"url\":\"https:\\\/\\\/niipit.dk\\\/technor\\\/\",\"name\":\"Technor\",\"description\":\"Bliv set online med Niipit\",\"potentialAction\":[{\"@type\":\"SearchAction\",\"target\":{\"@type\":\"EntryPoint\",\"urlTemplate\":\"https:\\\/\\\/niipit.dk\\\/technor\\\/?s={search_term_string}\"},\"query-input\":{\"@type\":\"PropertyValueSpecification\",\"valueRequired\":true,\"valueName\":\"search_term_string\"}}],\"inLanguage\":\"da-DK\"}]}<\/script>\n<!-- \/ Yoast SEO Premium plugin. -->","yoast_head_json":{"title":"Technor ApS global ventilationsfirma og produktionsvirksomhed","description":"L\u00e6s om virksomheden Technor ApS | Dit ventilationsfirma n\u00e5r kun det bedste er godt nok til dig og dine medarbejdere","robots":{"index":"index","follow":"follow","max-snippet":"max-snippet:-1","max-image-preview":"max-image-preview:large","max-video-preview":"max-video-preview:-1"},"canonical":"https:\/\/niipit.dk\/technor\/","og_locale":"da_DK","og_type":"article","og_title":"Technor ApS global ventilationsfirma og produktionsvirksomhed","og_description":"L\u00e6s om virksomheden Technor ApS | Dit ventilationsfirma n\u00e5r kun det bedste er godt nok til dig og dine medarbejdere","og_url":"https:\/\/niipit.dk\/technor\/","og_site_name":"Technor","article_modified_time":"2021-07-26T05:57:47+00:00","twitter_card":"summary_large_image","twitter_misc":{"Estimeret l\u00e6setid":"2 minutter"},"schema":{"@context":"https:\/\/schema.org","@graph":[{"@type":"WebPage","@id":"https:\/\/niipit.dk\/technor\/","url":"https:\/\/niipit.dk\/technor\/","name":"Technor ApS global ventilationsfirma og produktionsvirksomhed","isPartOf":{"@id":"https:\/\/niipit.dk\/technor\/#website"},"datePublished":"2020-04-10T20:29:34+00:00","dateModified":"2021-07-26T05:57:47+00:00","description":"L\u00e6s om virksomheden Technor ApS | Dit ventilationsfirma n\u00e5r kun det bedste er godt nok til dig og dine medarbejdere","breadcrumb":{"@id":"https:\/\/niipit.dk\/technor\/#breadcrumb"},"inLanguage":"da-DK","potentialAction":[{"@type":"ReadAction","target":["https:\/\/niipit.dk\/technor\/"]}]},{"@type":"BreadcrumbList","@id":"https:\/\/niipit.dk\/technor\/#breadcrumb","itemListElement":[{"@type":"ListItem","position":1,"name":"Hjem","item":"https:\/\/niipit.dk\/technor\/"},{"@type":"ListItem","position":2,"name":"Forside"}]},{"@type":"WebSite","@id":"https:\/\/niipit.dk\/technor\/#website","url":"https:\/\/niipit.dk\/technor\/","name":"Technor","description":"Bliv set online med Niipit","potentialAction":[{"@type":"SearchAction","target":{"@type":"EntryPoint","urlTemplate":"https:\/\/niipit.dk\/technor\/?s={search_term_string}"},"query-input":{"@type":"PropertyValueSpecification","valueRequired":true,"valueName":"search_term_string"}}],"inLanguage":"da-DK"}]}},"_links":{"self":[{"href":"https:\/\/niipit.dk\/technor\/wp-json\/wp\/v2\/pages\/5064","targetHints":{"allow":["GET"]}}],"collection":[{"href":"https:\/\/niipit.dk\/technor\/wp-json\/wp\/v2\/pages"}],"about":[{"href":"https:\/\/niipit.dk\/technor\/wp-json\/wp\/v2\/types\/page"}],"author":[{"embeddable":true,"href":"https:\/\/niipit.dk\/technor\/wp-json\/wp\/v2\/users\/1"}],"replies":[{"embeddable":true,"href":"https:\/\/niipit.dk\/technor\/wp-json\/wp\/v2\/comments?post=5064"}],"version-history":[{"count":2,"href":"https:\/\/niipit.dk\/technor\/wp-json\/wp\/v2\/pages\/5064\/revisions"}],"predecessor-version":[{"id":5995,"href":"https:\/\/niipit.dk\/technor\/wp-json\/wp\/v2\/pages\/5064\/revisions\/5995"}],"wp:attachment":[{"href":"https:\/\/niipit.dk\/technor\/wp-json\/wp\/v2\/media?parent=5064"}],"curies":[{"name":"wp","href":"https:\/\/api.w.org\/{rel}","templated":true}]}}