{"id":6241,"date":"2019-11-29T10:41:50","date_gmt":"2019-11-29T09:41:50","guid":{"rendered":"https:\/\/niipit.dk\/suzannizabella\/?post_type=product&#038;p=6241"},"modified":"2020-02-24T11:42:02","modified_gmt":"2020-02-24T10:42:02","slug":"test-2","status":"publish","type":"product","link":"https:\/\/niipit.dk\/suzannizabella\/produkt\/test-2\/","title":{"rendered":"GUIDE &#8211; S\u00c5DAN f\u00e5r du dit barn i seng, p\u00e5 rekord tid,- p\u00e5 en let og k\u00e6rlig m\u00e5de"},"content":{"rendered":"<div class=\"templateSection templateHeader\">\n<div class=\"headerContainer contentContainer\">\n<div class=\"mcnTextBlock\">\n<div class=\"mcnTextBlockInner\">\n<div>\n<div class=\"mcnTextContent\">\n<h1>GUIDE &#8211; S\u00c5DAN f\u00e5r du dit barn i seng, p\u00e5 rekord tid,- p\u00e5 en let og k\u00e6rlig m\u00e5de<\/h1>\n<div><strong>suzannizabella.dk<\/strong><\/div>\n<\/div>\n<\/div>\n<\/div>\n<\/div>\n<div class=\"mcnTextBlock\">\n<div class=\"mcnTextBlockInner\">\n<div>\n<div class=\"mcnTextContent\">\n<p><strong>F\u00e5 din guide her.!<\/strong><\/p>\n<h3>S\u00c5DAN f\u00e5r du dit barn<br \/>\ni seng p\u00e5 <strong><em>rekordtid.!<\/em><\/strong><\/h3>\n<\/div>\n<\/div>\n<\/div>\n<\/div>\n<div class=\"mcnTextBlock\">\n<div class=\"mcnTextBlockInner\">\n<div>\n<div class=\"mcnTextContent\">\n<p><strong>Hjertelig tillykke.!!<\/strong><\/p>\n<p>Du er nu allerede et skridt n\u00e6rmere et gladere<br \/>\nbarn og en lettere hverdag.<\/p>\n<\/div>\n<\/div>\n<\/div>\n<\/div>\n<div class=\"mcnTextBlock\">\n<div class=\"mcnTextBlockInner\">\n<div>\n<div class=\"mcnTextContent\"><\/div>\n<\/div>\n<\/div>\n<\/div>\n<\/div>\n<\/div>\n<div class=\"templateSection templateBody\">\n<div class=\"sectionFlexColumn\">\n<div class=\"bodyContainer contentContainer\">\n<div class=\"mcnCaptionBlock\">\n<div class=\"mcnCaptionBlockInner\">\n<div class=\"mcnCaptionColumn\">\n<div>\n<div class=\"mcnCaptionLeftContentInner\"><img loading=\"lazy\" decoding=\"async\" class=\"mcnImage alignnone\" src=\"https:\/\/eep.io\/mc-gallery\/9ca7c5f15254d1d4a8275b6ac\/images\/6b29891f-f348-48cd-92d8-8277ab3d9ca2.png\" alt=\"\" width=\"750\" height=\"750\" \/><\/div>\n<\/div>\n<div>\n<div class=\"mcnTextContent\">\n<p><strong>Jeg guider dig igennem de 4 trin du skal igennem.<\/strong><\/p>\n<p><strong>Du f\u00e5r en en helt ny metode du skal f\u00f8lge&#8230;<\/strong><\/p>\n<p>Form\u00e5let med guiden er at du f\u00e5 en meget lettere hverdag og at du skaber en bro mellem dig og dit barn til bedre kommunikation og gensidig empati og forst\u00e5else.<\/p>\n<p>N\u00e5r du har gennemg\u00e5et guiden er det meget lettere og mere overskueligt at f\u00e5 dit barn i seng.<\/p>\n<p>Det er vigtigt for mig at du lykkedes og derfor har jeg gjort denne guide meget enkel og tydelig, og lige klar til at g\u00e5 igang efter du har set videon.<\/p>\n<p>Jeg er helt sikker p\u00e5 at du vil f\u00e5 helt vildt meget ud af denne her guide.<\/p>\n<p>Rigtig god forn\u00f8jelse.!!<\/p>\n<\/div>\n<\/div>\n<\/div>\n<\/div>\n<\/div>\n<div class=\"mcnButtonBlock mcnButtonBlockInner\"><\/div>\n<div class=\"mcnTextBlock\">\n<div class=\"mcnTextBlockInner\">\n<div>\n<div class=\"mcnTextContent\">K\u00e6rligste Suzann<\/div>\n<\/div>\n<\/div>\n<\/div>\n<\/div>\n<\/div>\n<\/div>\n","protected":false},"excerpt":{"rendered":"<p>GUIDE &#8211; S\u00c5DAN f\u00e5r du dit barn i seng, p\u00e5 rekord tid,- p\u00e5 en let og k\u00e6rlig m\u00e5de suzannizabella.dk F\u00e5 din guide her.! S\u00c5DAN f\u00e5r du dit barn i seng p\u00e5 rekordtid.! Hjertelig tillykke.!! Du er nu allerede et skridt n\u00e6rmere et gladere barn og en lettere hverdag. Jeg guider dig igennem de 4 trin <a class=\"moretag btn btn-primary\" href=\"https:\/\/niipit.dk\/suzannizabella\/produkt\/test-2\/\">L\u00e6s mere<\/a><\/p>\n","protected":false},"featured_media":5740,"template":"","meta":{"_exactmetrics_skip_tracking":false,"_exactmetrics_sitenote_active":false,"_exactmetrics_sitenote_note":"","_exactmetrics_sitenote_category":0,"_monsterinsights_skip_tracking":false,"_monsterinsights_sitenote_active":false,"_monsterinsights_sitenote_note":"","_monsterinsights_sitenote_category":0},"product_brand":[],"product_cat":[2093],"product_tag":[],"shoptype":[],"class_list":{"0":"post-6241","1":"product","2":"type-product","3":"status-publish","4":"has-post-thumbnail","6":"product_cat-ukategoriseret","8":"first","9":"outofstock","10":"shipping-taxable","11":"purchasable","12":"product-type-variable"},"yoast_head":"<!-- This site is optimized with the Yoast SEO Premium plugin v16.3 (Yoast SEO v27.4) - https:\/\/yoast.com\/product\/yoast-seo-premium-wordpress\/ -->\n<title>S\u00c5DAN F\u00c5R DU DIT BARN I SENG, P\u00c5 REKORD TID<\/title>\n<meta name=\"description\" content=\"GUIDE - S\u00c5DAN f\u00e5r du dit barn i seng, p\u00e5 rekord tid,- p\u00e5 en let og k\u00e6rlig m\u00e5de % SUZANN IZABELLA - k\u00f8b guiden her og f\u00e5 dit barn i seng med det samme\" \/>\n<meta name=\"robots\" content=\"index, follow, max-snippet:-1, max-image-preview:large, max-video-preview:-1\" \/>\n<link rel=\"canonical\" href=\"https:\/\/niipit.dk\/suzannizabella\/produkt\/test-2\/\" \/>\n<meta property=\"og:locale\" content=\"da_DK\" \/>\n<meta property=\"og:type\" content=\"article\" \/>\n<meta property=\"og:title\" content=\"S\u00c5DAN F\u00c5R DU DIT BARN I SENG, P\u00c5 REKORD TID\" \/>\n<meta property=\"og:description\" content=\"GUIDE - S\u00c5DAN f\u00e5r du dit barn i seng, p\u00e5 rekord tid,- p\u00e5 en let og k\u00e6rlig m\u00e5de % SUZANN IZABELLA - k\u00f8b guiden her og f\u00e5 dit barn i seng med det samme\" \/>\n<meta property=\"og:url\" content=\"https:\/\/niipit.dk\/suzannizabella\/produkt\/test-2\/\" \/>\n<meta property=\"og:site_name\" content=\"SUZANN IZABELLA\" \/>\n<meta property=\"article:modified_time\" content=\"2020-02-24T10:42:02+00:00\" \/>\n<meta property=\"og:image\" content=\"https:\/\/niipit.dk\/suzannizabella\/wp-content\/uploads\/sites\/233\/2019\/06\/Suzannizabella.dk-s\u00e5dan-f\u00e5r-du-dit-barn-i-seng-p\u00e5-rekordtid.jpg\" \/>\n\t<meta property=\"og:image:width\" content=\"1200\" \/>\n\t<meta property=\"og:image:height\" content=\"1200\" \/>\n\t<meta property=\"og:image:type\" content=\"image\/jpeg\" \/>\n<meta name=\"twitter:card\" content=\"summary_large_image\" \/>\n<meta name=\"twitter:label1\" content=\"Estimeret l\u00e6setid\" \/>\n\t<meta name=\"twitter:data1\" content=\"1 minut\" \/>\n<script type=\"application\/ld+json\" class=\"yoast-schema-graph\">{\"@context\":\"https:\\\/\\\/schema.org\",\"@graph\":[{\"@type\":\"WebPage\",\"@id\":\"https:\\\/\\\/niipit.dk\\\/suzannizabella\\\/produkt\\\/test-2\\\/\",\"url\":\"https:\\\/\\\/niipit.dk\\\/suzannizabella\\\/produkt\\\/test-2\\\/\",\"name\":\"S\u00c5DAN F\u00c5R DU DIT BARN I SENG, P\u00c5 REKORD TID\",\"isPartOf\":{\"@id\":\"https:\\\/\\\/niipit.dk\\\/suzannizabella\\\/#website\"},\"primaryImageOfPage\":{\"@id\":\"https:\\\/\\\/niipit.dk\\\/suzannizabella\\\/produkt\\\/test-2\\\/#primaryimage\"},\"image\":{\"@id\":\"https:\\\/\\\/niipit.dk\\\/suzannizabella\\\/produkt\\\/test-2\\\/#primaryimage\"},\"thumbnailUrl\":\"https:\\\/\\\/niipit.dk\\\/suzannizabella\\\/wp-content\\\/uploads\\\/sites\\\/233\\\/2019\\\/06\\\/Suzannizabella.dk-s\u00e5dan-f\u00e5r-du-dit-barn-i-seng-p\u00e5-rekordtid.jpg\",\"datePublished\":\"2019-11-29T09:41:50+00:00\",\"dateModified\":\"2020-02-24T10:42:02+00:00\",\"description\":\"GUIDE - S\u00c5DAN f\u00e5r du dit barn i seng, p\u00e5 rekord tid,- p\u00e5 en let og k\u00e6rlig m\u00e5de % SUZANN IZABELLA - k\u00f8b guiden her og f\u00e5 dit barn i seng med det samme\",\"breadcrumb\":{\"@id\":\"https:\\\/\\\/niipit.dk\\\/suzannizabella\\\/produkt\\\/test-2\\\/#breadcrumb\"},\"inLanguage\":\"da-DK\",\"potentialAction\":[{\"@type\":\"ReadAction\",\"target\":[\"https:\\\/\\\/niipit.dk\\\/suzannizabella\\\/produkt\\\/test-2\\\/\"]}]},{\"@type\":\"ImageObject\",\"inLanguage\":\"da-DK\",\"@id\":\"https:\\\/\\\/niipit.dk\\\/suzannizabella\\\/produkt\\\/test-2\\\/#primaryimage\",\"url\":\"https:\\\/\\\/niipit.dk\\\/suzannizabella\\\/wp-content\\\/uploads\\\/sites\\\/233\\\/2019\\\/06\\\/Suzannizabella.dk-s\u00e5dan-f\u00e5r-du-dit-barn-i-seng-p\u00e5-rekordtid.jpg\",\"contentUrl\":\"https:\\\/\\\/niipit.dk\\\/suzannizabella\\\/wp-content\\\/uploads\\\/sites\\\/233\\\/2019\\\/06\\\/Suzannizabella.dk-s\u00e5dan-f\u00e5r-du-dit-barn-i-seng-p\u00e5-rekordtid.jpg\",\"width\":1200,\"height\":1200,\"caption\":\"Suzannizabella.dk s\u00e5dan f\u00e5r du dit barn i seng p\u00e5 rekordtid\"},{\"@type\":\"BreadcrumbList\",\"@id\":\"https:\\\/\\\/niipit.dk\\\/suzannizabella\\\/produkt\\\/test-2\\\/#breadcrumb\",\"itemListElement\":[{\"@type\":\"ListItem\",\"position\":1,\"name\":\"Hjem\",\"item\":\"https:\\\/\\\/niipit.dk\\\/suzannizabella\\\/\"},{\"@type\":\"ListItem\",\"position\":2,\"name\":\"Shop\",\"item\":\"https:\\\/\\\/niipit.dk\\\/suzannizabella\\\/shop\\\/\"},{\"@type\":\"ListItem\",\"position\":3,\"name\":\"GUIDE &#8211; S\u00c5DAN f\u00e5r du dit barn i seng, p\u00e5 rekord tid,- p\u00e5 en let og k\u00e6rlig m\u00e5de\"}]},{\"@type\":\"WebSite\",\"@id\":\"https:\\\/\\\/niipit.dk\\\/suzannizabella\\\/#website\",\"url\":\"https:\\\/\\\/niipit.dk\\\/suzannizabella\\\/\",\"name\":\"SUZANN IZABELLA\",\"description\":\"K\u00e6rlig kommunikation \u2764 giver k\u00e6rlige b\u00f8rn\",\"potentialAction\":[{\"@type\":\"SearchAction\",\"target\":{\"@type\":\"EntryPoint\",\"urlTemplate\":\"https:\\\/\\\/niipit.dk\\\/suzannizabella\\\/?s={search_term_string}\"},\"query-input\":{\"@type\":\"PropertyValueSpecification\",\"valueRequired\":true,\"valueName\":\"search_term_string\"}}],\"inLanguage\":\"da-DK\"}]}<\/script>\n<!-- \/ Yoast SEO Premium plugin. -->","yoast_head_json":{"title":"S\u00c5DAN F\u00c5R DU DIT BARN I SENG, P\u00c5 REKORD TID","description":"GUIDE - S\u00c5DAN f\u00e5r du dit barn i seng, p\u00e5 rekord tid,- p\u00e5 en let og k\u00e6rlig m\u00e5de % SUZANN IZABELLA - k\u00f8b guiden her og f\u00e5 dit barn i seng med det samme","robots":{"index":"index","follow":"follow","max-snippet":"max-snippet:-1","max-image-preview":"max-image-preview:large","max-video-preview":"max-video-preview:-1"},"canonical":"https:\/\/niipit.dk\/suzannizabella\/produkt\/test-2\/","og_locale":"da_DK","og_type":"article","og_title":"S\u00c5DAN F\u00c5R DU DIT BARN I SENG, P\u00c5 REKORD TID","og_description":"GUIDE - S\u00c5DAN f\u00e5r du dit barn i seng, p\u00e5 rekord tid,- p\u00e5 en let og k\u00e6rlig m\u00e5de % SUZANN IZABELLA - k\u00f8b guiden her og f\u00e5 dit barn i seng med det samme","og_url":"https:\/\/niipit.dk\/suzannizabella\/produkt\/test-2\/","og_site_name":"SUZANN IZABELLA","article_modified_time":"2020-02-24T10:42:02+00:00","og_image":[{"width":1200,"height":1200,"url":"https:\/\/niipit.dk\/suzannizabella\/wp-content\/uploads\/sites\/233\/2019\/06\/Suzannizabella.dk-s\u00e5dan-f\u00e5r-du-dit-barn-i-seng-p\u00e5-rekordtid.jpg","type":"image\/jpeg"}],"twitter_card":"summary_large_image","twitter_misc":{"Estimeret l\u00e6setid":"1 minut"},"schema":{"@context":"https:\/\/schema.org","@graph":[{"@type":"WebPage","@id":"https:\/\/niipit.dk\/suzannizabella\/produkt\/test-2\/","url":"https:\/\/niipit.dk\/suzannizabella\/produkt\/test-2\/","name":"S\u00c5DAN F\u00c5R DU DIT BARN I SENG, P\u00c5 REKORD TID","isPartOf":{"@id":"https:\/\/niipit.dk\/suzannizabella\/#website"},"primaryImageOfPage":{"@id":"https:\/\/niipit.dk\/suzannizabella\/produkt\/test-2\/#primaryimage"},"image":{"@id":"https:\/\/niipit.dk\/suzannizabella\/produkt\/test-2\/#primaryimage"},"thumbnailUrl":"https:\/\/niipit.dk\/suzannizabella\/wp-content\/uploads\/sites\/233\/2019\/06\/Suzannizabella.dk-s\u00e5dan-f\u00e5r-du-dit-barn-i-seng-p\u00e5-rekordtid.jpg","datePublished":"2019-11-29T09:41:50+00:00","dateModified":"2020-02-24T10:42:02+00:00","description":"GUIDE - S\u00c5DAN f\u00e5r du dit barn i seng, p\u00e5 rekord tid,- p\u00e5 en let og k\u00e6rlig m\u00e5de % SUZANN IZABELLA - k\u00f8b guiden her og f\u00e5 dit barn i seng med det samme","breadcrumb":{"@id":"https:\/\/niipit.dk\/suzannizabella\/produkt\/test-2\/#breadcrumb"},"inLanguage":"da-DK","potentialAction":[{"@type":"ReadAction","target":["https:\/\/niipit.dk\/suzannizabella\/produkt\/test-2\/"]}]},{"@type":"ImageObject","inLanguage":"da-DK","@id":"https:\/\/niipit.dk\/suzannizabella\/produkt\/test-2\/#primaryimage","url":"https:\/\/niipit.dk\/suzannizabella\/wp-content\/uploads\/sites\/233\/2019\/06\/Suzannizabella.dk-s\u00e5dan-f\u00e5r-du-dit-barn-i-seng-p\u00e5-rekordtid.jpg","contentUrl":"https:\/\/niipit.dk\/suzannizabella\/wp-content\/uploads\/sites\/233\/2019\/06\/Suzannizabella.dk-s\u00e5dan-f\u00e5r-du-dit-barn-i-seng-p\u00e5-rekordtid.jpg","width":1200,"height":1200,"caption":"Suzannizabella.dk s\u00e5dan f\u00e5r du dit barn i seng p\u00e5 rekordtid"},{"@type":"BreadcrumbList","@id":"https:\/\/niipit.dk\/suzannizabella\/produkt\/test-2\/#breadcrumb","itemListElement":[{"@type":"ListItem","position":1,"name":"Hjem","item":"https:\/\/niipit.dk\/suzannizabella\/"},{"@type":"ListItem","position":2,"name":"Shop","item":"https:\/\/niipit.dk\/suzannizabella\/shop\/"},{"@type":"ListItem","position":3,"name":"GUIDE &#8211; S\u00c5DAN f\u00e5r du dit barn i seng, p\u00e5 rekord tid,- p\u00e5 en let og k\u00e6rlig m\u00e5de"}]},{"@type":"WebSite","@id":"https:\/\/niipit.dk\/suzannizabella\/#website","url":"https:\/\/niipit.dk\/suzannizabella\/","name":"SUZANN IZABELLA","description":"K\u00e6rlig kommunikation \u2764 giver k\u00e6rlige b\u00f8rn","potentialAction":[{"@type":"SearchAction","target":{"@type":"EntryPoint","urlTemplate":"https:\/\/niipit.dk\/suzannizabella\/?s={search_term_string}"},"query-input":{"@type":"PropertyValueSpecification","valueRequired":true,"valueName":"search_term_string"}}],"inLanguage":"da-DK"}]}},"_links":{"self":[{"href":"https:\/\/niipit.dk\/suzannizabella\/wp-json\/wp\/v2\/product\/6241","targetHints":{"allow":["GET"]}}],"collection":[{"href":"https:\/\/niipit.dk\/suzannizabella\/wp-json\/wp\/v2\/product"}],"about":[{"href":"https:\/\/niipit.dk\/suzannizabella\/wp-json\/wp\/v2\/types\/product"}],"wp:featuredmedia":[{"embeddable":true,"href":"https:\/\/niipit.dk\/suzannizabella\/wp-json\/wp\/v2\/media\/5740"}],"wp:attachment":[{"href":"https:\/\/niipit.dk\/suzannizabella\/wp-json\/wp\/v2\/media?parent=6241"}],"wp:term":[{"taxonomy":"product_brand","embeddable":true,"href":"https:\/\/niipit.dk\/suzannizabella\/wp-json\/wp\/v2\/product_brand?post=6241"},{"taxonomy":"product_cat","embeddable":true,"href":"https:\/\/niipit.dk\/suzannizabella\/wp-json\/wp\/v2\/product_cat?post=6241"},{"taxonomy":"product_tag","embeddable":true,"href":"https:\/\/niipit.dk\/suzannizabella\/wp-json\/wp\/v2\/product_tag?post=6241"},{"taxonomy":"shoptype","embeddable":true,"href":"https:\/\/niipit.dk\/suzannizabella\/wp-json\/wp\/v2\/shoptype?post=6241"}],"curies":[{"name":"wp","href":"https:\/\/api.w.org\/{rel}","templated":true}]}}