{"id":5064,"date":"2025-08-01T22:29:34","date_gmt":"2025-08-01T20:29:34","guid":{"rendered":"https:\/\/niipit.dk\/master-basis-shop\/?page_id=5064"},"modified":"2025-09-07T14:05:05","modified_gmt":"2025-09-07T12:05:05","slug":"frontpage","status":"publish","type":"page","link":"https:\/\/niipit.dk\/sundhedsshoppen\/","title":{"rendered":"Sundhed for de fleste"},"content":{"rendered":"\n<hr class=\"wp-block-separator has-css-opacity\"\/>\n\n\n\n<h3 class=\"wp-block-heading\">Sundhed for de fleste<\/h3>\n\n\n\n<p>Sundhed handler om mere end frav\u00e6ret af sygdom. Det er en helhedstilstand hvor krop og sind arbejder sammen, og hvor du kan leve dit liv p\u00e5 en m\u00e5de der giver mening for dig.<\/p>\n\n\n\n<p>Kroppen har brug for n\u00e6ring, bev\u00e6gelse, hvile og sociale relationer. N\u00e5r du spiser varieret f\u00e5r du adgang til de vitaminer, mineraler og proteiner der indg\u00e5r i kroppens funktioner. N\u00e5r du bev\u00e6ger dig stimulerer du muskler, knogler og kredsl\u00f8b. N\u00e5r du hviler giver du kroppen mulighed for at genopbygge. Og n\u00e5r du har kontakt til andre mennesker f\u00e5r du st\u00f8tte til det mentale velv\u00e6re.<\/p>\n\n\n\n<p>Sundhed er forskellig fra person til person. Det der f\u00f8les rigtigt for \u00e9n, kan v\u00e6re anderledes for en anden. Nogle finder balance gennem natur og ro, andre gennem aktivitet og f\u00e6llesskab. Det vigtigste er at kende sin egen krop og lytte til de signaler den giver.<\/p>\n\n\n\n<p>Med alderen \u00e6ndrer behovene sig. Det kan betyde at du har brug for mere fokus p\u00e5 bestemte omr\u00e5der, som for eksempel kost eller bev\u00e6gelse. At v\u00e6re opm\u00e6rksom p\u00e5 disse \u00e6ndringer kan hj\u00e6lpe dig til at tilpasse hverdagen, s\u00e5 den passer til den livsfase du befinder dig i.<\/p>\n\n\n\n<p>Sundhed er ikke et m\u00e5l der skal n\u00e5s \u00e9n gang for alle, men en proces der f\u00f8lger dig gennem livet. Det handler om de sm\u00e5 valg i hverdagen, om rytmen mellem aktivitet og hvile og om at finde en m\u00e5de at leve p\u00e5 der giver dig ro og energi i lige netop dit liv.<\/p>\n","protected":false},"excerpt":{"rendered":"<p>Sundhed for de fleste Sundhed handler om mere end frav\u00e6ret af sygdom. Det er en helhedstilstand hvor krop og sind arbejder sammen, og hvor du kan leve dit liv p\u00e5 en m\u00e5de der giver mening for dig. Kroppen har brug for n\u00e6ring, bev\u00e6gelse, hvile og sociale relationer. N\u00e5r du spiser varieret f\u00e5r du adgang til <a class=\"moretag btn btn-primary\" href=\"https:\/\/niipit.dk\/sundhedsshoppen\/\">L\u00e6s mere<\/a><\/p>\n","protected":false},"author":1,"featured_media":0,"parent":0,"menu_order":0,"comment_status":"closed","ping_status":"closed","template":"frontpagePremium.php","meta":{"_exactmetrics_skip_tracking":false,"_exactmetrics_sitenote_active":false,"_exactmetrics_sitenote_note":"","_exactmetrics_sitenote_category":0,"_monsterinsights_skip_tracking":false,"_monsterinsights_sitenote_active":false,"_monsterinsights_sitenote_note":"","_monsterinsights_sitenote_category":0,"footnotes":""},"class_list":["post-5064","page","type-page","status-publish","hentry"],"yoast_head":"<!-- This site is optimized with the Yoast SEO plugin v27.3 - https:\/\/yoast.com\/product\/yoast-seo-wordpress\/ -->\n<title>Har du brugt dik krop for meget? Bes\u00f8g Sundhedsshoppen i dag<\/title>\n<meta name=\"description\" content=\"Gik du for h\u00e5rdt til den da du var ung? Savner du de gode gamle dage? Bes\u00f8g Sundhedsshoppen og blive klogere p\u00e5 din krop\" \/>\n<meta name=\"robots\" content=\"index, follow, max-snippet:-1, max-image-preview:large, max-video-preview:-1\" \/>\n<link rel=\"canonical\" href=\"https:\/\/niipit.dk\/sundhedsshoppen\/\" \/>\n<meta property=\"og:locale\" content=\"da_DK\" \/>\n<meta property=\"og:type\" content=\"article\" \/>\n<meta property=\"og:title\" content=\"Har du brugt dik krop for meget? Bes\u00f8g Sundhedsshoppen i dag\" \/>\n<meta property=\"og:description\" content=\"Gik du for h\u00e5rdt til den da du var ung? Savner du de gode gamle dage? Bes\u00f8g Sundhedsshoppen og blive klogere p\u00e5 din krop\" \/>\n<meta property=\"og:url\" content=\"https:\/\/niipit.dk\/sundhedsshoppen\/\" \/>\n<meta property=\"og:site_name\" content=\"Sundhedsshoppen\" \/>\n<meta property=\"article:modified_time\" content=\"2025-09-07T12:05:05+00:00\" \/>\n<meta name=\"twitter:card\" content=\"summary_large_image\" \/>\n<meta name=\"twitter:label1\" content=\"Estimeret l\u00e6setid\" \/>\n\t<meta name=\"twitter:data1\" content=\"2 minutter\" \/>\n<script type=\"application\/ld+json\" class=\"yoast-schema-graph\">{\"@context\":\"https:\\\/\\\/schema.org\",\"@graph\":[{\"@type\":\"WebPage\",\"@id\":\"https:\\\/\\\/niipit.dk\\\/sundhedsshoppen\\\/\",\"url\":\"https:\\\/\\\/niipit.dk\\\/sundhedsshoppen\\\/\",\"name\":\"Har du brugt dik krop for meget? Bes\u00f8g Sundhedsshoppen i dag\",\"isPartOf\":{\"@id\":\"https:\\\/\\\/niipit.dk\\\/sundhedsshoppen\\\/#website\"},\"datePublished\":\"2025-08-01T20:29:34+00:00\",\"dateModified\":\"2025-09-07T12:05:05+00:00\",\"description\":\"Gik du for h\u00e5rdt til den da du var ung? Savner du de gode gamle dage? Bes\u00f8g Sundhedsshoppen og blive klogere p\u00e5 din krop\",\"breadcrumb\":{\"@id\":\"https:\\\/\\\/niipit.dk\\\/sundhedsshoppen\\\/#breadcrumb\"},\"inLanguage\":\"da-DK\",\"potentialAction\":[{\"@type\":\"ReadAction\",\"target\":[\"https:\\\/\\\/niipit.dk\\\/sundhedsshoppen\\\/\"]}]},{\"@type\":\"BreadcrumbList\",\"@id\":\"https:\\\/\\\/niipit.dk\\\/sundhedsshoppen\\\/#breadcrumb\",\"itemListElement\":[{\"@type\":\"ListItem\",\"position\":1,\"name\":\"Hjem\",\"item\":\"https:\\\/\\\/niipit.dk\\\/sundhedsshoppen\\\/\"},{\"@type\":\"ListItem\",\"position\":2,\"name\":\"Sundhed for de fleste\"}]},{\"@type\":\"WebSite\",\"@id\":\"https:\\\/\\\/niipit.dk\\\/sundhedsshoppen\\\/#website\",\"url\":\"https:\\\/\\\/niipit.dk\\\/sundhedsshoppen\\\/\",\"name\":\"Sundhedsshoppen\",\"description\":\"Bliv set online med Niipit\",\"potentialAction\":[{\"@type\":\"SearchAction\",\"target\":{\"@type\":\"EntryPoint\",\"urlTemplate\":\"https:\\\/\\\/niipit.dk\\\/sundhedsshoppen\\\/?s={search_term_string}\"},\"query-input\":{\"@type\":\"PropertyValueSpecification\",\"valueRequired\":true,\"valueName\":\"search_term_string\"}}],\"inLanguage\":\"da-DK\"}]}<\/script>\n<!-- \/ Yoast SEO plugin. -->","yoast_head_json":{"title":"Har du brugt dik krop for meget? Bes\u00f8g Sundhedsshoppen i dag","description":"Gik du for h\u00e5rdt til den da du var ung? Savner du de gode gamle dage? Bes\u00f8g Sundhedsshoppen og blive klogere p\u00e5 din krop","robots":{"index":"index","follow":"follow","max-snippet":"max-snippet:-1","max-image-preview":"max-image-preview:large","max-video-preview":"max-video-preview:-1"},"canonical":"https:\/\/niipit.dk\/sundhedsshoppen\/","og_locale":"da_DK","og_type":"article","og_title":"Har du brugt dik krop for meget? Bes\u00f8g Sundhedsshoppen i dag","og_description":"Gik du for h\u00e5rdt til den da du var ung? Savner du de gode gamle dage? Bes\u00f8g Sundhedsshoppen og blive klogere p\u00e5 din krop","og_url":"https:\/\/niipit.dk\/sundhedsshoppen\/","og_site_name":"Sundhedsshoppen","article_modified_time":"2025-09-07T12:05:05+00:00","twitter_card":"summary_large_image","twitter_misc":{"Estimeret l\u00e6setid":"2 minutter"},"schema":{"@context":"https:\/\/schema.org","@graph":[{"@type":"WebPage","@id":"https:\/\/niipit.dk\/sundhedsshoppen\/","url":"https:\/\/niipit.dk\/sundhedsshoppen\/","name":"Har du brugt dik krop for meget? Bes\u00f8g Sundhedsshoppen i dag","isPartOf":{"@id":"https:\/\/niipit.dk\/sundhedsshoppen\/#website"},"datePublished":"2025-08-01T20:29:34+00:00","dateModified":"2025-09-07T12:05:05+00:00","description":"Gik du for h\u00e5rdt til den da du var ung? Savner du de gode gamle dage? Bes\u00f8g Sundhedsshoppen og blive klogere p\u00e5 din krop","breadcrumb":{"@id":"https:\/\/niipit.dk\/sundhedsshoppen\/#breadcrumb"},"inLanguage":"da-DK","potentialAction":[{"@type":"ReadAction","target":["https:\/\/niipit.dk\/sundhedsshoppen\/"]}]},{"@type":"BreadcrumbList","@id":"https:\/\/niipit.dk\/sundhedsshoppen\/#breadcrumb","itemListElement":[{"@type":"ListItem","position":1,"name":"Hjem","item":"https:\/\/niipit.dk\/sundhedsshoppen\/"},{"@type":"ListItem","position":2,"name":"Sundhed for de fleste"}]},{"@type":"WebSite","@id":"https:\/\/niipit.dk\/sundhedsshoppen\/#website","url":"https:\/\/niipit.dk\/sundhedsshoppen\/","name":"Sundhedsshoppen","description":"Bliv set online med Niipit","potentialAction":[{"@type":"SearchAction","target":{"@type":"EntryPoint","urlTemplate":"https:\/\/niipit.dk\/sundhedsshoppen\/?s={search_term_string}"},"query-input":{"@type":"PropertyValueSpecification","valueRequired":true,"valueName":"search_term_string"}}],"inLanguage":"da-DK"}]}},"_links":{"self":[{"href":"https:\/\/niipit.dk\/sundhedsshoppen\/wp-json\/wp\/v2\/pages\/5064","targetHints":{"allow":["GET"]}}],"collection":[{"href":"https:\/\/niipit.dk\/sundhedsshoppen\/wp-json\/wp\/v2\/pages"}],"about":[{"href":"https:\/\/niipit.dk\/sundhedsshoppen\/wp-json\/wp\/v2\/types\/page"}],"author":[{"embeddable":true,"href":"https:\/\/niipit.dk\/sundhedsshoppen\/wp-json\/wp\/v2\/users\/1"}],"replies":[{"embeddable":true,"href":"https:\/\/niipit.dk\/sundhedsshoppen\/wp-json\/wp\/v2\/comments?post=5064"}],"version-history":[{"count":8,"href":"https:\/\/niipit.dk\/sundhedsshoppen\/wp-json\/wp\/v2\/pages\/5064\/revisions"}],"predecessor-version":[{"id":6115,"href":"https:\/\/niipit.dk\/sundhedsshoppen\/wp-json\/wp\/v2\/pages\/5064\/revisions\/6115"}],"wp:attachment":[{"href":"https:\/\/niipit.dk\/sundhedsshoppen\/wp-json\/wp\/v2\/media?parent=5064"}],"curies":[{"name":"wp","href":"https:\/\/api.w.org\/{rel}","templated":true}]}}