{"id":5064,"date":"2020-04-10T22:29:34","date_gmt":"2020-04-10T20:29:34","guid":{"rendered":"https:\/\/niipit.dk\/straasoe-shop\/?page_id=5064"},"modified":"2021-04-25T08:53:11","modified_gmt":"2021-04-25T06:53:11","slug":"frontpage","status":"publish","type":"page","link":"https:\/\/niipit.dk\/straasoe\/","title":{"rendered":"Forside"},"content":{"rendered":"\n<hr class=\"wp-block-separator\"\/>\n\n\n\n<h1 class=\"wp-block-heading\" id=\"h-hos-str-s-savv-rk-er-dine-nsker-i-h-js-det\">Hos Str\u00e5s\u00f8 Savv\u00e6rk er dine \u00f8nsker i h\u00f8js\u00e6det<\/h1>\n\n\n\n<h2 class=\"wp-block-heading\" id=\"h-tr-sk-ret-op-efter-dine-specifikke-m-l-og-god-kundepleje-det-f-r-du-hos-str-s-savv-rk\">Tr\u00e6 sk\u00e5ret op efter dine specifikke m\u00e5l og god kundepleje \u2013 det f\u00e5r du hos Str\u00e5s\u00f8 Savv\u00e6rk<\/h2>\n\n\n\n<p>I Ulfborg n\u00e6r Holstebro finder du <a href=\"https:\/\/www.straasoe.dk\/\" target=\"_blank\" rel=\"noreferrer noopener\">Str\u00e5s\u00f8 Savv\u00e6rk<\/a> \u2013 et lille savv\u00e6rk drevet af Lars S\u00f8rensen, som har en stor passion for arbejde med tr\u00e6 i alle former. Den passion skinner igennem, n\u00e5r man som kunde har brug for hj\u00e6lp til et meget specifikt problem eller leder efter et stykke tr\u00e6 i specialm\u00e5l. Lars fra Str\u00e5s\u00f8 Savv\u00e6rk tager med gl\u00e6de enhver opgave p\u00e5 sig, og han g\u00e5r gerne lidt l\u00e6ngere end normalt, for at du bliver tilfreds.<\/p>\n\n\n\n<p>Det betyder, at du kan tage forbi Lars\u2019 savv\u00e6rk for at f\u00e5 sk\u00e5ret lige pr\u00e6cis det stykke tr\u00e6, du har brug for til dit private eller professionelle projekt. Savv\u00e6rket kan ogs\u00e5 hj\u00e6lpe, hvis du \u00f8nsker hj\u00e6lp til at f\u00e5 lavet f\u00e6rdige m\u00f8bler borde, b\u00e6nke, h\u00f8jbede \u2013 og endda ogs\u00e5 sheltere, hvis du elsker at sove ude i det fri.<\/p>\n\n\n\n<h3 class=\"wp-block-heading\" id=\"h-tr-arbejde-i-enhver-form-og-st-rrelse\">Tr\u00e6arbejde i enhver form og st\u00f8rrelse<\/h3>\n\n\n\n<p>Tager man forbi det lokale byggemarked, kan det v\u00e6re sv\u00e6rt at finde et stykke tr\u00e6 eller et tr\u00e6m\u00f8bel i lige pr\u00e6cis den st\u00f8rrelse, man har brug for. Ofte ender man med at k\u00f8be et produkt i en standardst\u00f8rrelse, som man selv skal st\u00e5 for at sk\u00e6re til hjemme. Dette problem eksisterer ikke hos Str\u00e5s\u00f8 Savv\u00e6rk. \u00d8nsker du dig et b\u00e5lhus i nogle helt specifikke m\u00e5l, eller mangler du lige det sidste br\u00e6t til din nylagte terrasse i en bestemt tr\u00e6sort, kan du f\u00e5 det hos Str\u00e5s\u00f8 Savv\u00e6rk i Ulfborg. Tilmed er servicen altid i top \u2013 og det samme er priserne.<\/p>\n","protected":false},"excerpt":{"rendered":"<p>Hos Str\u00e5s\u00f8 Savv\u00e6rk er dine \u00f8nsker i h\u00f8js\u00e6det Tr\u00e6 sk\u00e5ret op efter dine specifikke m\u00e5l og god kundepleje \u2013 det f\u00e5r du hos Str\u00e5s\u00f8 Savv\u00e6rk I Ulfborg n\u00e6r Holstebro finder du Str\u00e5s\u00f8 Savv\u00e6rk \u2013 et lille savv\u00e6rk drevet af Lars S\u00f8rensen, som har en stor passion for arbejde med tr\u00e6 i alle former. Den passion <a class=\"moretag btn btn-primary\" href=\"https:\/\/niipit.dk\/straasoe\/\">L\u00e6s mere<\/a><\/p>\n","protected":false},"author":1,"featured_media":0,"parent":0,"menu_order":0,"comment_status":"closed","ping_status":"closed","template":"frontpagePremium.php","meta":{"_exactmetrics_skip_tracking":false,"_exactmetrics_sitenote_active":false,"_exactmetrics_sitenote_note":"","_exactmetrics_sitenote_category":0,"_monsterinsights_skip_tracking":false,"_monsterinsights_sitenote_active":false,"_monsterinsights_sitenote_note":"","_monsterinsights_sitenote_category":0,"footnotes":""},"class_list":["post-5064","page","type-page","status-publish","hentry"],"yoast_head":"<!-- This site is optimized with the Yoast SEO Premium plugin v16.3 (Yoast SEO v27.4) - https:\/\/yoast.com\/product\/yoast-seo-premium-wordpress\/ -->\n<title>L\u00e6s mere om Str\u00e5s\u00f8 Savv\u00e6rk i Ulfborg \u2192 lige her<\/title>\n<meta name=\"description\" content=\"Str\u00e5s\u00f8 Savv\u00e6rk i Ulfborg | Et bes\u00f8g v\u00e6rd | Vi laver b\u00e5de i faste projekter s\u00e5vel som projekter til netop dit behov.\" \/>\n<meta name=\"robots\" content=\"index, follow, max-snippet:-1, max-image-preview:large, max-video-preview:-1\" \/>\n<link rel=\"canonical\" href=\"https:\/\/niipit.dk\/straasoe\/\" \/>\n<meta property=\"og:locale\" content=\"da_DK\" \/>\n<meta property=\"og:type\" content=\"article\" \/>\n<meta property=\"og:title\" content=\"L\u00e6s mere om Str\u00e5s\u00f8 Savv\u00e6rk i Ulfborg \u2192 lige her\" \/>\n<meta property=\"og:description\" content=\"Str\u00e5s\u00f8 Savv\u00e6rk i Ulfborg | Et bes\u00f8g v\u00e6rd | Vi laver b\u00e5de i faste projekter s\u00e5vel som projekter til netop dit behov.\" \/>\n<meta property=\"og:url\" content=\"https:\/\/niipit.dk\/straasoe\/\" \/>\n<meta property=\"og:site_name\" content=\"Str\u00e5s\u00f8\" \/>\n<meta property=\"article:modified_time\" content=\"2021-04-25T06:53:11+00:00\" \/>\n<meta name=\"twitter:card\" content=\"summary_large_image\" \/>\n<meta name=\"twitter:label1\" content=\"Estimeret l\u00e6setid\" \/>\n\t<meta name=\"twitter:data1\" content=\"2 minutter\" \/>\n<script type=\"application\/ld+json\" class=\"yoast-schema-graph\">{\"@context\":\"https:\\\/\\\/schema.org\",\"@graph\":[{\"@type\":\"WebPage\",\"@id\":\"https:\\\/\\\/niipit.dk\\\/straasoe\\\/\",\"url\":\"https:\\\/\\\/niipit.dk\\\/straasoe\\\/\",\"name\":\"L\u00e6s mere om Str\u00e5s\u00f8 Savv\u00e6rk i Ulfborg \u2192 lige her\",\"isPartOf\":{\"@id\":\"https:\\\/\\\/niipit.dk\\\/straasoe\\\/#website\"},\"datePublished\":\"2020-04-10T20:29:34+00:00\",\"dateModified\":\"2021-04-25T06:53:11+00:00\",\"description\":\"Str\u00e5s\u00f8 Savv\u00e6rk i Ulfborg | Et bes\u00f8g v\u00e6rd | Vi laver b\u00e5de i faste projekter s\u00e5vel som projekter til netop dit behov.\",\"breadcrumb\":{\"@id\":\"https:\\\/\\\/niipit.dk\\\/straasoe\\\/#breadcrumb\"},\"inLanguage\":\"da-DK\",\"potentialAction\":[{\"@type\":\"ReadAction\",\"target\":[\"https:\\\/\\\/niipit.dk\\\/straasoe\\\/\"]}]},{\"@type\":\"BreadcrumbList\",\"@id\":\"https:\\\/\\\/niipit.dk\\\/straasoe\\\/#breadcrumb\",\"itemListElement\":[{\"@type\":\"ListItem\",\"position\":1,\"name\":\"Hjem\",\"item\":\"https:\\\/\\\/niipit.dk\\\/straasoe\\\/\"},{\"@type\":\"ListItem\",\"position\":2,\"name\":\"Forside\"}]},{\"@type\":\"WebSite\",\"@id\":\"https:\\\/\\\/niipit.dk\\\/straasoe\\\/#website\",\"url\":\"https:\\\/\\\/niipit.dk\\\/straasoe\\\/\",\"name\":\"Str\u00e5s\u00f8\",\"description\":\"Dit Savv\u00e6rk i Ulfborg\",\"potentialAction\":[{\"@type\":\"SearchAction\",\"target\":{\"@type\":\"EntryPoint\",\"urlTemplate\":\"https:\\\/\\\/niipit.dk\\\/straasoe\\\/?s={search_term_string}\"},\"query-input\":{\"@type\":\"PropertyValueSpecification\",\"valueRequired\":true,\"valueName\":\"search_term_string\"}}],\"inLanguage\":\"da-DK\"}]}<\/script>\n<!-- \/ Yoast SEO Premium plugin. -->","yoast_head_json":{"title":"L\u00e6s mere om Str\u00e5s\u00f8 Savv\u00e6rk i Ulfborg \u2192 lige her","description":"Str\u00e5s\u00f8 Savv\u00e6rk i Ulfborg | Et bes\u00f8g v\u00e6rd | Vi laver b\u00e5de i faste projekter s\u00e5vel som projekter til netop dit behov.","robots":{"index":"index","follow":"follow","max-snippet":"max-snippet:-1","max-image-preview":"max-image-preview:large","max-video-preview":"max-video-preview:-1"},"canonical":"https:\/\/niipit.dk\/straasoe\/","og_locale":"da_DK","og_type":"article","og_title":"L\u00e6s mere om Str\u00e5s\u00f8 Savv\u00e6rk i Ulfborg \u2192 lige her","og_description":"Str\u00e5s\u00f8 Savv\u00e6rk i Ulfborg | Et bes\u00f8g v\u00e6rd | Vi laver b\u00e5de i faste projekter s\u00e5vel som projekter til netop dit behov.","og_url":"https:\/\/niipit.dk\/straasoe\/","og_site_name":"Str\u00e5s\u00f8","article_modified_time":"2021-04-25T06:53:11+00:00","twitter_card":"summary_large_image","twitter_misc":{"Estimeret l\u00e6setid":"2 minutter"},"schema":{"@context":"https:\/\/schema.org","@graph":[{"@type":"WebPage","@id":"https:\/\/niipit.dk\/straasoe\/","url":"https:\/\/niipit.dk\/straasoe\/","name":"L\u00e6s mere om Str\u00e5s\u00f8 Savv\u00e6rk i Ulfborg \u2192 lige her","isPartOf":{"@id":"https:\/\/niipit.dk\/straasoe\/#website"},"datePublished":"2020-04-10T20:29:34+00:00","dateModified":"2021-04-25T06:53:11+00:00","description":"Str\u00e5s\u00f8 Savv\u00e6rk i Ulfborg | Et bes\u00f8g v\u00e6rd | Vi laver b\u00e5de i faste projekter s\u00e5vel som projekter til netop dit behov.","breadcrumb":{"@id":"https:\/\/niipit.dk\/straasoe\/#breadcrumb"},"inLanguage":"da-DK","potentialAction":[{"@type":"ReadAction","target":["https:\/\/niipit.dk\/straasoe\/"]}]},{"@type":"BreadcrumbList","@id":"https:\/\/niipit.dk\/straasoe\/#breadcrumb","itemListElement":[{"@type":"ListItem","position":1,"name":"Hjem","item":"https:\/\/niipit.dk\/straasoe\/"},{"@type":"ListItem","position":2,"name":"Forside"}]},{"@type":"WebSite","@id":"https:\/\/niipit.dk\/straasoe\/#website","url":"https:\/\/niipit.dk\/straasoe\/","name":"Str\u00e5s\u00f8","description":"Dit Savv\u00e6rk i Ulfborg","potentialAction":[{"@type":"SearchAction","target":{"@type":"EntryPoint","urlTemplate":"https:\/\/niipit.dk\/straasoe\/?s={search_term_string}"},"query-input":{"@type":"PropertyValueSpecification","valueRequired":true,"valueName":"search_term_string"}}],"inLanguage":"da-DK"}]}},"_links":{"self":[{"href":"https:\/\/niipit.dk\/straasoe\/wp-json\/wp\/v2\/pages\/5064","targetHints":{"allow":["GET"]}}],"collection":[{"href":"https:\/\/niipit.dk\/straasoe\/wp-json\/wp\/v2\/pages"}],"about":[{"href":"https:\/\/niipit.dk\/straasoe\/wp-json\/wp\/v2\/types\/page"}],"author":[{"embeddable":true,"href":"https:\/\/niipit.dk\/straasoe\/wp-json\/wp\/v2\/users\/1"}],"replies":[{"embeddable":true,"href":"https:\/\/niipit.dk\/straasoe\/wp-json\/wp\/v2\/comments?post=5064"}],"version-history":[{"count":2,"href":"https:\/\/niipit.dk\/straasoe\/wp-json\/wp\/v2\/pages\/5064\/revisions"}],"predecessor-version":[{"id":5986,"href":"https:\/\/niipit.dk\/straasoe\/wp-json\/wp\/v2\/pages\/5064\/revisions\/5986"}],"wp:attachment":[{"href":"https:\/\/niipit.dk\/straasoe\/wp-json\/wp\/v2\/media?parent=5064"}],"curies":[{"name":"wp","href":"https:\/\/api.w.org\/{rel}","templated":true}]}}