{"id":5064,"date":"2020-04-10T22:29:34","date_gmt":"2020-04-10T20:29:34","guid":{"rendered":"https:\/\/niipit.dk\/storcenter-nord-boghandel-shop\/?page_id=5064"},"modified":"2021-01-04T19:06:13","modified_gmt":"2021-01-04T18:06:13","slug":"din-boghandel","status":"publish","type":"page","link":"https:\/\/niipit.dk\/storcenter-nord-boghandel\/","title":{"rendered":"Forside"},"content":{"rendered":"\n<hr class=\"wp-block-separator\"\/>\n\n\n\n<h2 class=\"wp-block-heading\" id=\"h-din-boghandel-i-storcenter-nord\">Din boghandel i Storcenter nord<\/h2>\n\n\n\n<p>N\u00e5r du handler hos din boghandel i Storcenter Nord boghandel s\u00e5 handler du lokalt og i en dansk virksomhed. Du finder os i butik 115 i storcenteret. Hvis du handler i centerets \u00e5bningstider s\u00e5 kan du ogs\u00e5 handle hos os.<\/p>\n\n\n\n<p>N\u00e5r du handler hos os s\u00e5 er du sikker p\u00e5 kvalitet og du kan helt sikkert ogs\u00e5 g\u00f8re en god handel hvad enten du leder efter den sidste nye udgivet bog eller det er puslespil, skole artikler eller noget helt andet. Vi har hundrede vis af b\u00f8ger p\u00e5 hylderne og webshoppen har tudsindvis af b\u00f8ger du kan v\u00e6lge imellem. Du kan finde de nyeste romaner, sm\u00e5 udgivelser, eventyrsamlinger, let l\u00e6snings b\u00f8ger og b\u00f8rneb\u00f8ger. Hos os g\u00e5r du sj\u00e6ldent forg\u00e6ves.<\/p>\n\n\n\n<p>Vi er en del af kon-tur k\u00e6den og har landsd\u00e6kkende bytte service. Hvis du k\u00f8ber b\u00f8ger online s\u00e5 kan du stadig bytte dem i din lokale boghandel. Faktisk s\u00e5 kan du bytte dine k\u00f8b i 12 m\u00e5neder. Du skal huske din bon eller der skal v\u00e6re bytte m\u00e6rke p\u00e5 varen. S\u00e5 bytter vi med et smil. Handel lokalt i -din boghandel s\u00e5 st\u00f8tter du <a href=\"https:\/\/niipit.dk\/markedsplads\/butikker-forside\/\">lokale butikker<\/a> og arbejdspladser.<\/p>\n\n\n\n<p>Find <a href=\"https:\/\/dinboghandel.dk\/storcenter-nord\" target=\"_blank\" rel=\"noreferrer noopener\">\u00e5bningstider<\/a> til din boghandel i Storcenter Nord. Du finder centret p\u00e5 Finlandsgade 17, 8200 Aarhus N<\/p>\n\n\n\n<div class=\"wp-block-image\"><figure class=\"aligncenter size-large\"><img loading=\"lazy\" decoding=\"async\" width=\"1024\" height=\"399\" src=\"https:\/\/niipit.dk\/storcenter-nord-boghandel\/wp-content\/uploads\/sites\/673\/2020\/11\/Storcenter-nord-boghandel-Din-boghandel-1024x399.png\" alt=\"Storcenter nord boghandel - Din boghandel - din boghandel\" class=\"wp-image-5982\" srcset=\"https:\/\/niipit.dk\/storcenter-nord-boghandel\/wp-content\/uploads\/sites\/673\/2020\/11\/Storcenter-nord-boghandel-Din-boghandel-1024x399.png 1024w, https:\/\/niipit.dk\/storcenter-nord-boghandel\/wp-content\/uploads\/sites\/673\/2020\/11\/Storcenter-nord-boghandel-Din-boghandel-300x117.png 300w, https:\/\/niipit.dk\/storcenter-nord-boghandel\/wp-content\/uploads\/sites\/673\/2020\/11\/Storcenter-nord-boghandel-Din-boghandel-768x299.png 768w, https:\/\/niipit.dk\/storcenter-nord-boghandel\/wp-content\/uploads\/sites\/673\/2020\/11\/Storcenter-nord-boghandel-Din-boghandel-600x234.png 600w, https:\/\/niipit.dk\/storcenter-nord-boghandel\/wp-content\/uploads\/sites\/673\/2020\/11\/Storcenter-nord-boghandel-Din-boghandel.png 1330w\" sizes=\"auto, (max-width: 1024px) 100vw, 1024px\" \/><\/figure><\/div>\n\n\n\n<p><\/p>\n","protected":false},"excerpt":{"rendered":"<p>Din boghandel i Storcenter nord N\u00e5r du handler hos din boghandel i Storcenter Nord boghandel s\u00e5 handler du lokalt og i en dansk virksomhed. Du finder os i butik 115 i storcenteret. Hvis du handler i centerets \u00e5bningstider s\u00e5 kan du ogs\u00e5 handle hos os. N\u00e5r du handler hos os s\u00e5 er du sikker p\u00e5 <a class=\"moretag btn btn-primary\" href=\"https:\/\/niipit.dk\/storcenter-nord-boghandel\/\">L\u00e6s mere<\/a><\/p>\n","protected":false},"author":1,"featured_media":0,"parent":0,"menu_order":0,"comment_status":"closed","ping_status":"closed","template":"frontpagePremium.php","meta":{"_exactmetrics_skip_tracking":false,"_exactmetrics_sitenote_active":false,"_exactmetrics_sitenote_note":"","_exactmetrics_sitenote_category":0,"_monsterinsights_skip_tracking":false,"_monsterinsights_sitenote_active":false,"_monsterinsights_sitenote_note":"","_monsterinsights_sitenote_category":0,"footnotes":""},"class_list":["post-5064","page","type-page","status-publish","hentry"],"yoast_head":"<!-- This site is optimized with the Yoast SEO Premium plugin v16.3 (Yoast SEO v27.3) - https:\/\/yoast.com\/product\/yoast-seo-premium-wordpress\/ -->\n<title>Storcenter Nord Boghandel - Find lokale butikker hos Niipit<\/title>\n<meta name=\"description\" content=\"Storcenter Nord Boghandel - Niipit - Dansk Kvalitets guide til lokale butikker. Shop direkte - FIND TILBUD MED PRIS GARANTI HELT GRATIS\" \/>\n<meta name=\"robots\" content=\"index, follow, max-snippet:-1, max-image-preview:large, max-video-preview:-1\" \/>\n<link rel=\"canonical\" href=\"https:\/\/niipit.dk\/storcenter-nord-boghandel\/\" \/>\n<meta property=\"og:locale\" content=\"da_DK\" \/>\n<meta property=\"og:type\" content=\"article\" \/>\n<meta property=\"og:title\" content=\"Storcenter Nord Boghandel - Find lokale butikker hos Niipit\" \/>\n<meta property=\"og:description\" content=\"Storcenter Nord Boghandel - Niipit - Dansk Kvalitets guide til lokale butikker. Shop direkte - FIND TILBUD MED PRIS GARANTI HELT GRATIS\" \/>\n<meta property=\"og:url\" content=\"https:\/\/niipit.dk\/storcenter-nord-boghandel\/\" \/>\n<meta property=\"og:site_name\" content=\"Storcenter Nord Boghandel\" \/>\n<meta property=\"article:modified_time\" content=\"2021-01-04T18:06:13+00:00\" \/>\n<meta property=\"og:image\" content=\"https:\/\/niipit.dk\/storcenter-nord-boghandel\/wp-content\/uploads\/sites\/673\/2020\/11\/Storcenter-nord-boghandel-Din-boghandel-1024x399.png\" \/>\n<meta name=\"twitter:card\" content=\"summary_large_image\" \/>\n<meta name=\"twitter:label1\" content=\"Estimeret l\u00e6setid\" \/>\n\t<meta name=\"twitter:data1\" content=\"1 minut\" \/>\n<script type=\"application\/ld+json\" class=\"yoast-schema-graph\">{\"@context\":\"https:\\\/\\\/schema.org\",\"@graph\":[{\"@type\":\"WebPage\",\"@id\":\"https:\\\/\\\/niipit.dk\\\/storcenter-nord-boghandel\\\/\",\"url\":\"https:\\\/\\\/niipit.dk\\\/storcenter-nord-boghandel\\\/\",\"name\":\"Storcenter Nord Boghandel - Find lokale butikker hos Niipit\",\"isPartOf\":{\"@id\":\"https:\\\/\\\/niipit.dk\\\/storcenter-nord-boghandel\\\/#website\"},\"primaryImageOfPage\":{\"@id\":\"https:\\\/\\\/niipit.dk\\\/storcenter-nord-boghandel\\\/#primaryimage\"},\"image\":{\"@id\":\"https:\\\/\\\/niipit.dk\\\/storcenter-nord-boghandel\\\/#primaryimage\"},\"thumbnailUrl\":\"https:\\\/\\\/niipit.dk\\\/storcenter-nord-boghandel\\\/wp-content\\\/uploads\\\/sites\\\/673\\\/2020\\\/11\\\/Storcenter-nord-boghandel-Din-boghandel-1024x399.png\",\"datePublished\":\"2020-04-10T20:29:34+00:00\",\"dateModified\":\"2021-01-04T18:06:13+00:00\",\"description\":\"Storcenter Nord Boghandel - Niipit - Dansk Kvalitets guide til lokale butikker. Shop direkte - FIND TILBUD MED PRIS GARANTI HELT GRATIS\",\"breadcrumb\":{\"@id\":\"https:\\\/\\\/niipit.dk\\\/storcenter-nord-boghandel\\\/#breadcrumb\"},\"inLanguage\":\"da-DK\",\"potentialAction\":[{\"@type\":\"ReadAction\",\"target\":[\"https:\\\/\\\/niipit.dk\\\/storcenter-nord-boghandel\\\/\"]}]},{\"@type\":\"ImageObject\",\"inLanguage\":\"da-DK\",\"@id\":\"https:\\\/\\\/niipit.dk\\\/storcenter-nord-boghandel\\\/#primaryimage\",\"url\":\"https:\\\/\\\/niipit.dk\\\/storcenter-nord-boghandel\\\/wp-content\\\/uploads\\\/sites\\\/673\\\/2020\\\/11\\\/Storcenter-nord-boghandel-Din-boghandel-1024x399.png\",\"contentUrl\":\"https:\\\/\\\/niipit.dk\\\/storcenter-nord-boghandel\\\/wp-content\\\/uploads\\\/sites\\\/673\\\/2020\\\/11\\\/Storcenter-nord-boghandel-Din-boghandel-1024x399.png\"},{\"@type\":\"BreadcrumbList\",\"@id\":\"https:\\\/\\\/niipit.dk\\\/storcenter-nord-boghandel\\\/#breadcrumb\",\"itemListElement\":[{\"@type\":\"ListItem\",\"position\":1,\"name\":\"Hjem\",\"item\":\"https:\\\/\\\/niipit.dk\\\/storcenter-nord-boghandel\\\/\"},{\"@type\":\"ListItem\",\"position\":2,\"name\":\"Forside\"}]},{\"@type\":\"WebSite\",\"@id\":\"https:\\\/\\\/niipit.dk\\\/storcenter-nord-boghandel\\\/#website\",\"url\":\"https:\\\/\\\/niipit.dk\\\/storcenter-nord-boghandel\\\/\",\"name\":\"Storcenter Nord Boghandel\",\"description\":\"- din boghandel\",\"potentialAction\":[{\"@type\":\"SearchAction\",\"target\":{\"@type\":\"EntryPoint\",\"urlTemplate\":\"https:\\\/\\\/niipit.dk\\\/storcenter-nord-boghandel\\\/?s={search_term_string}\"},\"query-input\":{\"@type\":\"PropertyValueSpecification\",\"valueRequired\":true,\"valueName\":\"search_term_string\"}}],\"inLanguage\":\"da-DK\"}]}<\/script>\n<!-- \/ Yoast SEO Premium plugin. -->","yoast_head_json":{"title":"Storcenter Nord Boghandel - Find lokale butikker hos Niipit","description":"Storcenter Nord Boghandel - Niipit - Dansk Kvalitets guide til lokale butikker. Shop direkte - FIND TILBUD MED PRIS GARANTI HELT GRATIS","robots":{"index":"index","follow":"follow","max-snippet":"max-snippet:-1","max-image-preview":"max-image-preview:large","max-video-preview":"max-video-preview:-1"},"canonical":"https:\/\/niipit.dk\/storcenter-nord-boghandel\/","og_locale":"da_DK","og_type":"article","og_title":"Storcenter Nord Boghandel - Find lokale butikker hos Niipit","og_description":"Storcenter Nord Boghandel - Niipit - Dansk Kvalitets guide til lokale butikker. Shop direkte - FIND TILBUD MED PRIS GARANTI HELT GRATIS","og_url":"https:\/\/niipit.dk\/storcenter-nord-boghandel\/","og_site_name":"Storcenter Nord Boghandel","article_modified_time":"2021-01-04T18:06:13+00:00","og_image":[{"url":"https:\/\/niipit.dk\/storcenter-nord-boghandel\/wp-content\/uploads\/sites\/673\/2020\/11\/Storcenter-nord-boghandel-Din-boghandel-1024x399.png","type":"","width":"","height":""}],"twitter_card":"summary_large_image","twitter_misc":{"Estimeret l\u00e6setid":"1 minut"},"schema":{"@context":"https:\/\/schema.org","@graph":[{"@type":"WebPage","@id":"https:\/\/niipit.dk\/storcenter-nord-boghandel\/","url":"https:\/\/niipit.dk\/storcenter-nord-boghandel\/","name":"Storcenter Nord Boghandel - Find lokale butikker hos Niipit","isPartOf":{"@id":"https:\/\/niipit.dk\/storcenter-nord-boghandel\/#website"},"primaryImageOfPage":{"@id":"https:\/\/niipit.dk\/storcenter-nord-boghandel\/#primaryimage"},"image":{"@id":"https:\/\/niipit.dk\/storcenter-nord-boghandel\/#primaryimage"},"thumbnailUrl":"https:\/\/niipit.dk\/storcenter-nord-boghandel\/wp-content\/uploads\/sites\/673\/2020\/11\/Storcenter-nord-boghandel-Din-boghandel-1024x399.png","datePublished":"2020-04-10T20:29:34+00:00","dateModified":"2021-01-04T18:06:13+00:00","description":"Storcenter Nord Boghandel - Niipit - Dansk Kvalitets guide til lokale butikker. Shop direkte - FIND TILBUD MED PRIS GARANTI HELT GRATIS","breadcrumb":{"@id":"https:\/\/niipit.dk\/storcenter-nord-boghandel\/#breadcrumb"},"inLanguage":"da-DK","potentialAction":[{"@type":"ReadAction","target":["https:\/\/niipit.dk\/storcenter-nord-boghandel\/"]}]},{"@type":"ImageObject","inLanguage":"da-DK","@id":"https:\/\/niipit.dk\/storcenter-nord-boghandel\/#primaryimage","url":"https:\/\/niipit.dk\/storcenter-nord-boghandel\/wp-content\/uploads\/sites\/673\/2020\/11\/Storcenter-nord-boghandel-Din-boghandel-1024x399.png","contentUrl":"https:\/\/niipit.dk\/storcenter-nord-boghandel\/wp-content\/uploads\/sites\/673\/2020\/11\/Storcenter-nord-boghandel-Din-boghandel-1024x399.png"},{"@type":"BreadcrumbList","@id":"https:\/\/niipit.dk\/storcenter-nord-boghandel\/#breadcrumb","itemListElement":[{"@type":"ListItem","position":1,"name":"Hjem","item":"https:\/\/niipit.dk\/storcenter-nord-boghandel\/"},{"@type":"ListItem","position":2,"name":"Forside"}]},{"@type":"WebSite","@id":"https:\/\/niipit.dk\/storcenter-nord-boghandel\/#website","url":"https:\/\/niipit.dk\/storcenter-nord-boghandel\/","name":"Storcenter Nord Boghandel","description":"- din boghandel","potentialAction":[{"@type":"SearchAction","target":{"@type":"EntryPoint","urlTemplate":"https:\/\/niipit.dk\/storcenter-nord-boghandel\/?s={search_term_string}"},"query-input":{"@type":"PropertyValueSpecification","valueRequired":true,"valueName":"search_term_string"}}],"inLanguage":"da-DK"}]}},"_links":{"self":[{"href":"https:\/\/niipit.dk\/storcenter-nord-boghandel\/wp-json\/wp\/v2\/pages\/5064","targetHints":{"allow":["GET"]}}],"collection":[{"href":"https:\/\/niipit.dk\/storcenter-nord-boghandel\/wp-json\/wp\/v2\/pages"}],"about":[{"href":"https:\/\/niipit.dk\/storcenter-nord-boghandel\/wp-json\/wp\/v2\/types\/page"}],"author":[{"embeddable":true,"href":"https:\/\/niipit.dk\/storcenter-nord-boghandel\/wp-json\/wp\/v2\/users\/1"}],"replies":[{"embeddable":true,"href":"https:\/\/niipit.dk\/storcenter-nord-boghandel\/wp-json\/wp\/v2\/comments?post=5064"}],"version-history":[{"count":1,"href":"https:\/\/niipit.dk\/storcenter-nord-boghandel\/wp-json\/wp\/v2\/pages\/5064\/revisions"}],"predecessor-version":[{"id":5991,"href":"https:\/\/niipit.dk\/storcenter-nord-boghandel\/wp-json\/wp\/v2\/pages\/5064\/revisions\/5991"}],"wp:attachment":[{"href":"https:\/\/niipit.dk\/storcenter-nord-boghandel\/wp-json\/wp\/v2\/media?parent=5064"}],"curies":[{"name":"wp","href":"https:\/\/api.w.org\/{rel}","templated":true}]}}