{"id":6015,"date":"2021-05-18T11:42:28","date_gmt":"2021-05-18T09:42:28","guid":{"rendered":"https:\/\/niipit.dk\/stillezonen\/?post_type=product&#038;p=6015"},"modified":"2021-05-18T11:45:59","modified_gmt":"2021-05-18T09:45:59","slug":"ansigtsmaske-groent-ler","status":"publish","type":"product","link":"https:\/\/niipit.dk\/stillezonen\/produkt\/ansigtsmaske-groent-ler\/","title":{"rendered":"Ansigtsmaske \u2013 Gr\u00f8nt ler"},"content":{"rendered":"<h2>Ansigtsmaske \u2013 Gr\u00f8nt ler<\/h2>\n<p>Gr\u00f8nt ler til ansigtsmaske eller bad fra S\u00e6bev\u00e6rkstedet.<\/p>\n<p>Velegnet til alle hudtyper.<\/p>\n<p>B\u00f8tten indeholder 50 gram.<\/p>\n<p><a href=\"https:\/\/www.stillezonen.dk\/vare\/ansigtsmaske-groent-ler\/\" target=\"_blank\" rel=\"noopener\"><img loading=\"lazy\" decoding=\"async\" class=\"aligncenter wp-image-6016 size-medium\" src=\"https:\/\/niipit.dk\/stillezonen\/wp-content\/uploads\/sites\/718\/2021\/05\/ler-groent-til-ansigtsmaske-300x300.jpg\" alt=\"Ansigtsmaske \u2013 Gr\u00f8nt ler\" width=\"300\" height=\"300\" srcset=\"https:\/\/niipit.dk\/stillezonen\/wp-content\/uploads\/sites\/718\/2021\/05\/ler-groent-til-ansigtsmaske-300x300.jpg 300w, https:\/\/niipit.dk\/stillezonen\/wp-content\/uploads\/sites\/718\/2021\/05\/ler-groent-til-ansigtsmaske-150x150.jpg 150w, https:\/\/niipit.dk\/stillezonen\/wp-content\/uploads\/sites\/718\/2021\/05\/ler-groent-til-ansigtsmaske-100x100.jpg 100w, https:\/\/niipit.dk\/stillezonen\/wp-content\/uploads\/sites\/718\/2021\/05\/ler-groent-til-ansigtsmaske.jpg 500w\" sizes=\"auto, (max-width: 300px) 100vw, 300px\" \/><\/a><\/p>\n<p><a href=\"https:\/\/niipit.dk\/stillezonen\/shop\/\">Se flere produkter i shoppen<\/a><\/p>\n","protected":false},"excerpt":{"rendered":"<p>Ansigtsmaske \u2013 Gr\u00f8nt ler Gr\u00f8nt ler til ansigtsmaske eller bad fra S\u00e6bev\u00e6rkstedet. Velegnet til alle hudtyper. B\u00f8tten indeholder 50 gram. Se flere produkter i shoppen<\/p>\n","protected":false},"featured_media":6016,"template":"","meta":{"_exactmetrics_skip_tracking":false,"_exactmetrics_sitenote_active":false,"_exactmetrics_sitenote_note":"","_exactmetrics_sitenote_category":0,"_monsterinsights_skip_tracking":false,"_monsterinsights_sitenote_active":false,"_monsterinsights_sitenote_note":"","_monsterinsights_sitenote_category":0},"product_brand":[],"product_cat":[2093],"product_tag":[],"shoptype":[],"class_list":{"0":"post-6015","1":"product","2":"type-product","3":"status-publish","4":"has-post-thumbnail","6":"product_cat-alle-produkter","8":"first","9":"instock","10":"shipping-taxable","11":"product-type-external"},"yoast_head":"<!-- This site is optimized with the Yoast SEO Premium plugin v16.3 (Yoast SEO v27.4) - https:\/\/yoast.com\/product\/yoast-seo-premium-wordpress\/ -->\n<title>Ansigtsmaske \u2013 Gr\u00f8nt ler fra Stillezonen .dk Bestil I dag<\/title>\n<meta name=\"description\" content=\"Ansigtsmaske \u2013 Gr\u00f8nt ler Den l\u00e6kre ler optager urenheder og afgiver mineraler og efterlader huden bl\u00f8d og afbalanceret. Pr\u00f8v det i dag\" \/>\n<meta name=\"robots\" content=\"index, follow, max-snippet:-1, max-image-preview:large, max-video-preview:-1\" \/>\n<link rel=\"canonical\" href=\"https:\/\/niipit.dk\/stillezonen\/produkt\/ansigtsmaske-groent-ler\/\" \/>\n<meta property=\"og:locale\" content=\"da_DK\" \/>\n<meta property=\"og:type\" content=\"article\" \/>\n<meta property=\"og:title\" content=\"Ansigtsmaske \u2013 Gr\u00f8nt ler fra Stillezonen .dk Bestil I dag\" \/>\n<meta property=\"og:description\" content=\"Ansigtsmaske \u2013 Gr\u00f8nt ler Den l\u00e6kre ler optager urenheder og afgiver mineraler og efterlader huden bl\u00f8d og afbalanceret. Pr\u00f8v det i dag\" \/>\n<meta property=\"og:url\" content=\"https:\/\/niipit.dk\/stillezonen\/produkt\/ansigtsmaske-groent-ler\/\" \/>\n<meta property=\"og:site_name\" content=\"Stillezonen\" \/>\n<meta property=\"article:modified_time\" content=\"2021-05-18T09:45:59+00:00\" \/>\n<meta property=\"og:image\" content=\"https:\/\/niipit.dk\/stillezonen\/wp-content\/uploads\/sites\/718\/2021\/05\/ler-groent-til-ansigtsmaske.jpg\" \/>\n\t<meta property=\"og:image:width\" content=\"500\" \/>\n\t<meta property=\"og:image:height\" content=\"500\" \/>\n\t<meta property=\"og:image:type\" content=\"image\/jpeg\" \/>\n<meta name=\"twitter:card\" content=\"summary_large_image\" \/>\n<meta name=\"twitter:label1\" content=\"Estimeret l\u00e6setid\" \/>\n\t<meta name=\"twitter:data1\" content=\"1 minut\" \/>\n<script type=\"application\/ld+json\" class=\"yoast-schema-graph\">{\"@context\":\"https:\\\/\\\/schema.org\",\"@graph\":[{\"@type\":\"WebPage\",\"@id\":\"https:\\\/\\\/niipit.dk\\\/stillezonen\\\/produkt\\\/ansigtsmaske-groent-ler\\\/\",\"url\":\"https:\\\/\\\/niipit.dk\\\/stillezonen\\\/produkt\\\/ansigtsmaske-groent-ler\\\/\",\"name\":\"Ansigtsmaske \u2013 Gr\u00f8nt ler fra Stillezonen .dk Bestil I dag\",\"isPartOf\":{\"@id\":\"https:\\\/\\\/niipit.dk\\\/stillezonen\\\/#website\"},\"primaryImageOfPage\":{\"@id\":\"https:\\\/\\\/niipit.dk\\\/stillezonen\\\/produkt\\\/ansigtsmaske-groent-ler\\\/#primaryimage\"},\"image\":{\"@id\":\"https:\\\/\\\/niipit.dk\\\/stillezonen\\\/produkt\\\/ansigtsmaske-groent-ler\\\/#primaryimage\"},\"thumbnailUrl\":\"https:\\\/\\\/niipit.dk\\\/stillezonen\\\/wp-content\\\/uploads\\\/sites\\\/718\\\/2021\\\/05\\\/ler-groent-til-ansigtsmaske.jpg\",\"datePublished\":\"2021-05-18T09:42:28+00:00\",\"dateModified\":\"2021-05-18T09:45:59+00:00\",\"description\":\"Ansigtsmaske \u2013 Gr\u00f8nt ler Den l\u00e6kre ler optager urenheder og afgiver mineraler og efterlader huden bl\u00f8d og afbalanceret. Pr\u00f8v det i dag\",\"breadcrumb\":{\"@id\":\"https:\\\/\\\/niipit.dk\\\/stillezonen\\\/produkt\\\/ansigtsmaske-groent-ler\\\/#breadcrumb\"},\"inLanguage\":\"da-DK\",\"potentialAction\":[{\"@type\":\"ReadAction\",\"target\":[\"https:\\\/\\\/niipit.dk\\\/stillezonen\\\/produkt\\\/ansigtsmaske-groent-ler\\\/\"]}]},{\"@type\":\"ImageObject\",\"inLanguage\":\"da-DK\",\"@id\":\"https:\\\/\\\/niipit.dk\\\/stillezonen\\\/produkt\\\/ansigtsmaske-groent-ler\\\/#primaryimage\",\"url\":\"https:\\\/\\\/niipit.dk\\\/stillezonen\\\/wp-content\\\/uploads\\\/sites\\\/718\\\/2021\\\/05\\\/ler-groent-til-ansigtsmaske.jpg\",\"contentUrl\":\"https:\\\/\\\/niipit.dk\\\/stillezonen\\\/wp-content\\\/uploads\\\/sites\\\/718\\\/2021\\\/05\\\/ler-groent-til-ansigtsmaske.jpg\",\"width\":500,\"height\":500,\"caption\":\"Ansigtsmaske \u2013 Gr\u00f8nt ler\"},{\"@type\":\"BreadcrumbList\",\"@id\":\"https:\\\/\\\/niipit.dk\\\/stillezonen\\\/produkt\\\/ansigtsmaske-groent-ler\\\/#breadcrumb\",\"itemListElement\":[{\"@type\":\"ListItem\",\"position\":1,\"name\":\"Forside\",\"item\":\"https:\\\/\\\/niipit.dk\\\/stillezonen\\\/\"},{\"@type\":\"ListItem\",\"position\":2,\"name\":\"Shop\",\"item\":\"https:\\\/\\\/niipit.dk\\\/stillezonen\\\/shop\\\/\"},{\"@type\":\"ListItem\",\"position\":3,\"name\":\"Ansigtsmaske \u2013 Gr\u00f8nt ler\"}]},{\"@type\":\"WebSite\",\"@id\":\"https:\\\/\\\/niipit.dk\\\/stillezonen\\\/#website\",\"url\":\"https:\\\/\\\/niipit.dk\\\/stillezonen\\\/\",\"name\":\"Stillezonen\",\"description\":\"Fysiurgisk massage og Japansk lifting\",\"potentialAction\":[{\"@type\":\"SearchAction\",\"target\":{\"@type\":\"EntryPoint\",\"urlTemplate\":\"https:\\\/\\\/niipit.dk\\\/stillezonen\\\/?s={search_term_string}\"},\"query-input\":{\"@type\":\"PropertyValueSpecification\",\"valueRequired\":true,\"valueName\":\"search_term_string\"}}],\"inLanguage\":\"da-DK\"}]}<\/script>\n<!-- \/ Yoast SEO Premium plugin. -->","yoast_head_json":{"title":"Ansigtsmaske \u2013 Gr\u00f8nt ler fra Stillezonen .dk Bestil I dag","description":"Ansigtsmaske \u2013 Gr\u00f8nt ler Den l\u00e6kre ler optager urenheder og afgiver mineraler og efterlader huden bl\u00f8d og afbalanceret. Pr\u00f8v det i dag","robots":{"index":"index","follow":"follow","max-snippet":"max-snippet:-1","max-image-preview":"max-image-preview:large","max-video-preview":"max-video-preview:-1"},"canonical":"https:\/\/niipit.dk\/stillezonen\/produkt\/ansigtsmaske-groent-ler\/","og_locale":"da_DK","og_type":"article","og_title":"Ansigtsmaske \u2013 Gr\u00f8nt ler fra Stillezonen .dk Bestil I dag","og_description":"Ansigtsmaske \u2013 Gr\u00f8nt ler Den l\u00e6kre ler optager urenheder og afgiver mineraler og efterlader huden bl\u00f8d og afbalanceret. Pr\u00f8v det i dag","og_url":"https:\/\/niipit.dk\/stillezonen\/produkt\/ansigtsmaske-groent-ler\/","og_site_name":"Stillezonen","article_modified_time":"2021-05-18T09:45:59+00:00","og_image":[{"width":500,"height":500,"url":"https:\/\/niipit.dk\/stillezonen\/wp-content\/uploads\/sites\/718\/2021\/05\/ler-groent-til-ansigtsmaske.jpg","type":"image\/jpeg"}],"twitter_card":"summary_large_image","twitter_misc":{"Estimeret l\u00e6setid":"1 minut"},"schema":{"@context":"https:\/\/schema.org","@graph":[{"@type":"WebPage","@id":"https:\/\/niipit.dk\/stillezonen\/produkt\/ansigtsmaske-groent-ler\/","url":"https:\/\/niipit.dk\/stillezonen\/produkt\/ansigtsmaske-groent-ler\/","name":"Ansigtsmaske \u2013 Gr\u00f8nt ler fra Stillezonen .dk Bestil I dag","isPartOf":{"@id":"https:\/\/niipit.dk\/stillezonen\/#website"},"primaryImageOfPage":{"@id":"https:\/\/niipit.dk\/stillezonen\/produkt\/ansigtsmaske-groent-ler\/#primaryimage"},"image":{"@id":"https:\/\/niipit.dk\/stillezonen\/produkt\/ansigtsmaske-groent-ler\/#primaryimage"},"thumbnailUrl":"https:\/\/niipit.dk\/stillezonen\/wp-content\/uploads\/sites\/718\/2021\/05\/ler-groent-til-ansigtsmaske.jpg","datePublished":"2021-05-18T09:42:28+00:00","dateModified":"2021-05-18T09:45:59+00:00","description":"Ansigtsmaske \u2013 Gr\u00f8nt ler Den l\u00e6kre ler optager urenheder og afgiver mineraler og efterlader huden bl\u00f8d og afbalanceret. Pr\u00f8v det i dag","breadcrumb":{"@id":"https:\/\/niipit.dk\/stillezonen\/produkt\/ansigtsmaske-groent-ler\/#breadcrumb"},"inLanguage":"da-DK","potentialAction":[{"@type":"ReadAction","target":["https:\/\/niipit.dk\/stillezonen\/produkt\/ansigtsmaske-groent-ler\/"]}]},{"@type":"ImageObject","inLanguage":"da-DK","@id":"https:\/\/niipit.dk\/stillezonen\/produkt\/ansigtsmaske-groent-ler\/#primaryimage","url":"https:\/\/niipit.dk\/stillezonen\/wp-content\/uploads\/sites\/718\/2021\/05\/ler-groent-til-ansigtsmaske.jpg","contentUrl":"https:\/\/niipit.dk\/stillezonen\/wp-content\/uploads\/sites\/718\/2021\/05\/ler-groent-til-ansigtsmaske.jpg","width":500,"height":500,"caption":"Ansigtsmaske \u2013 Gr\u00f8nt ler"},{"@type":"BreadcrumbList","@id":"https:\/\/niipit.dk\/stillezonen\/produkt\/ansigtsmaske-groent-ler\/#breadcrumb","itemListElement":[{"@type":"ListItem","position":1,"name":"Forside","item":"https:\/\/niipit.dk\/stillezonen\/"},{"@type":"ListItem","position":2,"name":"Shop","item":"https:\/\/niipit.dk\/stillezonen\/shop\/"},{"@type":"ListItem","position":3,"name":"Ansigtsmaske \u2013 Gr\u00f8nt ler"}]},{"@type":"WebSite","@id":"https:\/\/niipit.dk\/stillezonen\/#website","url":"https:\/\/niipit.dk\/stillezonen\/","name":"Stillezonen","description":"Fysiurgisk massage og Japansk lifting","potentialAction":[{"@type":"SearchAction","target":{"@type":"EntryPoint","urlTemplate":"https:\/\/niipit.dk\/stillezonen\/?s={search_term_string}"},"query-input":{"@type":"PropertyValueSpecification","valueRequired":true,"valueName":"search_term_string"}}],"inLanguage":"da-DK"}]}},"_links":{"self":[{"href":"https:\/\/niipit.dk\/stillezonen\/wp-json\/wp\/v2\/product\/6015","targetHints":{"allow":["GET"]}}],"collection":[{"href":"https:\/\/niipit.dk\/stillezonen\/wp-json\/wp\/v2\/product"}],"about":[{"href":"https:\/\/niipit.dk\/stillezonen\/wp-json\/wp\/v2\/types\/product"}],"wp:featuredmedia":[{"embeddable":true,"href":"https:\/\/niipit.dk\/stillezonen\/wp-json\/wp\/v2\/media\/6016"}],"wp:attachment":[{"href":"https:\/\/niipit.dk\/stillezonen\/wp-json\/wp\/v2\/media?parent=6015"}],"wp:term":[{"taxonomy":"product_brand","embeddable":true,"href":"https:\/\/niipit.dk\/stillezonen\/wp-json\/wp\/v2\/product_brand?post=6015"},{"taxonomy":"product_cat","embeddable":true,"href":"https:\/\/niipit.dk\/stillezonen\/wp-json\/wp\/v2\/product_cat?post=6015"},{"taxonomy":"product_tag","embeddable":true,"href":"https:\/\/niipit.dk\/stillezonen\/wp-json\/wp\/v2\/product_tag?post=6015"},{"taxonomy":"shoptype","embeddable":true,"href":"https:\/\/niipit.dk\/stillezonen\/wp-json\/wp\/v2\/shoptype?post=6015"}],"curies":[{"name":"wp","href":"https:\/\/api.w.org\/{rel}","templated":true}]}}