{"id":5064,"date":"2020-04-10T22:29:34","date_gmt":"2020-04-10T20:29:34","guid":{"rendered":"https:\/\/niipit.dk\/steinerskolen-shop\/?page_id=5064"},"modified":"2021-01-04T10:55:23","modified_gmt":"2021-01-04T09:55:23","slug":"frontpage","status":"publish","type":"page","link":"https:\/\/niipit.dk\/steinerskolen\/","title":{"rendered":"Forside"},"content":{"rendered":"\n<hr class=\"wp-block-separator\"\/>\n\n\n\n<h2 class=\"wp-block-heading\" id=\"h-rudolf-steinerskolen-i-danmark\">Rudolf Steinerskolen i Danmark<\/h2>\n\n\n\n<p>Rudolf Steiner, filosof og videnskabsmanden fra \u00d8strig-Ungarn grundlage &#8220;Antroposofien&#8221; i 1913, der i dag kendes som Steinerp\u00e6dagogikken i Danmark. Steinerskolerne i Danmark og Norge er de eneste der kaldes Rudolf Steiner skole eller nu Steinerskolen. Resten af skolerne rundt om i verden kaldes Waldorf-skoler.<\/p>\n\n\n\n<h3 class=\"wp-block-heading\" id=\"h-steinerskolen-udvikler-hele-barnet-og-dennes-kreativitet\">Steinerskolen udvikler hele barnet og dennes kreativitet<\/h3>\n\n\n\n<p>I virkelighedens verden og i barnets verden er kreativiteten, det naturlige og musikken, ikke sort og hvid, men naturlig og \u00e5ben for forskelligheder og det kreative sind. Steinerskolen udvikler b\u00f8rn over mange \u00e5r og tilbyder op til 12 klassetrin. Eksamen best\u00e5r ikke at en pr\u00f8ve som vi kender det fra folkeskolen men en evaluering der er meget velbeskrevet af det enkelte barn. Efter 12 klasse skal eleverne best\u00e5 en eksamen. N\u00e5r denne er best\u00e5et er eleverne p\u00e5 samme faglige niveau som gymnasie elever.<\/p>\n\n\n\n<h3 class=\"wp-block-heading\" id=\"h-steinerskolerne-i-danmark-og-p-verdens-plan\">Steinerskolerne i Danmark og p\u00e5 verdens plan<\/h3>\n\n\n\n<p>I Danmark findes der i 2020, 13 skoler der underviser efter Steinerp\u00e6dagogikken men p\u00e5 verdens plan findes der mere end 750 skoler og ikke mindre end 1200 b\u00f8rnehaver. Disse tal \u00e6ndre sig hele tiden. <a href=\"https:\/\/da.wikipedia.org\/wiki\/Rudolf_Steiner-skole\" target=\"_blank\" rel=\"noreferrer noopener\">Hos Wikipedia kan du se tallene for 2015.<\/a> Antallet af skoler har v\u00e6re lidt dalende de sidste 5 \u00e5r men som samfundet \u00e6ndre sig over tid s\u00e5 vil du se flere Steinerskoler i de kommende \u00e5r.<\/p>\n\n\n\n<p><a href=\"https:\/\/niipit.dk\/markedsplads\/vores-barn-forside\/\">Bes\u00f8g Vores Barn og f\u00e5 mere inspiration<\/a><\/p>\n","protected":false},"excerpt":{"rendered":"<p>Rudolf Steinerskolen i Danmark Rudolf Steiner, filosof og videnskabsmanden fra \u00d8strig-Ungarn grundlage &#8220;Antroposofien&#8221; i 1913, der i dag kendes som Steinerp\u00e6dagogikken i Danmark. Steinerskolerne i Danmark og Norge er de eneste der kaldes Rudolf Steiner skole eller nu Steinerskolen. Resten af skolerne rundt om i verden kaldes Waldorf-skoler. Steinerskolen udvikler hele barnet og dennes kreativitet <a class=\"moretag btn btn-primary\" href=\"https:\/\/niipit.dk\/steinerskolen\/\">L\u00e6s mere<\/a><\/p>\n","protected":false},"author":1,"featured_media":0,"parent":0,"menu_order":0,"comment_status":"closed","ping_status":"closed","template":"frontpagePremium.php","meta":{"_exactmetrics_skip_tracking":false,"_exactmetrics_sitenote_active":false,"_exactmetrics_sitenote_note":"","_exactmetrics_sitenote_category":0,"_monsterinsights_skip_tracking":false,"_monsterinsights_sitenote_active":false,"_monsterinsights_sitenote_note":"","_monsterinsights_sitenote_category":0,"footnotes":""},"class_list":["post-5064","page","type-page","status-publish","hentry"],"yoast_head":"<!-- This site is optimized with the Yoast SEO Premium plugin v16.3 (Yoast SEO v27.3) - https:\/\/yoast.com\/product\/yoast-seo-premium-wordpress\/ -->\n<title>Steinerskolen i Danmark - Find de Danske skoler her<\/title>\n<meta name=\"description\" content=\"Steinerskolen ser det hele barn og udvikler de kreative sider af barnet s\u00e5 livet ikke kun er rette vinkler eller sort og hvid.\" \/>\n<meta name=\"robots\" content=\"index, follow, max-snippet:-1, max-image-preview:large, max-video-preview:-1\" \/>\n<link rel=\"canonical\" href=\"https:\/\/niipit.dk\/steinerskolen\/\" \/>\n<meta property=\"og:locale\" content=\"da_DK\" \/>\n<meta property=\"og:type\" content=\"article\" \/>\n<meta property=\"og:title\" content=\"Steinerskolen i Danmark - Find de Danske skoler her\" \/>\n<meta property=\"og:description\" content=\"Steinerskolen ser det hele barn og udvikler de kreative sider af barnet s\u00e5 livet ikke kun er rette vinkler eller sort og hvid.\" \/>\n<meta property=\"og:url\" content=\"https:\/\/niipit.dk\/steinerskolen\/\" \/>\n<meta property=\"og:site_name\" content=\"Steinerskolen\" \/>\n<meta property=\"article:modified_time\" content=\"2021-01-04T09:55:23+00:00\" \/>\n<meta name=\"twitter:card\" content=\"summary_large_image\" \/>\n<meta name=\"twitter:label1\" content=\"Estimeret l\u00e6setid\" \/>\n\t<meta name=\"twitter:data1\" content=\"1 minut\" \/>\n<script type=\"application\/ld+json\" class=\"yoast-schema-graph\">{\"@context\":\"https:\\\/\\\/schema.org\",\"@graph\":[{\"@type\":\"WebPage\",\"@id\":\"https:\\\/\\\/niipit.dk\\\/steinerskolen\\\/\",\"url\":\"https:\\\/\\\/niipit.dk\\\/steinerskolen\\\/\",\"name\":\"Steinerskolen i Danmark - Find de Danske skoler her\",\"isPartOf\":{\"@id\":\"https:\\\/\\\/niipit.dk\\\/steinerskolen\\\/#website\"},\"datePublished\":\"2020-04-10T20:29:34+00:00\",\"dateModified\":\"2021-01-04T09:55:23+00:00\",\"description\":\"Steinerskolen ser det hele barn og udvikler de kreative sider af barnet s\u00e5 livet ikke kun er rette vinkler eller sort og hvid.\",\"breadcrumb\":{\"@id\":\"https:\\\/\\\/niipit.dk\\\/steinerskolen\\\/#breadcrumb\"},\"inLanguage\":\"da-DK\",\"potentialAction\":[{\"@type\":\"ReadAction\",\"target\":[\"https:\\\/\\\/niipit.dk\\\/steinerskolen\\\/\"]}]},{\"@type\":\"BreadcrumbList\",\"@id\":\"https:\\\/\\\/niipit.dk\\\/steinerskolen\\\/#breadcrumb\",\"itemListElement\":[{\"@type\":\"ListItem\",\"position\":1,\"name\":\"Hjem\",\"item\":\"https:\\\/\\\/niipit.dk\\\/steinerskolen\\\/\"},{\"@type\":\"ListItem\",\"position\":2,\"name\":\"Forside\"}]},{\"@type\":\"WebSite\",\"@id\":\"https:\\\/\\\/niipit.dk\\\/steinerskolen\\\/#website\",\"url\":\"https:\\\/\\\/niipit.dk\\\/steinerskolen\\\/\",\"name\":\"Steinerskolen\",\"description\":\"Viden om mennesket\",\"potentialAction\":[{\"@type\":\"SearchAction\",\"target\":{\"@type\":\"EntryPoint\",\"urlTemplate\":\"https:\\\/\\\/niipit.dk\\\/steinerskolen\\\/?s={search_term_string}\"},\"query-input\":{\"@type\":\"PropertyValueSpecification\",\"valueRequired\":true,\"valueName\":\"search_term_string\"}}],\"inLanguage\":\"da-DK\"}]}<\/script>\n<!-- \/ Yoast SEO Premium plugin. -->","yoast_head_json":{"title":"Steinerskolen i Danmark - Find de Danske skoler her","description":"Steinerskolen ser det hele barn og udvikler de kreative sider af barnet s\u00e5 livet ikke kun er rette vinkler eller sort og hvid.","robots":{"index":"index","follow":"follow","max-snippet":"max-snippet:-1","max-image-preview":"max-image-preview:large","max-video-preview":"max-video-preview:-1"},"canonical":"https:\/\/niipit.dk\/steinerskolen\/","og_locale":"da_DK","og_type":"article","og_title":"Steinerskolen i Danmark - Find de Danske skoler her","og_description":"Steinerskolen ser det hele barn og udvikler de kreative sider af barnet s\u00e5 livet ikke kun er rette vinkler eller sort og hvid.","og_url":"https:\/\/niipit.dk\/steinerskolen\/","og_site_name":"Steinerskolen","article_modified_time":"2021-01-04T09:55:23+00:00","twitter_card":"summary_large_image","twitter_misc":{"Estimeret l\u00e6setid":"1 minut"},"schema":{"@context":"https:\/\/schema.org","@graph":[{"@type":"WebPage","@id":"https:\/\/niipit.dk\/steinerskolen\/","url":"https:\/\/niipit.dk\/steinerskolen\/","name":"Steinerskolen i Danmark - Find de Danske skoler her","isPartOf":{"@id":"https:\/\/niipit.dk\/steinerskolen\/#website"},"datePublished":"2020-04-10T20:29:34+00:00","dateModified":"2021-01-04T09:55:23+00:00","description":"Steinerskolen ser det hele barn og udvikler de kreative sider af barnet s\u00e5 livet ikke kun er rette vinkler eller sort og hvid.","breadcrumb":{"@id":"https:\/\/niipit.dk\/steinerskolen\/#breadcrumb"},"inLanguage":"da-DK","potentialAction":[{"@type":"ReadAction","target":["https:\/\/niipit.dk\/steinerskolen\/"]}]},{"@type":"BreadcrumbList","@id":"https:\/\/niipit.dk\/steinerskolen\/#breadcrumb","itemListElement":[{"@type":"ListItem","position":1,"name":"Hjem","item":"https:\/\/niipit.dk\/steinerskolen\/"},{"@type":"ListItem","position":2,"name":"Forside"}]},{"@type":"WebSite","@id":"https:\/\/niipit.dk\/steinerskolen\/#website","url":"https:\/\/niipit.dk\/steinerskolen\/","name":"Steinerskolen","description":"Viden om mennesket","potentialAction":[{"@type":"SearchAction","target":{"@type":"EntryPoint","urlTemplate":"https:\/\/niipit.dk\/steinerskolen\/?s={search_term_string}"},"query-input":{"@type":"PropertyValueSpecification","valueRequired":true,"valueName":"search_term_string"}}],"inLanguage":"da-DK"}]}},"_links":{"self":[{"href":"https:\/\/niipit.dk\/steinerskolen\/wp-json\/wp\/v2\/pages\/5064","targetHints":{"allow":["GET"]}}],"collection":[{"href":"https:\/\/niipit.dk\/steinerskolen\/wp-json\/wp\/v2\/pages"}],"about":[{"href":"https:\/\/niipit.dk\/steinerskolen\/wp-json\/wp\/v2\/types\/page"}],"author":[{"embeddable":true,"href":"https:\/\/niipit.dk\/steinerskolen\/wp-json\/wp\/v2\/users\/1"}],"replies":[{"embeddable":true,"href":"https:\/\/niipit.dk\/steinerskolen\/wp-json\/wp\/v2\/comments?post=5064"}],"version-history":[{"count":7,"href":"https:\/\/niipit.dk\/steinerskolen\/wp-json\/wp\/v2\/pages\/5064\/revisions"}],"predecessor-version":[{"id":5994,"href":"https:\/\/niipit.dk\/steinerskolen\/wp-json\/wp\/v2\/pages\/5064\/revisions\/5994"}],"wp:attachment":[{"href":"https:\/\/niipit.dk\/steinerskolen\/wp-json\/wp\/v2\/media?parent=5064"}],"curies":[{"name":"wp","href":"https:\/\/api.w.org\/{rel}","templated":true}]}}