{"id":5064,"date":"2020-04-10T22:29:34","date_gmt":"2020-04-10T20:29:34","guid":{"rendered":"https:\/\/niipit.dk\/stay-local-shop\/?page_id=5064"},"modified":"2020-08-19T12:42:14","modified_gmt":"2020-08-19T10:42:14","slug":"stay-local-in-italia","status":"publish","type":"page","link":"https:\/\/niipit.dk\/stay-local\/","title":{"rendered":"Forside"},"content":{"rendered":"\n<hr class=\"wp-block-separator\"\/>\n\n\n\n<h2 class=\"has-text-align-center wp-block-heading\">STAY LOCAL IN ITALIA<\/h2>\n\n\n\n<h2 class=\"has-text-align-center wp-block-heading\">Din N\u00e6ste Italienske Ferie <\/h2>\n\n\n\n<div class=\"wp-block-image\"><figure class=\"aligncenter size-medium is-resized\"><a href=\"https:\/\/stay-local.dk\/italien\/toscana\" target=\"_blank\" rel=\"noopener noreferrer\"><img loading=\"lazy\" decoding=\"async\" src=\"https:\/\/niipit.dk\/stay-local\/wp-content\/uploads\/sites\/639\/2020\/05\/Toscana_hus-300x165.jpg\" alt=\"Ferierejser til Toscana med Stay Local\" class=\"wp-image-5986\" width=\"596\" height=\"328\" srcset=\"https:\/\/niipit.dk\/stay-local\/wp-content\/uploads\/sites\/639\/2020\/05\/Toscana_hus-300x165.jpg 300w, https:\/\/niipit.dk\/stay-local\/wp-content\/uploads\/sites\/639\/2020\/05\/Toscana_hus-1024x562.jpg 1024w, https:\/\/niipit.dk\/stay-local\/wp-content\/uploads\/sites\/639\/2020\/05\/Toscana_hus-768x421.jpg 768w, https:\/\/niipit.dk\/stay-local\/wp-content\/uploads\/sites\/639\/2020\/05\/Toscana_hus-600x329.jpg 600w, https:\/\/niipit.dk\/stay-local\/wp-content\/uploads\/sites\/639\/2020\/05\/Toscana_hus.jpg 1400w\" sizes=\"auto, (max-width: 596px) 100vw, 596px\" \/><\/a><figcaption>Stay Local i <a href=\"https:\/\/stay-local.dk\/italien\/toscana\" target=\"_blank\" rel=\"noreferrer noopener\">Toscana<\/a><\/figcaption><\/figure><\/div>\n\n\n\n<p>Dr\u00f8mmer du om den autentiske oplevelse i Italien ? Den oplevelse som du kan huske mange \u00e5r tilbage. Du har m\u00e5ske k\u00f8bt vin hos den lokale bondemand, eller f\u00e5et en rigtig italiensk &#8220;Mama&#8221; til at lave et godt traditionelt m\u00e5ltid &#8211; med de klassiske 4 retter. Du har m\u00e5ske boet i dine egen private villa i Toscana, med egen pool, hvor ungerne har boltret sig &#8211; men der var kun jer, s\u00e5 der var ingen irriterende naboer der hyssede p\u00e5 dem.<\/p>\n\n\n\n<p><a rel=\"noreferrer noopener\" href=\"https:\/\/stay-local.dk\" target=\"_blank\">Stay Local<\/a> g\u00f8r pr\u00e6cist det &#8211; vi finder dit dr\u00f8mmested i Italien og g\u00f8r vores bedste til at finde din perfekte ferie. <\/p>\n\n\n\n<p><\/p>\n","protected":false},"excerpt":{"rendered":"<p>STAY LOCAL IN ITALIA Din N\u00e6ste Italienske Ferie Dr\u00f8mmer du om den autentiske oplevelse i Italien ? Den oplevelse som du kan huske mange \u00e5r tilbage. Du har m\u00e5ske k\u00f8bt vin hos den lokale bondemand, eller f\u00e5et en rigtig italiensk &#8220;Mama&#8221; til at lave et godt traditionelt m\u00e5ltid &#8211; med de klassiske 4 retter. Du <a class=\"moretag btn btn-primary\" href=\"https:\/\/niipit.dk\/stay-local\/\">L\u00e6s mere<\/a><\/p>\n","protected":false},"author":1114,"featured_media":0,"parent":0,"menu_order":0,"comment_status":"closed","ping_status":"closed","template":"frontpagePremium.php","meta":{"_exactmetrics_skip_tracking":false,"_exactmetrics_sitenote_active":false,"_exactmetrics_sitenote_note":"","_exactmetrics_sitenote_category":0,"_monsterinsights_skip_tracking":false,"_monsterinsights_sitenote_active":false,"_monsterinsights_sitenote_note":"","_monsterinsights_sitenote_category":0,"footnotes":""},"class_list":["post-5064","page","type-page","status-publish","hentry"],"yoast_head":"<!-- This site is optimized with the Yoast SEO Premium plugin v16.3 (Yoast SEO v27.3) - https:\/\/yoast.com\/product\/yoast-seo-premium-wordpress\/ -->\n<title>Stay Local hvis du dr\u00f8mmer om den autentiske oplevelse i Italien ?<\/title>\n<meta name=\"description\" content=\"Stay Local tilbyder dig 100% autentisk ferie i Italien. Du bor og m\u00f8der de lokale og oplever deres afslappede hverdag n\u00e5r du bor lokalt p\u00e5 din ferie.\" \/>\n<meta name=\"robots\" content=\"index, follow, max-snippet:-1, max-image-preview:large, max-video-preview:-1\" \/>\n<link rel=\"canonical\" href=\"https:\/\/niipit.dk\/stay-local\/\" \/>\n<meta property=\"og:locale\" content=\"da_DK\" \/>\n<meta property=\"og:type\" content=\"article\" \/>\n<meta property=\"og:title\" content=\"Stay Local hvis du dr\u00f8mmer om den autentiske oplevelse i Italien ?\" \/>\n<meta property=\"og:description\" content=\"Stay Local tilbyder dig 100% autentisk ferie i Italien. Du bor og m\u00f8der de lokale og oplever deres afslappede hverdag n\u00e5r du bor lokalt p\u00e5 din ferie.\" \/>\n<meta property=\"og:url\" content=\"https:\/\/niipit.dk\/stay-local\/\" \/>\n<meta property=\"og:site_name\" content=\"Stay Local\" \/>\n<meta property=\"article:modified_time\" content=\"2020-08-19T10:42:14+00:00\" \/>\n<meta property=\"og:image\" content=\"https:\/\/niipit.dk\/stay-local\/wp-content\/uploads\/sites\/639\/2020\/05\/Toscana_hus-300x165.jpg\" \/>\n<meta name=\"twitter:card\" content=\"summary_large_image\" \/>\n<meta name=\"twitter:label1\" content=\"Estimeret l\u00e6setid\" \/>\n\t<meta name=\"twitter:data1\" content=\"1 minut\" \/>\n<script type=\"application\/ld+json\" class=\"yoast-schema-graph\">{\"@context\":\"https:\\\/\\\/schema.org\",\"@graph\":[{\"@type\":\"WebPage\",\"@id\":\"https:\\\/\\\/niipit.dk\\\/stay-local\\\/\",\"url\":\"https:\\\/\\\/niipit.dk\\\/stay-local\\\/\",\"name\":\"Stay Local hvis du dr\u00f8mmer om den autentiske oplevelse i Italien ?\",\"isPartOf\":{\"@id\":\"https:\\\/\\\/niipit.dk\\\/stay-local\\\/#website\"},\"primaryImageOfPage\":{\"@id\":\"https:\\\/\\\/niipit.dk\\\/stay-local\\\/#primaryimage\"},\"image\":{\"@id\":\"https:\\\/\\\/niipit.dk\\\/stay-local\\\/#primaryimage\"},\"thumbnailUrl\":\"https:\\\/\\\/niipit.dk\\\/stay-local\\\/wp-content\\\/uploads\\\/sites\\\/639\\\/2020\\\/05\\\/Toscana_hus-300x165.jpg\",\"datePublished\":\"2020-04-10T20:29:34+00:00\",\"dateModified\":\"2020-08-19T10:42:14+00:00\",\"description\":\"Stay Local tilbyder dig 100% autentisk ferie i Italien. Du bor og m\u00f8der de lokale og oplever deres afslappede hverdag n\u00e5r du bor lokalt p\u00e5 din ferie.\",\"breadcrumb\":{\"@id\":\"https:\\\/\\\/niipit.dk\\\/stay-local\\\/#breadcrumb\"},\"inLanguage\":\"da-DK\",\"potentialAction\":[{\"@type\":\"ReadAction\",\"target\":[\"https:\\\/\\\/niipit.dk\\\/stay-local\\\/\"]}]},{\"@type\":\"ImageObject\",\"inLanguage\":\"da-DK\",\"@id\":\"https:\\\/\\\/niipit.dk\\\/stay-local\\\/#primaryimage\",\"url\":\"https:\\\/\\\/niipit.dk\\\/stay-local\\\/wp-content\\\/uploads\\\/sites\\\/639\\\/2020\\\/05\\\/Toscana_hus-300x165.jpg\",\"contentUrl\":\"https:\\\/\\\/niipit.dk\\\/stay-local\\\/wp-content\\\/uploads\\\/sites\\\/639\\\/2020\\\/05\\\/Toscana_hus-300x165.jpg\"},{\"@type\":\"BreadcrumbList\",\"@id\":\"https:\\\/\\\/niipit.dk\\\/stay-local\\\/#breadcrumb\",\"itemListElement\":[{\"@type\":\"ListItem\",\"position\":1,\"name\":\"Hjem\",\"item\":\"https:\\\/\\\/niipit.dk\\\/stay-local\\\/\"},{\"@type\":\"ListItem\",\"position\":2,\"name\":\"Forside\"}]},{\"@type\":\"WebSite\",\"@id\":\"https:\\\/\\\/niipit.dk\\\/stay-local\\\/#website\",\"url\":\"https:\\\/\\\/niipit.dk\\\/stay-local\\\/\",\"name\":\"Stay Local\",\"description\":\"Ferieboliger i Italien\",\"potentialAction\":[{\"@type\":\"SearchAction\",\"target\":{\"@type\":\"EntryPoint\",\"urlTemplate\":\"https:\\\/\\\/niipit.dk\\\/stay-local\\\/?s={search_term_string}\"},\"query-input\":{\"@type\":\"PropertyValueSpecification\",\"valueRequired\":true,\"valueName\":\"search_term_string\"}}],\"inLanguage\":\"da-DK\"}]}<\/script>\n<!-- \/ Yoast SEO Premium plugin. -->","yoast_head_json":{"title":"Stay Local hvis du dr\u00f8mmer om den autentiske oplevelse i Italien ?","description":"Stay Local tilbyder dig 100% autentisk ferie i Italien. Du bor og m\u00f8der de lokale og oplever deres afslappede hverdag n\u00e5r du bor lokalt p\u00e5 din ferie.","robots":{"index":"index","follow":"follow","max-snippet":"max-snippet:-1","max-image-preview":"max-image-preview:large","max-video-preview":"max-video-preview:-1"},"canonical":"https:\/\/niipit.dk\/stay-local\/","og_locale":"da_DK","og_type":"article","og_title":"Stay Local hvis du dr\u00f8mmer om den autentiske oplevelse i Italien ?","og_description":"Stay Local tilbyder dig 100% autentisk ferie i Italien. Du bor og m\u00f8der de lokale og oplever deres afslappede hverdag n\u00e5r du bor lokalt p\u00e5 din ferie.","og_url":"https:\/\/niipit.dk\/stay-local\/","og_site_name":"Stay Local","article_modified_time":"2020-08-19T10:42:14+00:00","og_image":[{"url":"https:\/\/niipit.dk\/stay-local\/wp-content\/uploads\/sites\/639\/2020\/05\/Toscana_hus-300x165.jpg","type":"","width":"","height":""}],"twitter_card":"summary_large_image","twitter_misc":{"Estimeret l\u00e6setid":"1 minut"},"schema":{"@context":"https:\/\/schema.org","@graph":[{"@type":"WebPage","@id":"https:\/\/niipit.dk\/stay-local\/","url":"https:\/\/niipit.dk\/stay-local\/","name":"Stay Local hvis du dr\u00f8mmer om den autentiske oplevelse i Italien ?","isPartOf":{"@id":"https:\/\/niipit.dk\/stay-local\/#website"},"primaryImageOfPage":{"@id":"https:\/\/niipit.dk\/stay-local\/#primaryimage"},"image":{"@id":"https:\/\/niipit.dk\/stay-local\/#primaryimage"},"thumbnailUrl":"https:\/\/niipit.dk\/stay-local\/wp-content\/uploads\/sites\/639\/2020\/05\/Toscana_hus-300x165.jpg","datePublished":"2020-04-10T20:29:34+00:00","dateModified":"2020-08-19T10:42:14+00:00","description":"Stay Local tilbyder dig 100% autentisk ferie i Italien. Du bor og m\u00f8der de lokale og oplever deres afslappede hverdag n\u00e5r du bor lokalt p\u00e5 din ferie.","breadcrumb":{"@id":"https:\/\/niipit.dk\/stay-local\/#breadcrumb"},"inLanguage":"da-DK","potentialAction":[{"@type":"ReadAction","target":["https:\/\/niipit.dk\/stay-local\/"]}]},{"@type":"ImageObject","inLanguage":"da-DK","@id":"https:\/\/niipit.dk\/stay-local\/#primaryimage","url":"https:\/\/niipit.dk\/stay-local\/wp-content\/uploads\/sites\/639\/2020\/05\/Toscana_hus-300x165.jpg","contentUrl":"https:\/\/niipit.dk\/stay-local\/wp-content\/uploads\/sites\/639\/2020\/05\/Toscana_hus-300x165.jpg"},{"@type":"BreadcrumbList","@id":"https:\/\/niipit.dk\/stay-local\/#breadcrumb","itemListElement":[{"@type":"ListItem","position":1,"name":"Hjem","item":"https:\/\/niipit.dk\/stay-local\/"},{"@type":"ListItem","position":2,"name":"Forside"}]},{"@type":"WebSite","@id":"https:\/\/niipit.dk\/stay-local\/#website","url":"https:\/\/niipit.dk\/stay-local\/","name":"Stay Local","description":"Ferieboliger i Italien","potentialAction":[{"@type":"SearchAction","target":{"@type":"EntryPoint","urlTemplate":"https:\/\/niipit.dk\/stay-local\/?s={search_term_string}"},"query-input":{"@type":"PropertyValueSpecification","valueRequired":true,"valueName":"search_term_string"}}],"inLanguage":"da-DK"}]}},"_links":{"self":[{"href":"https:\/\/niipit.dk\/stay-local\/wp-json\/wp\/v2\/pages\/5064","targetHints":{"allow":["GET"]}}],"collection":[{"href":"https:\/\/niipit.dk\/stay-local\/wp-json\/wp\/v2\/pages"}],"about":[{"href":"https:\/\/niipit.dk\/stay-local\/wp-json\/wp\/v2\/types\/page"}],"author":[{"embeddable":true,"href":"https:\/\/niipit.dk\/stay-local\/wp-json\/wp\/v2\/users\/1114"}],"replies":[{"embeddable":true,"href":"https:\/\/niipit.dk\/stay-local\/wp-json\/wp\/v2\/comments?post=5064"}],"version-history":[{"count":0,"href":"https:\/\/niipit.dk\/stay-local\/wp-json\/wp\/v2\/pages\/5064\/revisions"}],"wp:attachment":[{"href":"https:\/\/niipit.dk\/stay-local\/wp-json\/wp\/v2\/media?parent=5064"}],"curies":[{"name":"wp","href":"https:\/\/api.w.org\/{rel}","templated":true}]}}