{"id":5064,"date":"2020-04-10T22:29:34","date_gmt":"2020-04-10T20:29:34","guid":{"rendered":"https:\/\/niipit.dk\/spaogsauna-shop\/?page_id=5064"},"modified":"2021-06-26T12:54:22","modified_gmt":"2021-06-26T10:54:22","slug":"frontpage","status":"publish","type":"page","link":"https:\/\/niipit.dk\/spaogsauna\/","title":{"rendered":"Forside"},"content":{"rendered":"<hr class=\"wp-block-separator\" \/>\r\n\r\n\r\n<h1>Spa og Sauna er for dig, der er vild med udend\u00f8rslivet<\/h1>\r\n<p>Rundt omkring i de danske haver dukker der flere og flere udend\u00f8rssaunaer, vildmarksbade og shelters op. Folk er vilde med at tilbringe tid udenfor, uanset om det er vandring, cykelture eller luksusudgaven med at opholde sig en varm sauna eller synke ned i et vildmarksbad. Tendensen er ikke sv\u00e6r at p\u00e5 \u00f8je p\u00e5: vi leder efter nye m\u00e5der at v\u00e6re udenfor p\u00e5. I en travl hverdag med arbejde, skole, studie, fritidsaktiviteter og praktiske g\u00f8rem\u00e5l kan det v\u00e6re rart at tr\u00e6kke stikket og f\u00e5 lov at tr\u00e6kke vejret i den friske luft.<\/p>\r\n<h2>Samlet og klar til brug \u2013 v\u00e6lg en sauna, spa, g\u00e6stehus eller shelter fra Spa og Sauna<\/h2>\r\n<p><span style=\"color: #000000;\"><a style=\"color: #000000;\" href=\"https:\/\/www.spaogsauna.dk\/\" target=\"_blank\" rel=\"noopener\">Spa og Sauna<\/a><\/span> har gjort det nemt for dig. Er du blevet hooked p\u00e5 id\u00e9en om at have et vildmarksbad, en udend\u00f8rssauna, en shelter eller m\u00e5ske et g\u00e6stehus st\u00e5ende i haven? S\u00e5 er Spa og Sauna din go-to forhandler. K\u00f8ber du et produkt fra deres webshop, f\u00e5r du det leveret samlet og klar til brug. Du skal alts\u00e5 ikke st\u00e5 med den besv\u00e6rlige samling af produktet \u2013 det har Spa og Sauna s\u00f8rget for.<\/p>\r\n<p>Produkterne f\u00e5s i mange forskellige st\u00f8rrelser og modeller, s\u00e5 du kan finde en variant, der passer til dig. F\u00e6lles for alle produkterne er, at de er lavet af det samme kvalitetstr\u00e6 \u2013 nemlig Thermowood. Det er specialbehandlet tr\u00e6, som er modstandsdygtig over for det barske nordiske klima. Det kan modst\u00e5 lave temperaturer, regn, rusk og sne uden at tage skade. Derfor kan du trygt v\u00e6lge en sauna eller et vildmarksbad fra Spa &amp; Sauna.<\/p>\r\n<p><a href=\"https:\/\/www.spaogsauna.dk\" target=\"_blank\" rel=\"noopener\"><img loading=\"lazy\" decoding=\"async\" class=\"aligncenter wp-image-5988 size-full\" src=\"https:\/\/niipit.dk\/spaogsauna\/wp-content\/uploads\/sites\/727\/2021\/06\/spaogsauna-logo.png\" alt=\"Spa og sauna logo\" width=\"291\" height=\"124\" \/><\/a><\/p>\r\n","protected":false},"excerpt":{"rendered":"<p>Spa og Sauna er for dig, der er vild med udend\u00f8rslivet Rundt omkring i de danske haver dukker der flere og flere udend\u00f8rssaunaer, vildmarksbade og shelters op. Folk er vilde med at tilbringe tid udenfor, uanset om det er vandring, cykelture eller luksusudgaven med at opholde sig en varm sauna eller synke ned i et <a class=\"moretag btn btn-primary\" href=\"https:\/\/niipit.dk\/spaogsauna\/\">L\u00e6s mere<\/a><\/p>\n","protected":false},"author":1,"featured_media":0,"parent":0,"menu_order":0,"comment_status":"closed","ping_status":"closed","template":"frontpagePremium.php","meta":{"_exactmetrics_skip_tracking":false,"_exactmetrics_sitenote_active":false,"_exactmetrics_sitenote_note":"","_exactmetrics_sitenote_category":0,"_monsterinsights_skip_tracking":false,"_monsterinsights_sitenote_active":false,"_monsterinsights_sitenote_note":"","_monsterinsights_sitenote_category":0,"footnotes":""},"class_list":["post-5064","page","type-page","status-publish","hentry"],"yoast_head":"<!-- This site is optimized with the Yoast SEO Premium plugin v16.3 (Yoast SEO v27.3) - https:\/\/yoast.com\/product\/yoast-seo-premium-wordpress\/ -->\n<title>Spa og Sauna | Alle spa og saunaer leveres samlet og klar til brug.<\/title>\n<meta name=\"description\" content=\"Vi har mange forskellige st\u00f8rrelser og modeller | Se det store udvalg af din dr\u00f8mme sauna p\u00e5 hjemmesiden lige her\" \/>\n<meta name=\"robots\" content=\"index, follow, max-snippet:-1, max-image-preview:large, max-video-preview:-1\" \/>\n<link rel=\"canonical\" href=\"https:\/\/niipit.dk\/spaogsauna\/\" \/>\n<meta property=\"og:locale\" content=\"da_DK\" \/>\n<meta property=\"og:type\" content=\"article\" \/>\n<meta property=\"og:title\" content=\"Spa og Sauna | Alle spa og saunaer leveres samlet og klar til brug.\" \/>\n<meta property=\"og:description\" content=\"Vi har mange forskellige st\u00f8rrelser og modeller | Se det store udvalg af din dr\u00f8mme sauna p\u00e5 hjemmesiden lige her\" \/>\n<meta property=\"og:url\" content=\"https:\/\/niipit.dk\/spaogsauna\/\" \/>\n<meta property=\"og:site_name\" content=\"Spa &amp; Sauna\" \/>\n<meta property=\"article:modified_time\" content=\"2021-06-26T10:54:22+00:00\" \/>\n<meta property=\"og:image\" content=\"https:\/\/niipit.dk\/spaogsauna\/wp-content\/uploads\/sites\/727\/2021\/06\/spaogsauna-logo.png\" \/>\n<meta name=\"twitter:card\" content=\"summary_large_image\" \/>\n<meta name=\"twitter:label1\" content=\"Estimeret l\u00e6setid\" \/>\n\t<meta name=\"twitter:data1\" content=\"2 minutter\" \/>\n<script type=\"application\/ld+json\" class=\"yoast-schema-graph\">{\"@context\":\"https:\\\/\\\/schema.org\",\"@graph\":[{\"@type\":\"WebPage\",\"@id\":\"https:\\\/\\\/niipit.dk\\\/spaogsauna\\\/\",\"url\":\"https:\\\/\\\/niipit.dk\\\/spaogsauna\\\/\",\"name\":\"Spa og Sauna | Alle spa og saunaer leveres samlet og klar til brug.\",\"isPartOf\":{\"@id\":\"https:\\\/\\\/niipit.dk\\\/spaogsauna\\\/#website\"},\"primaryImageOfPage\":{\"@id\":\"https:\\\/\\\/niipit.dk\\\/spaogsauna\\\/#primaryimage\"},\"image\":{\"@id\":\"https:\\\/\\\/niipit.dk\\\/spaogsauna\\\/#primaryimage\"},\"thumbnailUrl\":\"https:\\\/\\\/niipit.dk\\\/spaogsauna\\\/wp-content\\\/uploads\\\/sites\\\/727\\\/2021\\\/06\\\/spaogsauna-logo.png\",\"datePublished\":\"2020-04-10T20:29:34+00:00\",\"dateModified\":\"2021-06-26T10:54:22+00:00\",\"description\":\"Vi har mange forskellige st\u00f8rrelser og modeller | Se det store udvalg af din dr\u00f8mme sauna p\u00e5 hjemmesiden lige her\",\"breadcrumb\":{\"@id\":\"https:\\\/\\\/niipit.dk\\\/spaogsauna\\\/#breadcrumb\"},\"inLanguage\":\"da-DK\",\"potentialAction\":[{\"@type\":\"ReadAction\",\"target\":[\"https:\\\/\\\/niipit.dk\\\/spaogsauna\\\/\"]}]},{\"@type\":\"ImageObject\",\"inLanguage\":\"da-DK\",\"@id\":\"https:\\\/\\\/niipit.dk\\\/spaogsauna\\\/#primaryimage\",\"url\":\"https:\\\/\\\/niipit.dk\\\/spaogsauna\\\/wp-content\\\/uploads\\\/sites\\\/727\\\/2021\\\/06\\\/spaogsauna-logo.png\",\"contentUrl\":\"https:\\\/\\\/niipit.dk\\\/spaogsauna\\\/wp-content\\\/uploads\\\/sites\\\/727\\\/2021\\\/06\\\/spaogsauna-logo.png\"},{\"@type\":\"BreadcrumbList\",\"@id\":\"https:\\\/\\\/niipit.dk\\\/spaogsauna\\\/#breadcrumb\",\"itemListElement\":[{\"@type\":\"ListItem\",\"position\":1,\"name\":\"Hjem\",\"item\":\"https:\\\/\\\/niipit.dk\\\/spaogsauna\\\/\"},{\"@type\":\"ListItem\",\"position\":2,\"name\":\"Forside\"}]},{\"@type\":\"WebSite\",\"@id\":\"https:\\\/\\\/niipit.dk\\\/spaogsauna\\\/#website\",\"url\":\"https:\\\/\\\/niipit.dk\\\/spaogsauna\\\/\",\"name\":\"Spa &amp; Sauna\",\"description\":\"Velv\u00e6re for alle\",\"potentialAction\":[{\"@type\":\"SearchAction\",\"target\":{\"@type\":\"EntryPoint\",\"urlTemplate\":\"https:\\\/\\\/niipit.dk\\\/spaogsauna\\\/?s={search_term_string}\"},\"query-input\":{\"@type\":\"PropertyValueSpecification\",\"valueRequired\":true,\"valueName\":\"search_term_string\"}}],\"inLanguage\":\"da-DK\"}]}<\/script>\n<!-- \/ Yoast SEO Premium plugin. -->","yoast_head_json":{"title":"Spa og Sauna | Alle spa og saunaer leveres samlet og klar til brug.","description":"Vi har mange forskellige st\u00f8rrelser og modeller | Se det store udvalg af din dr\u00f8mme sauna p\u00e5 hjemmesiden lige her","robots":{"index":"index","follow":"follow","max-snippet":"max-snippet:-1","max-image-preview":"max-image-preview:large","max-video-preview":"max-video-preview:-1"},"canonical":"https:\/\/niipit.dk\/spaogsauna\/","og_locale":"da_DK","og_type":"article","og_title":"Spa og Sauna | Alle spa og saunaer leveres samlet og klar til brug.","og_description":"Vi har mange forskellige st\u00f8rrelser og modeller | Se det store udvalg af din dr\u00f8mme sauna p\u00e5 hjemmesiden lige her","og_url":"https:\/\/niipit.dk\/spaogsauna\/","og_site_name":"Spa &amp; Sauna","article_modified_time":"2021-06-26T10:54:22+00:00","og_image":[{"url":"https:\/\/niipit.dk\/spaogsauna\/wp-content\/uploads\/sites\/727\/2021\/06\/spaogsauna-logo.png","type":"","width":"","height":""}],"twitter_card":"summary_large_image","twitter_misc":{"Estimeret l\u00e6setid":"2 minutter"},"schema":{"@context":"https:\/\/schema.org","@graph":[{"@type":"WebPage","@id":"https:\/\/niipit.dk\/spaogsauna\/","url":"https:\/\/niipit.dk\/spaogsauna\/","name":"Spa og Sauna | Alle spa og saunaer leveres samlet og klar til brug.","isPartOf":{"@id":"https:\/\/niipit.dk\/spaogsauna\/#website"},"primaryImageOfPage":{"@id":"https:\/\/niipit.dk\/spaogsauna\/#primaryimage"},"image":{"@id":"https:\/\/niipit.dk\/spaogsauna\/#primaryimage"},"thumbnailUrl":"https:\/\/niipit.dk\/spaogsauna\/wp-content\/uploads\/sites\/727\/2021\/06\/spaogsauna-logo.png","datePublished":"2020-04-10T20:29:34+00:00","dateModified":"2021-06-26T10:54:22+00:00","description":"Vi har mange forskellige st\u00f8rrelser og modeller | Se det store udvalg af din dr\u00f8mme sauna p\u00e5 hjemmesiden lige her","breadcrumb":{"@id":"https:\/\/niipit.dk\/spaogsauna\/#breadcrumb"},"inLanguage":"da-DK","potentialAction":[{"@type":"ReadAction","target":["https:\/\/niipit.dk\/spaogsauna\/"]}]},{"@type":"ImageObject","inLanguage":"da-DK","@id":"https:\/\/niipit.dk\/spaogsauna\/#primaryimage","url":"https:\/\/niipit.dk\/spaogsauna\/wp-content\/uploads\/sites\/727\/2021\/06\/spaogsauna-logo.png","contentUrl":"https:\/\/niipit.dk\/spaogsauna\/wp-content\/uploads\/sites\/727\/2021\/06\/spaogsauna-logo.png"},{"@type":"BreadcrumbList","@id":"https:\/\/niipit.dk\/spaogsauna\/#breadcrumb","itemListElement":[{"@type":"ListItem","position":1,"name":"Hjem","item":"https:\/\/niipit.dk\/spaogsauna\/"},{"@type":"ListItem","position":2,"name":"Forside"}]},{"@type":"WebSite","@id":"https:\/\/niipit.dk\/spaogsauna\/#website","url":"https:\/\/niipit.dk\/spaogsauna\/","name":"Spa &amp; Sauna","description":"Velv\u00e6re for alle","potentialAction":[{"@type":"SearchAction","target":{"@type":"EntryPoint","urlTemplate":"https:\/\/niipit.dk\/spaogsauna\/?s={search_term_string}"},"query-input":{"@type":"PropertyValueSpecification","valueRequired":true,"valueName":"search_term_string"}}],"inLanguage":"da-DK"}]}},"_links":{"self":[{"href":"https:\/\/niipit.dk\/spaogsauna\/wp-json\/wp\/v2\/pages\/5064","targetHints":{"allow":["GET"]}}],"collection":[{"href":"https:\/\/niipit.dk\/spaogsauna\/wp-json\/wp\/v2\/pages"}],"about":[{"href":"https:\/\/niipit.dk\/spaogsauna\/wp-json\/wp\/v2\/types\/page"}],"author":[{"embeddable":true,"href":"https:\/\/niipit.dk\/spaogsauna\/wp-json\/wp\/v2\/users\/1"}],"replies":[{"embeddable":true,"href":"https:\/\/niipit.dk\/spaogsauna\/wp-json\/wp\/v2\/comments?post=5064"}],"version-history":[{"count":5,"href":"https:\/\/niipit.dk\/spaogsauna\/wp-json\/wp\/v2\/pages\/5064\/revisions"}],"predecessor-version":[{"id":5995,"href":"https:\/\/niipit.dk\/spaogsauna\/wp-json\/wp\/v2\/pages\/5064\/revisions\/5995"}],"wp:attachment":[{"href":"https:\/\/niipit.dk\/spaogsauna\/wp-json\/wp\/v2\/media?parent=5064"}],"curies":[{"name":"wp","href":"https:\/\/api.w.org\/{rel}","templated":true}]}}