{"id":5064,"date":"2018-08-10T22:29:34","date_gmt":"2018-08-10T20:29:34","guid":{"rendered":"https:\/\/niipit.dk\/snedker-gert-kruse-shop\/?page_id=5064"},"modified":"2020-01-25T17:27:04","modified_gmt":"2020-01-25T16:27:04","slug":"frontpage","status":"publish","type":"page","link":"https:\/\/niipit.dk\/snedker-gert-kruse\/","title":{"rendered":"Forside"},"content":{"rendered":"\n<h2 class=\"wp-block-heading\">Snedkermester Gert Kruse<\/h2>\n\n\n\n<p>&nbsp;<\/p>\n\n\n\n<p>\u270f\ufe0f Snedkermester med over 20 \u00e5rs erfaring f\u00e5r din opgave sikkert udf\u00f8rt<br> \u270f\ufe0f Ingen af dine opgaver er for sm\u00e5 eller for store<br> \u270f\ufe0f Er det dit gulv der knirker <br> \u270f\ufe0f Skal du have en ny tilbygning<br> \u270f\ufe0f Du f\u00e5r altid kvalitet n\u00e5r du v\u00e6lger S\u00f8nderjyllands Snedkermester Gert Kruse<br>  <strong>Her er nogle af alle de opgaver du kan f\u00e5 udf\u00f8rt <\/strong><br> \u2705 Udskiftning af tag<br> \u2705 Ombygning af k\u00f8kken <br> \u2705 Reparation og l\u00e6gning af gulve<br> \u2705 Tilbygning af udestue <br> \u2705 Facadebekl\u00e6dninger<br> \u2705 Kontorindretning<br> \u2705 Bygning og renovation af trapper<br> \u2705 Tagkonstruktioner<br> \u2705 Istands\u00e6ttelse<br> \u2705 Ombygning af sommerhus<br> \u2705 Indbygningsreoler<br> \u2705 Bygge eller udvide terrassen<br> \u2705 Svampeskader<br> \u2705 Opdele rum eller stue<br> \u2705 Forsikringsskader<br> \u2705 Skift af d\u00f8re og vinduer<br><\/p>\n\n\n\n<p><\/p>\n","protected":false},"excerpt":{"rendered":"<p>Snedkermester Gert Kruse &nbsp; \u270f\ufe0f Snedkermester med over 20 \u00e5rs erfaring f\u00e5r din opgave sikkert udf\u00f8rt \u270f\ufe0f Ingen af dine opgaver er for sm\u00e5 eller for store \u270f\ufe0f Er det dit gulv der knirker \u270f\ufe0f Skal du have en ny tilbygning \u270f\ufe0f Du f\u00e5r altid kvalitet n\u00e5r du v\u00e6lger S\u00f8nderjyllands Snedkermester Gert Kruse Her er <a class=\"moretag btn btn-primary\" href=\"https:\/\/niipit.dk\/snedker-gert-kruse\/\">L\u00e6s mere<\/a><\/p>\n","protected":false},"author":151,"featured_media":0,"parent":0,"menu_order":0,"comment_status":"closed","ping_status":"closed","template":"frontpagePremium.php","meta":{"_exactmetrics_skip_tracking":false,"_exactmetrics_sitenote_active":false,"_exactmetrics_sitenote_note":"","_exactmetrics_sitenote_category":0,"_monsterinsights_skip_tracking":false,"_monsterinsights_sitenote_active":false,"_monsterinsights_sitenote_note":"","_monsterinsights_sitenote_category":0,"footnotes":""},"class_list":["post-5064","page","type-page","status-publish","hentry"],"yoast_head":"<!-- This site is optimized with the Yoast SEO Premium plugin v16.3 (Yoast SEO v27.3) - https:\/\/yoast.com\/product\/yoast-seo-premium-wordpress\/ -->\n<title>Snedkermester Gert Kruse Din snedker i S\u00f8nderjylland Lokal h\u00e5ndv\u00e6rker<\/title>\n<meta name=\"description\" content=\"Snedkermester med over 20 \u00e5rs erfaring. Skal du bruge en snedker i S\u00f8nderjylland s\u00e5 brug en lokalh\u00e5ndv\u00e6rker der ikke g\u00e5r p\u00e5 kompromis med kvaliteten. Se her\" \/>\n<meta name=\"robots\" content=\"index, follow, max-snippet:-1, max-image-preview:large, max-video-preview:-1\" \/>\n<link rel=\"canonical\" href=\"https:\/\/niipit.dk\/snedker-gert-kruse\/\" \/>\n<meta property=\"og:locale\" content=\"da_DK\" \/>\n<meta property=\"og:type\" content=\"article\" \/>\n<meta property=\"og:title\" content=\"Snedkermester Gert Kruse Din snedker i S\u00f8nderjylland Lokal h\u00e5ndv\u00e6rker\" \/>\n<meta property=\"og:description\" content=\"Snedkermester med over 20 \u00e5rs erfaring. Skal du bruge en snedker i S\u00f8nderjylland s\u00e5 brug en lokalh\u00e5ndv\u00e6rker der ikke g\u00e5r p\u00e5 kompromis med kvaliteten. Se her\" \/>\n<meta property=\"og:url\" content=\"https:\/\/niipit.dk\/snedker-gert-kruse\/\" \/>\n<meta property=\"og:site_name\" content=\"Snedkermester Gert Kruse\" \/>\n<meta property=\"article:modified_time\" content=\"2020-01-25T16:27:04+00:00\" \/>\n<meta name=\"twitter:card\" content=\"summary_large_image\" \/>\n<meta name=\"twitter:label1\" content=\"Estimeret l\u00e6setid\" \/>\n\t<meta name=\"twitter:data1\" content=\"1 minut\" \/>\n<script type=\"application\/ld+json\" class=\"yoast-schema-graph\">{\"@context\":\"https:\\\/\\\/schema.org\",\"@graph\":[{\"@type\":\"WebPage\",\"@id\":\"https:\\\/\\\/niipit.dk\\\/snedker-gert-kruse\\\/\",\"url\":\"https:\\\/\\\/niipit.dk\\\/snedker-gert-kruse\\\/\",\"name\":\"Snedkermester Gert Kruse Din snedker i S\u00f8nderjylland Lokal h\u00e5ndv\u00e6rker\",\"isPartOf\":{\"@id\":\"https:\\\/\\\/niipit.dk\\\/snedker-gert-kruse\\\/#website\"},\"datePublished\":\"2018-08-10T20:29:34+00:00\",\"dateModified\":\"2020-01-25T16:27:04+00:00\",\"description\":\"Snedkermester med over 20 \u00e5rs erfaring. Skal du bruge en snedker i S\u00f8nderjylland s\u00e5 brug en lokalh\u00e5ndv\u00e6rker der ikke g\u00e5r p\u00e5 kompromis med kvaliteten. Se her\",\"breadcrumb\":{\"@id\":\"https:\\\/\\\/niipit.dk\\\/snedker-gert-kruse\\\/#breadcrumb\"},\"inLanguage\":\"da-DK\",\"potentialAction\":[{\"@type\":\"ReadAction\",\"target\":[\"https:\\\/\\\/niipit.dk\\\/snedker-gert-kruse\\\/\"]}]},{\"@type\":\"BreadcrumbList\",\"@id\":\"https:\\\/\\\/niipit.dk\\\/snedker-gert-kruse\\\/#breadcrumb\",\"itemListElement\":[{\"@type\":\"ListItem\",\"position\":1,\"name\":\"Hjem\",\"item\":\"https:\\\/\\\/niipit.dk\\\/snedker-gert-kruse\\\/\"},{\"@type\":\"ListItem\",\"position\":2,\"name\":\"Forside\"}]},{\"@type\":\"WebSite\",\"@id\":\"https:\\\/\\\/niipit.dk\\\/snedker-gert-kruse\\\/#website\",\"url\":\"https:\\\/\\\/niipit.dk\\\/snedker-gert-kruse\\\/\",\"name\":\"Snedkermester Gert Kruse\",\"description\":\"F\u00e5 din virksomhed p\u00e5 niipit\",\"potentialAction\":[{\"@type\":\"SearchAction\",\"target\":{\"@type\":\"EntryPoint\",\"urlTemplate\":\"https:\\\/\\\/niipit.dk\\\/snedker-gert-kruse\\\/?s={search_term_string}\"},\"query-input\":{\"@type\":\"PropertyValueSpecification\",\"valueRequired\":true,\"valueName\":\"search_term_string\"}}],\"inLanguage\":\"da-DK\"}]}<\/script>\n<!-- \/ Yoast SEO Premium plugin. -->","yoast_head_json":{"title":"Snedkermester Gert Kruse Din snedker i S\u00f8nderjylland Lokal h\u00e5ndv\u00e6rker","description":"Snedkermester med over 20 \u00e5rs erfaring. Skal du bruge en snedker i S\u00f8nderjylland s\u00e5 brug en lokalh\u00e5ndv\u00e6rker der ikke g\u00e5r p\u00e5 kompromis med kvaliteten. Se her","robots":{"index":"index","follow":"follow","max-snippet":"max-snippet:-1","max-image-preview":"max-image-preview:large","max-video-preview":"max-video-preview:-1"},"canonical":"https:\/\/niipit.dk\/snedker-gert-kruse\/","og_locale":"da_DK","og_type":"article","og_title":"Snedkermester Gert Kruse Din snedker i S\u00f8nderjylland Lokal h\u00e5ndv\u00e6rker","og_description":"Snedkermester med over 20 \u00e5rs erfaring. Skal du bruge en snedker i S\u00f8nderjylland s\u00e5 brug en lokalh\u00e5ndv\u00e6rker der ikke g\u00e5r p\u00e5 kompromis med kvaliteten. Se her","og_url":"https:\/\/niipit.dk\/snedker-gert-kruse\/","og_site_name":"Snedkermester Gert Kruse","article_modified_time":"2020-01-25T16:27:04+00:00","twitter_card":"summary_large_image","twitter_misc":{"Estimeret l\u00e6setid":"1 minut"},"schema":{"@context":"https:\/\/schema.org","@graph":[{"@type":"WebPage","@id":"https:\/\/niipit.dk\/snedker-gert-kruse\/","url":"https:\/\/niipit.dk\/snedker-gert-kruse\/","name":"Snedkermester Gert Kruse Din snedker i S\u00f8nderjylland Lokal h\u00e5ndv\u00e6rker","isPartOf":{"@id":"https:\/\/niipit.dk\/snedker-gert-kruse\/#website"},"datePublished":"2018-08-10T20:29:34+00:00","dateModified":"2020-01-25T16:27:04+00:00","description":"Snedkermester med over 20 \u00e5rs erfaring. Skal du bruge en snedker i S\u00f8nderjylland s\u00e5 brug en lokalh\u00e5ndv\u00e6rker der ikke g\u00e5r p\u00e5 kompromis med kvaliteten. Se her","breadcrumb":{"@id":"https:\/\/niipit.dk\/snedker-gert-kruse\/#breadcrumb"},"inLanguage":"da-DK","potentialAction":[{"@type":"ReadAction","target":["https:\/\/niipit.dk\/snedker-gert-kruse\/"]}]},{"@type":"BreadcrumbList","@id":"https:\/\/niipit.dk\/snedker-gert-kruse\/#breadcrumb","itemListElement":[{"@type":"ListItem","position":1,"name":"Hjem","item":"https:\/\/niipit.dk\/snedker-gert-kruse\/"},{"@type":"ListItem","position":2,"name":"Forside"}]},{"@type":"WebSite","@id":"https:\/\/niipit.dk\/snedker-gert-kruse\/#website","url":"https:\/\/niipit.dk\/snedker-gert-kruse\/","name":"Snedkermester Gert Kruse","description":"F\u00e5 din virksomhed p\u00e5 niipit","potentialAction":[{"@type":"SearchAction","target":{"@type":"EntryPoint","urlTemplate":"https:\/\/niipit.dk\/snedker-gert-kruse\/?s={search_term_string}"},"query-input":{"@type":"PropertyValueSpecification","valueRequired":true,"valueName":"search_term_string"}}],"inLanguage":"da-DK"}]}},"_links":{"self":[{"href":"https:\/\/niipit.dk\/snedker-gert-kruse\/wp-json\/wp\/v2\/pages\/5064","targetHints":{"allow":["GET"]}}],"collection":[{"href":"https:\/\/niipit.dk\/snedker-gert-kruse\/wp-json\/wp\/v2\/pages"}],"about":[{"href":"https:\/\/niipit.dk\/snedker-gert-kruse\/wp-json\/wp\/v2\/types\/page"}],"author":[{"embeddable":true,"href":"https:\/\/niipit.dk\/snedker-gert-kruse\/wp-json\/wp\/v2\/users\/151"}],"replies":[{"embeddable":true,"href":"https:\/\/niipit.dk\/snedker-gert-kruse\/wp-json\/wp\/v2\/comments?post=5064"}],"version-history":[{"count":0,"href":"https:\/\/niipit.dk\/snedker-gert-kruse\/wp-json\/wp\/v2\/pages\/5064\/revisions"}],"wp:attachment":[{"href":"https:\/\/niipit.dk\/snedker-gert-kruse\/wp-json\/wp\/v2\/media?parent=5064"}],"curies":[{"name":"wp","href":"https:\/\/api.w.org\/{rel}","templated":true}]}}