{"id":6416,"date":"2020-02-10T09:14:35","date_gmt":"2020-02-10T08:14:35","guid":{"rendered":"https:\/\/niipit.dk\/smertefys\/?post_type=product&#038;p=6416"},"modified":"2020-02-23T00:21:15","modified_gmt":"2020-02-22T23:21:15","slug":"fysioterapi-og-smertevidenskab","status":"publish","type":"product","link":"https:\/\/niipit.dk\/smertefys\/produkt\/fysioterapi-og-smertevidenskab\/","title":{"rendered":"Fysioterapi og smertevidenskab"},"content":{"rendered":"<h1><span class=\"Apple-converted-space\">\u00a0<\/span>Fysioterapi og smertevidenskab h\u00e5nd i h\u00e5nd<span class=\"Apple-converted-space\">\u00a0<\/span><\/h1>\n<ul>\n<li>Tilgang til behandling af smerter<\/li>\n<li>Smertens ABC<\/li>\n<li>Identificere stressorer<span class=\"Apple-converted-space\">\u00a0<\/span><\/li>\n<li>Stress<\/li>\n<li>Bekymringer<\/li>\n<li>Generel sundhed<\/li>\n<li>Frygt\/angst\/depression\/katastrofet\u00e6nkning\/vrede<\/li>\n<li>Overbevisninger og smerteh\u00e5ndtering<\/li>\n<li>R\u00e5d til en mere smertefri hverdag<\/li>\n<li>Guidelines om bev\u00e6gelse<\/li>\n<li>Opblusninger \u2013 hvorfor og hvad skal du g\u00f8re?<\/li>\n<li>Refleksion over smerter<\/li>\n<\/ul>\n<p>F\u00e5 din E-bog nu og l\u00e6r mere om din krop og smerter<\/p>\n<p><a href=\"https:\/\/smertefys.nu\">Se Smertefys.nu lige her\u00a0<\/a><\/p>\n","protected":false},"excerpt":{"rendered":"<p>\u00a0Fysioterapi og smertevidenskab h\u00e5nd i h\u00e5nd\u00a0 Tilgang til behandling af smerter Smertens ABC Identificere stressorer\u00a0 Stress Bekymringer Generel sundhed Frygt\/angst\/depression\/katastrofet\u00e6nkning\/vrede Overbevisninger og smerteh\u00e5ndtering R\u00e5d til en mere smertefri hverdag Guidelines om bev\u00e6gelse Opblusninger \u2013 hvorfor og hvad skal du g\u00f8re? Refleksion over smerter F\u00e5 din E-bog nu og l\u00e6r mere om din krop og smerter <a class=\"moretag btn btn-primary\" href=\"https:\/\/niipit.dk\/smertefys\/produkt\/fysioterapi-og-smertevidenskab\/\">L\u00e6s mere<\/a><\/p>\n","protected":false},"featured_media":6417,"template":"","meta":{"_exactmetrics_skip_tracking":false,"_exactmetrics_sitenote_active":false,"_exactmetrics_sitenote_note":"","_exactmetrics_sitenote_category":0,"_monsterinsights_skip_tracking":false,"_monsterinsights_sitenote_active":false,"_monsterinsights_sitenote_note":"","_monsterinsights_sitenote_category":0},"product_brand":[],"product_cat":[2170,2168,2169],"product_tag":[],"shoptype":[],"class_list":{"0":"post-6416","1":"product","2":"type-product","3":"status-publish","4":"has-post-thumbnail","6":"product_cat-b4b-freebee","7":"product_cat-find-en-bog","8":"product_cat-freebee","10":"first","11":"instock","12":"downloadable","13":"virtual","14":"purchasable","15":"product-type-simple"},"yoast_head":"<!-- This site is optimized with the Yoast SEO Premium plugin v16.3 (Yoast SEO v27.3) - https:\/\/yoast.com\/product\/yoast-seo-premium-wordpress\/ -->\n<title>Fysioterapi og smertevidenskab | E-BOG | SmerteFysNu<\/title>\n<meta name=\"description\" content=\"Fysioterapi og smertevidenskab | F\u00e5 E-BOGEN lige nu for 0 kr | L\u00e6r med det samme at forst\u00e5 og takle smerter | Bestil bogen og f\u00e5 den omg\u00e5ende p\u00e5 e-mail \u27a4\u27a4\u27a4\" \/>\n<meta name=\"robots\" content=\"index, follow, max-snippet:-1, max-image-preview:large, max-video-preview:-1\" \/>\n<link rel=\"canonical\" href=\"https:\/\/niipit.dk\/smertefys\/produkt\/fysioterapi-og-smertevidenskab\/\" \/>\n<meta property=\"og:locale\" content=\"da_DK\" \/>\n<meta property=\"og:type\" content=\"article\" \/>\n<meta property=\"og:title\" content=\"Fysioterapi og smertevidenskab | E-BOG | SmerteFysNu\" \/>\n<meta property=\"og:description\" content=\"Fysioterapi og smertevidenskab | F\u00e5 E-BOGEN lige nu for 0 kr | L\u00e6r med det samme at forst\u00e5 og takle smerter | Bestil bogen og f\u00e5 den omg\u00e5ende p\u00e5 e-mail \u27a4\u27a4\u27a4\" \/>\n<meta property=\"og:url\" content=\"https:\/\/niipit.dk\/smertefys\/produkt\/fysioterapi-og-smertevidenskab\/\" \/>\n<meta property=\"og:site_name\" content=\"SmerteFysNu\" \/>\n<meta property=\"article:modified_time\" content=\"2020-02-22T23:21:15+00:00\" \/>\n<meta property=\"og:image\" content=\"https:\/\/niipit.dk\/smertefys\/wp-content\/uploads\/sites\/290\/2020\/02\/E-bog-Smertefys.nu_.png\" \/>\n\t<meta property=\"og:image:width\" content=\"896\" \/>\n\t<meta property=\"og:image:height\" content=\"896\" \/>\n\t<meta property=\"og:image:type\" content=\"image\/png\" \/>\n<meta name=\"twitter:card\" content=\"summary_large_image\" \/>\n<script type=\"application\/ld+json\" class=\"yoast-schema-graph\">{\"@context\":\"https:\\\/\\\/schema.org\",\"@graph\":[{\"@type\":\"WebPage\",\"@id\":\"https:\\\/\\\/niipit.dk\\\/smertefys\\\/produkt\\\/fysioterapi-og-smertevidenskab\\\/\",\"url\":\"https:\\\/\\\/niipit.dk\\\/smertefys\\\/produkt\\\/fysioterapi-og-smertevidenskab\\\/\",\"name\":\"Fysioterapi og smertevidenskab | E-BOG | SmerteFysNu\",\"isPartOf\":{\"@id\":\"https:\\\/\\\/niipit.dk\\\/smertefys\\\/#website\"},\"primaryImageOfPage\":{\"@id\":\"https:\\\/\\\/niipit.dk\\\/smertefys\\\/produkt\\\/fysioterapi-og-smertevidenskab\\\/#primaryimage\"},\"image\":{\"@id\":\"https:\\\/\\\/niipit.dk\\\/smertefys\\\/produkt\\\/fysioterapi-og-smertevidenskab\\\/#primaryimage\"},\"thumbnailUrl\":\"https:\\\/\\\/niipit.dk\\\/smertefys\\\/wp-content\\\/uploads\\\/sites\\\/290\\\/2020\\\/02\\\/E-bog-Smertefys.nu_.png\",\"datePublished\":\"2020-02-10T08:14:35+00:00\",\"dateModified\":\"2020-02-22T23:21:15+00:00\",\"description\":\"Fysioterapi og smertevidenskab | F\u00e5 E-BOGEN lige nu for 0 kr | L\u00e6r med det samme at forst\u00e5 og takle smerter | Bestil bogen og f\u00e5 den omg\u00e5ende p\u00e5 e-mail \u27a4\u27a4\u27a4\",\"breadcrumb\":{\"@id\":\"https:\\\/\\\/niipit.dk\\\/smertefys\\\/produkt\\\/fysioterapi-og-smertevidenskab\\\/#breadcrumb\"},\"inLanguage\":\"da-DK\",\"potentialAction\":[{\"@type\":\"ReadAction\",\"target\":[\"https:\\\/\\\/niipit.dk\\\/smertefys\\\/produkt\\\/fysioterapi-og-smertevidenskab\\\/\"]}]},{\"@type\":\"ImageObject\",\"inLanguage\":\"da-DK\",\"@id\":\"https:\\\/\\\/niipit.dk\\\/smertefys\\\/produkt\\\/fysioterapi-og-smertevidenskab\\\/#primaryimage\",\"url\":\"https:\\\/\\\/niipit.dk\\\/smertefys\\\/wp-content\\\/uploads\\\/sites\\\/290\\\/2020\\\/02\\\/E-bog-Smertefys.nu_.png\",\"contentUrl\":\"https:\\\/\\\/niipit.dk\\\/smertefys\\\/wp-content\\\/uploads\\\/sites\\\/290\\\/2020\\\/02\\\/E-bog-Smertefys.nu_.png\",\"width\":896,\"height\":896,\"caption\":\"E-bog Smertefys.nu\"},{\"@type\":\"BreadcrumbList\",\"@id\":\"https:\\\/\\\/niipit.dk\\\/smertefys\\\/produkt\\\/fysioterapi-og-smertevidenskab\\\/#breadcrumb\",\"itemListElement\":[{\"@type\":\"ListItem\",\"position\":1,\"name\":\"Hjem\",\"item\":\"https:\\\/\\\/niipit.dk\\\/smertefys\\\/\"},{\"@type\":\"ListItem\",\"position\":2,\"name\":\"Shop\",\"item\":\"https:\\\/\\\/niipit.dk\\\/smertefys\\\/?page_id=6412\"},{\"@type\":\"ListItem\",\"position\":3,\"name\":\"Fysioterapi og smertevidenskab\"}]},{\"@type\":\"WebSite\",\"@id\":\"https:\\\/\\\/niipit.dk\\\/smertefys\\\/#website\",\"url\":\"https:\\\/\\\/niipit.dk\\\/smertefys\\\/\",\"name\":\"SmerteFysNu\",\"description\":\"F\u00e5 din virksomhed p\u00e5 niipit\",\"potentialAction\":[{\"@type\":\"SearchAction\",\"target\":{\"@type\":\"EntryPoint\",\"urlTemplate\":\"https:\\\/\\\/niipit.dk\\\/smertefys\\\/?s={search_term_string}\"},\"query-input\":{\"@type\":\"PropertyValueSpecification\",\"valueRequired\":true,\"valueName\":\"search_term_string\"}}],\"inLanguage\":\"da-DK\"}]}<\/script>\n<!-- \/ Yoast SEO Premium plugin. -->","yoast_head_json":{"title":"Fysioterapi og smertevidenskab | E-BOG | SmerteFysNu","description":"Fysioterapi og smertevidenskab | F\u00e5 E-BOGEN lige nu for 0 kr | L\u00e6r med det samme at forst\u00e5 og takle smerter | Bestil bogen og f\u00e5 den omg\u00e5ende p\u00e5 e-mail \u27a4\u27a4\u27a4","robots":{"index":"index","follow":"follow","max-snippet":"max-snippet:-1","max-image-preview":"max-image-preview:large","max-video-preview":"max-video-preview:-1"},"canonical":"https:\/\/niipit.dk\/smertefys\/produkt\/fysioterapi-og-smertevidenskab\/","og_locale":"da_DK","og_type":"article","og_title":"Fysioterapi og smertevidenskab | E-BOG | SmerteFysNu","og_description":"Fysioterapi og smertevidenskab | F\u00e5 E-BOGEN lige nu for 0 kr | L\u00e6r med det samme at forst\u00e5 og takle smerter | Bestil bogen og f\u00e5 den omg\u00e5ende p\u00e5 e-mail \u27a4\u27a4\u27a4","og_url":"https:\/\/niipit.dk\/smertefys\/produkt\/fysioterapi-og-smertevidenskab\/","og_site_name":"SmerteFysNu","article_modified_time":"2020-02-22T23:21:15+00:00","og_image":[{"width":896,"height":896,"url":"https:\/\/niipit.dk\/smertefys\/wp-content\/uploads\/sites\/290\/2020\/02\/E-bog-Smertefys.nu_.png","type":"image\/png"}],"twitter_card":"summary_large_image","schema":{"@context":"https:\/\/schema.org","@graph":[{"@type":"WebPage","@id":"https:\/\/niipit.dk\/smertefys\/produkt\/fysioterapi-og-smertevidenskab\/","url":"https:\/\/niipit.dk\/smertefys\/produkt\/fysioterapi-og-smertevidenskab\/","name":"Fysioterapi og smertevidenskab | E-BOG | SmerteFysNu","isPartOf":{"@id":"https:\/\/niipit.dk\/smertefys\/#website"},"primaryImageOfPage":{"@id":"https:\/\/niipit.dk\/smertefys\/produkt\/fysioterapi-og-smertevidenskab\/#primaryimage"},"image":{"@id":"https:\/\/niipit.dk\/smertefys\/produkt\/fysioterapi-og-smertevidenskab\/#primaryimage"},"thumbnailUrl":"https:\/\/niipit.dk\/smertefys\/wp-content\/uploads\/sites\/290\/2020\/02\/E-bog-Smertefys.nu_.png","datePublished":"2020-02-10T08:14:35+00:00","dateModified":"2020-02-22T23:21:15+00:00","description":"Fysioterapi og smertevidenskab | F\u00e5 E-BOGEN lige nu for 0 kr | L\u00e6r med det samme at forst\u00e5 og takle smerter | Bestil bogen og f\u00e5 den omg\u00e5ende p\u00e5 e-mail \u27a4\u27a4\u27a4","breadcrumb":{"@id":"https:\/\/niipit.dk\/smertefys\/produkt\/fysioterapi-og-smertevidenskab\/#breadcrumb"},"inLanguage":"da-DK","potentialAction":[{"@type":"ReadAction","target":["https:\/\/niipit.dk\/smertefys\/produkt\/fysioterapi-og-smertevidenskab\/"]}]},{"@type":"ImageObject","inLanguage":"da-DK","@id":"https:\/\/niipit.dk\/smertefys\/produkt\/fysioterapi-og-smertevidenskab\/#primaryimage","url":"https:\/\/niipit.dk\/smertefys\/wp-content\/uploads\/sites\/290\/2020\/02\/E-bog-Smertefys.nu_.png","contentUrl":"https:\/\/niipit.dk\/smertefys\/wp-content\/uploads\/sites\/290\/2020\/02\/E-bog-Smertefys.nu_.png","width":896,"height":896,"caption":"E-bog Smertefys.nu"},{"@type":"BreadcrumbList","@id":"https:\/\/niipit.dk\/smertefys\/produkt\/fysioterapi-og-smertevidenskab\/#breadcrumb","itemListElement":[{"@type":"ListItem","position":1,"name":"Hjem","item":"https:\/\/niipit.dk\/smertefys\/"},{"@type":"ListItem","position":2,"name":"Shop","item":"https:\/\/niipit.dk\/smertefys\/?page_id=6412"},{"@type":"ListItem","position":3,"name":"Fysioterapi og smertevidenskab"}]},{"@type":"WebSite","@id":"https:\/\/niipit.dk\/smertefys\/#website","url":"https:\/\/niipit.dk\/smertefys\/","name":"SmerteFysNu","description":"F\u00e5 din virksomhed p\u00e5 niipit","potentialAction":[{"@type":"SearchAction","target":{"@type":"EntryPoint","urlTemplate":"https:\/\/niipit.dk\/smertefys\/?s={search_term_string}"},"query-input":{"@type":"PropertyValueSpecification","valueRequired":true,"valueName":"search_term_string"}}],"inLanguage":"da-DK"}]}},"_links":{"self":[{"href":"https:\/\/niipit.dk\/smertefys\/wp-json\/wp\/v2\/product\/6416","targetHints":{"allow":["GET"]}}],"collection":[{"href":"https:\/\/niipit.dk\/smertefys\/wp-json\/wp\/v2\/product"}],"about":[{"href":"https:\/\/niipit.dk\/smertefys\/wp-json\/wp\/v2\/types\/product"}],"wp:featuredmedia":[{"embeddable":true,"href":"https:\/\/niipit.dk\/smertefys\/wp-json\/wp\/v2\/media\/6417"}],"wp:attachment":[{"href":"https:\/\/niipit.dk\/smertefys\/wp-json\/wp\/v2\/media?parent=6416"}],"wp:term":[{"taxonomy":"product_brand","embeddable":true,"href":"https:\/\/niipit.dk\/smertefys\/wp-json\/wp\/v2\/product_brand?post=6416"},{"taxonomy":"product_cat","embeddable":true,"href":"https:\/\/niipit.dk\/smertefys\/wp-json\/wp\/v2\/product_cat?post=6416"},{"taxonomy":"product_tag","embeddable":true,"href":"https:\/\/niipit.dk\/smertefys\/wp-json\/wp\/v2\/product_tag?post=6416"},{"taxonomy":"shoptype","embeddable":true,"href":"https:\/\/niipit.dk\/smertefys\/wp-json\/wp\/v2\/shoptype?post=6416"}],"curies":[{"name":"wp","href":"https:\/\/api.w.org\/{rel}","templated":true}]}}