{"id":5064,"date":"2018-08-10T22:29:34","date_gmt":"2018-08-10T20:29:34","guid":{"rendered":"https:\/\/niipit.dk\/smertefys-shop\/?page_id=5064"},"modified":"2021-03-16T10:02:27","modified_gmt":"2021-03-16T09:02:27","slug":"frontpage","status":"publish","type":"page","link":"https:\/\/niipit.dk\/smertefys\/","title":{"rendered":"Forside"},"content":{"rendered":"\n<p>&#8220;Smertefys.nu er en fysioterapeutisk klinik der for tiden best\u00e5r af enkelt behandler (Thomas Vain-Nielsen). <br>Klinikken er centralt beliggende og med speciale inden for kroniske smerter f\u00e5r man som klient den bedste fysioterapi i K\u00f8benhavn som man kan f\u00e5. <\/p>\n\n\n\n<p>Det er klinikkens kernev\u00e6rdi, at uddannelse og viden om smerter er en n\u00f8dvendighed for at kunne sikre den bedste behandling. For husk p\u00e5, jo st\u00f8rre viden der er om dine smerter, desto bedre kan de ogs\u00e5 behandles. Det betyder, at der hurtigt kan frav\u00e6lges hvilke behandlinger der ikke har den store videnskab bag sig. <\/p>\n\n\n\n<p>Udover kroniske smerter er den fysioterapi der bliver tilbudt ogs\u00e5 rettet mod is\u00e6r elite-idr\u00e6tsud\u00f8vere (l\u00f8bere, fodboldspillere osv.). Her kommer den store erfaring fra bl.a. Team Danmark, diverse sportshold samt forskellige kurser til gode. <\/p>\n\n\n\n<p>Du kan altid bestille tid og komme ind for blive screenet s\u00e5 du kender b\u00e5de dine styrker og svagheder, s\u00e5 du kan tr\u00e6ne p\u00e5 de ting, som du har sv\u00e6rt ved. <\/p>\n\n\n\n<p>Hvis du har sv\u00e6rt ved at g\u00e5, er h\u00f8jgravid eller har n\u00e5et alderen med balance-problemer, s\u00e5 tilbyder klinikken ogs\u00e5 hjemmebehandling. Mange klienter er glade for at have muligheden for at f\u00e5 behandling i hjemmet fordi det giver mulighed for, at alle kan f\u00e5 fysioterapi. Hjemmebehandling kan v\u00e6re enten i din egen bolig, p\u00e5 et plejehjem eller p\u00e5 et hospital (s\u00e5 l\u00e6nge det ligger inden for 3 kilometer af klinikken). <\/p>\n\n\n\n<p>En stor fordel ved Smertefys.nu er, at der tilbydes akut fysioterapi til dem der har brug for det. Det vil sige, at hvis du f\u00e5r et meget kraftigt hold i ryggen om mandagen, s\u00e5 er der stor sandsynlighed for, at du allerede kan f\u00e5 en tid samme dag eller dagen efter. P\u00e5 den m\u00e5de slipper du for at g\u00e5 rundt med irriterende smerter i lang tid. <\/p>\n\n\n\n<p>De fleksible \u00e5bningstider g\u00f8r, at du som klient kan komme til s\u00e5 tidligt som klokken 7 om morgen og s\u00e5 sent som klokken 20 om aften. <\/p>\n\n\n\n<p>Det g\u00f8r, at du fortsat kan g\u00e5 p\u00e5 arbejde og passe dit normale liv ved siden af uden at bliver forstyrret af at skulle til fysioterapeut.&#8221;<\/p>\n","protected":false},"excerpt":{"rendered":"<p>&#8220;Smertefys.nu er en fysioterapeutisk klinik der for tiden best\u00e5r af enkelt behandler (Thomas Vain-Nielsen). Klinikken er centralt beliggende og med speciale inden for kroniske smerter f\u00e5r man som klient den bedste fysioterapi i K\u00f8benhavn som man kan f\u00e5. Det er klinikkens kernev\u00e6rdi, at uddannelse og viden om smerter er en n\u00f8dvendighed for at kunne sikre <a class=\"moretag btn btn-primary\" href=\"https:\/\/niipit.dk\/smertefys\/\">L\u00e6s mere<\/a><\/p>\n","protected":false},"author":1,"featured_media":0,"parent":0,"menu_order":0,"comment_status":"closed","ping_status":"closed","template":"frontpagePremium.php","meta":{"_exactmetrics_skip_tracking":false,"_exactmetrics_sitenote_active":false,"_exactmetrics_sitenote_note":"","_exactmetrics_sitenote_category":0,"_monsterinsights_skip_tracking":false,"_monsterinsights_sitenote_active":false,"_monsterinsights_sitenote_note":"","_monsterinsights_sitenote_category":0,"footnotes":""},"class_list":["post-5064","page","type-page","status-publish","hentry"],"yoast_head":"<!-- This site is optimized with the Yoast SEO Premium plugin v16.3 (Yoast SEO v27.3) - https:\/\/yoast.com\/product\/yoast-seo-premium-wordpress\/ -->\n<title>Fysioterapi i K\u00f8benhavn - SmerteFysNu - G\u00e5r du rundt med smerter?<\/title>\n<meta name=\"description\" content=\"Fysioterapi i K\u00f8benhavn hos Smertefys.nu ved N\u00f8rreport sikrer den bedste hj\u00e6lp mod smerter. Du f\u00e5r bl.a. hj\u00e6lp med hjemmebehandling og akut fysioterapi\" \/>\n<meta name=\"robots\" content=\"index, follow, max-snippet:-1, max-image-preview:large, max-video-preview:-1\" \/>\n<link rel=\"canonical\" href=\"https:\/\/niipit.dk\/smertefys\/\" \/>\n<meta property=\"og:locale\" content=\"da_DK\" \/>\n<meta property=\"og:type\" content=\"article\" \/>\n<meta property=\"og:title\" content=\"Fysioterapi i K\u00f8benhavn - SmerteFysNu - G\u00e5r du rundt med smerter?\" \/>\n<meta property=\"og:description\" content=\"Fysioterapi i K\u00f8benhavn hos Smertefys.nu ved N\u00f8rreport sikrer den bedste hj\u00e6lp mod smerter. Du f\u00e5r bl.a. hj\u00e6lp med hjemmebehandling og akut fysioterapi\" \/>\n<meta property=\"og:url\" content=\"https:\/\/niipit.dk\/smertefys\/\" \/>\n<meta property=\"og:site_name\" content=\"SmerteFysNu\" \/>\n<meta property=\"article:modified_time\" content=\"2021-03-16T09:02:27+00:00\" \/>\n<meta property=\"og:image\" content=\"https:\/\/niipit.dk\/smertefys\/wp-content\/uploads\/sites\/290\/2019\/09\/SmerteFysNu-Fysioterapi-i-k\u00f8benhavn-k.png\" \/>\n\t<meta property=\"og:image:width\" content=\"1280\" \/>\n\t<meta property=\"og:image:height\" content=\"539\" \/>\n\t<meta property=\"og:image:type\" content=\"image\/png\" \/>\n<meta name=\"twitter:card\" content=\"summary_large_image\" \/>\n<meta name=\"twitter:label1\" content=\"Estimeret l\u00e6setid\" \/>\n\t<meta name=\"twitter:data1\" content=\"2 minutter\" \/>\n<script type=\"application\/ld+json\" class=\"yoast-schema-graph\">{\"@context\":\"https:\\\/\\\/schema.org\",\"@graph\":[{\"@type\":\"WebPage\",\"@id\":\"https:\\\/\\\/niipit.dk\\\/smertefys\\\/\",\"url\":\"https:\\\/\\\/niipit.dk\\\/smertefys\\\/\",\"name\":\"Fysioterapi i K\u00f8benhavn - SmerteFysNu - G\u00e5r du rundt med smerter?\",\"isPartOf\":{\"@id\":\"https:\\\/\\\/niipit.dk\\\/smertefys\\\/#website\"},\"datePublished\":\"2018-08-10T20:29:34+00:00\",\"dateModified\":\"2021-03-16T09:02:27+00:00\",\"description\":\"Fysioterapi i K\u00f8benhavn hos Smertefys.nu ved N\u00f8rreport sikrer den bedste hj\u00e6lp mod smerter. Du f\u00e5r bl.a. hj\u00e6lp med hjemmebehandling og akut fysioterapi\",\"breadcrumb\":{\"@id\":\"https:\\\/\\\/niipit.dk\\\/smertefys\\\/#breadcrumb\"},\"inLanguage\":\"da-DK\",\"potentialAction\":[{\"@type\":\"ReadAction\",\"target\":[\"https:\\\/\\\/niipit.dk\\\/smertefys\\\/\"]}]},{\"@type\":\"BreadcrumbList\",\"@id\":\"https:\\\/\\\/niipit.dk\\\/smertefys\\\/#breadcrumb\",\"itemListElement\":[{\"@type\":\"ListItem\",\"position\":1,\"name\":\"Hjem\",\"item\":\"https:\\\/\\\/niipit.dk\\\/smertefys\\\/\"},{\"@type\":\"ListItem\",\"position\":2,\"name\":\"Forside\"}]},{\"@type\":\"WebSite\",\"@id\":\"https:\\\/\\\/niipit.dk\\\/smertefys\\\/#website\",\"url\":\"https:\\\/\\\/niipit.dk\\\/smertefys\\\/\",\"name\":\"SmerteFysNu\",\"description\":\"F\u00e5 din virksomhed p\u00e5 niipit\",\"potentialAction\":[{\"@type\":\"SearchAction\",\"target\":{\"@type\":\"EntryPoint\",\"urlTemplate\":\"https:\\\/\\\/niipit.dk\\\/smertefys\\\/?s={search_term_string}\"},\"query-input\":{\"@type\":\"PropertyValueSpecification\",\"valueRequired\":true,\"valueName\":\"search_term_string\"}}],\"inLanguage\":\"da-DK\"}]}<\/script>\n<!-- \/ Yoast SEO Premium plugin. -->","yoast_head_json":{"title":"Fysioterapi i K\u00f8benhavn - SmerteFysNu - G\u00e5r du rundt med smerter?","description":"Fysioterapi i K\u00f8benhavn hos Smertefys.nu ved N\u00f8rreport sikrer den bedste hj\u00e6lp mod smerter. Du f\u00e5r bl.a. hj\u00e6lp med hjemmebehandling og akut fysioterapi","robots":{"index":"index","follow":"follow","max-snippet":"max-snippet:-1","max-image-preview":"max-image-preview:large","max-video-preview":"max-video-preview:-1"},"canonical":"https:\/\/niipit.dk\/smertefys\/","og_locale":"da_DK","og_type":"article","og_title":"Fysioterapi i K\u00f8benhavn - SmerteFysNu - G\u00e5r du rundt med smerter?","og_description":"Fysioterapi i K\u00f8benhavn hos Smertefys.nu ved N\u00f8rreport sikrer den bedste hj\u00e6lp mod smerter. Du f\u00e5r bl.a. hj\u00e6lp med hjemmebehandling og akut fysioterapi","og_url":"https:\/\/niipit.dk\/smertefys\/","og_site_name":"SmerteFysNu","article_modified_time":"2021-03-16T09:02:27+00:00","og_image":[{"width":1280,"height":539,"url":"https:\/\/niipit.dk\/smertefys\/wp-content\/uploads\/sites\/290\/2019\/09\/SmerteFysNu-Fysioterapi-i-k\u00f8benhavn-k.png","type":"image\/png"}],"twitter_card":"summary_large_image","twitter_misc":{"Estimeret l\u00e6setid":"2 minutter"},"schema":{"@context":"https:\/\/schema.org","@graph":[{"@type":"WebPage","@id":"https:\/\/niipit.dk\/smertefys\/","url":"https:\/\/niipit.dk\/smertefys\/","name":"Fysioterapi i K\u00f8benhavn - SmerteFysNu - G\u00e5r du rundt med smerter?","isPartOf":{"@id":"https:\/\/niipit.dk\/smertefys\/#website"},"datePublished":"2018-08-10T20:29:34+00:00","dateModified":"2021-03-16T09:02:27+00:00","description":"Fysioterapi i K\u00f8benhavn hos Smertefys.nu ved N\u00f8rreport sikrer den bedste hj\u00e6lp mod smerter. Du f\u00e5r bl.a. hj\u00e6lp med hjemmebehandling og akut fysioterapi","breadcrumb":{"@id":"https:\/\/niipit.dk\/smertefys\/#breadcrumb"},"inLanguage":"da-DK","potentialAction":[{"@type":"ReadAction","target":["https:\/\/niipit.dk\/smertefys\/"]}]},{"@type":"BreadcrumbList","@id":"https:\/\/niipit.dk\/smertefys\/#breadcrumb","itemListElement":[{"@type":"ListItem","position":1,"name":"Hjem","item":"https:\/\/niipit.dk\/smertefys\/"},{"@type":"ListItem","position":2,"name":"Forside"}]},{"@type":"WebSite","@id":"https:\/\/niipit.dk\/smertefys\/#website","url":"https:\/\/niipit.dk\/smertefys\/","name":"SmerteFysNu","description":"F\u00e5 din virksomhed p\u00e5 niipit","potentialAction":[{"@type":"SearchAction","target":{"@type":"EntryPoint","urlTemplate":"https:\/\/niipit.dk\/smertefys\/?s={search_term_string}"},"query-input":{"@type":"PropertyValueSpecification","valueRequired":true,"valueName":"search_term_string"}}],"inLanguage":"da-DK"}]}},"_links":{"self":[{"href":"https:\/\/niipit.dk\/smertefys\/wp-json\/wp\/v2\/pages\/5064","targetHints":{"allow":["GET"]}}],"collection":[{"href":"https:\/\/niipit.dk\/smertefys\/wp-json\/wp\/v2\/pages"}],"about":[{"href":"https:\/\/niipit.dk\/smertefys\/wp-json\/wp\/v2\/types\/page"}],"author":[{"embeddable":true,"href":"https:\/\/niipit.dk\/smertefys\/wp-json\/wp\/v2\/users\/1"}],"replies":[{"embeddable":true,"href":"https:\/\/niipit.dk\/smertefys\/wp-json\/wp\/v2\/comments?post=5064"}],"version-history":[{"count":1,"href":"https:\/\/niipit.dk\/smertefys\/wp-json\/wp\/v2\/pages\/5064\/revisions"}],"predecessor-version":[{"id":6661,"href":"https:\/\/niipit.dk\/smertefys\/wp-json\/wp\/v2\/pages\/5064\/revisions\/6661"}],"wp:attachment":[{"href":"https:\/\/niipit.dk\/smertefys\/wp-json\/wp\/v2\/media?parent=5064"}],"curies":[{"name":"wp","href":"https:\/\/api.w.org\/{rel}","templated":true}]}}