{"id":5708,"date":"2019-05-13T18:07:51","date_gmt":"2019-05-13T16:07:51","guid":{"rendered":"https:\/\/niipit.dk\/slukefter-kro\/?page_id=5708"},"modified":"2019-12-23T22:03:34","modified_gmt":"2019-12-23T21:03:34","slug":"video","status":"publish","type":"page","link":"https:\/\/niipit.dk\/slukefter-kro\/video\/","title":{"rendered":"Video"},"content":{"rendered":"","protected":false},"excerpt":{"rendered":"","protected":false},"author":1,"featured_media":0,"parent":0,"menu_order":0,"comment_status":"closed","ping_status":"closed","template":"","meta":{"_exactmetrics_skip_tracking":false,"_exactmetrics_sitenote_active":false,"_exactmetrics_sitenote_note":"","_exactmetrics_sitenote_category":0,"_monsterinsights_skip_tracking":false,"_monsterinsights_sitenote_active":false,"_monsterinsights_sitenote_note":"","_monsterinsights_sitenote_category":0,"footnotes":""},"class_list":["post-5708","page","type-page","status-publish","hentry"],"yoast_head":"<!-- This site is optimized with the Yoast SEO Premium plugin v16.3 (Yoast SEO v27.3) - https:\/\/yoast.com\/product\/yoast-seo-premium-wordpress\/ -->\n<title>Video - Se film fra Slukefter Kro p\u00e5 vores Niipit Virksomhedsprofil<\/title>\n<meta name=\"description\" content=\"Video omr\u00e5det fra Slukefter Kro viser dig nogle af vores bedste varer - se med her og blive klogere p\u00e5 hvem Slukefter Kro er og hvordan vi kan hj\u00e6lpe dig\" \/>\n<meta name=\"robots\" content=\"index, follow, max-snippet:-1, max-image-preview:large, max-video-preview:-1\" \/>\n<link rel=\"canonical\" href=\"https:\/\/niipit.dk\/slukefter-kro\/video\/\" \/>\n<meta property=\"og:locale\" content=\"da_DK\" \/>\n<meta property=\"og:type\" content=\"article\" \/>\n<meta property=\"og:title\" content=\"Video - Se film fra Slukefter Kro p\u00e5 vores Niipit Virksomhedsprofil\" \/>\n<meta property=\"og:description\" content=\"Video omr\u00e5det fra Slukefter Kro viser dig nogle af vores bedste varer - se med her og blive klogere p\u00e5 hvem Slukefter Kro er og hvordan vi kan hj\u00e6lpe dig\" \/>\n<meta property=\"og:url\" content=\"https:\/\/niipit.dk\/slukefter-kro\/video\/\" \/>\n<meta property=\"og:site_name\" content=\"Slukefter Kro\" \/>\n<meta property=\"article:modified_time\" content=\"2019-12-23T21:03:34+00:00\" \/>\n<meta name=\"twitter:card\" content=\"summary_large_image\" \/>\n<script type=\"application\/ld+json\" class=\"yoast-schema-graph\">{\"@context\":\"https:\\\/\\\/schema.org\",\"@graph\":[{\"@type\":\"WebPage\",\"@id\":\"https:\\\/\\\/niipit.dk\\\/slukefter-kro\\\/video\\\/\",\"url\":\"https:\\\/\\\/niipit.dk\\\/slukefter-kro\\\/video\\\/\",\"name\":\"Video - Se film fra Slukefter Kro p\u00e5 vores Niipit Virksomhedsprofil\",\"isPartOf\":{\"@id\":\"https:\\\/\\\/niipit.dk\\\/slukefter-kro\\\/#website\"},\"datePublished\":\"2019-05-13T16:07:51+00:00\",\"dateModified\":\"2019-12-23T21:03:34+00:00\",\"description\":\"Video omr\u00e5det fra Slukefter Kro viser dig nogle af vores bedste varer - se med her og blive klogere p\u00e5 hvem Slukefter Kro er og hvordan vi kan hj\u00e6lpe dig\",\"breadcrumb\":{\"@id\":\"https:\\\/\\\/niipit.dk\\\/slukefter-kro\\\/video\\\/#breadcrumb\"},\"inLanguage\":\"da-DK\",\"potentialAction\":[{\"@type\":\"ReadAction\",\"target\":[\"https:\\\/\\\/niipit.dk\\\/slukefter-kro\\\/video\\\/\"]}]},{\"@type\":\"BreadcrumbList\",\"@id\":\"https:\\\/\\\/niipit.dk\\\/slukefter-kro\\\/video\\\/#breadcrumb\",\"itemListElement\":[{\"@type\":\"ListItem\",\"position\":1,\"name\":\"Hjem\",\"item\":\"https:\\\/\\\/niipit.dk\\\/slukefter-kro\\\/\"},{\"@type\":\"ListItem\",\"position\":2,\"name\":\"Video\"}]},{\"@type\":\"WebSite\",\"@id\":\"https:\\\/\\\/niipit.dk\\\/slukefter-kro\\\/#website\",\"url\":\"https:\\\/\\\/niipit.dk\\\/slukefter-kro\\\/\",\"name\":\"Slukefter Kro\",\"description\":\"Find din n\u00e6ste overnatning med Niipit.dk\",\"potentialAction\":[{\"@type\":\"SearchAction\",\"target\":{\"@type\":\"EntryPoint\",\"urlTemplate\":\"https:\\\/\\\/niipit.dk\\\/slukefter-kro\\\/?s={search_term_string}\"},\"query-input\":{\"@type\":\"PropertyValueSpecification\",\"valueRequired\":true,\"valueName\":\"search_term_string\"}}],\"inLanguage\":\"da-DK\"}]}<\/script>\n<!-- \/ Yoast SEO Premium plugin. -->","yoast_head_json":{"title":"Video - Se film fra Slukefter Kro p\u00e5 vores Niipit Virksomhedsprofil","description":"Video omr\u00e5det fra Slukefter Kro viser dig nogle af vores bedste varer - se med her og blive klogere p\u00e5 hvem Slukefter Kro er og hvordan vi kan hj\u00e6lpe dig","robots":{"index":"index","follow":"follow","max-snippet":"max-snippet:-1","max-image-preview":"max-image-preview:large","max-video-preview":"max-video-preview:-1"},"canonical":"https:\/\/niipit.dk\/slukefter-kro\/video\/","og_locale":"da_DK","og_type":"article","og_title":"Video - Se film fra Slukefter Kro p\u00e5 vores Niipit Virksomhedsprofil","og_description":"Video omr\u00e5det fra Slukefter Kro viser dig nogle af vores bedste varer - se med her og blive klogere p\u00e5 hvem Slukefter Kro er og hvordan vi kan hj\u00e6lpe dig","og_url":"https:\/\/niipit.dk\/slukefter-kro\/video\/","og_site_name":"Slukefter Kro","article_modified_time":"2019-12-23T21:03:34+00:00","twitter_card":"summary_large_image","schema":{"@context":"https:\/\/schema.org","@graph":[{"@type":"WebPage","@id":"https:\/\/niipit.dk\/slukefter-kro\/video\/","url":"https:\/\/niipit.dk\/slukefter-kro\/video\/","name":"Video - Se film fra Slukefter Kro p\u00e5 vores Niipit Virksomhedsprofil","isPartOf":{"@id":"https:\/\/niipit.dk\/slukefter-kro\/#website"},"datePublished":"2019-05-13T16:07:51+00:00","dateModified":"2019-12-23T21:03:34+00:00","description":"Video omr\u00e5det fra Slukefter Kro viser dig nogle af vores bedste varer - se med her og blive klogere p\u00e5 hvem Slukefter Kro er og hvordan vi kan hj\u00e6lpe dig","breadcrumb":{"@id":"https:\/\/niipit.dk\/slukefter-kro\/video\/#breadcrumb"},"inLanguage":"da-DK","potentialAction":[{"@type":"ReadAction","target":["https:\/\/niipit.dk\/slukefter-kro\/video\/"]}]},{"@type":"BreadcrumbList","@id":"https:\/\/niipit.dk\/slukefter-kro\/video\/#breadcrumb","itemListElement":[{"@type":"ListItem","position":1,"name":"Hjem","item":"https:\/\/niipit.dk\/slukefter-kro\/"},{"@type":"ListItem","position":2,"name":"Video"}]},{"@type":"WebSite","@id":"https:\/\/niipit.dk\/slukefter-kro\/#website","url":"https:\/\/niipit.dk\/slukefter-kro\/","name":"Slukefter Kro","description":"Find din n\u00e6ste overnatning med Niipit.dk","potentialAction":[{"@type":"SearchAction","target":{"@type":"EntryPoint","urlTemplate":"https:\/\/niipit.dk\/slukefter-kro\/?s={search_term_string}"},"query-input":{"@type":"PropertyValueSpecification","valueRequired":true,"valueName":"search_term_string"}}],"inLanguage":"da-DK"}]}},"_links":{"self":[{"href":"https:\/\/niipit.dk\/slukefter-kro\/wp-json\/wp\/v2\/pages\/5708","targetHints":{"allow":["GET"]}}],"collection":[{"href":"https:\/\/niipit.dk\/slukefter-kro\/wp-json\/wp\/v2\/pages"}],"about":[{"href":"https:\/\/niipit.dk\/slukefter-kro\/wp-json\/wp\/v2\/types\/page"}],"author":[{"embeddable":true,"href":"https:\/\/niipit.dk\/slukefter-kro\/wp-json\/wp\/v2\/users\/1"}],"replies":[{"embeddable":true,"href":"https:\/\/niipit.dk\/slukefter-kro\/wp-json\/wp\/v2\/comments?post=5708"}],"version-history":[{"count":0,"href":"https:\/\/niipit.dk\/slukefter-kro\/wp-json\/wp\/v2\/pages\/5708\/revisions"}],"wp:attachment":[{"href":"https:\/\/niipit.dk\/slukefter-kro\/wp-json\/wp\/v2\/media?parent=5708"}],"curies":[{"name":"wp","href":"https:\/\/api.w.org\/{rel}","templated":true}]}}