{"id":5064,"date":"2018-08-10T22:29:34","date_gmt":"2018-08-10T20:29:34","guid":{"rendered":"https:\/\/niipit.dk\/slukefter-kro-shop\/?page_id=5064"},"modified":"2021-03-09T13:12:57","modified_gmt":"2021-03-09T12:12:57","slug":"frontpage","status":"publish","type":"page","link":"https:\/\/niipit.dk\/slukefter-kro\/","title":{"rendered":"SLUKEFTER KRO"},"content":{"rendered":"\n<h3 class=\"wp-block-heading\"><\/h3>\n","protected":false},"excerpt":{"rendered":"","protected":false},"author":1,"featured_media":0,"parent":0,"menu_order":0,"comment_status":"closed","ping_status":"closed","template":"frontpagePremium.php","meta":{"_exactmetrics_skip_tracking":false,"_exactmetrics_sitenote_active":false,"_exactmetrics_sitenote_note":"","_exactmetrics_sitenote_category":0,"_monsterinsights_skip_tracking":false,"_monsterinsights_sitenote_active":false,"_monsterinsights_sitenote_note":"","_monsterinsights_sitenote_category":0,"footnotes":""},"class_list":["post-5064","page","type-page","status-publish","hentry"],"yoast_head":"<!-- This site is optimized with the Yoast SEO Premium plugin v16.3 (Yoast SEO v27.3) - https:\/\/yoast.com\/product\/yoast-seo-premium-wordpress\/ -->\n<title>Slukefter Kro - S\u00f8nderjylland - Niipit find hurtigt n\u00e6ste overnatning<\/title>\n<meta name=\"description\" content=\"Slukefter kro - S\u00f8nderjylland. Mad oplevelser ud over det s\u00e6dvanlige. Gastronomi-ophold, selskaber og A la carte. Bestil dit n\u00e6ste ophold nu\" \/>\n<meta name=\"robots\" content=\"index, follow, max-snippet:-1, max-image-preview:large, max-video-preview:-1\" \/>\n<link rel=\"canonical\" href=\"https:\/\/niipit.dk\/slukefter-kro\/\" \/>\n<meta property=\"og:locale\" content=\"da_DK\" \/>\n<meta property=\"og:type\" content=\"article\" \/>\n<meta property=\"og:title\" content=\"Slukefter Kro - S\u00f8nderjylland - Niipit find hurtigt n\u00e6ste overnatning\" \/>\n<meta property=\"og:description\" content=\"Slukefter kro - S\u00f8nderjylland. Mad oplevelser ud over det s\u00e6dvanlige. Gastronomi-ophold, selskaber og A la carte. Bestil dit n\u00e6ste ophold nu\" \/>\n<meta property=\"og:url\" content=\"https:\/\/niipit.dk\/slukefter-kro\/\" \/>\n<meta property=\"og:site_name\" content=\"Slukefter Kro\" \/>\n<meta property=\"article:modified_time\" content=\"2021-03-09T12:12:57+00:00\" \/>\n<meta name=\"twitter:card\" content=\"summary_large_image\" \/>\n<script type=\"application\/ld+json\" class=\"yoast-schema-graph\">{\"@context\":\"https:\\\/\\\/schema.org\",\"@graph\":[{\"@type\":\"WebPage\",\"@id\":\"https:\\\/\\\/niipit.dk\\\/slukefter-kro\\\/\",\"url\":\"https:\\\/\\\/niipit.dk\\\/slukefter-kro\\\/\",\"name\":\"Slukefter Kro - S\u00f8nderjylland - Niipit find hurtigt n\u00e6ste overnatning\",\"isPartOf\":{\"@id\":\"https:\\\/\\\/niipit.dk\\\/slukefter-kro\\\/#website\"},\"datePublished\":\"2018-08-10T20:29:34+00:00\",\"dateModified\":\"2021-03-09T12:12:57+00:00\",\"description\":\"Slukefter kro - S\u00f8nderjylland. Mad oplevelser ud over det s\u00e6dvanlige. Gastronomi-ophold, selskaber og A la carte. Bestil dit n\u00e6ste ophold nu\",\"breadcrumb\":{\"@id\":\"https:\\\/\\\/niipit.dk\\\/slukefter-kro\\\/#breadcrumb\"},\"inLanguage\":\"da-DK\",\"potentialAction\":[{\"@type\":\"ReadAction\",\"target\":[\"https:\\\/\\\/niipit.dk\\\/slukefter-kro\\\/\"]}]},{\"@type\":\"BreadcrumbList\",\"@id\":\"https:\\\/\\\/niipit.dk\\\/slukefter-kro\\\/#breadcrumb\",\"itemListElement\":[{\"@type\":\"ListItem\",\"position\":1,\"name\":\"Hjem\",\"item\":\"https:\\\/\\\/niipit.dk\\\/slukefter-kro\\\/\"},{\"@type\":\"ListItem\",\"position\":2,\"name\":\"SLUKEFTER KRO\"}]},{\"@type\":\"WebSite\",\"@id\":\"https:\\\/\\\/niipit.dk\\\/slukefter-kro\\\/#website\",\"url\":\"https:\\\/\\\/niipit.dk\\\/slukefter-kro\\\/\",\"name\":\"Slukefter Kro\",\"description\":\"Find din n\u00e6ste overnatning med Niipit.dk\",\"potentialAction\":[{\"@type\":\"SearchAction\",\"target\":{\"@type\":\"EntryPoint\",\"urlTemplate\":\"https:\\\/\\\/niipit.dk\\\/slukefter-kro\\\/?s={search_term_string}\"},\"query-input\":{\"@type\":\"PropertyValueSpecification\",\"valueRequired\":true,\"valueName\":\"search_term_string\"}}],\"inLanguage\":\"da-DK\"}]}<\/script>\n<!-- \/ Yoast SEO Premium plugin. -->","yoast_head_json":{"title":"Slukefter Kro - S\u00f8nderjylland - Niipit find hurtigt n\u00e6ste overnatning","description":"Slukefter kro - S\u00f8nderjylland. Mad oplevelser ud over det s\u00e6dvanlige. Gastronomi-ophold, selskaber og A la carte. Bestil dit n\u00e6ste ophold nu","robots":{"index":"index","follow":"follow","max-snippet":"max-snippet:-1","max-image-preview":"max-image-preview:large","max-video-preview":"max-video-preview:-1"},"canonical":"https:\/\/niipit.dk\/slukefter-kro\/","og_locale":"da_DK","og_type":"article","og_title":"Slukefter Kro - S\u00f8nderjylland - Niipit find hurtigt n\u00e6ste overnatning","og_description":"Slukefter kro - S\u00f8nderjylland. Mad oplevelser ud over det s\u00e6dvanlige. Gastronomi-ophold, selskaber og A la carte. Bestil dit n\u00e6ste ophold nu","og_url":"https:\/\/niipit.dk\/slukefter-kro\/","og_site_name":"Slukefter Kro","article_modified_time":"2021-03-09T12:12:57+00:00","twitter_card":"summary_large_image","schema":{"@context":"https:\/\/schema.org","@graph":[{"@type":"WebPage","@id":"https:\/\/niipit.dk\/slukefter-kro\/","url":"https:\/\/niipit.dk\/slukefter-kro\/","name":"Slukefter Kro - S\u00f8nderjylland - Niipit find hurtigt n\u00e6ste overnatning","isPartOf":{"@id":"https:\/\/niipit.dk\/slukefter-kro\/#website"},"datePublished":"2018-08-10T20:29:34+00:00","dateModified":"2021-03-09T12:12:57+00:00","description":"Slukefter kro - S\u00f8nderjylland. Mad oplevelser ud over det s\u00e6dvanlige. Gastronomi-ophold, selskaber og A la carte. Bestil dit n\u00e6ste ophold nu","breadcrumb":{"@id":"https:\/\/niipit.dk\/slukefter-kro\/#breadcrumb"},"inLanguage":"da-DK","potentialAction":[{"@type":"ReadAction","target":["https:\/\/niipit.dk\/slukefter-kro\/"]}]},{"@type":"BreadcrumbList","@id":"https:\/\/niipit.dk\/slukefter-kro\/#breadcrumb","itemListElement":[{"@type":"ListItem","position":1,"name":"Hjem","item":"https:\/\/niipit.dk\/slukefter-kro\/"},{"@type":"ListItem","position":2,"name":"SLUKEFTER KRO"}]},{"@type":"WebSite","@id":"https:\/\/niipit.dk\/slukefter-kro\/#website","url":"https:\/\/niipit.dk\/slukefter-kro\/","name":"Slukefter Kro","description":"Find din n\u00e6ste overnatning med Niipit.dk","potentialAction":[{"@type":"SearchAction","target":{"@type":"EntryPoint","urlTemplate":"https:\/\/niipit.dk\/slukefter-kro\/?s={search_term_string}"},"query-input":{"@type":"PropertyValueSpecification","valueRequired":true,"valueName":"search_term_string"}}],"inLanguage":"da-DK"}]}},"_links":{"self":[{"href":"https:\/\/niipit.dk\/slukefter-kro\/wp-json\/wp\/v2\/pages\/5064","targetHints":{"allow":["GET"]}}],"collection":[{"href":"https:\/\/niipit.dk\/slukefter-kro\/wp-json\/wp\/v2\/pages"}],"about":[{"href":"https:\/\/niipit.dk\/slukefter-kro\/wp-json\/wp\/v2\/types\/page"}],"author":[{"embeddable":true,"href":"https:\/\/niipit.dk\/slukefter-kro\/wp-json\/wp\/v2\/users\/1"}],"replies":[{"embeddable":true,"href":"https:\/\/niipit.dk\/slukefter-kro\/wp-json\/wp\/v2\/comments?post=5064"}],"version-history":[{"count":2,"href":"https:\/\/niipit.dk\/slukefter-kro\/wp-json\/wp\/v2\/pages\/5064\/revisions"}],"predecessor-version":[{"id":6700,"href":"https:\/\/niipit.dk\/slukefter-kro\/wp-json\/wp\/v2\/pages\/5064\/revisions\/6700"}],"wp:attachment":[{"href":"https:\/\/niipit.dk\/slukefter-kro\/wp-json\/wp\/v2\/media?parent=5064"}],"curies":[{"name":"wp","href":"https:\/\/api.w.org\/{rel}","templated":true}]}}