{"id":5064,"date":"2020-04-10T22:29:34","date_gmt":"2020-04-10T20:29:34","guid":{"rendered":"https:\/\/niipit.dk\/skovby-el-shop\/?page_id=5064"},"modified":"2021-09-25T08:36:19","modified_gmt":"2021-09-25T06:36:19","slug":"frontpage","status":"publish","type":"page","link":"https:\/\/niipit.dk\/skovby-el\/","title":{"rendered":"Forside"},"content":{"rendered":"\n<hr class=\"wp-block-separator\"\/>\n\n\n\n<h2 class=\"wp-block-heading\" id=\"h-skovby-el-er-din-lokale-el-installat-r-i-galten-og-omegn\">Skovby El er din lokale el-installat\u00f8r i Galten og omegn<\/h2>\n\n\n\n<h2 class=\"wp-block-heading\" id=\"h-mere-end-15-r-med-elektrikerarbejde-og-god-kundeservice\">Mere end 15 \u00e5r med elektrikerarbejde og god kundeservice<\/h2>\n\n\n\n<p>Der g\u00e5r mange historier om, at h\u00e5ndv\u00e6rkere ikke overholder aftaler og efterlader et v\u00e6rre rod, n\u00e5r de f\u00e6rdige med deres arbejde \u2013 det skal du ikke bekymre dig om, hvis du v\u00e6lger <a href=\"https:\/\/www.skovby-el.net\/\" target=\"_blank\" rel=\"noreferrer noopener\">Skovby El<\/a> til opgaven. Manden bag firmaet, Michael Frederiksen, har kundetilfredshed, punktlighed, oprydning samt r\u00e5dgivning og dialog som sine fire absolut vigtigste parametre.<br>Med 15 \u00e5r p\u00e5 bagen som elektriker i Galten, Silkeborg, Skanderborg og andre byer i omegnen har Skovby El mange tilfredse kunder, der hyrer firmaet gang p\u00e5 gang, n\u00e5r de har brug for hj\u00e6lp til elektrikerarbejde. P\u00e5 Skovby Els hjemmeside kan du se et galleri med et udvalg af de opgaver, firmaet l\u00f8ser for sine kunder p\u00e5 daglig basis.<\/p>\n\n\n\n<h3 class=\"wp-block-heading\" id=\"h-elektrikerfirma-for-b-de-private-og-virksomheder\">Elektrikerfirma for b\u00e5de private og virksomheder<\/h3>\n\n\n\n<p>Uanset om du har brug for hj\u00e6lp til udskiftning af en stikkontakt i din private bolig, ops\u00e6tning af komplekse elinstallationer i en industrivirksomhed eller noget derimellem, kan Skovby El klare opgaven for dig. De arbejder nemlig b\u00e5de med private kunder, virksomheder og industrivirksomheder.<br>De private kunder f\u00e5r ofte hj\u00e6lp til installering af lys, netv\u00e6rk, klimastyring og meget andet \u2013 det samme g\u00e6lder virksomhederne. Industrivirksomhederne hj\u00e6lper Skovby El ofte med automatik, pumper, ventilation, frekvensformer m.m. Derudover hj\u00e6lper Skovby El ogs\u00e5 gerne med h\u00e5rde hvidevarer \u2013 herunder alt fra montering af maskiner til reparation og vejledning.<br>Uanset hvad du har brug for hj\u00e6lp til, kan du give Michael Frederiksen fra elektrikerfirmaet Skovby El et kald eller sende en mail \u2013 de kan n\u00e6sten med garanti l\u00f8se opgaven for dig.<\/p>\n\n\n\n<div class=\"wp-block-image\"><figure class=\"aligncenter size-large\"><img loading=\"lazy\" decoding=\"async\" width=\"300\" height=\"101\" src=\"https:\/\/niipit.dk\/skovby-el\/wp-content\/uploads\/sites\/730\/2021\/06\/Skovby-el-logo.png\" alt=\"Skovby-el logo\" class=\"wp-image-5988\"\/><\/figure><\/div>\n","protected":false},"excerpt":{"rendered":"<p>Skovby El er din lokale el-installat\u00f8r i Galten og omegn Mere end 15 \u00e5r med elektrikerarbejde og god kundeservice Der g\u00e5r mange historier om, at h\u00e5ndv\u00e6rkere ikke overholder aftaler og efterlader et v\u00e6rre rod, n\u00e5r de f\u00e6rdige med deres arbejde \u2013 det skal du ikke bekymre dig om, hvis du v\u00e6lger Skovby El til opgaven. <a class=\"moretag btn btn-primary\" href=\"https:\/\/niipit.dk\/skovby-el\/\">L\u00e6s mere<\/a><\/p>\n","protected":false},"author":1,"featured_media":0,"parent":0,"menu_order":0,"comment_status":"closed","ping_status":"closed","template":"frontpagePremium.php","meta":{"_exactmetrics_skip_tracking":false,"_exactmetrics_sitenote_active":false,"_exactmetrics_sitenote_note":"","_exactmetrics_sitenote_category":0,"_monsterinsights_skip_tracking":false,"_monsterinsights_sitenote_active":false,"_monsterinsights_sitenote_note":"","_monsterinsights_sitenote_category":0,"footnotes":""},"class_list":["post-5064","page","type-page","status-publish","hentry"],"yoast_head":"<!-- This site is optimized with the Yoast SEO Premium plugin v16.3 (Yoast SEO v27.3) - https:\/\/yoast.com\/product\/yoast-seo-premium-wordpress\/ -->\n<title>Skovby-el<\/title>\n<meta name=\"description\" content=\"Skovby-el\" \/>\n<meta name=\"robots\" content=\"index, follow, max-snippet:-1, max-image-preview:large, max-video-preview:-1\" \/>\n<link rel=\"canonical\" href=\"https:\/\/niipit.dk\/skovby-el\/\" \/>\n<meta property=\"og:locale\" content=\"da_DK\" \/>\n<meta property=\"og:type\" content=\"article\" \/>\n<meta property=\"og:title\" content=\"Skovby-el\" \/>\n<meta property=\"og:description\" content=\"Skovby-el\" \/>\n<meta property=\"og:url\" content=\"https:\/\/niipit.dk\/skovby-el\/\" \/>\n<meta property=\"og:site_name\" content=\"Skovby-el\" \/>\n<meta property=\"article:modified_time\" content=\"2021-09-25T06:36:19+00:00\" \/>\n<meta property=\"og:image\" content=\"https:\/\/niipit.dk\/skovby-el\/wp-content\/uploads\/sites\/730\/2021\/06\/Skovby-el-logo.png\" \/>\n<meta name=\"twitter:card\" content=\"summary_large_image\" \/>\n<meta name=\"twitter:label1\" content=\"Estimeret l\u00e6setid\" \/>\n\t<meta name=\"twitter:data1\" content=\"2 minutter\" \/>\n<script type=\"application\/ld+json\" class=\"yoast-schema-graph\">{\"@context\":\"https:\\\/\\\/schema.org\",\"@graph\":[{\"@type\":\"WebPage\",\"@id\":\"https:\\\/\\\/niipit.dk\\\/skovby-el\\\/\",\"url\":\"https:\\\/\\\/niipit.dk\\\/skovby-el\\\/\",\"name\":\"Skovby-el\",\"isPartOf\":{\"@id\":\"https:\\\/\\\/niipit.dk\\\/skovby-el\\\/#website\"},\"primaryImageOfPage\":{\"@id\":\"https:\\\/\\\/niipit.dk\\\/skovby-el\\\/#primaryimage\"},\"image\":{\"@id\":\"https:\\\/\\\/niipit.dk\\\/skovby-el\\\/#primaryimage\"},\"thumbnailUrl\":\"https:\\\/\\\/niipit.dk\\\/skovby-el\\\/wp-content\\\/uploads\\\/sites\\\/730\\\/2021\\\/06\\\/Skovby-el-logo.png\",\"datePublished\":\"2020-04-10T20:29:34+00:00\",\"dateModified\":\"2021-09-25T06:36:19+00:00\",\"description\":\"Skovby-el\",\"breadcrumb\":{\"@id\":\"https:\\\/\\\/niipit.dk\\\/skovby-el\\\/#breadcrumb\"},\"inLanguage\":\"da-DK\",\"potentialAction\":[{\"@type\":\"ReadAction\",\"target\":[\"https:\\\/\\\/niipit.dk\\\/skovby-el\\\/\"]}]},{\"@type\":\"ImageObject\",\"inLanguage\":\"da-DK\",\"@id\":\"https:\\\/\\\/niipit.dk\\\/skovby-el\\\/#primaryimage\",\"url\":\"https:\\\/\\\/niipit.dk\\\/skovby-el\\\/wp-content\\\/uploads\\\/sites\\\/730\\\/2021\\\/06\\\/Skovby-el-logo.png\",\"contentUrl\":\"https:\\\/\\\/niipit.dk\\\/skovby-el\\\/wp-content\\\/uploads\\\/sites\\\/730\\\/2021\\\/06\\\/Skovby-el-logo.png\"},{\"@type\":\"BreadcrumbList\",\"@id\":\"https:\\\/\\\/niipit.dk\\\/skovby-el\\\/#breadcrumb\",\"itemListElement\":[{\"@type\":\"ListItem\",\"position\":1,\"name\":\"Hjem\",\"item\":\"https:\\\/\\\/niipit.dk\\\/skovby-el\\\/\"},{\"@type\":\"ListItem\",\"position\":2,\"name\":\"Forside\"}]},{\"@type\":\"WebSite\",\"@id\":\"https:\\\/\\\/niipit.dk\\\/skovby-el\\\/#website\",\"url\":\"https:\\\/\\\/niipit.dk\\\/skovby-el\\\/\",\"name\":\"Skovby-el\",\"description\":\"PERSONLIG R\u00c5DGIVNING\",\"potentialAction\":[{\"@type\":\"SearchAction\",\"target\":{\"@type\":\"EntryPoint\",\"urlTemplate\":\"https:\\\/\\\/niipit.dk\\\/skovby-el\\\/?s={search_term_string}\"},\"query-input\":{\"@type\":\"PropertyValueSpecification\",\"valueRequired\":true,\"valueName\":\"search_term_string\"}}],\"inLanguage\":\"da-DK\"}]}<\/script>\n<!-- \/ Yoast SEO Premium plugin. -->","yoast_head_json":{"title":"Skovby-el","description":"Skovby-el","robots":{"index":"index","follow":"follow","max-snippet":"max-snippet:-1","max-image-preview":"max-image-preview:large","max-video-preview":"max-video-preview:-1"},"canonical":"https:\/\/niipit.dk\/skovby-el\/","og_locale":"da_DK","og_type":"article","og_title":"Skovby-el","og_description":"Skovby-el","og_url":"https:\/\/niipit.dk\/skovby-el\/","og_site_name":"Skovby-el","article_modified_time":"2021-09-25T06:36:19+00:00","og_image":[{"url":"https:\/\/niipit.dk\/skovby-el\/wp-content\/uploads\/sites\/730\/2021\/06\/Skovby-el-logo.png","type":"","width":"","height":""}],"twitter_card":"summary_large_image","twitter_misc":{"Estimeret l\u00e6setid":"2 minutter"},"schema":{"@context":"https:\/\/schema.org","@graph":[{"@type":"WebPage","@id":"https:\/\/niipit.dk\/skovby-el\/","url":"https:\/\/niipit.dk\/skovby-el\/","name":"Skovby-el","isPartOf":{"@id":"https:\/\/niipit.dk\/skovby-el\/#website"},"primaryImageOfPage":{"@id":"https:\/\/niipit.dk\/skovby-el\/#primaryimage"},"image":{"@id":"https:\/\/niipit.dk\/skovby-el\/#primaryimage"},"thumbnailUrl":"https:\/\/niipit.dk\/skovby-el\/wp-content\/uploads\/sites\/730\/2021\/06\/Skovby-el-logo.png","datePublished":"2020-04-10T20:29:34+00:00","dateModified":"2021-09-25T06:36:19+00:00","description":"Skovby-el","breadcrumb":{"@id":"https:\/\/niipit.dk\/skovby-el\/#breadcrumb"},"inLanguage":"da-DK","potentialAction":[{"@type":"ReadAction","target":["https:\/\/niipit.dk\/skovby-el\/"]}]},{"@type":"ImageObject","inLanguage":"da-DK","@id":"https:\/\/niipit.dk\/skovby-el\/#primaryimage","url":"https:\/\/niipit.dk\/skovby-el\/wp-content\/uploads\/sites\/730\/2021\/06\/Skovby-el-logo.png","contentUrl":"https:\/\/niipit.dk\/skovby-el\/wp-content\/uploads\/sites\/730\/2021\/06\/Skovby-el-logo.png"},{"@type":"BreadcrumbList","@id":"https:\/\/niipit.dk\/skovby-el\/#breadcrumb","itemListElement":[{"@type":"ListItem","position":1,"name":"Hjem","item":"https:\/\/niipit.dk\/skovby-el\/"},{"@type":"ListItem","position":2,"name":"Forside"}]},{"@type":"WebSite","@id":"https:\/\/niipit.dk\/skovby-el\/#website","url":"https:\/\/niipit.dk\/skovby-el\/","name":"Skovby-el","description":"PERSONLIG R\u00c5DGIVNING","potentialAction":[{"@type":"SearchAction","target":{"@type":"EntryPoint","urlTemplate":"https:\/\/niipit.dk\/skovby-el\/?s={search_term_string}"},"query-input":{"@type":"PropertyValueSpecification","valueRequired":true,"valueName":"search_term_string"}}],"inLanguage":"da-DK"}]}},"_links":{"self":[{"href":"https:\/\/niipit.dk\/skovby-el\/wp-json\/wp\/v2\/pages\/5064","targetHints":{"allow":["GET"]}}],"collection":[{"href":"https:\/\/niipit.dk\/skovby-el\/wp-json\/wp\/v2\/pages"}],"about":[{"href":"https:\/\/niipit.dk\/skovby-el\/wp-json\/wp\/v2\/types\/page"}],"author":[{"embeddable":true,"href":"https:\/\/niipit.dk\/skovby-el\/wp-json\/wp\/v2\/users\/1"}],"replies":[{"embeddable":true,"href":"https:\/\/niipit.dk\/skovby-el\/wp-json\/wp\/v2\/comments?post=5064"}],"version-history":[{"count":3,"href":"https:\/\/niipit.dk\/skovby-el\/wp-json\/wp\/v2\/pages\/5064\/revisions"}],"predecessor-version":[{"id":5994,"href":"https:\/\/niipit.dk\/skovby-el\/wp-json\/wp\/v2\/pages\/5064\/revisions\/5994"}],"wp:attachment":[{"href":"https:\/\/niipit.dk\/skovby-el\/wp-json\/wp\/v2\/media?parent=5064"}],"curies":[{"name":"wp","href":"https:\/\/api.w.org\/{rel}","templated":true}]}}