{"id":5064,"date":"2020-04-10T22:29:34","date_gmt":"2020-04-10T20:29:34","guid":{"rendered":"https:\/\/niipit.dk\/seo-support-shop\/?page_id=5064"},"modified":"2021-05-02T09:00:09","modified_gmt":"2021-05-02T07:00:09","slug":"frontpage","status":"publish","type":"page","link":"https:\/\/niipit.dk\/seo-support\/","title":{"rendered":"Forside"},"content":{"rendered":"\n<hr class=\"wp-block-separator\"\/>\n\n\n\n<h2 class=\"wp-block-heading\" id=\"h-seo-support-er-din-seo-ekspert-n-r-din-hjemmeside-driller\">Seo support er din seo ekspert n\u00e5r din hjemmeside driller.<\/h2>\n\n\n\n<p>Hvis din hjemmeside ikke kan findes p\u00e5 de f\u00f8rste sider p\u00e5 Google s\u00e5 har du helt sikkert problemer som du b\u00f8r fikse. Det kan v\u00e6re alt fra Basis seo, teknisk seo eller general seo optimering<\/p>\n\n\n\n<p>Uanset om du vi have os til at hj\u00e6lpe dig eller du vil l\u00e6re at g\u00f8r det selv s\u00e5 er du landet det rette sted.<\/p>\n\n\n\n<h3 class=\"wp-block-heading\" id=\"h-seo-support-priser\">Seo support priser<\/h3>\n\n\n\n<p>N\u00e5r vi tilbyder seo support s\u00e5 er vores priser som f\u00f8lgende<\/p>\n\n\n\n<p>500 kr + moms pr time alle hverdage mellem kl 9 og 17 <br>Aften og weekender + 50%<\/p>\n\n\n\n<p>Det er nemt at forholde sig til og der er ikke noget slinger i valsen n\u00e5r vi g\u00e5r i gang med at rette fejl p\u00e5 din side.<\/p>\n\n\n\n<h3 class=\"wp-block-heading\" id=\"h-seo-kursus\">Seo kursus<\/h3>\n\n\n\n<p>Hvis du vil l\u00e6re SEO fra bunden s\u00e5 kan du komme med p\u00e5 vores hold der starter hver uge. Du f\u00e5r grundig undervisning b\u00e5de via tekst, video og 1 til 1 med en af vores underviserer<\/p>\n\n\n\n<p>Vi har kurser der tager 6 uger der kan blive d\u00e6kket delvist ind af iv\u00e6rks\u00e6tter puljen eller vi har kurser der tager 3 til 12 m\u00e5neder alt efter hvor hurtigt du vil l\u00e6re om seo optimering<\/p>\n\n\n\n<p><a href=\"https:\/\/seo-support.dk\/kursus-omraade\/\" target=\"_blank\" rel=\"noreferrer noopener\">Bes\u00f8g kursus omr\u00e5det p\u00e5 seo support<\/a><\/p>\n","protected":false},"excerpt":{"rendered":"<p>Seo support er din seo ekspert n\u00e5r din hjemmeside driller. Hvis din hjemmeside ikke kan findes p\u00e5 de f\u00f8rste sider p\u00e5 Google s\u00e5 har du helt sikkert problemer som du b\u00f8r fikse. Det kan v\u00e6re alt fra Basis seo, teknisk seo eller general seo optimering Uanset om du vi have os til at hj\u00e6lpe dig <a class=\"moretag btn btn-primary\" href=\"https:\/\/niipit.dk\/seo-support\/\">L\u00e6s mere<\/a><\/p>\n","protected":false},"author":1,"featured_media":0,"parent":0,"menu_order":0,"comment_status":"closed","ping_status":"closed","template":"frontpagePremium.php","meta":{"_exactmetrics_skip_tracking":false,"_exactmetrics_sitenote_active":false,"_exactmetrics_sitenote_note":"","_exactmetrics_sitenote_category":0,"_monsterinsights_skip_tracking":false,"_monsterinsights_sitenote_active":false,"_monsterinsights_sitenote_note":"","_monsterinsights_sitenote_category":0,"footnotes":""},"class_list":["post-5064","page","type-page","status-publish","hentry"],"yoast_head":"<!-- This site is optimized with the Yoast SEO Premium plugin v16.3 (Yoast SEO v27.4) - https:\/\/yoast.com\/product\/yoast-seo-premium-wordpress\/ -->\n<title>Seo Support - Hvis du ikke kan f\u00e5 kunder nok i din forretning<\/title>\n<meta name=\"description\" content=\"Seo Support - Er du tr\u00e6t af evige annonceudgifter - Brug SEO til at tiltr\u00e6kke ny kunder uden du skal betale reklame penge\" \/>\n<meta name=\"robots\" content=\"index, follow, max-snippet:-1, max-image-preview:large, max-video-preview:-1\" \/>\n<link rel=\"canonical\" href=\"http:\/\/niipit.dk\/seo-support\/\" \/>\n<meta property=\"og:locale\" content=\"da_DK\" \/>\n<meta property=\"og:type\" content=\"article\" \/>\n<meta property=\"og:title\" content=\"Seo Support - Hvis du ikke kan f\u00e5 kunder nok i din forretning\" \/>\n<meta property=\"og:description\" content=\"Seo Support - Er du tr\u00e6t af evige annonceudgifter - Brug SEO til at tiltr\u00e6kke ny kunder uden du skal betale reklame penge\" \/>\n<meta property=\"og:url\" content=\"http:\/\/niipit.dk\/seo-support\/\" \/>\n<meta property=\"og:site_name\" content=\"Seo Support\" \/>\n<meta property=\"article:modified_time\" content=\"2021-05-02T07:00:09+00:00\" \/>\n<meta name=\"twitter:card\" content=\"summary_large_image\" \/>\n<meta name=\"twitter:label1\" content=\"Estimeret l\u00e6setid\" \/>\n\t<meta name=\"twitter:data1\" content=\"1 minut\" \/>\n<script type=\"application\/ld+json\" class=\"yoast-schema-graph\">{\"@context\":\"https:\\\/\\\/schema.org\",\"@graph\":[{\"@type\":\"WebPage\",\"@id\":\"http:\\\/\\\/niipit.dk\\\/seo-support\\\/\",\"url\":\"http:\\\/\\\/niipit.dk\\\/seo-support\\\/\",\"name\":\"Seo Support - Hvis du ikke kan f\u00e5 kunder nok i din forretning\",\"isPartOf\":{\"@id\":\"http:\\\/\\\/niipit.dk\\\/seo-support\\\/#website\"},\"datePublished\":\"2020-04-10T20:29:34+00:00\",\"dateModified\":\"2021-05-02T07:00:09+00:00\",\"description\":\"Seo Support - Er du tr\u00e6t af evige annonceudgifter - Brug SEO til at tiltr\u00e6kke ny kunder uden du skal betale reklame penge\",\"breadcrumb\":{\"@id\":\"http:\\\/\\\/niipit.dk\\\/seo-support\\\/#breadcrumb\"},\"inLanguage\":\"da-DK\",\"potentialAction\":[{\"@type\":\"ReadAction\",\"target\":[\"http:\\\/\\\/niipit.dk\\\/seo-support\\\/\"]}]},{\"@type\":\"BreadcrumbList\",\"@id\":\"http:\\\/\\\/niipit.dk\\\/seo-support\\\/#breadcrumb\",\"itemListElement\":[{\"@type\":\"ListItem\",\"position\":1,\"name\":\"Hjem\",\"item\":\"http:\\\/\\\/niipit.dk\\\/seo-support\\\/\"},{\"@type\":\"ListItem\",\"position\":2,\"name\":\"Forside\"}]},{\"@type\":\"WebSite\",\"@id\":\"http:\\\/\\\/niipit.dk\\\/seo-support\\\/#website\",\"url\":\"http:\\\/\\\/niipit.dk\\\/seo-support\\\/\",\"name\":\"Seo Support\",\"description\":\"Hj\u00e6lp der er til at betale\",\"potentialAction\":[{\"@type\":\"SearchAction\",\"target\":{\"@type\":\"EntryPoint\",\"urlTemplate\":\"http:\\\/\\\/niipit.dk\\\/seo-support\\\/?s={search_term_string}\"},\"query-input\":{\"@type\":\"PropertyValueSpecification\",\"valueRequired\":true,\"valueName\":\"search_term_string\"}}],\"inLanguage\":\"da-DK\"}]}<\/script>\n<!-- \/ Yoast SEO Premium plugin. -->","yoast_head_json":{"title":"Seo Support - Hvis du ikke kan f\u00e5 kunder nok i din forretning","description":"Seo Support - Er du tr\u00e6t af evige annonceudgifter - Brug SEO til at tiltr\u00e6kke ny kunder uden du skal betale reklame penge","robots":{"index":"index","follow":"follow","max-snippet":"max-snippet:-1","max-image-preview":"max-image-preview:large","max-video-preview":"max-video-preview:-1"},"canonical":"http:\/\/niipit.dk\/seo-support\/","og_locale":"da_DK","og_type":"article","og_title":"Seo Support - Hvis du ikke kan f\u00e5 kunder nok i din forretning","og_description":"Seo Support - Er du tr\u00e6t af evige annonceudgifter - Brug SEO til at tiltr\u00e6kke ny kunder uden du skal betale reklame penge","og_url":"http:\/\/niipit.dk\/seo-support\/","og_site_name":"Seo Support","article_modified_time":"2021-05-02T07:00:09+00:00","twitter_card":"summary_large_image","twitter_misc":{"Estimeret l\u00e6setid":"1 minut"},"schema":{"@context":"https:\/\/schema.org","@graph":[{"@type":"WebPage","@id":"http:\/\/niipit.dk\/seo-support\/","url":"http:\/\/niipit.dk\/seo-support\/","name":"Seo Support - Hvis du ikke kan f\u00e5 kunder nok i din forretning","isPartOf":{"@id":"http:\/\/niipit.dk\/seo-support\/#website"},"datePublished":"2020-04-10T20:29:34+00:00","dateModified":"2021-05-02T07:00:09+00:00","description":"Seo Support - Er du tr\u00e6t af evige annonceudgifter - Brug SEO til at tiltr\u00e6kke ny kunder uden du skal betale reklame penge","breadcrumb":{"@id":"http:\/\/niipit.dk\/seo-support\/#breadcrumb"},"inLanguage":"da-DK","potentialAction":[{"@type":"ReadAction","target":["http:\/\/niipit.dk\/seo-support\/"]}]},{"@type":"BreadcrumbList","@id":"http:\/\/niipit.dk\/seo-support\/#breadcrumb","itemListElement":[{"@type":"ListItem","position":1,"name":"Hjem","item":"http:\/\/niipit.dk\/seo-support\/"},{"@type":"ListItem","position":2,"name":"Forside"}]},{"@type":"WebSite","@id":"http:\/\/niipit.dk\/seo-support\/#website","url":"http:\/\/niipit.dk\/seo-support\/","name":"Seo Support","description":"Hj\u00e6lp der er til at betale","potentialAction":[{"@type":"SearchAction","target":{"@type":"EntryPoint","urlTemplate":"http:\/\/niipit.dk\/seo-support\/?s={search_term_string}"},"query-input":{"@type":"PropertyValueSpecification","valueRequired":true,"valueName":"search_term_string"}}],"inLanguage":"da-DK"}]}},"_links":{"self":[{"href":"https:\/\/niipit.dk\/seo-support\/wp-json\/wp\/v2\/pages\/5064","targetHints":{"allow":["GET"]}}],"collection":[{"href":"https:\/\/niipit.dk\/seo-support\/wp-json\/wp\/v2\/pages"}],"about":[{"href":"https:\/\/niipit.dk\/seo-support\/wp-json\/wp\/v2\/types\/page"}],"author":[{"embeddable":true,"href":"https:\/\/niipit.dk\/seo-support\/wp-json\/wp\/v2\/users\/1"}],"replies":[{"embeddable":true,"href":"https:\/\/niipit.dk\/seo-support\/wp-json\/wp\/v2\/comments?post=5064"}],"version-history":[{"count":4,"href":"https:\/\/niipit.dk\/seo-support\/wp-json\/wp\/v2\/pages\/5064\/revisions"}],"predecessor-version":[{"id":5991,"href":"https:\/\/niipit.dk\/seo-support\/wp-json\/wp\/v2\/pages\/5064\/revisions\/5991"}],"wp:attachment":[{"href":"https:\/\/niipit.dk\/seo-support\/wp-json\/wp\/v2\/media?parent=5064"}],"curies":[{"name":"wp","href":"https:\/\/api.w.org\/{rel}","templated":true}]}}