{"id":5064,"date":"2018-08-10T22:29:34","date_gmt":"2018-08-10T20:29:34","guid":{"rendered":"https:\/\/niipit.dk\/senioraftale-shop\/?page_id=5064"},"modified":"2020-09-06T21:08:30","modified_gmt":"2020-09-06T19:08:30","slug":"frontpage","status":"publish","type":"page","link":"https:\/\/niipit.dk\/senioraftale\/","title":{"rendered":"Forside"},"content":{"rendered":"\n<hr class=\"wp-block-separator\"\/>\n\n\n\n<h2 class=\"wp-block-heading\">Senioraftale for medarbejdere og danske virksomheder.<\/h2>\n\n\n\n<p>Her kan du l\u00e6se om Senioraftale.<\/p>\n\n\n\n<p>Aftalen er m\u00f8ntet p\u00e5 folk der er fyldt 55 \u00e5r som \u00f8nsker at blive p\u00e5 arbejdsmarked men samtidig ikke \u00f8nsker at have s\u00e5 stort ansvar som tidligere eller g\u00e5 ned i tid uden helt at stoppe med at arbejde.<\/p>\n\n\n\n<p>Mange seniorer har planlagt at g\u00e5 p\u00e5 pension n\u00e5r de runder 60 \u00e5r. Desv\u00e6rre s\u00e5 betyder det at den aktive arbejdsstyrke bliver mindre og mindre og der kommer flere og flere \u00e6ldre som den faldende arbejdsstyrke skal d\u00e6kke ind. Da der i flere generationer er blevet f\u00f8dt f\u00e6rre b\u00f8rn s\u00e5 vil vi i de kommende \u00e5r opleve mangel p\u00e5 arbejdskraft og derfor har vi brug for at seniorer ikke forlader arbejdsmarked s\u00e5 tidlige som de m\u00e5ske have t\u00e6nkt sig.<\/p>\n\n\n\n<p>Her p\u00e5 siden kan du l\u00e6se en masse om senioraftaler og hvordan seniorer f\u00e5r mulighed for at blive l\u00e6ngere p\u00e5 arbejdsmarked.<\/p>\n\n\n\n<p>L\u00e6s senioraftale og se om du m\u00e5ske bliver fristet af at tage nogle flere \u00e5r p\u00e5 arbejdsmarked. Husk du besidder en viden og en rutine som mange ikke har. Flere seniorer er en stor vidensbank der vil g\u00e5 tabt hvis i forlader arbejdsmarked.<\/p>\n\n\n\n<h3 class=\"wp-block-heading\">Har du t\u00e6nkt over om en senioraftale er noget for dig ?<\/h3>\n","protected":false},"excerpt":{"rendered":"<p>Senioraftale for medarbejdere og danske virksomheder. Her kan du l\u00e6se om Senioraftale. Aftalen er m\u00f8ntet p\u00e5 folk der er fyldt 55 \u00e5r som \u00f8nsker at blive p\u00e5 arbejdsmarked men samtidig ikke \u00f8nsker at have s\u00e5 stort ansvar som tidligere eller g\u00e5 ned i tid uden helt at stoppe med at arbejde. Mange seniorer har planlagt <a class=\"moretag btn btn-primary\" href=\"https:\/\/niipit.dk\/senioraftale\/\">L\u00e6s mere<\/a><\/p>\n","protected":false},"author":1,"featured_media":0,"parent":0,"menu_order":0,"comment_status":"closed","ping_status":"closed","template":"frontpagePremium.php","meta":{"_exactmetrics_skip_tracking":false,"_exactmetrics_sitenote_active":false,"_exactmetrics_sitenote_note":"","_exactmetrics_sitenote_category":0,"_monsterinsights_skip_tracking":false,"_monsterinsights_sitenote_active":false,"_monsterinsights_sitenote_note":"","_monsterinsights_sitenote_category":0,"footnotes":""},"class_list":["post-5064","page","type-page","status-publish","hentry"],"yoast_head":"<!-- This site is optimized with the Yoast SEO Premium plugin v16.3 (Yoast SEO v27.3) - https:\/\/yoast.com\/product\/yoast-seo-premium-wordpress\/ -->\n<title>Forside - Senioraftale<\/title>\n<meta name=\"robots\" content=\"index, follow, max-snippet:-1, max-image-preview:large, max-video-preview:-1\" \/>\n<link rel=\"canonical\" href=\"http:\/\/niipit.dk\/senioraftale\/\" \/>\n<meta property=\"og:locale\" content=\"da_DK\" \/>\n<meta property=\"og:type\" content=\"article\" \/>\n<meta property=\"og:title\" content=\"Forside - Senioraftale\" \/>\n<meta property=\"og:description\" content=\"Senioraftale for medarbejdere og danske virksomheder. Her kan du l\u00e6se om Senioraftale. Aftalen er m\u00f8ntet p\u00e5 folk der er fyldt 55 \u00e5r som \u00f8nsker at blive p\u00e5 arbejdsmarked men samtidig ikke \u00f8nsker at have s\u00e5 stort ansvar som tidligere eller g\u00e5 ned i tid uden helt at stoppe med at arbejde. Mange seniorer har planlagt L\u00e6s mere\" \/>\n<meta property=\"og:url\" content=\"http:\/\/niipit.dk\/senioraftale\/\" \/>\n<meta property=\"og:site_name\" content=\"Senioraftale\" \/>\n<meta property=\"article:modified_time\" content=\"2020-09-06T19:08:30+00:00\" \/>\n<meta name=\"twitter:card\" content=\"summary_large_image\" \/>\n<meta name=\"twitter:label1\" content=\"Estimeret l\u00e6setid\" \/>\n\t<meta name=\"twitter:data1\" content=\"1 minut\" \/>\n<script type=\"application\/ld+json\" class=\"yoast-schema-graph\">{\"@context\":\"https:\\\/\\\/schema.org\",\"@graph\":[{\"@type\":\"WebPage\",\"@id\":\"http:\\\/\\\/niipit.dk\\\/senioraftale\\\/\",\"url\":\"http:\\\/\\\/niipit.dk\\\/senioraftale\\\/\",\"name\":\"Forside - Senioraftale\",\"isPartOf\":{\"@id\":\"http:\\\/\\\/niipit.dk\\\/senioraftale\\\/#website\"},\"datePublished\":\"2018-08-10T20:29:34+00:00\",\"dateModified\":\"2020-09-06T19:08:30+00:00\",\"breadcrumb\":{\"@id\":\"http:\\\/\\\/niipit.dk\\\/senioraftale\\\/#breadcrumb\"},\"inLanguage\":\"da-DK\",\"potentialAction\":[{\"@type\":\"ReadAction\",\"target\":[\"http:\\\/\\\/niipit.dk\\\/senioraftale\\\/\"]}]},{\"@type\":\"BreadcrumbList\",\"@id\":\"http:\\\/\\\/niipit.dk\\\/senioraftale\\\/#breadcrumb\",\"itemListElement\":[{\"@type\":\"ListItem\",\"position\":1,\"name\":\"Hjem\",\"item\":\"http:\\\/\\\/niipit.dk\\\/senioraftale\\\/\"},{\"@type\":\"ListItem\",\"position\":2,\"name\":\"Forside\"}]},{\"@type\":\"WebSite\",\"@id\":\"http:\\\/\\\/niipit.dk\\\/senioraftale\\\/#website\",\"url\":\"http:\\\/\\\/niipit.dk\\\/senioraftale\\\/\",\"name\":\"Senioraftale\",\"description\":\"for medarbejdere og danske virksomheder.\",\"potentialAction\":[{\"@type\":\"SearchAction\",\"target\":{\"@type\":\"EntryPoint\",\"urlTemplate\":\"http:\\\/\\\/niipit.dk\\\/senioraftale\\\/?s={search_term_string}\"},\"query-input\":{\"@type\":\"PropertyValueSpecification\",\"valueRequired\":true,\"valueName\":\"search_term_string\"}}],\"inLanguage\":\"da-DK\"}]}<\/script>\n<!-- \/ Yoast SEO Premium plugin. -->","yoast_head_json":{"title":"Forside - Senioraftale","robots":{"index":"index","follow":"follow","max-snippet":"max-snippet:-1","max-image-preview":"max-image-preview:large","max-video-preview":"max-video-preview:-1"},"canonical":"http:\/\/niipit.dk\/senioraftale\/","og_locale":"da_DK","og_type":"article","og_title":"Forside - Senioraftale","og_description":"Senioraftale for medarbejdere og danske virksomheder. Her kan du l\u00e6se om Senioraftale. Aftalen er m\u00f8ntet p\u00e5 folk der er fyldt 55 \u00e5r som \u00f8nsker at blive p\u00e5 arbejdsmarked men samtidig ikke \u00f8nsker at have s\u00e5 stort ansvar som tidligere eller g\u00e5 ned i tid uden helt at stoppe med at arbejde. Mange seniorer har planlagt L\u00e6s mere","og_url":"http:\/\/niipit.dk\/senioraftale\/","og_site_name":"Senioraftale","article_modified_time":"2020-09-06T19:08:30+00:00","twitter_card":"summary_large_image","twitter_misc":{"Estimeret l\u00e6setid":"1 minut"},"schema":{"@context":"https:\/\/schema.org","@graph":[{"@type":"WebPage","@id":"http:\/\/niipit.dk\/senioraftale\/","url":"http:\/\/niipit.dk\/senioraftale\/","name":"Forside - Senioraftale","isPartOf":{"@id":"http:\/\/niipit.dk\/senioraftale\/#website"},"datePublished":"2018-08-10T20:29:34+00:00","dateModified":"2020-09-06T19:08:30+00:00","breadcrumb":{"@id":"http:\/\/niipit.dk\/senioraftale\/#breadcrumb"},"inLanguage":"da-DK","potentialAction":[{"@type":"ReadAction","target":["http:\/\/niipit.dk\/senioraftale\/"]}]},{"@type":"BreadcrumbList","@id":"http:\/\/niipit.dk\/senioraftale\/#breadcrumb","itemListElement":[{"@type":"ListItem","position":1,"name":"Hjem","item":"http:\/\/niipit.dk\/senioraftale\/"},{"@type":"ListItem","position":2,"name":"Forside"}]},{"@type":"WebSite","@id":"http:\/\/niipit.dk\/senioraftale\/#website","url":"http:\/\/niipit.dk\/senioraftale\/","name":"Senioraftale","description":"for medarbejdere og danske virksomheder.","potentialAction":[{"@type":"SearchAction","target":{"@type":"EntryPoint","urlTemplate":"http:\/\/niipit.dk\/senioraftale\/?s={search_term_string}"},"query-input":{"@type":"PropertyValueSpecification","valueRequired":true,"valueName":"search_term_string"}}],"inLanguage":"da-DK"}]}},"_links":{"self":[{"href":"https:\/\/niipit.dk\/senioraftale\/wp-json\/wp\/v2\/pages\/5064","targetHints":{"allow":["GET"]}}],"collection":[{"href":"https:\/\/niipit.dk\/senioraftale\/wp-json\/wp\/v2\/pages"}],"about":[{"href":"https:\/\/niipit.dk\/senioraftale\/wp-json\/wp\/v2\/types\/page"}],"author":[{"embeddable":true,"href":"https:\/\/niipit.dk\/senioraftale\/wp-json\/wp\/v2\/users\/1"}],"replies":[{"embeddable":true,"href":"https:\/\/niipit.dk\/senioraftale\/wp-json\/wp\/v2\/comments?post=5064"}],"version-history":[{"count":5,"href":"https:\/\/niipit.dk\/senioraftale\/wp-json\/wp\/v2\/pages\/5064\/revisions"}],"predecessor-version":[{"id":5916,"href":"https:\/\/niipit.dk\/senioraftale\/wp-json\/wp\/v2\/pages\/5064\/revisions\/5916"}],"wp:attachment":[{"href":"https:\/\/niipit.dk\/senioraftale\/wp-json\/wp\/v2\/media?parent=5064"}],"curies":[{"name":"wp","href":"https:\/\/api.w.org\/{rel}","templated":true}]}}