{"id":5869,"date":"2019-08-20T15:55:46","date_gmt":"2019-08-20T13:55:46","guid":{"rendered":"https:\/\/niipit.dk\/seekings\/?post_type=product&#038;p=5869"},"modified":"2020-04-28T09:18:44","modified_gmt":"2020-04-28T07:18:44","slug":"gratis-gennemgangsmoede","status":"publish","type":"product","link":"https:\/\/niipit.dk\/seekings\/produkt\/gratis-gennemgangsmoede\/","title":{"rendered":"Gratis gennemgangsm\u00f8de"},"content":{"rendered":"<h1>Gratis gennemgangsm\u00f8de<\/h1>\n<h2>F\u00e5 et uforpligtende m\u00f8de<\/h2>\n<p>Til dagligt d\u00e6kker vi hele landet med k\u00f8rende r\u00e5dgivere. Som en del af vores koncept tilbyder vi uforpligtende at m\u00f8de personligt op hos dig og gennemg\u00e5 din nuv\u00e6rende markedsf\u00f8ring for at se, om vi kan hj\u00e6lpe din virksomhed med en \u00f8get professionel online synlighed. P\u00e5 m\u00f8det afd\u00e6kker vi dine behov og skr\u00e6ddersyer en l\u00f8sning tilpasset din virksomhed og budget.<\/p>\n<p>Efter m\u00f8det lover vi, at du er opdateret med nyeste viden inden for online markedsf\u00f8ring. Du vil ogs\u00e5 vide, hvilke skridt du skal tage for at f\u00e5 st\u00f8rre succes med din virksomhed.<\/p>\n<p>&nbsp;<\/p>\n<p><iframe loading=\"lazy\" title=\"Seekings A\/S - Kort pr\u00e6sentation\" width=\"1170\" height=\"658\" src=\"https:\/\/www.youtube.com\/embed\/d7_KlRe6QqQ?feature=oembed\" frameborder=\"0\" allow=\"accelerometer; autoplay; clipboard-write; encrypted-media; gyroscope; picture-in-picture\" allowfullscreen><\/iframe><\/p>\n","protected":false},"excerpt":{"rendered":"<p>Gratis gennemgangsm\u00f8de F\u00e5 et uforpligtende m\u00f8de Til dagligt d\u00e6kker vi hele landet med k\u00f8rende r\u00e5dgivere. Som en del af vores koncept tilbyder vi uforpligtende at m\u00f8de personligt op hos dig og gennemg\u00e5 din nuv\u00e6rende markedsf\u00f8ring for at se, om vi kan hj\u00e6lpe din virksomhed med en \u00f8get professionel online synlighed. P\u00e5 m\u00f8det afd\u00e6kker vi dine <a class=\"moretag btn btn-primary\" href=\"https:\/\/niipit.dk\/seekings\/produkt\/gratis-gennemgangsmoede\/\">L\u00e6s mere<\/a><\/p>\n","protected":false},"featured_media":5839,"template":"","meta":{"_exactmetrics_skip_tracking":false,"_exactmetrics_sitenote_active":false,"_exactmetrics_sitenote_note":"","_exactmetrics_sitenote_category":0,"_monsterinsights_skip_tracking":false,"_monsterinsights_sitenote_active":false,"_monsterinsights_sitenote_note":"","_monsterinsights_sitenote_category":0},"product_brand":[],"product_cat":[2174],"product_tag":[],"shoptype":[],"class_list":{"0":"post-5869","1":"product","2":"type-product","3":"status-publish","4":"has-post-thumbnail","6":"product_cat-b4b-freebee","8":"first","9":"instock","10":"shipping-taxable","11":"product-type-external"},"yoast_head":"<!-- This site is optimized with the Yoast SEO Premium plugin v16.3 (Yoast SEO v27.4) - https:\/\/yoast.com\/product\/yoast-seo-premium-wordpress\/ -->\n<title>Gratis gennemgangsm\u00f8de - Seekings<\/title>\n<meta name=\"robots\" content=\"index, follow, max-snippet:-1, max-image-preview:large, max-video-preview:-1\" \/>\n<link rel=\"canonical\" href=\"https:\/\/niipit.dk\/seekings\/produkt\/gratis-gennemgangsmoede\/\" \/>\n<meta property=\"og:locale\" content=\"da_DK\" \/>\n<meta property=\"og:type\" content=\"article\" \/>\n<meta property=\"og:title\" content=\"Gratis gennemgangsm\u00f8de - Seekings\" \/>\n<meta property=\"og:description\" content=\"Gratis gennemgangsm\u00f8de F\u00e5 et uforpligtende m\u00f8de Til dagligt d\u00e6kker vi hele landet med k\u00f8rende r\u00e5dgivere. Som en del af vores koncept tilbyder vi uforpligtende at m\u00f8de personligt op hos dig og gennemg\u00e5 din nuv\u00e6rende markedsf\u00f8ring for at se, om vi kan hj\u00e6lpe din virksomhed med en \u00f8get professionel online synlighed. P\u00e5 m\u00f8det afd\u00e6kker vi dine L\u00e6s mere\" \/>\n<meta property=\"og:url\" content=\"https:\/\/niipit.dk\/seekings\/produkt\/gratis-gennemgangsmoede\/\" \/>\n<meta property=\"og:site_name\" content=\"Seekings\" \/>\n<meta property=\"article:modified_time\" content=\"2020-04-28T07:18:44+00:00\" \/>\n<meta property=\"og:image\" content=\"https:\/\/niipit.dk\/seekings\/wp-content\/uploads\/sites\/267\/2019\/08\/Seekings-logo.png\" \/>\n\t<meta property=\"og:image:width\" content=\"364\" \/>\n\t<meta property=\"og:image:height\" content=\"138\" \/>\n\t<meta property=\"og:image:type\" content=\"image\/png\" \/>\n<meta name=\"twitter:card\" content=\"summary_large_image\" \/>\n<meta name=\"twitter:label1\" content=\"Estimeret l\u00e6setid\" \/>\n\t<meta name=\"twitter:data1\" content=\"1 minut\" \/>\n<script type=\"application\/ld+json\" class=\"yoast-schema-graph\">{\"@context\":\"https:\\\/\\\/schema.org\",\"@graph\":[{\"@type\":\"WebPage\",\"@id\":\"https:\\\/\\\/niipit.dk\\\/seekings\\\/produkt\\\/gratis-gennemgangsmoede\\\/\",\"url\":\"https:\\\/\\\/niipit.dk\\\/seekings\\\/produkt\\\/gratis-gennemgangsmoede\\\/\",\"name\":\"Gratis gennemgangsm\u00f8de - Seekings\",\"isPartOf\":{\"@id\":\"https:\\\/\\\/niipit.dk\\\/seekings\\\/#website\"},\"primaryImageOfPage\":{\"@id\":\"https:\\\/\\\/niipit.dk\\\/seekings\\\/produkt\\\/gratis-gennemgangsmoede\\\/#primaryimage\"},\"image\":{\"@id\":\"https:\\\/\\\/niipit.dk\\\/seekings\\\/produkt\\\/gratis-gennemgangsmoede\\\/#primaryimage\"},\"thumbnailUrl\":\"https:\\\/\\\/niipit.dk\\\/seekings\\\/wp-content\\\/uploads\\\/sites\\\/267\\\/2019\\\/08\\\/Seekings-logo.png\",\"datePublished\":\"2019-08-20T13:55:46+00:00\",\"dateModified\":\"2020-04-28T07:18:44+00:00\",\"breadcrumb\":{\"@id\":\"https:\\\/\\\/niipit.dk\\\/seekings\\\/produkt\\\/gratis-gennemgangsmoede\\\/#breadcrumb\"},\"inLanguage\":\"da-DK\",\"potentialAction\":[{\"@type\":\"ReadAction\",\"target\":[\"https:\\\/\\\/niipit.dk\\\/seekings\\\/produkt\\\/gratis-gennemgangsmoede\\\/\"]}]},{\"@type\":\"ImageObject\",\"inLanguage\":\"da-DK\",\"@id\":\"https:\\\/\\\/niipit.dk\\\/seekings\\\/produkt\\\/gratis-gennemgangsmoede\\\/#primaryimage\",\"url\":\"https:\\\/\\\/niipit.dk\\\/seekings\\\/wp-content\\\/uploads\\\/sites\\\/267\\\/2019\\\/08\\\/Seekings-logo.png\",\"contentUrl\":\"https:\\\/\\\/niipit.dk\\\/seekings\\\/wp-content\\\/uploads\\\/sites\\\/267\\\/2019\\\/08\\\/Seekings-logo.png\",\"width\":364,\"height\":138,\"caption\":\"Seekings-logo\"},{\"@type\":\"BreadcrumbList\",\"@id\":\"https:\\\/\\\/niipit.dk\\\/seekings\\\/produkt\\\/gratis-gennemgangsmoede\\\/#breadcrumb\",\"itemListElement\":[{\"@type\":\"ListItem\",\"position\":1,\"name\":\"Hjem\",\"item\":\"https:\\\/\\\/niipit.dk\\\/seekings\\\/\"},{\"@type\":\"ListItem\",\"position\":2,\"name\":\"Shop\",\"item\":\"https:\\\/\\\/niipit.dk\\\/seekings\\\/shop\\\/\"},{\"@type\":\"ListItem\",\"position\":3,\"name\":\"Gratis gennemgangsm\u00f8de\"}]},{\"@type\":\"WebSite\",\"@id\":\"https:\\\/\\\/niipit.dk\\\/seekings\\\/#website\",\"url\":\"https:\\\/\\\/niipit.dk\\\/seekings\\\/\",\"name\":\"Seekings\",\"description\":\"F\u00e5 din virksomhed p\u00e5 niipit\",\"potentialAction\":[{\"@type\":\"SearchAction\",\"target\":{\"@type\":\"EntryPoint\",\"urlTemplate\":\"https:\\\/\\\/niipit.dk\\\/seekings\\\/?s={search_term_string}\"},\"query-input\":{\"@type\":\"PropertyValueSpecification\",\"valueRequired\":true,\"valueName\":\"search_term_string\"}}],\"inLanguage\":\"da-DK\"}]}<\/script>\n<!-- \/ Yoast SEO Premium plugin. -->","yoast_head_json":{"title":"Gratis gennemgangsm\u00f8de - Seekings","robots":{"index":"index","follow":"follow","max-snippet":"max-snippet:-1","max-image-preview":"max-image-preview:large","max-video-preview":"max-video-preview:-1"},"canonical":"https:\/\/niipit.dk\/seekings\/produkt\/gratis-gennemgangsmoede\/","og_locale":"da_DK","og_type":"article","og_title":"Gratis gennemgangsm\u00f8de - Seekings","og_description":"Gratis gennemgangsm\u00f8de F\u00e5 et uforpligtende m\u00f8de Til dagligt d\u00e6kker vi hele landet med k\u00f8rende r\u00e5dgivere. Som en del af vores koncept tilbyder vi uforpligtende at m\u00f8de personligt op hos dig og gennemg\u00e5 din nuv\u00e6rende markedsf\u00f8ring for at se, om vi kan hj\u00e6lpe din virksomhed med en \u00f8get professionel online synlighed. P\u00e5 m\u00f8det afd\u00e6kker vi dine L\u00e6s mere","og_url":"https:\/\/niipit.dk\/seekings\/produkt\/gratis-gennemgangsmoede\/","og_site_name":"Seekings","article_modified_time":"2020-04-28T07:18:44+00:00","og_image":[{"width":364,"height":138,"url":"https:\/\/niipit.dk\/seekings\/wp-content\/uploads\/sites\/267\/2019\/08\/Seekings-logo.png","type":"image\/png"}],"twitter_card":"summary_large_image","twitter_misc":{"Estimeret l\u00e6setid":"1 minut"},"schema":{"@context":"https:\/\/schema.org","@graph":[{"@type":"WebPage","@id":"https:\/\/niipit.dk\/seekings\/produkt\/gratis-gennemgangsmoede\/","url":"https:\/\/niipit.dk\/seekings\/produkt\/gratis-gennemgangsmoede\/","name":"Gratis gennemgangsm\u00f8de - Seekings","isPartOf":{"@id":"https:\/\/niipit.dk\/seekings\/#website"},"primaryImageOfPage":{"@id":"https:\/\/niipit.dk\/seekings\/produkt\/gratis-gennemgangsmoede\/#primaryimage"},"image":{"@id":"https:\/\/niipit.dk\/seekings\/produkt\/gratis-gennemgangsmoede\/#primaryimage"},"thumbnailUrl":"https:\/\/niipit.dk\/seekings\/wp-content\/uploads\/sites\/267\/2019\/08\/Seekings-logo.png","datePublished":"2019-08-20T13:55:46+00:00","dateModified":"2020-04-28T07:18:44+00:00","breadcrumb":{"@id":"https:\/\/niipit.dk\/seekings\/produkt\/gratis-gennemgangsmoede\/#breadcrumb"},"inLanguage":"da-DK","potentialAction":[{"@type":"ReadAction","target":["https:\/\/niipit.dk\/seekings\/produkt\/gratis-gennemgangsmoede\/"]}]},{"@type":"ImageObject","inLanguage":"da-DK","@id":"https:\/\/niipit.dk\/seekings\/produkt\/gratis-gennemgangsmoede\/#primaryimage","url":"https:\/\/niipit.dk\/seekings\/wp-content\/uploads\/sites\/267\/2019\/08\/Seekings-logo.png","contentUrl":"https:\/\/niipit.dk\/seekings\/wp-content\/uploads\/sites\/267\/2019\/08\/Seekings-logo.png","width":364,"height":138,"caption":"Seekings-logo"},{"@type":"BreadcrumbList","@id":"https:\/\/niipit.dk\/seekings\/produkt\/gratis-gennemgangsmoede\/#breadcrumb","itemListElement":[{"@type":"ListItem","position":1,"name":"Hjem","item":"https:\/\/niipit.dk\/seekings\/"},{"@type":"ListItem","position":2,"name":"Shop","item":"https:\/\/niipit.dk\/seekings\/shop\/"},{"@type":"ListItem","position":3,"name":"Gratis gennemgangsm\u00f8de"}]},{"@type":"WebSite","@id":"https:\/\/niipit.dk\/seekings\/#website","url":"https:\/\/niipit.dk\/seekings\/","name":"Seekings","description":"F\u00e5 din virksomhed p\u00e5 niipit","potentialAction":[{"@type":"SearchAction","target":{"@type":"EntryPoint","urlTemplate":"https:\/\/niipit.dk\/seekings\/?s={search_term_string}"},"query-input":{"@type":"PropertyValueSpecification","valueRequired":true,"valueName":"search_term_string"}}],"inLanguage":"da-DK"}]}},"_links":{"self":[{"href":"https:\/\/niipit.dk\/seekings\/wp-json\/wp\/v2\/product\/5869","targetHints":{"allow":["GET"]}}],"collection":[{"href":"https:\/\/niipit.dk\/seekings\/wp-json\/wp\/v2\/product"}],"about":[{"href":"https:\/\/niipit.dk\/seekings\/wp-json\/wp\/v2\/types\/product"}],"wp:featuredmedia":[{"embeddable":true,"href":"https:\/\/niipit.dk\/seekings\/wp-json\/wp\/v2\/media\/5839"}],"wp:attachment":[{"href":"https:\/\/niipit.dk\/seekings\/wp-json\/wp\/v2\/media?parent=5869"}],"wp:term":[{"taxonomy":"product_brand","embeddable":true,"href":"https:\/\/niipit.dk\/seekings\/wp-json\/wp\/v2\/product_brand?post=5869"},{"taxonomy":"product_cat","embeddable":true,"href":"https:\/\/niipit.dk\/seekings\/wp-json\/wp\/v2\/product_cat?post=5869"},{"taxonomy":"product_tag","embeddable":true,"href":"https:\/\/niipit.dk\/seekings\/wp-json\/wp\/v2\/product_tag?post=5869"},{"taxonomy":"shoptype","embeddable":true,"href":"https:\/\/niipit.dk\/seekings\/wp-json\/wp\/v2\/shoptype?post=5869"}],"curies":[{"name":"wp","href":"https:\/\/api.w.org\/{rel}","templated":true}]}}