{"id":5105,"date":"2018-08-15T22:02:47","date_gmt":"2018-08-15T20:02:47","guid":{"rendered":"https:\/\/niipit.dk\/nv2-QogM\/?page_id=5105"},"modified":"2020-07-04T22:51:37","modified_gmt":"2020-07-04T20:51:37","slug":"om","status":"publish","type":"page","link":"https:\/\/niipit.dk\/seekings\/om\/","title":{"rendered":"Om Seekings"},"content":{"rendered":"<div class=\"thrv_wrapper thrv_heading\" data-tag=\"h1\" data-css=\"tve-u-163a601a1f4\">\n<div class=\"_39k2\">\n<h1 id=\"js_6lg\" class=\"_4lmk _2vxa autofocus _5s6c\" tabindex=\"-1\">Hej! Og velkommen til Seekings A\/S<\/h1>\n<\/div>\n<\/div>\n\n\n<h3 class=\"wp-block-heading\">Du er langt fra alene, hvis markedsf\u00f8ring og annoncering er en jungle for dig<\/h3>\n\n\n\n<p>Markedsf\u00f8ring kan v\u00e6re en jungle at finde rundt i, men vi kommer ikke udenom, at markedsf\u00f8ring er en n\u00f8dvendighed, hvis man gerne vil v\u00e6re synlig, sikre kundetilgang og positive resultater i sin virksomhed. Det kan dog v\u00e6re sv\u00e6rt at skabe sig et overblik over hvilke tiltag, der virker, og hvilke penge, der blot bliver kastet i et sort hul. De tiltag og medier, der virkede for \u00e5r tilbage, er ikke n\u00f8dvendigvis dem, der skaber v\u00e6rdi i dag. Samtidig kommer der hele tiden nye muligheder for at markedsf\u00f8re sig, og kundernes adf\u00e6rd \u00e6ndres l\u00f8bende. <\/p>\n\n\n\n<h4 class=\"wp-block-heading\">360\u00b0 markedsf\u00f8ringspartner <\/h4>\n\n\n\n<p>Vi er et mediehus, der hj\u00e6lper b\u00e5de mindre og st\u00f8rre virksomheder i hele Danmark. Qua vores store erfaring og professionelle hold kan vi hj\u00e6lpe din virksomhed med alle former for online markedsf\u00f8ring, 360\u00b0. <\/p>\n\n\n\n<h4 class=\"wp-block-heading\">F\u00e5 hj\u00e6lp af en r\u00e5dgiver<\/h4>\n\n\n\n<p><em>\u2013 det betaler sig b\u00e5de \u00f8konomisk og tidsm\u00e6ssigt<br><\/em>Hos Seekings sidder kompetente og erfarne erhvervsr\u00e5dgivere klar til at hj\u00e6lpe dig med at skabe overblik over din markedsf\u00f8ring. Gennem et personligt m\u00f8de og t\u00e6t dialog arbejder vi os frem til en tidssvarende og udbytterig markedsf\u00f8ringsstrategi til netop din virksomhed.<\/p>\n\n\n\n<h4 class=\"wp-block-heading\">Uforpligtende gennemgang<\/h4>\n\n\n\n<p>Vores tilgang er enkel. Vi tilbyder at komme ud til din virksomhed og holde et m\u00f8de, hvor vi gennemg\u00e5r din nuv\u00e6rende markedsf\u00f8ring. Kan noget g\u00f8res bedre? Kan noget spares v\u00e6k? Vi ved det, s\u00e5 hold dig ikke tilbage.<\/p>\n\n\n\n<p class=\"has-text-color has-vivid-cyan-blue-color\"><a rel=\"noreferrer noopener\" aria-label=\" (\u00e5bner i en ny fane)\" href=\"https:\/\/www.seekings.dk\/uforpligtende-gennemgang\/\" target=\"_blank\"><strong>Bestil gratis gennemgang \u00bb<\/strong><\/a><\/p>\n","protected":false},"excerpt":{"rendered":"<p>Hej! Og velkommen til Seekings A\/S Du er langt fra alene, hvis markedsf\u00f8ring og annoncering er en jungle for dig Markedsf\u00f8ring kan v\u00e6re en jungle at finde rundt i, men vi kommer ikke udenom, at markedsf\u00f8ring er en n\u00f8dvendighed, hvis man gerne vil v\u00e6re synlig, sikre kundetilgang og positive resultater i sin virksomhed. Det kan <a class=\"moretag btn btn-primary\" href=\"https:\/\/niipit.dk\/seekings\/om\/\">L\u00e6s mere<\/a><\/p>\n","protected":false},"author":1043,"featured_media":0,"parent":0,"menu_order":0,"comment_status":"closed","ping_status":"closed","template":"","meta":{"_exactmetrics_skip_tracking":false,"_exactmetrics_sitenote_active":false,"_exactmetrics_sitenote_note":"","_exactmetrics_sitenote_category":0,"_monsterinsights_skip_tracking":false,"_monsterinsights_sitenote_active":false,"_monsterinsights_sitenote_note":"","_monsterinsights_sitenote_category":0,"footnotes":""},"class_list":["post-5105","page","type-page","status-publish","hentry"],"yoast_head":"<!-- This site is optimized with the Yoast SEO Premium plugin v16.3 (Yoast SEO v27.4) - https:\/\/yoast.com\/product\/yoast-seo-premium-wordpress\/ -->\n<title>Om Seekings - vi hj\u00e6lpe din virksomhed med online markedsf\u00f8ring, 360\u00b0<\/title>\n<meta name=\"description\" content=\"Om Seekings - Vi er et mediehus, der hj\u00e6lper b\u00e5de mindre og st\u00f8rre virksomheder i hele Danmark. Bestil Gratis gennemgang nu\" \/>\n<meta name=\"robots\" content=\"index, follow, max-snippet:-1, max-image-preview:large, max-video-preview:-1\" \/>\n<link rel=\"canonical\" href=\"https:\/\/niipit.dk\/seekings\/om\/\" \/>\n<meta property=\"og:locale\" content=\"da_DK\" \/>\n<meta property=\"og:type\" content=\"article\" \/>\n<meta property=\"og:title\" content=\"Om Seekings - vi hj\u00e6lpe din virksomhed med online markedsf\u00f8ring, 360\u00b0\" \/>\n<meta property=\"og:description\" content=\"Om Seekings - Vi er et mediehus, der hj\u00e6lper b\u00e5de mindre og st\u00f8rre virksomheder i hele Danmark. Bestil Gratis gennemgang nu\" \/>\n<meta property=\"og:url\" content=\"https:\/\/niipit.dk\/seekings\/om\/\" \/>\n<meta property=\"og:site_name\" content=\"Seekings\" \/>\n<meta property=\"article:modified_time\" content=\"2020-07-04T20:51:37+00:00\" \/>\n<meta name=\"twitter:card\" content=\"summary_large_image\" \/>\n<meta name=\"twitter:label1\" content=\"Estimeret l\u00e6setid\" \/>\n\t<meta name=\"twitter:data1\" content=\"1 minut\" \/>\n<script type=\"application\/ld+json\" class=\"yoast-schema-graph\">{\"@context\":\"https:\\\/\\\/schema.org\",\"@graph\":[{\"@type\":\"WebPage\",\"@id\":\"https:\\\/\\\/niipit.dk\\\/seekings\\\/om\\\/\",\"url\":\"https:\\\/\\\/niipit.dk\\\/seekings\\\/om\\\/\",\"name\":\"Om Seekings - vi hj\u00e6lpe din virksomhed med online markedsf\u00f8ring, 360\u00b0\",\"isPartOf\":{\"@id\":\"https:\\\/\\\/niipit.dk\\\/seekings\\\/#website\"},\"datePublished\":\"2018-08-15T20:02:47+00:00\",\"dateModified\":\"2020-07-04T20:51:37+00:00\",\"description\":\"Om Seekings - Vi er et mediehus, der hj\u00e6lper b\u00e5de mindre og st\u00f8rre virksomheder i hele Danmark. Bestil Gratis gennemgang nu\",\"breadcrumb\":{\"@id\":\"https:\\\/\\\/niipit.dk\\\/seekings\\\/om\\\/#breadcrumb\"},\"inLanguage\":\"da-DK\",\"potentialAction\":[{\"@type\":\"ReadAction\",\"target\":[\"https:\\\/\\\/niipit.dk\\\/seekings\\\/om\\\/\"]}]},{\"@type\":\"BreadcrumbList\",\"@id\":\"https:\\\/\\\/niipit.dk\\\/seekings\\\/om\\\/#breadcrumb\",\"itemListElement\":[{\"@type\":\"ListItem\",\"position\":1,\"name\":\"Hjem\",\"item\":\"https:\\\/\\\/niipit.dk\\\/seekings\\\/\"},{\"@type\":\"ListItem\",\"position\":2,\"name\":\"Om Seekings\"}]},{\"@type\":\"WebSite\",\"@id\":\"https:\\\/\\\/niipit.dk\\\/seekings\\\/#website\",\"url\":\"https:\\\/\\\/niipit.dk\\\/seekings\\\/\",\"name\":\"Seekings\",\"description\":\"F\u00e5 din virksomhed p\u00e5 niipit\",\"potentialAction\":[{\"@type\":\"SearchAction\",\"target\":{\"@type\":\"EntryPoint\",\"urlTemplate\":\"https:\\\/\\\/niipit.dk\\\/seekings\\\/?s={search_term_string}\"},\"query-input\":{\"@type\":\"PropertyValueSpecification\",\"valueRequired\":true,\"valueName\":\"search_term_string\"}}],\"inLanguage\":\"da-DK\"}]}<\/script>\n<!-- \/ Yoast SEO Premium plugin. -->","yoast_head_json":{"title":"Om Seekings - vi hj\u00e6lpe din virksomhed med online markedsf\u00f8ring, 360\u00b0","description":"Om Seekings - Vi er et mediehus, der hj\u00e6lper b\u00e5de mindre og st\u00f8rre virksomheder i hele Danmark. Bestil Gratis gennemgang nu","robots":{"index":"index","follow":"follow","max-snippet":"max-snippet:-1","max-image-preview":"max-image-preview:large","max-video-preview":"max-video-preview:-1"},"canonical":"https:\/\/niipit.dk\/seekings\/om\/","og_locale":"da_DK","og_type":"article","og_title":"Om Seekings - vi hj\u00e6lpe din virksomhed med online markedsf\u00f8ring, 360\u00b0","og_description":"Om Seekings - Vi er et mediehus, der hj\u00e6lper b\u00e5de mindre og st\u00f8rre virksomheder i hele Danmark. Bestil Gratis gennemgang nu","og_url":"https:\/\/niipit.dk\/seekings\/om\/","og_site_name":"Seekings","article_modified_time":"2020-07-04T20:51:37+00:00","twitter_card":"summary_large_image","twitter_misc":{"Estimeret l\u00e6setid":"1 minut"},"schema":{"@context":"https:\/\/schema.org","@graph":[{"@type":"WebPage","@id":"https:\/\/niipit.dk\/seekings\/om\/","url":"https:\/\/niipit.dk\/seekings\/om\/","name":"Om Seekings - vi hj\u00e6lpe din virksomhed med online markedsf\u00f8ring, 360\u00b0","isPartOf":{"@id":"https:\/\/niipit.dk\/seekings\/#website"},"datePublished":"2018-08-15T20:02:47+00:00","dateModified":"2020-07-04T20:51:37+00:00","description":"Om Seekings - Vi er et mediehus, der hj\u00e6lper b\u00e5de mindre og st\u00f8rre virksomheder i hele Danmark. Bestil Gratis gennemgang nu","breadcrumb":{"@id":"https:\/\/niipit.dk\/seekings\/om\/#breadcrumb"},"inLanguage":"da-DK","potentialAction":[{"@type":"ReadAction","target":["https:\/\/niipit.dk\/seekings\/om\/"]}]},{"@type":"BreadcrumbList","@id":"https:\/\/niipit.dk\/seekings\/om\/#breadcrumb","itemListElement":[{"@type":"ListItem","position":1,"name":"Hjem","item":"https:\/\/niipit.dk\/seekings\/"},{"@type":"ListItem","position":2,"name":"Om Seekings"}]},{"@type":"WebSite","@id":"https:\/\/niipit.dk\/seekings\/#website","url":"https:\/\/niipit.dk\/seekings\/","name":"Seekings","description":"F\u00e5 din virksomhed p\u00e5 niipit","potentialAction":[{"@type":"SearchAction","target":{"@type":"EntryPoint","urlTemplate":"https:\/\/niipit.dk\/seekings\/?s={search_term_string}"},"query-input":{"@type":"PropertyValueSpecification","valueRequired":true,"valueName":"search_term_string"}}],"inLanguage":"da-DK"}]}},"_links":{"self":[{"href":"https:\/\/niipit.dk\/seekings\/wp-json\/wp\/v2\/pages\/5105","targetHints":{"allow":["GET"]}}],"collection":[{"href":"https:\/\/niipit.dk\/seekings\/wp-json\/wp\/v2\/pages"}],"about":[{"href":"https:\/\/niipit.dk\/seekings\/wp-json\/wp\/v2\/types\/page"}],"author":[{"embeddable":true,"href":"https:\/\/niipit.dk\/seekings\/wp-json\/wp\/v2\/users\/1043"}],"replies":[{"embeddable":true,"href":"https:\/\/niipit.dk\/seekings\/wp-json\/wp\/v2\/comments?post=5105"}],"version-history":[{"count":0,"href":"https:\/\/niipit.dk\/seekings\/wp-json\/wp\/v2\/pages\/5105\/revisions"}],"wp:attachment":[{"href":"https:\/\/niipit.dk\/seekings\/wp-json\/wp\/v2\/media?parent=5105"}],"curies":[{"name":"wp","href":"https:\/\/api.w.org\/{rel}","templated":true}]}}