{"id":5064,"date":"2020-04-10T22:29:34","date_gmt":"2020-04-10T20:29:34","guid":{"rendered":"https:\/\/niipit.dk\/scan-agentur-shop\/?page_id=5064"},"modified":"2021-04-29T14:15:45","modified_gmt":"2021-04-29T12:15:45","slug":"frontpage","status":"publish","type":"page","link":"https:\/\/niipit.dk\/scan-agentur\/","title":{"rendered":"Forside"},"content":{"rendered":"\n<hr class=\"wp-block-separator\"\/>\n\n\n\n<h1 class=\"wp-block-heading\" id=\"h-scan-agentur-er-markedsf-rende-inden-for-sikringsl-sninger\">Scan Agentur er markedsf\u00f8rende inden for sikringsl\u00f8sninger.<\/h1>\n\n\n\n<h2 class=\"wp-block-heading\" id=\"h-et-bredt-sortiment-af-sikringsl-sninger-til-private-offentlige-og-alle-erhvervsbrancher\">Et bredt sortiment af sikringsl\u00f8sninger til private, offentlige og alle erhvervsbrancher.<\/h2>\n\n\n\n<h3 class=\"wp-block-heading\" id=\"h-sikringsl-sninger-til-din-ejendom-eller-virksomhed\">Sikringsl\u00f8sninger til din ejendom eller virksomhed.<\/h3>\n\n\n\n<p>Scan Agentur har mere end to \u00e5rtiers erfaring i at levere sikringsl\u00f8sninger til virksomheder i alle brancher \u2013 det g\u00e6lder fx porte, pullerter, bomanl\u00e6g, hegn og personkarruseller til sikring af blandt andet erhvervsejendomme, industrianl\u00e6g, campingpladser, parkeringsfaciliteter og havneomr\u00e5der. Derfor er <a href=\"https:\/\/www.scan-agentur.dk\/\" target=\"_blank\" rel=\"noreferrer noopener\">Scan Agentur<\/a> den helt optimale samarbejdspartner, hvis du er p\u00e5 udkig efter sikringsl\u00f8sninger til din virksomhed.<\/p>\n\n\n\n<p>Derudover tilbyder Scan Agentur ogs\u00e5 et inspirerende udvalg af sikringsl\u00f8sninger til private boliger, der kan sikre tryghed i hverdagen til dig og din familie. Udvalget best\u00e5r af en bred vifte af gitterporte, garageporter og pullerter, der sikrer din bolig mod ubudne g\u00e6ster. Scan Agentur har porter, der kan m\u00f8de ethvert behov og passer til alle boliger. Derudover tilbyder de kompetent r\u00e5dgivning, kompromisl\u00f8s kvalitet, gennemt\u00e6nkt funktionalitet og ikke mindst design med sans for detaljen.<\/p>\n\n\n\n<h3 class=\"wp-block-heading\" id=\"h-scan-agenturs-serviceaftaler\">Scan Agenturs serviceaftaler.<\/h3>\n\n\n\n<p>Vil du v\u00e6re sikker p\u00e5, at din bolig eller virksomheds sikringsl\u00f8sninger altid fungerer optimalt, er en serviceaftale hos Scan Agentur det rette valg for dig. Alle serviceaftalerne er fordelagtige og kundetilpassede, s\u00e5 du f\u00e5r en aftale, der passer til behovene for dine sikringsl\u00f8sninger.<\/p>\n\n\n\n<p>Med en serviceaftale er du sikker p\u00e5, at dine sikringsl\u00f8sninger bliver vedligeholdt regelm\u00e6ssigt, og derved forl\u00e6nger du levetiden p\u00e5 disse. Derudover f\u00e5r du efter hvert serviceeftersyn en udf\u00f8rlig servicerapport, der fungerer som din garanti for kvalitet og professionelt udf\u00f8rt arbejde. Alle sikkerhedseftersyn p\u00e5 automatiske porte gennemf\u00f8res desuden i overensstemmelse med lovgivningen p\u00e5 omr\u00e5det.<\/p>\n","protected":false},"excerpt":{"rendered":"<p>Scan Agentur er markedsf\u00f8rende inden for sikringsl\u00f8sninger. Et bredt sortiment af sikringsl\u00f8sninger til private, offentlige og alle erhvervsbrancher. Sikringsl\u00f8sninger til din ejendom eller virksomhed. Scan Agentur har mere end to \u00e5rtiers erfaring i at levere sikringsl\u00f8sninger til virksomheder i alle brancher \u2013 det g\u00e6lder fx porte, pullerter, bomanl\u00e6g, hegn og personkarruseller til sikring af blandt <a class=\"moretag btn btn-primary\" href=\"https:\/\/niipit.dk\/scan-agentur\/\">L\u00e6s mere<\/a><\/p>\n","protected":false},"author":1,"featured_media":0,"parent":0,"menu_order":0,"comment_status":"closed","ping_status":"closed","template":"frontpagePremium.php","meta":{"_exactmetrics_skip_tracking":false,"_exactmetrics_sitenote_active":false,"_exactmetrics_sitenote_note":"","_exactmetrics_sitenote_category":0,"_monsterinsights_skip_tracking":false,"_monsterinsights_sitenote_active":false,"_monsterinsights_sitenote_note":"","_monsterinsights_sitenote_category":0,"footnotes":""},"class_list":["post-5064","page","type-page","status-publish","hentry"],"yoast_head":"<!-- This site is optimized with the Yoast SEO Premium plugin v16.3 (Yoast SEO v27.3) - https:\/\/yoast.com\/product\/yoast-seo-premium-wordpress\/ -->\n<title>Scan Agentur en sikker l\u00f8sning til sikringsmuligheder<\/title>\n<meta name=\"description\" content=\"Vi er de f\u00f8rende specialister indenfor afsp\u00e6rring | Hop ind p\u00e5 hjemmesiden og se hvilke l\u00f8sninger vi tilbyder\" \/>\n<meta name=\"robots\" content=\"index, follow, max-snippet:-1, max-image-preview:large, max-video-preview:-1\" \/>\n<link rel=\"canonical\" href=\"https:\/\/niipit.dk\/scan-agentur\/\" \/>\n<meta property=\"og:locale\" content=\"da_DK\" \/>\n<meta property=\"og:type\" content=\"article\" \/>\n<meta property=\"og:title\" content=\"Scan Agentur en sikker l\u00f8sning til sikringsmuligheder\" \/>\n<meta property=\"og:description\" content=\"Vi er de f\u00f8rende specialister indenfor afsp\u00e6rring | Hop ind p\u00e5 hjemmesiden og se hvilke l\u00f8sninger vi tilbyder\" \/>\n<meta property=\"og:url\" content=\"https:\/\/niipit.dk\/scan-agentur\/\" \/>\n<meta property=\"og:site_name\" content=\"Scan Agentur\" \/>\n<meta property=\"article:modified_time\" content=\"2021-04-29T12:15:45+00:00\" \/>\n<meta name=\"twitter:card\" content=\"summary_large_image\" \/>\n<meta name=\"twitter:label1\" content=\"Estimeret l\u00e6setid\" \/>\n\t<meta name=\"twitter:data1\" content=\"2 minutter\" \/>\n<script type=\"application\/ld+json\" class=\"yoast-schema-graph\">{\"@context\":\"https:\\\/\\\/schema.org\",\"@graph\":[{\"@type\":\"WebPage\",\"@id\":\"https:\\\/\\\/niipit.dk\\\/scan-agentur\\\/\",\"url\":\"https:\\\/\\\/niipit.dk\\\/scan-agentur\\\/\",\"name\":\"Scan Agentur en sikker l\u00f8sning til sikringsmuligheder\",\"isPartOf\":{\"@id\":\"https:\\\/\\\/niipit.dk\\\/scan-agentur\\\/#website\"},\"datePublished\":\"2020-04-10T20:29:34+00:00\",\"dateModified\":\"2021-04-29T12:15:45+00:00\",\"description\":\"Vi er de f\u00f8rende specialister indenfor afsp\u00e6rring | Hop ind p\u00e5 hjemmesiden og se hvilke l\u00f8sninger vi tilbyder\",\"breadcrumb\":{\"@id\":\"https:\\\/\\\/niipit.dk\\\/scan-agentur\\\/#breadcrumb\"},\"inLanguage\":\"da-DK\",\"potentialAction\":[{\"@type\":\"ReadAction\",\"target\":[\"https:\\\/\\\/niipit.dk\\\/scan-agentur\\\/\"]}]},{\"@type\":\"BreadcrumbList\",\"@id\":\"https:\\\/\\\/niipit.dk\\\/scan-agentur\\\/#breadcrumb\",\"itemListElement\":[{\"@type\":\"ListItem\",\"position\":1,\"name\":\"Hjem\",\"item\":\"https:\\\/\\\/niipit.dk\\\/scan-agentur\\\/\"},{\"@type\":\"ListItem\",\"position\":2,\"name\":\"Forside\"}]},{\"@type\":\"WebSite\",\"@id\":\"https:\\\/\\\/niipit.dk\\\/scan-agentur\\\/#website\",\"url\":\"https:\\\/\\\/niipit.dk\\\/scan-agentur\\\/\",\"name\":\"Scan Agentur\",\"description\":\"Din sikre l\u00f8sning til afsp\u00e6rring\",\"potentialAction\":[{\"@type\":\"SearchAction\",\"target\":{\"@type\":\"EntryPoint\",\"urlTemplate\":\"https:\\\/\\\/niipit.dk\\\/scan-agentur\\\/?s={search_term_string}\"},\"query-input\":{\"@type\":\"PropertyValueSpecification\",\"valueRequired\":true,\"valueName\":\"search_term_string\"}}],\"inLanguage\":\"da-DK\"}]}<\/script>\n<!-- \/ Yoast SEO Premium plugin. -->","yoast_head_json":{"title":"Scan Agentur en sikker l\u00f8sning til sikringsmuligheder","description":"Vi er de f\u00f8rende specialister indenfor afsp\u00e6rring | Hop ind p\u00e5 hjemmesiden og se hvilke l\u00f8sninger vi tilbyder","robots":{"index":"index","follow":"follow","max-snippet":"max-snippet:-1","max-image-preview":"max-image-preview:large","max-video-preview":"max-video-preview:-1"},"canonical":"https:\/\/niipit.dk\/scan-agentur\/","og_locale":"da_DK","og_type":"article","og_title":"Scan Agentur en sikker l\u00f8sning til sikringsmuligheder","og_description":"Vi er de f\u00f8rende specialister indenfor afsp\u00e6rring | Hop ind p\u00e5 hjemmesiden og se hvilke l\u00f8sninger vi tilbyder","og_url":"https:\/\/niipit.dk\/scan-agentur\/","og_site_name":"Scan Agentur","article_modified_time":"2021-04-29T12:15:45+00:00","twitter_card":"summary_large_image","twitter_misc":{"Estimeret l\u00e6setid":"2 minutter"},"schema":{"@context":"https:\/\/schema.org","@graph":[{"@type":"WebPage","@id":"https:\/\/niipit.dk\/scan-agentur\/","url":"https:\/\/niipit.dk\/scan-agentur\/","name":"Scan Agentur en sikker l\u00f8sning til sikringsmuligheder","isPartOf":{"@id":"https:\/\/niipit.dk\/scan-agentur\/#website"},"datePublished":"2020-04-10T20:29:34+00:00","dateModified":"2021-04-29T12:15:45+00:00","description":"Vi er de f\u00f8rende specialister indenfor afsp\u00e6rring | Hop ind p\u00e5 hjemmesiden og se hvilke l\u00f8sninger vi tilbyder","breadcrumb":{"@id":"https:\/\/niipit.dk\/scan-agentur\/#breadcrumb"},"inLanguage":"da-DK","potentialAction":[{"@type":"ReadAction","target":["https:\/\/niipit.dk\/scan-agentur\/"]}]},{"@type":"BreadcrumbList","@id":"https:\/\/niipit.dk\/scan-agentur\/#breadcrumb","itemListElement":[{"@type":"ListItem","position":1,"name":"Hjem","item":"https:\/\/niipit.dk\/scan-agentur\/"},{"@type":"ListItem","position":2,"name":"Forside"}]},{"@type":"WebSite","@id":"https:\/\/niipit.dk\/scan-agentur\/#website","url":"https:\/\/niipit.dk\/scan-agentur\/","name":"Scan Agentur","description":"Din sikre l\u00f8sning til afsp\u00e6rring","potentialAction":[{"@type":"SearchAction","target":{"@type":"EntryPoint","urlTemplate":"https:\/\/niipit.dk\/scan-agentur\/?s={search_term_string}"},"query-input":{"@type":"PropertyValueSpecification","valueRequired":true,"valueName":"search_term_string"}}],"inLanguage":"da-DK"}]}},"_links":{"self":[{"href":"https:\/\/niipit.dk\/scan-agentur\/wp-json\/wp\/v2\/pages\/5064","targetHints":{"allow":["GET"]}}],"collection":[{"href":"https:\/\/niipit.dk\/scan-agentur\/wp-json\/wp\/v2\/pages"}],"about":[{"href":"https:\/\/niipit.dk\/scan-agentur\/wp-json\/wp\/v2\/types\/page"}],"author":[{"embeddable":true,"href":"https:\/\/niipit.dk\/scan-agentur\/wp-json\/wp\/v2\/users\/1"}],"replies":[{"embeddable":true,"href":"https:\/\/niipit.dk\/scan-agentur\/wp-json\/wp\/v2\/comments?post=5064"}],"version-history":[{"count":2,"href":"https:\/\/niipit.dk\/scan-agentur\/wp-json\/wp\/v2\/pages\/5064\/revisions"}],"predecessor-version":[{"id":5990,"href":"https:\/\/niipit.dk\/scan-agentur\/wp-json\/wp\/v2\/pages\/5064\/revisions\/5990"}],"wp:attachment":[{"href":"https:\/\/niipit.dk\/scan-agentur\/wp-json\/wp\/v2\/media?parent=5064"}],"curies":[{"name":"wp","href":"https:\/\/api.w.org\/{rel}","templated":true}]}}